{"id":1193,"date":"2014-11-25T02:11:58","date_gmt":"2014-11-25T01:11:58","guid":{"rendered":"http:\/\/www2.montes.upm.es\/ArboretoMontes\/?page_id=1193"},"modified":"2015-01-12T18:54:54","modified_gmt":"2015-01-12T17:54:54","slug":"restauracion-ambiental","status":"publish","type":"page","link":"https:\/\/www2.montes.upm.es\/ArboretoMontes\/index.php\/restauracion-ambiental\/","title":{"rendered":"Restauraci\u00f3n Ambiental"},"content":{"rendered":"<p style=\"text-align: justify;\"><span style=\"font-size: large; color: #7b9353;\"><strong><span style=\"font-family: verdana, geneva;\"><img decoding=\"async\" loading=\"lazy\" class=\"aligncenter size-full wp-image-1194\" alt=\"Cabez-RESTAUR\" src=\"http:\/\/www2.montes.upm.es\/ArboretoMontes\/wp-content\/uploads\/2014\/11\/Cabez-RESTAUR.jpg\" width=\"1000\" height=\"204\" srcset=\"https:\/\/www2.montes.upm.es\/ArboretoMontes\/wp-content\/uploads\/2014\/11\/Cabez-RESTAUR.jpg 1000w, https:\/\/www2.montes.upm.es\/ArboretoMontes\/wp-content\/uploads\/2014\/11\/Cabez-RESTAUR-300x61.jpg 300w\" sizes=\"(max-width: 1000px) 100vw, 1000px\" \/>Especies vegetales de inter\u00e9s para la restauraci\u00f3n minera<\/span><\/strong><\/span><\/p>\n<figure id=\"attachment_1195\" aria-describedby=\"caption-attachment-1195\" style=\"width: 300px\" class=\"wp-caption alignright\"><img decoding=\"async\" loading=\"lazy\" class=\"size-full wp-image-1195 \" style=\"border: 0px;\" alt=\"Madrid resulta ser una regi\u00f3n con una actividad minera intensa. Desde antiguo se explotan sus valiosos y variados recursos mineros. Existen canteras de granitos en la sierra, extracci\u00f3n de gravas y arenas en las riberas de los r\u00edos, yesos y calizas en la rampa del sur y canteras de sepiolita muy cerca de la ciudad.\" src=\"http:\/\/www2.montes.upm.es\/ArboretoMontes\/wp-content\/uploads\/2014\/11\/restaur-1.png\" width=\"300\" height=\"305\" srcset=\"https:\/\/www2.montes.upm.es\/ArboretoMontes\/wp-content\/uploads\/2014\/11\/restaur-1.png 300w, https:\/\/www2.montes.upm.es\/ArboretoMontes\/wp-content\/uploads\/2014\/11\/restaur-1-295x300.png 295w\" sizes=\"(max-width: 300px) 100vw, 300px\" \/><figcaption id=\"caption-attachment-1195\" class=\"wp-caption-text\"><span style=\"color: #999999;\"><em><span style=\"font-family: verdana, geneva; font-size: x-small;\">Madrid resulta ser una regi\u00f3n con una actividad minera intensa. Desde antiguo se explotan sus valiosos y variados recursos mineros. Existen canteras de granitos en la sierra, extracci\u00f3n de gravas y arenas en las riberas de los r\u00edos, yesos y calizas en la rampa del sur y canteras de sepiolita muy cerca de la ciudad.<\/span><\/em><\/span><\/figcaption><\/figure>\n<p style=\"text-align: justify;\"><span style=\"font-family: verdana, geneva; font-size: small; color: #000000;\">En sentido amplio, la restauraci\u00f3n ambiental se entiende como la ciencia que gu\u00eda el conjunto de acciones encaminadas a revertir o, si no es posible, a reducir los da\u00f1os ambientales provocados en el territorio como consecuencia de las actuaciones humanas.<\/span><\/p>\n<figure id=\"attachment_1201\" aria-describedby=\"caption-attachment-1201\" style=\"width: 150px\" class=\"wp-caption alignleft\"><img decoding=\"async\" loading=\"lazy\" class=\" wp-image-1201 \" style=\"border: 0px;\" alt=\"Las fichas contienen informaci\u00f3n completa sobre la especie y particularidades sobre su uso en restauraci\u00f3n ambiental de minas.\" src=\"http:\/\/www2.montes.upm.es\/ArboretoMontes\/wp-content\/uploads\/2014\/11\/restaur-2.png\" width=\"150\" height=\"480\" srcset=\"https:\/\/www2.montes.upm.es\/ArboretoMontes\/wp-content\/uploads\/2014\/11\/restaur-2.png 188w, https:\/\/www2.montes.upm.es\/ArboretoMontes\/wp-content\/uploads\/2014\/11\/restaur-2-94x300.png 94w\" sizes=\"(max-width: 150px) 100vw, 150px\" \/><figcaption id=\"caption-attachment-1201\" class=\"wp-caption-text\"><span style=\"color: #888888;\"><em><span style=\"font-family: verdana, geneva; font-size: x-small;\">Las fichas contienen informaci\u00f3n completa sobre la especie y particularidades sobre su uso en restauraci\u00f3n ambiental de minas.<\/span><\/em><\/span><\/figcaption><\/figure>\n<p style=\"text-align: justify;\"><span style=\"color: #000000; font-family: verdana, geneva; font-size: small; line-height: 1.5em;\">Sin embargo, el estado que presentan en muchas ocasiones las superficies tras la actividad minera hace necesaria la ejecuci\u00f3n de acciones de recuperaci\u00f3n. Si se ha producido un deterioro ambiental, es necesario minimizar y tratar de recuperar esa p\u00e9rdida a trav\u00e9s de actuaciones de restauraci\u00f3n ambiental.<\/span><\/p>\n<p style=\"text-align: justify;\"><span style=\"color: #000000; font-family: verdana, geneva; font-size: small; line-height: 1.5em;\">La restauraci\u00f3n ambiental de zonas de explotaci\u00f3n minera comprende en t\u00e9rminos generales actuaciones como la biorremediaci\u00f3n y reposici\u00f3n de suelo f\u00e9rtil, remodelaci\u00f3n de formas del terreno, reposici\u00f3n de la vegetaci\u00f3n y renaturalizaci\u00f3n, intento de reducir efectos sobre la fauna, control de la erosi\u00f3n provocada por las actuaciones, o integraci\u00f3n visual con el entorno.<\/span><\/p>\n<figure id=\"attachment_1210\" aria-describedby=\"caption-attachment-1210\" style=\"width: 670px\" class=\"wp-caption alignright\"><img decoding=\"async\" loading=\"lazy\" class=\" wp-image-1210   \" alt=\"Resto de una antigua extracci\u00f3n de granito en el municipio madrile\u00f1o de Cadalso de los Vidrios, famoso por la calidad de su canter\u00eda. Buena parte de los edificios de Madrid muestran en sus fachadas bloques de granitos procedentes de las canteras de la sierra.\" src=\"http:\/\/www2.montes.upm.es\/ArboretoMontes\/wp-content\/uploads\/2014\/11\/restauracion_21.jpg\" width=\"670\" height=\"252\" \/><figcaption id=\"caption-attachment-1210\" class=\"wp-caption-text\"><span style=\"font-size: x-small;\"><em><span style=\"font-family: verdana, geneva; color: #888888;\">Resto de una antigua extracci\u00f3n de granito en el municipio madrile\u00f1o de Cadalso de los Vidrios, famoso por la calidad de su canter\u00eda. Buena parte de los edificios de Madrid muestran en sus fachadas bloques de granitos procedentes de las canteras de la sierra.<\/span><\/em><\/span><\/figcaption><\/figure>\n<figure id=\"attachment_1215\" aria-describedby=\"caption-attachment-1215\" style=\"width: 151px\" class=\"wp-caption alignleft\"><img decoding=\"async\" loading=\"lazy\" class=\"wp-image-1215  \" style=\"border: 0px;\" alt=\"La gu\u00eda presenta un contenido gr\u00e1fico que facilita su consulta. Imagen: Especies vegetales de inter\u00e9s para la restauraci\u00f3n minera en la Comunidad de Madrid.\" src=\"http:\/\/www2.montes.upm.es\/ArboretoMontes\/wp-content\/uploads\/2014\/11\/arbusca11-300x300.jpg\" width=\"151\" height=\"151\" srcset=\"https:\/\/www2.montes.upm.es\/ArboretoMontes\/wp-content\/uploads\/2014\/11\/arbusca11-300x300.jpg 300w, https:\/\/www2.montes.upm.es\/ArboretoMontes\/wp-content\/uploads\/2014\/11\/arbusca11-150x150.jpg 150w, https:\/\/www2.montes.upm.es\/ArboretoMontes\/wp-content\/uploads\/2014\/11\/arbusca11.jpg 567w\" sizes=\"(max-width: 151px) 100vw, 151px\" \/><figcaption id=\"caption-attachment-1215\" class=\"wp-caption-text\"><span style=\"color: #888888;\"><em><span style=\"font-family: verdana, geneva; font-size: x-small;\">La gu\u00eda presenta un contenido gr\u00e1fico que facilita su consulta. Imagen: Especies vegetales de inter\u00e9s para la restauraci\u00f3n minera en la Comunidad de Madrid.<\/span><\/em><\/span><\/figcaption><\/figure>\n<p>&nbsp;<\/p>\n<p><span style=\"color: #000000; font-family: verdana, geneva; font-size: small; line-height: 19.5px;\">La\u00a0<\/span><span style=\"color: #000000; font-family: verdana, geneva; font-size: small; line-height: 19.5px;\">implantaci\u00f3n de la vegetaci\u00f3n muchas veces resulta ser especialmente dif\u00edcil, pues se<\/span><span style=\"color: #000000; font-family: verdana, geneva; font-size: small; line-height: 19.5px;\">realiza en suelos muy modificados que no se encuentran en las mejores condiciones. Para maximizar las posibilidades de \u00e9xito de la revegetaci\u00f3n, es muy importante seleccionar adecuadamente las especies y utilizar las t\u00e9cnicas adecuadas.<\/span><\/p>\n<p style=\"text-align: justify;\"><span style=\"color: #000000; font-family: verdana, geneva; font-size: small; line-height: 19.5px;\">Con el objeto de ayudar en estas decisiones a los responsables de realizar estas tareas en la restauraci\u00f3n minera de la Comunidad de Madrid, en Grupo de Investigaci\u00f3n de la UPM Ecolog\u00eda y Paisaje elabor\u00f3 una gu\u00eda de selecci\u00f3n de especies que muestra informaci\u00f3n pr\u00e1ctica en forma de tablas y directrices de actuaci\u00f3n \u00fatiles en la labor de restauraci\u00f3n.<\/span><\/p>\n<p style=\"text-align: justify;\"><span style=\"color: #000000; font-family: verdana, geneva; font-size: small; line-height: 1.5em;\">Desde hace a\u00f1os, en colaboraci\u00f3n con la Direcci\u00f3n General de Industria, Energ\u00eda y Minas de la Comunidad de Madrid, se lleva a cabo un programa de an\u00e1lisis del papel de la vegetaci\u00f3n en los procesos de restauraci\u00f3n ambiental, vigilancia de las labores, actuaciones para la minimizaci\u00f3n del impacto, adecuaciones ecol\u00f3gico-paisaj\u00edsticas y estudios sobre la evoluci\u00f3n de la actividad minera en Madrid.<\/span><\/p>\n<p style=\"text-align: justify;\"><a href=\"http:\/\/www.montes.upm.es\/sfs\/E.T.S.I.%20Montes\/Sub.%20Investigacion%20y%20Postgrado\/Grupos%20Investigacion\/Ecologia%20y%20paisaje\/Archivos\/especies%20veg.%20minas.pdf\" target=\"_blank\"><img decoding=\"async\" loading=\"lazy\" class=\"alignright  wp-image-1219\" style=\"border: 0px;\" alt=\"INFO-rest1\" src=\"http:\/\/www2.montes.upm.es\/ArboretoMontes\/wp-content\/uploads\/2014\/11\/INFO-rest1.jpg\" width=\"600\" height=\"80\" srcset=\"https:\/\/www2.montes.upm.es\/ArboretoMontes\/wp-content\/uploads\/2014\/11\/INFO-rest1.jpg 750w, https:\/\/www2.montes.upm.es\/ArboretoMontes\/wp-content\/uploads\/2014\/11\/INFO-rest1-300x40.jpg 300w\" sizes=\"(max-width: 600px) 100vw, 600px\" \/><\/a><\/p>\n<p style=\"text-align: justify;\"><a href=\"http:\/\/www.rtve.es\/alacarta\/videos\/el-bosque-protector\/bosque-protector-restauracion-forestal-marquesado-zenete\/2301409\/\" target=\"_blank\"><img decoding=\"async\" loading=\"lazy\" class=\"alignright  wp-image-1218\" style=\"border: 0px;\" alt=\"INFO-rest2\" src=\"http:\/\/www2.montes.upm.es\/ArboretoMontes\/wp-content\/uploads\/2014\/11\/INFO-rest2.jpg\" width=\"600\" height=\"80\" srcset=\"https:\/\/www2.montes.upm.es\/ArboretoMontes\/wp-content\/uploads\/2014\/11\/INFO-rest2.jpg 750w, https:\/\/www2.montes.upm.es\/ArboretoMontes\/wp-content\/uploads\/2014\/11\/INFO-rest2-300x40.jpg 300w\" sizes=\"(max-width: 600px) 100vw, 600px\" \/><\/a><\/p>\n","protected":false},"excerpt":{"rendered":"<p>Especies vegetales de inter\u00e9s para la restauraci\u00f3n minera En sentido amplio, la restauraci\u00f3n ambiental se entiende como la ciencia que gu\u00eda el conjunto de acciones encaminadas [&#8230;]<\/p>\n","protected":false},"author":1,"featured_media":0,"parent":0,"menu_order":0,"comment_status":"closed","ping_status":"closed","template":"nosidebar-page.php","meta":[],"_links":{"self":[{"href":"https:\/\/www2.montes.upm.es\/ArboretoMontes\/index.php\/wp-json\/wp\/v2\/pages\/1193"}],"collection":[{"href":"https:\/\/www2.montes.upm.es\/ArboretoMontes\/index.php\/wp-json\/wp\/v2\/pages"}],"about":[{"href":"https:\/\/www2.montes.upm.es\/ArboretoMontes\/index.php\/wp-json\/wp\/v2\/types\/page"}],"author":[{"embeddable":true,"href":"https:\/\/www2.montes.upm.es\/ArboretoMontes\/index.php\/wp-json\/wp\/v2\/users\/1"}],"replies":[{"embeddable":true,"href":"https:\/\/www2.montes.upm.es\/ArboretoMontes\/index.php\/wp-json\/wp\/v2\/comments?post=1193"}],"version-history":[{"count":31,"href":"https:\/\/www2.montes.upm.es\/ArboretoMontes\/index.php\/wp-json\/wp\/v2\/pages\/1193\/revisions"}],"predecessor-version":[{"id":1580,"href":"https:\/\/www2.montes.upm.es\/ArboretoMontes\/index.php\/wp-json\/wp\/v2\/pages\/1193\/revisions\/1580"}],"wp:attachment":[{"href":"https:\/\/www2.montes.upm.es\/ArboretoMontes\/index.php\/wp-json\/wp\/v2\/media?parent=1193"}],"curies":[{"name":"wp","href":"https:\/\/api.w.org\/{rel}","templated":true}]}}