{"id":1222,"date":"2014-11-25T02:39:55","date_gmt":"2014-11-25T01:39:55","guid":{"rendered":"http:\/\/www2.montes.upm.es\/ArboretoMontes\/?page_id=1222"},"modified":"2015-01-12T19:50:19","modified_gmt":"2015-01-12T18:50:19","slug":"incendios-forestales","status":"publish","type":"page","link":"https:\/\/www2.montes.upm.es\/ArboretoMontes\/index.php\/incendios-forestales\/","title":{"rendered":"Incendios Forestales"},"content":{"rendered":"<p style=\"text-align: justify;\"><span style=\"font-size: large; color: #7b9353;\"><strong><span style=\"font-family: verdana, geneva;\"><img decoding=\"async\" loading=\"lazy\" class=\"aligncenter size-full wp-image-1227\" alt=\"Cabez-INCENDIOS\" src=\"http:\/\/www2.montes.upm.es\/ArboretoMontes\/wp-content\/uploads\/2014\/11\/Cabez-INCENDIOS.jpg\" width=\"1000\" height=\"204\" srcset=\"https:\/\/www2.montes.upm.es\/ArboretoMontes\/wp-content\/uploads\/2014\/11\/Cabez-INCENDIOS.jpg 1000w, https:\/\/www2.montes.upm.es\/ArboretoMontes\/wp-content\/uploads\/2014\/11\/Cabez-INCENDIOS-300x61.jpg 300w\" sizes=\"(max-width: 1000px) 100vw, 1000px\" \/>Cr\u00f3nica de la restauraci\u00f3n de un monte tras un incendio forestal<\/span><\/strong><\/span><\/p>\n<p style=\"text-align: justify;\"><span style=\"font-family: verdana, geneva; font-size: small;\">El principal efecto sobre los recursos naturales asociado a los incendios forestales consiste en la destrucci\u00f3n de la cubierta vegetal, lo que ocasiona, adem\u00e1s de p\u00e9rdida de beneficios directos, la eliminaci\u00f3n de su funci\u00f3n protectora, desencadenando procesos acelerados de p\u00e9rdida de suelos.<\/span><\/p>\n<p style=\"text-align: justify;\"><span style=\"line-height: 1.5em; font-family: verdana, geneva; font-size: small;\">En el a\u00f1o 2009, el incendio de Arenas de San Pedro (Sierra de Gredos, \u00c1vila) afect\u00f3 a 4.200 hect\u00e1reas de\u00a0 monte y result\u00f3 en la grav\u00edsima consecuencia de dos personas fallecidas. Las investigaciones concluyeron que el inicio del incndio fue intencionado.<\/span><\/p>\n<p style=\"text-align: justify;\"><span style=\"line-height: 1.5em; font-family: verdana, geneva; font-size: small;\">Las medidas de reparaci\u00f3n\u00a0 que se ejecutaron para restituir la superficie afectada a las condiciones adecuadas se describen a continuaci\u00f3n.<\/span><\/p>\n<figure id=\"attachment_1228\" aria-describedby=\"caption-attachment-1228\" style=\"width: 1000px\" class=\"wp-caption aligncenter\"><img decoding=\"async\" loading=\"lazy\" class=\"size-full wp-image-1228\" alt=\"Los incendios forestales est\u00e1n ligados al desarrollo de los ecosistemas forestales mediterr\u00e1neos, que tienen una elevada capacidad de autorregeneraci\u00f3n (resiliencia) tras una perturbaci\u00f3n de este tipo. No obstante, la magnitud de algunos incendios o la frecuencia con la que se suceden puede hacer necesario realizar actuaciones que aceleren su recuperaci\u00f3n. Foto: Jos\u00e9 Mar\u00eda Mancebo Quintana \/ \u00c1ngel Iglesias Ranz \/ Cristina Rodr\u00edguez P\u00e9rez.\" src=\"http:\/\/www2.montes.upm.es\/ArboretoMontes\/wp-content\/uploads\/2014\/11\/incend-1.png\" width=\"1000\" height=\"243\" srcset=\"https:\/\/www2.montes.upm.es\/ArboretoMontes\/wp-content\/uploads\/2014\/11\/incend-1.png 1000w, https:\/\/www2.montes.upm.es\/ArboretoMontes\/wp-content\/uploads\/2014\/11\/incend-1-300x72.png 300w\" sizes=\"(max-width: 1000px) 100vw, 1000px\" \/><figcaption id=\"caption-attachment-1228\" class=\"wp-caption-text\"><span style=\"color: #888888;\"><em><span style=\"font-family: verdana, geneva; font-size: x-small;\">Los incendios forestales est\u00e1n ligados al desarrollo de los ecosistemas forestales mediterr\u00e1neos, que tienen una elevada capacidad de autorregeneraci\u00f3n (resiliencia) tras una perturbaci\u00f3n de este tipo. No obstante, la magnitud de algunos incendios o la frecuencia con la que se suceden puede hacer necesario realizar actuaciones que aceleren su recuperaci\u00f3n. Foto: Jos\u00e9 Mar\u00eda Mancebo Quintana \/ \u00c1ngel Iglesias Ranz \/ Cristina Rodr\u00edguez P\u00e9rez.<\/span><\/em><\/span><\/figcaption><\/figure>\n<p style=\"text-align: justify;\"><span style=\"color: #7b9353;\"><strong><span style=\"font-family: verdana, geneva; font-size: small; background-color: #ffffff;\">ACTUACIONES:<\/span><\/strong><\/span><\/p>\n<p style=\"text-align: justify;\"><span style=\"color: #7b9353;\"><strong><span style=\"font-family: verdana, geneva; font-size: small; background-color: #ffffff;\"><a href=\"http:\/\/www2.montes.upm.es\/ArboretoMontes\/wp-content\/uploads\/2014\/11\/par-extracc.jpg\"><img decoding=\"async\" loading=\"lazy\" class=\"alignright  wp-image-1232\" style=\"border: 0px;\" alt=\"par-extracc\" src=\"http:\/\/www2.montes.upm.es\/ArboretoMontes\/wp-content\/uploads\/2014\/11\/par-extracc.jpg\" width=\"405\" height=\"202\" srcset=\"https:\/\/www2.montes.upm.es\/ArboretoMontes\/wp-content\/uploads\/2014\/11\/par-extracc.jpg 578w, https:\/\/www2.montes.upm.es\/ArboretoMontes\/wp-content\/uploads\/2014\/11\/par-extracc-300x150.jpg 300w\" sizes=\"(max-width: 405px) 100vw, 405px\" \/><\/a>Extracci\u00f3n de la madera quemada y eliminaci\u00f3n de restos de corta<\/span><\/strong><\/span><\/p>\n<p style=\"text-align: justify;\"><span style=\"font-family: verdana, geneva; font-size: small;\">La extracci\u00f3n de la madera quemada es una medida de car\u00e1cter urgente\u00a0 que busca favorecer la regeneraci\u00f3n natural, evitar posteriores da\u00f1os al regenerado por ca\u00edda de \u00e1rboles, reducir el riesgo de plagas y minimizar el impacto visual que provoca una masa calcinada.<\/span><\/p>\n<p style=\"text-align: justify;\"><span style=\"color: #7b9353;\"><strong><span style=\"font-family: verdana, geneva; font-size: small; line-height: 1.5em;\"><img decoding=\"async\" loading=\"lazy\" class=\"alignright  wp-image-1235\" style=\"border: 0px;\" alt=\"par-erosion\" src=\"http:\/\/www2.montes.upm.es\/ArboretoMontes\/wp-content\/uploads\/2014\/11\/par-erosion.jpg\" width=\"405\" height=\"202\" srcset=\"https:\/\/www2.montes.upm.es\/ArboretoMontes\/wp-content\/uploads\/2014\/11\/par-erosion.jpg 578w, https:\/\/www2.montes.upm.es\/ArboretoMontes\/wp-content\/uploads\/2014\/11\/par-erosion-300x150.jpg 300w\" sizes=\"(max-width: 405px) 100vw, 405px\" \/>Trabajo para evitar la erosi\u00f3n<\/span><\/strong><\/span><\/p>\n<p style=\"text-align: justify;\"><span style=\"font-family: verdana, geneva; font-size: small;\">Una de las consecuencias m\u00e1s graves e inmediatas de un incendio forestal es el arrastre de cenizas y de los suelos desnudos de vegetaci\u00f3n hacia las vaguadas. Para evitar las p\u00e9rdidas de suelo f\u00e9rtil,\u00a0 se ejecutaron albarradas y fajinas con los restos de troncos y maderas quemados, estructuras que hacen la labor de retener los sedimentos arrastrados.<\/span><\/p>\n<p style=\"text-align: justify;\"><span style=\"color: #7b9353;\"><strong><span style=\"font-family: verdana, geneva; font-size: small;\"><img decoding=\"async\" loading=\"lazy\" class=\"alignright  wp-image-1237\" style=\"border: 0px;\" alt=\"par-cortafueg\" src=\"http:\/\/www2.montes.upm.es\/ArboretoMontes\/wp-content\/uploads\/2014\/11\/par-cortafueg.jpg\" width=\"405\" height=\"202\" srcset=\"https:\/\/www2.montes.upm.es\/ArboretoMontes\/wp-content\/uploads\/2014\/11\/par-cortafueg.jpg 578w, https:\/\/www2.montes.upm.es\/ArboretoMontes\/wp-content\/uploads\/2014\/11\/par-cortafueg-300x150.jpg 300w\" sizes=\"(max-width: 405px) 100vw, 405px\" \/>Reparaciones urgentes de pistas forestales y reparaci\u00f3n de cortafuegos<\/span><\/strong><\/span><\/p>\n<p style=\"text-align: justify;\"><span style=\"font-family: verdana, geneva; font-size: small;\">Para realizar las labores descritas siempre es necesario reparar y mantener las pistas forestales en perfecto estado de vialidad. As\u00ed mismo, se decidi\u00f3 conveniente reparar, ampliar y crear nuevos cortafuegos\u00a0 que permitieran luchar contra incendios futuros. Tambi\u00e9n se construyeron nuevos dep\u00f3sitos de agua que dieran mejor servicio a los medios de extinci\u00f3n.<\/span><\/p>\n<p style=\"text-align: justify;\"><strong><span style=\"font-family: verdana, geneva; font-size: small; line-height: 1.5em; color: #7b9353;\"><img decoding=\"async\" loading=\"lazy\" class=\"alignright  wp-image-1239\" style=\"border: 0px;\" alt=\"par-regen1\" src=\"http:\/\/www2.montes.upm.es\/ArboretoMontes\/wp-content\/uploads\/2014\/11\/par-regen1.jpg\" width=\"405\" height=\"202\" srcset=\"https:\/\/www2.montes.upm.es\/ArboretoMontes\/wp-content\/uploads\/2014\/11\/par-regen1.jpg 578w, https:\/\/www2.montes.upm.es\/ArboretoMontes\/wp-content\/uploads\/2014\/11\/par-regen1-300x150.jpg 300w\" sizes=\"(max-width: 405px) 100vw, 405px\" \/>Diseminaci\u00f3n para ayudar a la regeneraci\u00f3n, plantaciones y eliminaci\u00f3n de vegetaci\u00f3n co<span style=\"color: #808000;\">mpetido<\/span>ra<\/span><\/strong><\/p>\n<p style=\"text-align: justify;\"><span style=\"font-family: verdana, geneva; font-size: small; line-height: 1.5em;\">El pino resinero cuenta con mecanismos naturales de regeneraci\u00f3n, basados en la acumulaci\u00f3n de semillas en el suelo y la presencia de las denominadas pi\u00f1as serotinas, que s\u00f3lo se abren y diseminan el pi\u00f1\u00f3n cuando se alcanza las elevadas temperaturas de un incendio.\u00a0<\/span><span style=\"font-family: verdana, geneva; font-size: small; line-height: 1.5em;\">Sin embargo, siempre se complementa la regeneraci\u00f3n natural con un esparcido de semillas de procedencia \u201cSierra de Gredos\u201d, de manera que los nuevos \u00e1rboles estuvieran adaptados a\u00a0 las condiciones del entorno.<\/span><\/p>\n<p style=\"text-align: justify;\"><span style=\"font-family: verdana, geneva; font-size: small; line-height: 1.5em;\"><img decoding=\"async\" loading=\"lazy\" class=\"alignright  wp-image-1241\" style=\"border: 0px;\" alt=\"par-regen2\" src=\"http:\/\/www2.montes.upm.es\/ArboretoMontes\/wp-content\/uploads\/2014\/11\/par-regen2.jpg\" width=\"405\" height=\"202\" srcset=\"https:\/\/www2.montes.upm.es\/ArboretoMontes\/wp-content\/uploads\/2014\/11\/par-regen2.jpg 578w, https:\/\/www2.montes.upm.es\/ArboretoMontes\/wp-content\/uploads\/2014\/11\/par-regen2-300x150.jpg 300w\" sizes=\"(max-width: 405px) 100vw, 405px\" \/><\/span><\/p>\n<p style=\"text-align: justify;\"><span style=\"font-family: verdana, geneva; font-size: small;\">En aquellos lugares que lo precisaron por la escasez del regenerado, se prepar\u00f3 el terreno, se hicieron banquetas y se plant\u00f3 sobre todo pino resinero (<em>Pinus Pinaster<\/em>) y pino silvestre (<em>Pinus sylvestris<\/em>). En el futuro se plantea aumentar la presencia de frondosas, con replantaciones de casta\u00f1os, cerezos, robles y nogales. \u00a0 \u00a0 \u00a0 \u00a0 \u00a0 \u00a0 \u00a0 \u00a0 \u00a0 \u00a0 \u00a0 \u00a0 \u00a0 \u00a0 \u00a0 \u00a0 \u00a0 \u00a0 \u00a0 \u00a0 \u00a0 \u00a0 \u00a0 \u00a0 \u00a0 \u00a0 \u00a0 \u00a0 \u00a0 \u00a0 \u00a0 \u00a0 \u00a0 \u00a0 \u00a0 \u00a0 \u00a0 \u00a0 \u00a0 \u00a0 \u00a0 \u00a0 \u00a0 \u00a0 \u00a0 \u00a0 \u00a0 \u00a0 \u00a0 \u00a0 \u00a0 \u00a0 \u00a0 \u00a0 \u00a0 \u00a0 \u00a0 \u00a0 \u00a0 \u00a0 \u00a0 \u00a0 \u00a0 \u00a0 \u00a0 \u00a0 \u00a0 \u00a0 \u00a0 \u00a0 \u00a0 \u00a0 \u00a0 \u00a0\u00a0<\/span><\/p>\n<p style=\"text-align: justify;\"><span style=\"color: #808000;\"><strong><span style=\"font-family: verdana, geneva; font-size: small; line-height: 1.5em;\">Tratamientos para el control de plagas<\/span><\/strong><\/span><\/p>\n<p style=\"text-align: justify;\"><span style=\"font-family: verdana, geneva; font-size: small; line-height: 1.5em;\"><img decoding=\"async\" loading=\"lazy\" class=\"alignright  wp-image-1244\" style=\"border: 0px;\" alt=\"par-plagas\" src=\"http:\/\/www2.montes.upm.es\/ArboretoMontes\/wp-content\/uploads\/2014\/11\/par-plagas.jpg\" width=\"405\" height=\"202\" srcset=\"https:\/\/www2.montes.upm.es\/ArboretoMontes\/wp-content\/uploads\/2014\/11\/par-plagas.jpg 578w, https:\/\/www2.montes.upm.es\/ArboretoMontes\/wp-content\/uploads\/2014\/11\/par-plagas-300x150.jpg 300w\" sizes=\"(max-width: 405px) 100vw, 405px\" \/><\/span><\/p>\n<p style=\"text-align: justify;\"><span style=\"font-family: verdana, geneva; font-size: small; line-height: 1.5em;\">\u00a0 \u00a0 \u00a0 \u00a0 \u00a0 \u00a0 \u00a0 \u00a0 \u00a0 \u00a0 \u00a0 \u00a0 \u00a0 \u00a0 \u00a0 \u00a0 \u00a0 \u00a0 \u00a0 \u00a0 \u00a0 \u00a0 \u00a0 \u00a0 \u00a0 \u00a0 \u00a0 \u00a0 \u00a0 \u00a0 \u00a0 \u00a0 \u00a0 \u00a0 \u00a0 \u00a0 \u00a0 \u00a0 \u00a0 \u00a0 \u00a0 \u00a0 \u00a0 \u00a0 \u00a0 \u00a0 \u00a0 \u00a0 \u00a0 \u00a0 \u00a0 \u00a0 \u00a0 \u00a0 \u00a0 \u00a0 \u00a0 El <em>Ips sexdentatus<\/em> es un insecto cole\u00f3ptero que ataca a diversas con\u00edferas,\u00a0 perforando orificios y galer\u00edas bajo la corteza que provocan el debilitamiento e incluso muerte de los \u00e1rboles. Las medidas para controlarlo\u00a0<\/span><span style=\"font-family: verdana, geneva; font-size: small; line-height: 1.5em;\">consistieron en el apeo y descortezado de ejemplares con signos de ataque, aplicaci\u00f3n de insecticidas en algunos casos y colocaci\u00f3n de trampas de feromonas para atraer a los insectos. \u00a0 \u00a0 \u00a0 \u00a0 \u00a0 \u00a0 \u00a0 \u00a0 \u00a0 \u00a0 \u00a0 \u00a0 \u00a0 \u00a0 \u00a0 \u00a0 \u00a0 \u00a0 \u00a0 \u00a0 \u00a0 \u00a0 \u00a0 \u00a0 \u00a0 \u00a0 \u00a0 \u00a0 \u00a0 \u00a0 \u00a0 \u00a0 \u00a0 \u00a0 \u00a0 \u00a0 \u00a0 \u00a0 \u00a0 \u00a0 \u00a0 \u00a0 \u00a0 \u00a0 \u00a0 \u00a0 \u00a0 \u00a0 \u00a0 \u00a0 \u00a0 \u00a0 \u00a0 \u00a0 \u00a0 \u00a0 \u00a0 \u00a0 \u00a0 \u00a0 \u00a0 \u00a0 \u00a0 \u00a0 \u00a0 \u00a0 \u00a0 \u00a0 \u00a0 \u00a0 \u00a0 \u00a0<\/span><\/p>\n<figure id=\"attachment_1247\" aria-describedby=\"caption-attachment-1247\" style=\"width: 405px\" class=\"wp-caption alignright\"><img decoding=\"async\" loading=\"lazy\" class=\"wp-image-1247 \" style=\"border: 0px;\" alt=\"La recogida de pi\u00f1as para enviar al banco de semillas asegura que en el disponer de una cantidad suficiente de semilla para hacer frente a la regeneraci\u00f3n asistida tras los frecuentes y devastadores incendios que frecuentemente afectan a la comarca del Valle del Ti\u00e9tar. La plantaci\u00f3n en un futuro de frondosas, planes de cortas selv\u00edcolas adecuadas y medidas de tratamiento paisaj\u00edstico asegurar\u00e1n la integraci\u00f3n ecol\u00f3gico-paisaj\u00edstica de la masa regenerada. Foto: Jos\u00e9 Mar\u00eda Mancebo Quintana \/ \u00c1ngel Iglesias Ranz \/ Cristina Rodr\u00edguez P\u00e9rez.\" src=\"http:\/\/www2.montes.upm.es\/ArboretoMontes\/wp-content\/uploads\/2014\/11\/par-ult.jpg\" width=\"405\" height=\"202\" srcset=\"https:\/\/www2.montes.upm.es\/ArboretoMontes\/wp-content\/uploads\/2014\/11\/par-ult.jpg 578w, https:\/\/www2.montes.upm.es\/ArboretoMontes\/wp-content\/uploads\/2014\/11\/par-ult-300x150.jpg 300w\" sizes=\"(max-width: 405px) 100vw, 405px\" \/><figcaption id=\"caption-attachment-1247\" class=\"wp-caption-text\"><span style=\"color: #888888; font-size: x-small; font-family: verdana, geneva;\"><em>Foto: Jos\u00e9 Mar\u00eda Mancebo Quintana \/ \u00c1ngel Iglesias Ranz \/ Cristina Rodr\u00edguez P\u00e9rez.<\/em><\/span><\/figcaption><\/figure>\n<p style=\"text-align: justify;\"><span style=\"font-family: verdana, geneva; font-size: small; color: #808000;\"><strong>Acciones en el futuro<\/strong><\/span><\/p>\n<p style=\"text-align: justify;\"><span style=\"font-family: verdana, geneva; font-size: small;\">La recogida de pi\u00f1as para enviar al banco de semillas asegura que en el disponer de una cantidad suficiente de semilla para hacer frente a la regeneraci\u00f3n asistida tras los frecuentes y devastadores incendios que frecuentemente afectan a la comarca del Valle del Ti\u00e9tar. La plantaci\u00f3n en un futuro de frondosas, planes de cortas selv\u00edcolas adecuadas y medidas de tratamiento paisaj\u00edstico asegurar\u00e1n la integraci\u00f3n ecol\u00f3gico-paisaj\u00edstica de la masa regenerada. \u00a0 \u00a0 \u00a0 \u00a0 \u00a0 \u00a0 \u00a0 \u00a0 \u00a0 \u00a0 \u00a0 \u00a0 \u00a0 \u00a0 \u00a0 \u00a0 \u00a0 \u00a0 \u00a0 \u00a0 \u00a0 \u00a0 \u00a0 \u00a0 \u00a0 \u00a0 \u00a0 \u00a0 \u00a0 \u00a0 \u00a0 \u00a0 \u00a0 \u00a0 \u00a0 \u00a0 \u00a0 \u00a0 \u00a0 \u00a0 \u00a0 \u00a0 \u00a0 \u00a0 \u00a0 \u00a0 \u00a0 \u00a0 \u00a0 \u00a0 \u00a0 \u00a0 \u00a0 \u00a0 \u00a0 \u00a0 \u00a0 \u00a0 \u00a0 \u00a0 \u00a0 \u00a0 \u00a0 \u00a0 \u00a0 \u00a0 \u00a0 \u00a0 \u00a0 \u00a0 \u00a0 \u00a0 \u00a0 \u00a0 \u00a0 \u00a0 \u00a0 \u00a0 \u00a0 \u00a0 \u00a0 \u00a0 \u00a0 \u00a0 \u00a0 \u00a0\u00a0<\/span><\/p>\n<p style=\"text-align: justify;\"><span style=\"font-family: verdana, geneva; font-size: small;\">\u00a0 \u00a0 \u00a0 \u00a0 \u00a0 \u00a0 \u00a0 \u00a0 \u00a0 \u00a0 \u00a0 \u00a0 \u00a0 \u00a0 \u00a0 \u00a0 \u00a0 \u00a0 \u00a0 \u00a0 \u00a0 \u00a0 \u00a0 \u00a0 \u00a0 \u00a0 \u00a0 \u00a0 \u00a0 \u00a0 \u00a0 \u00a0 \u00a0 \u00a0 \u00a0 \u00a0 \u00a0 \u00a0 \u00a0 \u00a0 \u00a0 \u00a0 \u00a0 \u00a0 \u00a0 \u00a0 \u00a0 \u00a0 \u00a0 \u00a0 \u00a0 <em><span style=\"color: #888888;\">Extra\u00eddo del Proyecto Fin de Carrera (2012):\u00a0 Valoraci\u00f3n del da\u00f1o causado por los incendios en los espacios forestales. Aplicaci\u00f3n en el incendio de Arenas de San Pedro \u2013 \u00c1vila (julio de 2009). Autora: Cristina Rodr\u00edguez P\u00e9rez. Directores: Rafael Escribano Bomb\u00edn y Santiago Gonz\u00e1lez Alonso. (Colaboraci\u00f3n con el CEIGRAM \u2013 Centro de Estudios e Investigaci\u00f3n para la Gesti\u00f3n de Riesgos Agrarios y Medioambientales (UPM).<\/span><\/em><\/span><\/p>\n<p style=\"text-align: justify;\"><em><span style=\"color: #888888;\"><span style=\"font-family: verdana, geneva; font-size: small;\">Agradecimientos a la Secci\u00f3n de Restauraci\u00f3n del Servicio Territorial de Medio Ambiente de \u00c1vila de la Junta de Castilla y Le\u00f3n.\u00a0<\/span><br \/>\n<\/span><\/em><\/p>\n<p style=\"text-align: justify;\"><a href=\"http:\/\/www.magrama.gob.es\/es\/desarrollo-rural\/temas\/politica-forestal\/incendios-forestales\/\" target=\"_blank\"><img decoding=\"async\" loading=\"lazy\" class=\"alignright  wp-image-1252\" style=\"border: 0px;\" alt=\"INFO-incend1\" src=\"http:\/\/www2.montes.upm.es\/ArboretoMontes\/wp-content\/uploads\/2014\/11\/INFO-incend11.jpg\" width=\"600\" height=\"80\" srcset=\"https:\/\/www2.montes.upm.es\/ArboretoMontes\/wp-content\/uploads\/2014\/11\/INFO-incend11.jpg 750w, https:\/\/www2.montes.upm.es\/ArboretoMontes\/wp-content\/uploads\/2014\/11\/INFO-incend11-300x40.jpg 300w\" sizes=\"(max-width: 600px) 100vw, 600px\" \/><\/a><\/p>\n<p style=\"text-align: justify;\"><a href=\"http:\/\/www.rtve.es\/alacarta\/videos\/el-bosque-protector\/bosque-protector-incendios-forestales\/1412923\/\" target=\"_blank\"><img decoding=\"async\" loading=\"lazy\" class=\"alignright  wp-image-1249\" style=\"border: 0px;\" alt=\"INFO-incend2\" src=\"http:\/\/www2.montes.upm.es\/ArboretoMontes\/wp-content\/uploads\/2014\/11\/INFO-incend2.jpg\" width=\"600\" height=\"80\" srcset=\"https:\/\/www2.montes.upm.es\/ArboretoMontes\/wp-content\/uploads\/2014\/11\/INFO-incend2.jpg 750w, https:\/\/www2.montes.upm.es\/ArboretoMontes\/wp-content\/uploads\/2014\/11\/INFO-incend2-300x40.jpg 300w\" sizes=\"(max-width: 600px) 100vw, 600px\" \/><\/a><\/p>\n","protected":false},"excerpt":{"rendered":"<p>Cr\u00f3nica de la restauraci\u00f3n de un monte tras un incendio forestal El principal efecto sobre los recursos naturales asociado a los incendios forestales consiste en la [&#8230;]<\/p>\n","protected":false},"author":1,"featured_media":0,"parent":0,"menu_order":0,"comment_status":"closed","ping_status":"closed","template":"nosidebar-page.php","meta":[],"_links":{"self":[{"href":"https:\/\/www2.montes.upm.es\/ArboretoMontes\/index.php\/wp-json\/wp\/v2\/pages\/1222"}],"collection":[{"href":"https:\/\/www2.montes.upm.es\/ArboretoMontes\/index.php\/wp-json\/wp\/v2\/pages"}],"about":[{"href":"https:\/\/www2.montes.upm.es\/ArboretoMontes\/index.php\/wp-json\/wp\/v2\/types\/page"}],"author":[{"embeddable":true,"href":"https:\/\/www2.montes.upm.es\/ArboretoMontes\/index.php\/wp-json\/wp\/v2\/users\/1"}],"replies":[{"embeddable":true,"href":"https:\/\/www2.montes.upm.es\/ArboretoMontes\/index.php\/wp-json\/wp\/v2\/comments?post=1222"}],"version-history":[{"count":44,"href":"https:\/\/www2.montes.upm.es\/ArboretoMontes\/index.php\/wp-json\/wp\/v2\/pages\/1222\/revisions"}],"predecessor-version":[{"id":1638,"href":"https:\/\/www2.montes.upm.es\/ArboretoMontes\/index.php\/wp-json\/wp\/v2\/pages\/1222\/revisions\/1638"}],"wp:attachment":[{"href":"https:\/\/www2.montes.upm.es\/ArboretoMontes\/index.php\/wp-json\/wp\/v2\/media?parent=1222"}],"curies":[{"name":"wp","href":"https:\/\/api.w.org\/{rel}","templated":true}]}}