{"id":1224,"date":"2014-11-25T02:40:30","date_gmt":"2014-11-25T01:40:30","guid":{"rendered":"http:\/\/www2.montes.upm.es\/ArboretoMontes\/?page_id=1224"},"modified":"2015-01-12T19:56:01","modified_gmt":"2015-01-12T18:56:01","slug":"pagina-maestra","status":"publish","type":"page","link":"https:\/\/www2.montes.upm.es\/ArboretoMontes\/index.php\/pagina-maestra\/","title":{"rendered":"Sistemas silvopastorales"},"content":{"rendered":"<p style=\"text-align: justify;\"><img decoding=\"async\" loading=\"lazy\" class=\"aligncenter size-full wp-image-1322\" alt=\"Cabez-SILVO\" src=\"http:\/\/www2.montes.upm.es\/ArboretoMontes\/wp-content\/uploads\/2014\/11\/Cabez-SILVO.jpg\" width=\"1000\" height=\"204\" srcset=\"https:\/\/www2.montes.upm.es\/ArboretoMontes\/wp-content\/uploads\/2014\/11\/Cabez-SILVO.jpg 1000w, https:\/\/www2.montes.upm.es\/ArboretoMontes\/wp-content\/uploads\/2014\/11\/Cabez-SILVO-300x61.jpg 300w\" sizes=\"(max-width: 1000px) 100vw, 1000px\" \/><\/p>\n<p style=\"text-align: justify;\"><span style=\"font-size: large; color: #7b9353;\"><strong><span style=\"font-family: verdana, geneva;\">Regeneraci\u00f3n en los sistemas agroforestales \u00bfGesti\u00f3n adecuada del ganado?<\/span><\/strong><\/span><span style=\"font-family: verdana, geneva; font-size: small; background-color: #ffffff;\">\u00a0<\/span><\/p>\n<figure id=\"attachment_1369\" aria-describedby=\"caption-attachment-1369\" style=\"width: 540px\" class=\"wp-caption alignright\"><img decoding=\"async\" loading=\"lazy\" class=\" wp-image-1369  \" style=\"border: 0px;\" alt=\"Las dehesas espa\u00f1olas y ranchos californianos son sistemas productivos con una estructura y funcionamiento en com\u00fan. Est\u00e1n formados por \u00e1rboles del g\u00e9nero Quercus bajo los cuales se cultiva o pasta el ganado. Portugal  es otro de los pa\u00edses con una superficie considerable ocupada por estos sistemas silvopastorales, que all\u00ed reciben el nombre de montados. Foto: Aida L\u00f3pez-S\u00e1nchez.\" src=\"http:\/\/www2.montes.upm.es\/ArboretoMontes\/wp-content\/uploads\/2014\/11\/silvo1.jpg\" width=\"540\" height=\"179\" srcset=\"https:\/\/www2.montes.upm.es\/ArboretoMontes\/wp-content\/uploads\/2014\/11\/silvo1.jpg 600w, https:\/\/www2.montes.upm.es\/ArboretoMontes\/wp-content\/uploads\/2014\/11\/silvo1-300x99.jpg 300w\" sizes=\"(max-width: 540px) 100vw, 540px\" \/><figcaption id=\"caption-attachment-1369\" class=\"wp-caption-text\"><em><span style=\"font-family: verdana, geneva; font-size: x-small; color: #888888;\">Las dehesas espa\u00f1olas y ranchos californianos son sistemas productivos con una estructura y funcionamiento en com\u00fan. Est\u00e1n formados por \u00e1rboles del g\u00e9nero Quercus bajo los cuales se cultiva o pasta el ganado. Portugal es otro de los pa\u00edses con una superficie considerable ocupada por estos sistemas silvopastorales, que all\u00ed reciben el nombre de montados. Foto: Aida L\u00f3pez-S\u00e1nchez.<\/span><\/em><\/figcaption><\/figure>\n<p style=\"text-align: justify;\"><span style=\"font-family: verdana, geneva; font-size: small;\">Los sistemas silvopastorales mediterr\u00e1neos de robles existentes en Europa y Norte Am\u00e9rica son ampliamente conocidos y est\u00e1n asociados al mantenimiento de\u00a0 una alta biodiversidad. En los \u00faltimos siglos han sufrido intensos cambios de uso, de entre los cuales destacan el incremento de las cargas ganaderas, especialmente la de bovino, y los periodos de estancia del ganado.<\/span><\/p>\n<p style=\"text-align: justify;\"><span style=\"font-family: verdana, geneva; font-size: small;\">Miembros del\u00a0 Grupo de Investigaci\u00f3n de Ecolog\u00eda y Gesti\u00f3n Forestal Sostenible (<a href=\"http:\/\/www.ecogesfor.org\/\" target=\"_blank\">ECOGESFOR<\/a>),\u00a0en colaboraci\u00f3n con investigadores de la Universidad de Stanford, han analizado la evoluci\u00f3n de la regeneraci\u00f3n de <em>Quercus agrifolia<\/em> N\u00e9e en los ranchos californianos. Ananlizando el regenerado en fincas pastoreadas por bovino desde hace m\u00e1s de 100 a\u00f1os, frente a\u00a0 fincas sin pastoreo desde hace al menos 40 a\u00f1os, el estudio ha puesto de manifiesto c\u00f3mo el actual manejo del bovino reduce a la mitad las densidades de las pl\u00e1ntulas y los da\u00f1os por herbivor\u00eda son mucho m\u00e1s intensos. Adem\u00e1s las pl\u00e1ntulas son de menor tama\u00f1o, lo que indica que su supervivencia y crecimiento est\u00e1n significantemente limitados en dichas fincas.<\/span><\/p>\n<figure id=\"attachment_1371\" aria-describedby=\"caption-attachment-1371\" style=\"width: 1000px\" class=\"wp-caption aligncenter\"><img decoding=\"async\" loading=\"lazy\" class=\"size-full wp-image-1371\" alt=\"Los sistemas silvopastorales mantienen una productividad alta: ganado bovino, ovino, porcino o fauna cineg\u00e9tica aprovechan sus recursos. Sin embargo, una gesti\u00f3n inadecuada, compromete su regeneraci\u00f3n. Fotos: Aida L\u00f3pez-S\u00e1nchez, Ram\u00f3n Perea, Alicia L\u00f3pez.\" src=\"http:\/\/www2.montes.upm.es\/ArboretoMontes\/wp-content\/uploads\/2014\/11\/silvo4.png\" width=\"1000\" height=\"166\" srcset=\"https:\/\/www2.montes.upm.es\/ArboretoMontes\/wp-content\/uploads\/2014\/11\/silvo4.png 1000w, https:\/\/www2.montes.upm.es\/ArboretoMontes\/wp-content\/uploads\/2014\/11\/silvo4-300x49.png 300w\" sizes=\"(max-width: 1000px) 100vw, 1000px\" \/><figcaption id=\"caption-attachment-1371\" class=\"wp-caption-text\"><em><span style=\"font-family: verdana, geneva; font-size: x-small; color: #888888;\">Los sistemas silvopastorales mantienen una productividad alta: ganado bovino, ovino, porcino o fauna cineg\u00e9tica aprovechan sus recursos. Sin embargo, una gesti\u00f3n inadecuada, compromete su regeneraci\u00f3n. Fotos: Aida L\u00f3pez-S\u00e1nchez, Ram\u00f3n Perea, Alicia L\u00f3pez.<\/span><\/em><\/figcaption><\/figure>\n<figure id=\"attachment_1374\" aria-describedby=\"caption-attachment-1374\" style=\"width: 284px\" class=\"wp-caption alignleft\"><img decoding=\"async\" loading=\"lazy\" class=\" wp-image-1374   \" style=\"border: 0px;\" alt=\"En las dehesas espa\u00f1olas estudiadas, se observ\u00f3 que los da\u00f1os por bovino fueron intensos comparado a los del ovino y la fauna silvestre. La existencia de matorral proteg\u00eda a las pl\u00e1ntulas frente a da\u00f1os intensivos y aumentaba as\u00ed la supervivencia y las densidades resultantes. \" src=\"http:\/\/www2.montes.upm.es\/ArboretoMontes\/wp-content\/uploads\/2014\/11\/silvo2.jpg\" width=\"284\" height=\"190\" srcset=\"https:\/\/www2.montes.upm.es\/ArboretoMontes\/wp-content\/uploads\/2014\/11\/silvo2.jpg 500w, https:\/\/www2.montes.upm.es\/ArboretoMontes\/wp-content\/uploads\/2014\/11\/silvo2-300x201.jpg 300w\" sizes=\"(max-width: 284px) 100vw, 284px\" \/><figcaption id=\"caption-attachment-1374\" class=\"wp-caption-text\"><span style=\"font-size: x-small;\"><em><span style=\"font-family: verdana, geneva; color: #888888;\">En las dehesas espa\u00f1olas estudiadas, se observ\u00f3 que los da\u00f1os por bovino fueron intensos comparado a los del ovino y la fauna silvestre. La existencia de matorral proteg\u00eda a las pl\u00e1ntulas frente a da\u00f1os intensivos y aumentaba as\u00ed la supervivencia y las densidades resultantes.<\/span><\/em><\/span><\/figcaption><\/figure>\n<p style=\"text-align: justify;\"><span style=\"font-family: verdana, geneva; font-size: small;\">A miles de kil\u00f3metros, en la pen\u00ednsula Ib\u00e9rica se encuentran las dehesas, sistemas silvopastorales mediterr\u00e1neos con un alto valor natural y cultural que son el resultado de una intervenci\u00f3n hist\u00f3rica del hombre. Los investigadores est\u00e1n analizando la evoluci\u00f3n de la regeneraci\u00f3n de <em>Quercus ilex ssp ballota<\/em> (Desf.) Samp. Resultados preliminares muestran\u00a0 una reducci\u00f3n de m\u00e1s del 80% en densidad de pl\u00e1ntulas en zonas de bovino y un 40% en zonas de ovino con respecto a zonas sin pastoreo desde hace al menos 30 a\u00f1os.<\/span><\/p>\n<figure id=\"attachment_1376\" aria-describedby=\"caption-attachment-1376\" style=\"width: 865px\" class=\"wp-caption alignright\"><img decoding=\"async\" loading=\"lazy\" class=\" wp-image-1376      \" style=\"border: 0px;\" alt=\"Los sistemas silvopastorales son ecosistemas de alto valor. La regeneraci\u00f3n natural del arbolado depende de la gesti\u00f3n ganadera que se lleve a cabo, entre otros factores. Foto: Alicia L\u00f3pez\" src=\"http:\/\/www2.montes.upm.es\/ArboretoMontes\/wp-content\/uploads\/2014\/11\/silvo3.jpg\" width=\"865\" height=\"390\" \/><figcaption id=\"caption-attachment-1376\" class=\"wp-caption-text\"><em><span style=\"font-family: verdana, geneva; color: #888888; font-size: x-small;\">Los sistemas silvopastorales son ecosistemas de alto valor. La regeneraci\u00f3n natural del arbolado depende de la gesti\u00f3n ganadera que se lleve a cabo, entre otros factores. Foto: Alicia L\u00f3pez<\/span><\/em><\/figcaption><\/figure>\n<p style=\"text-align: justify;\"><span style=\"font-family: verdana, geneva; font-size: small; text-align: justify; line-height: 1.5em;\">Estos resultados sugieren que la evoluci\u00f3n de ambos sistemas silvopastorales siguen un mismo patr\u00f3n, en el que el actual manejo de ganado no facilita la regeneraci\u00f3n de los \u00e1rboles. La recuperaci\u00f3n de t\u00e9cnicas habituales en el pasado de los sistemas silvopastorales resultar\u00eda en una mejora de la regeneraci\u00f3n: movimiento del ganado a trav\u00e9s del territorio y dentro de las fincas para evitar da\u00f1os intensos y continuados.<\/span><\/p>\n<p style=\"text-align: justify;\"><a href=\"http:\/\/www.plosone.org\/article\/info%3Adoi%2F10.1371%2Fjournal.pone.0105472\" target=\"_blank\"><img decoding=\"async\" loading=\"lazy\" class=\"alignright  wp-image-1327\" style=\"border: 0px;\" alt=\"INFO-silvo1\" src=\"http:\/\/www2.montes.upm.es\/ArboretoMontes\/wp-content\/uploads\/2014\/11\/INFO-silvo1.jpg\" width=\"600\" height=\"80\" srcset=\"https:\/\/www2.montes.upm.es\/ArboretoMontes\/wp-content\/uploads\/2014\/11\/INFO-silvo1.jpg 750w, https:\/\/www2.montes.upm.es\/ArboretoMontes\/wp-content\/uploads\/2014\/11\/INFO-silvo1-300x40.jpg 300w\" sizes=\"(max-width: 600px) 100vw, 600px\" \/><\/a><\/p>\n<p style=\"text-align: justify;\"><a href=\"http:\/\/www.ecogesfor.org\/\" target=\"_blank\"><img decoding=\"async\" loading=\"lazy\" class=\"alignright  wp-image-1325\" style=\"border: 0px;\" alt=\"INFO-silvo2\" src=\"http:\/\/www2.montes.upm.es\/ArboretoMontes\/wp-content\/uploads\/2014\/11\/INFO-silvo2.jpg\" width=\"600\" height=\"80\" srcset=\"https:\/\/www2.montes.upm.es\/ArboretoMontes\/wp-content\/uploads\/2014\/11\/INFO-silvo2.jpg 750w, https:\/\/www2.montes.upm.es\/ArboretoMontes\/wp-content\/uploads\/2014\/11\/INFO-silvo2-300x40.jpg 300w\" sizes=\"(max-width: 600px) 100vw, 600px\" \/><\/a><\/p>\n","protected":false},"excerpt":{"rendered":"<p>Regeneraci\u00f3n en los sistemas agroforestales \u00bfGesti\u00f3n adecuada del ganado?\u00a0 Los sistemas silvopastorales mediterr\u00e1neos de robles existentes en Europa y Norte Am\u00e9rica son ampliamente conocidos y est\u00e1n [&#8230;]<\/p>\n","protected":false},"author":1,"featured_media":0,"parent":0,"menu_order":0,"comment_status":"closed","ping_status":"closed","template":"nosidebar-page.php","meta":[],"_links":{"self":[{"href":"https:\/\/www2.montes.upm.es\/ArboretoMontes\/index.php\/wp-json\/wp\/v2\/pages\/1224"}],"collection":[{"href":"https:\/\/www2.montes.upm.es\/ArboretoMontes\/index.php\/wp-json\/wp\/v2\/pages"}],"about":[{"href":"https:\/\/www2.montes.upm.es\/ArboretoMontes\/index.php\/wp-json\/wp\/v2\/types\/page"}],"author":[{"embeddable":true,"href":"https:\/\/www2.montes.upm.es\/ArboretoMontes\/index.php\/wp-json\/wp\/v2\/users\/1"}],"replies":[{"embeddable":true,"href":"https:\/\/www2.montes.upm.es\/ArboretoMontes\/index.php\/wp-json\/wp\/v2\/comments?post=1224"}],"version-history":[{"count":16,"href":"https:\/\/www2.montes.upm.es\/ArboretoMontes\/index.php\/wp-json\/wp\/v2\/pages\/1224\/revisions"}],"predecessor-version":[{"id":1646,"href":"https:\/\/www2.montes.upm.es\/ArboretoMontes\/index.php\/wp-json\/wp\/v2\/pages\/1224\/revisions\/1646"}],"wp:attachment":[{"href":"https:\/\/www2.montes.upm.es\/ArboretoMontes\/index.php\/wp-json\/wp\/v2\/media?parent=1224"}],"curies":[{"name":"wp","href":"https:\/\/api.w.org\/{rel}","templated":true}]}}