{"id":1255,"date":"2014-11-25T03:38:20","date_gmt":"2014-11-25T02:38:20","guid":{"rendered":"http:\/\/www2.montes.upm.es\/ArboretoMontes\/?page_id=1255"},"modified":"2015-01-12T19:13:14","modified_gmt":"2015-01-12T18:13:14","slug":"ordenacion-y-paisaje","status":"publish","type":"page","link":"https:\/\/www2.montes.upm.es\/ArboretoMontes\/index.php\/ordenacion-y-paisaje\/","title":{"rendered":"Ordenaci\u00f3n y paisaje"},"content":{"rendered":"<p style=\"text-align: justify;\"><img decoding=\"async\" loading=\"lazy\" class=\"aligncenter size-full wp-image-1256\" alt=\"Cabez-ORD_PSJ\" src=\"http:\/\/www2.montes.upm.es\/ArboretoMontes\/wp-content\/uploads\/2014\/11\/Cabez-ORD_PSJ.jpg\" width=\"1000\" height=\"204\" srcset=\"https:\/\/www2.montes.upm.es\/ArboretoMontes\/wp-content\/uploads\/2014\/11\/Cabez-ORD_PSJ.jpg 1000w, https:\/\/www2.montes.upm.es\/ArboretoMontes\/wp-content\/uploads\/2014\/11\/Cabez-ORD_PSJ-300x61.jpg 300w\" sizes=\"(max-width: 1000px) 100vw, 1000px\" \/><\/p>\n<p style=\"text-align: justify;\"><span style=\"font-size: large; color: #7b9353;\"><strong><span style=\"font-family: verdana, geneva;\">Relaci\u00f3n del paisaje percibido y el paisaje ecol\u00f3gico: sinergias y conflictos<\/span><\/strong><\/span><\/p>\n<p style=\"text-align: justify;\"><span style=\"font-family: verdana, geneva; font-size: small;\">La respuesta del hombre ante el medio natural est\u00e1 en parte determinado por la percepci\u00f3n, por la relaci\u00f3n est\u00e9tica que establece con \u00e9l. Por tanto, las decisiones de actuaci\u00f3n sobre el paisaje est\u00e1n en mayor o menor medida motivadas por una cuesti\u00f3n no s\u00f3lo relacionada con la belleza, sino tambi\u00e9n con los significados que se le atribuyen.<\/span><\/p>\n<p style=\"text-align: justify;\"><span style=\"line-height: 1.5em; font-family: verdana, geneva; font-size: small;\">En general, el hombre aprecia los ecosistemas y paisajes ecol\u00f3gicamente ricos\u00a0 y sanos. O por lo menos tiene intenci\u00f3n de hacerlo. No obstante, frecuentemente la realidad no coincide con lo percibido.<\/span><\/p>\n<figure id=\"attachment_1260\" aria-describedby=\"caption-attachment-1260\" style=\"width: 1000px\" class=\"wp-caption aligncenter\"><img decoding=\"async\" loading=\"lazy\" class=\"size-full wp-image-1260 \" style=\"border: 0px;\" alt=\"Gobster et al. (2007) presentan tres razones por las que la consideraci\u00f3n est\u00e9tica influye en el paisaje: la est\u00e9tica del paisaje provee de una uni\u00f3n crucial entre el ser humano y los procesos ecol\u00f3gicos, la experiencia est\u00e9tica puede llegar a dirigir el cambio del paisaje y la atenci\u00f3n sobre la calidad ecol\u00f3gica puede llegar a producirse y estar influida por la percepci\u00f3n del valor est\u00e9tico del paisaje. Foto: Alicia L\u00f3pez\" src=\"http:\/\/www2.montes.upm.es\/ArboretoMontes\/wp-content\/uploads\/2014\/11\/ordpsj-1.jpg\" width=\"1000\" height=\"214\" srcset=\"https:\/\/www2.montes.upm.es\/ArboretoMontes\/wp-content\/uploads\/2014\/11\/ordpsj-1.jpg 1000w, https:\/\/www2.montes.upm.es\/ArboretoMontes\/wp-content\/uploads\/2014\/11\/ordpsj-1-300x64.jpg 300w\" sizes=\"(max-width: 1000px) 100vw, 1000px\" \/><figcaption id=\"caption-attachment-1260\" class=\"wp-caption-text\"><em><span style=\"font-family: verdana, geneva; font-size: x-small; color: #888888;\">Gobster et al. (2007) presentan tres razones por las que la consideraci\u00f3n est\u00e9tica influye en el paisaje: la est\u00e9tica del paisaje provee de una uni\u00f3n crucial entre el ser humano y los procesos ecol\u00f3gicos, la experiencia est\u00e9tica puede llegar a dirigir el cambio del paisaje y la atenci\u00f3n sobre la calidad ecol\u00f3gica puede llegar a producirse y estar influida por la percepci\u00f3n del valor est\u00e9tico del paisaje. Foto: Alicia L\u00f3pez<\/span><\/em><\/figcaption><\/figure>\n<figure id=\"attachment_1262\" aria-describedby=\"caption-attachment-1262\" style=\"width: 317px\" class=\"wp-caption alignright\"><img decoding=\"async\" loading=\"lazy\" class=\" wp-image-1262    \" style=\"border: 0px;\" alt=\"Los entrevistados localizaron en un mapa las \u00e1reas que consideraban que tuvieran una alta y baja calidad tanto ecol\u00f3gica  como de paisaje percibido, y se les pidi\u00f3 explicar  en profundidad las razones de su elecci\u00f3n. Foto: Alicia L\u00f3pez\" src=\"http:\/\/www2.montes.upm.es\/ArboretoMontes\/wp-content\/uploads\/2014\/11\/ordpsj-2.jpg\" width=\"317\" height=\"439\" srcset=\"https:\/\/www2.montes.upm.es\/ArboretoMontes\/wp-content\/uploads\/2014\/11\/ordpsj-2.jpg 400w, https:\/\/www2.montes.upm.es\/ArboretoMontes\/wp-content\/uploads\/2014\/11\/ordpsj-2-216x300.jpg 216w\" sizes=\"(max-width: 317px) 100vw, 317px\" \/><figcaption id=\"caption-attachment-1262\" class=\"wp-caption-text\"><em><span style=\"font-family: verdana, geneva; font-size: x-small; color: #888888;\">Los entrevistados localizaron en un mapa las \u00e1reas que consideraban que tuvieran una alta y baja calidad tanto ecol\u00f3gica como de paisaje percibido, y se les pidi\u00f3 explicar en profundidad las razones de su elecci\u00f3n. Foto: Alicia L\u00f3pez<\/span><\/em><\/figcaption><\/figure>\n<figure id=\"attachment_1265\" aria-describedby=\"caption-attachment-1265\" style=\"width: 574px\" class=\"wp-caption alignleft\"><img decoding=\"async\" loading=\"lazy\" class=\" wp-image-1265 \" style=\"border: 0px;\" alt=\"El aspecto de las zonas sujetas a trabajos forestales fue percibida como negativa debido a su aspecto desordenado y sucio. El impacto visual de los cortafuegos no fue valorado tan negativamente por los participantes, a pesar de no estar dise\u00f1ados con criterios de integraci\u00f3n paisaj\u00edstica. Su significado simb\u00f3lico como un elemento protector de la masa forestal atenuaba su afecci\u00f3n en el paisaje.Foto: Alicia L\u00f3pez Foto: Alicia L\u00f3pez\" src=\"http:\/\/www2.montes.upm.es\/ArboretoMontes\/wp-content\/uploads\/2014\/11\/ordpsj-3.jpg\" width=\"574\" height=\"233\" srcset=\"https:\/\/www2.montes.upm.es\/ArboretoMontes\/wp-content\/uploads\/2014\/11\/ordpsj-3.jpg 956w, https:\/\/www2.montes.upm.es\/ArboretoMontes\/wp-content\/uploads\/2014\/11\/ordpsj-3-300x122.jpg 300w\" sizes=\"(max-width: 574px) 100vw, 574px\" \/><figcaption id=\"caption-attachment-1265\" class=\"wp-caption-text\"><span style=\"font-size: x-small;\"><em><span style=\"font-family: verdana, geneva; color: #888888;\">El aspecto de las zonas sujetas a trabajos forestales fue percibida como negativa debido a su aspecto desordenado y sucio. El impacto visual de los cortafuegos no fue valorado tan negativamente por los participantes, a pesar de no estar dise\u00f1ados con criterios de integraci\u00f3n paisaj\u00edstica. Su significado simb\u00f3lico como un elemento protector de la masa forestal atenuaba su afecci\u00f3n en el paisaje.<\/span><\/em><\/span><br \/><span style=\"font-size: x-small;\"><em><span style=\"font-family: verdana, geneva; color: #888888;\">Foto: Alicia L\u00f3pez<\/span><\/em><\/span><\/figcaption><\/figure>\n<p style=\"text-align: justify;\">\n<p style=\"text-align: justify;\">\n<p style=\"text-align: justify;\"><span style=\"font-family: verdana, geneva; font-size: small;\">Los valores y actitudes ante el paisaje no siguen el mismo patr\u00f3n de evaluaci\u00f3n que los\u00a0 an\u00e1lisis cient\u00edficos basados en los componentes biof\u00edsicos objetivos. Sin embargo, las opiniones sobre el estado del paisaje\u00a0 tiene un impacto sobre \u00e9l.<\/span><\/p>\n<p style=\"text-align: justify;\"><span style=\"font-family: verdana, geneva; font-size: small;\">Tener en cuenta este \u201cfen\u00f3meno subjetivo\u201d plantea una oportunidad para alcanzar una mejor planificaci\u00f3n y gesti\u00f3n del medio. Un proyecto de investigaci\u00f3n que se est\u00e1 realizando en el Grupo de Investigaci\u00f3n Ecolog\u00eda y Paisaje \u00a0tiene entre sus objetivos clarificar las implicaciones que este hecho tiene sobre el paisaje.<\/span><\/p>\n<p style=\"text-align: justify;\"><span style=\"font-family: verdana, geneva; font-size: small;\">Poblaci\u00f3n, t\u00e9cnicos y profesionales de la educaci\u00f3n ambiental de un espacio natural protegido en La Rioja fueron preguntados al respecto. El an\u00e1lisis de las respuestas revel\u00f3 diversas concepciones sobre el papel del hombre en el paisaje, consideraciones\u00a0 dispares sobre lo que es natural y diferente importancia relativa asignada a la est\u00e9tica y el funcionamiento ecol\u00f3gico del paisaje. Frecuentemente las opiniones sobre el atractivo del paisaje se entrecruzaron con la estimaci\u00f3n del funcionamiento ecol\u00f3gico y el m\u00e9rito de lo percibido dirig\u00eda la atenci\u00f3n sobre determinados valores ecol\u00f3gicos.<\/span><\/p>\n<p style=\"text-align: justify;\"><span style=\"font-family: verdana, geneva; font-size: small;\">Los resultados revelan que existe una influencia de la valoraci\u00f3n est\u00e9tica en la ecolog\u00eda del paisaje que merece ser reconocida y tenida en cuenta.<\/span><\/p>\n<p style=\"text-align: justify;\"><img decoding=\"async\" loading=\"lazy\" class=\"alignright  wp-image-1270\" style=\"border: 0px;\" alt=\"INFO-ordpsj1\" src=\"http:\/\/www2.montes.upm.es\/ArboretoMontes\/wp-content\/uploads\/2014\/11\/INFO-ordpsj1.jpg\" width=\"600\" height=\"80\" srcset=\"https:\/\/www2.montes.upm.es\/ArboretoMontes\/wp-content\/uploads\/2014\/11\/INFO-ordpsj1.jpg 750w, https:\/\/www2.montes.upm.es\/ArboretoMontes\/wp-content\/uploads\/2014\/11\/INFO-ordpsj1-300x40.jpg 300w\" sizes=\"(max-width: 600px) 100vw, 600px\" \/><\/p>\n<p style=\"text-align: justify;\"><a href=\"http:\/\/www.montes.upm.es\/ETSIMontes\/PDI\/Investigacion\/GI\/EcolPaisaje\/eb19c81d77d4e210VgnVCM10000009c7648aRCRD\" target=\"_blank\"><img decoding=\"async\" loading=\"lazy\" class=\"alignright  wp-image-1268\" style=\"border: 0px;\" alt=\"INFO-ordpsj2\" src=\"http:\/\/www2.montes.upm.es\/ArboretoMontes\/wp-content\/uploads\/2014\/11\/INFO-ordpsj2.jpg\" width=\"600\" height=\"80\" srcset=\"https:\/\/www2.montes.upm.es\/ArboretoMontes\/wp-content\/uploads\/2014\/11\/INFO-ordpsj2.jpg 750w, https:\/\/www2.montes.upm.es\/ArboretoMontes\/wp-content\/uploads\/2014\/11\/INFO-ordpsj2-300x40.jpg 300w\" sizes=\"(max-width: 600px) 100vw, 600px\" \/><\/a><\/p>\n<p style=\"text-align: justify;\"><span style=\"font-family: 'book antiqua', palatino; font-size: medium;\"><br \/>\n<\/span><\/p>\n","protected":false},"excerpt":{"rendered":"<p>Relaci\u00f3n del paisaje percibido y el paisaje ecol\u00f3gico: sinergias y conflictos La respuesta del hombre ante el medio natural est\u00e1 en parte determinado por la percepci\u00f3n, [&#8230;]<\/p>\n","protected":false},"author":1,"featured_media":0,"parent":0,"menu_order":0,"comment_status":"closed","ping_status":"closed","template":"nosidebar-page.php","meta":[],"_links":{"self":[{"href":"https:\/\/www2.montes.upm.es\/ArboretoMontes\/index.php\/wp-json\/wp\/v2\/pages\/1255"}],"collection":[{"href":"https:\/\/www2.montes.upm.es\/ArboretoMontes\/index.php\/wp-json\/wp\/v2\/pages"}],"about":[{"href":"https:\/\/www2.montes.upm.es\/ArboretoMontes\/index.php\/wp-json\/wp\/v2\/types\/page"}],"author":[{"embeddable":true,"href":"https:\/\/www2.montes.upm.es\/ArboretoMontes\/index.php\/wp-json\/wp\/v2\/users\/1"}],"replies":[{"embeddable":true,"href":"https:\/\/www2.montes.upm.es\/ArboretoMontes\/index.php\/wp-json\/wp\/v2\/comments?post=1255"}],"version-history":[{"count":16,"href":"https:\/\/www2.montes.upm.es\/ArboretoMontes\/index.php\/wp-json\/wp\/v2\/pages\/1255\/revisions"}],"predecessor-version":[{"id":1595,"href":"https:\/\/www2.montes.upm.es\/ArboretoMontes\/index.php\/wp-json\/wp\/v2\/pages\/1255\/revisions\/1595"}],"wp:attachment":[{"href":"https:\/\/www2.montes.upm.es\/ArboretoMontes\/index.php\/wp-json\/wp\/v2\/media?parent=1255"}],"curies":[{"name":"wp","href":"https:\/\/api.w.org\/{rel}","templated":true}]}}