{"id":1310,"date":"2014-11-25T18:08:29","date_gmt":"2014-11-25T17:08:29","guid":{"rendered":"http:\/\/www2.montes.upm.es\/ArboretoMontes\/?page_id=1310"},"modified":"2015-01-12T20:08:16","modified_gmt":"2015-01-12T19:08:16","slug":"intervenciones-en-jardines","status":"publish","type":"page","link":"https:\/\/www2.montes.upm.es\/ArboretoMontes\/index.php\/intervenciones-en-jardines\/","title":{"rendered":"Intervenciones en jardines"},"content":{"rendered":"<p style=\"text-align: justify;\"><span style=\"font-size: large; color: #7b9353;\"><strong><span style=\"font-family: verdana, geneva;\"><img decoding=\"async\" loading=\"lazy\" class=\"aligncenter size-full wp-image-1312\" alt=\"Cabez-JARDINES\" src=\"http:\/\/www2.montes.upm.es\/ArboretoMontes\/wp-content\/uploads\/2014\/11\/Cabez-JARDINES.jpg\" width=\"1000\" height=\"204\" srcset=\"https:\/\/www2.montes.upm.es\/ArboretoMontes\/wp-content\/uploads\/2014\/11\/Cabez-JARDINES.jpg 1000w, https:\/\/www2.montes.upm.es\/ArboretoMontes\/wp-content\/uploads\/2014\/11\/Cabez-JARDINES-300x61.jpg 300w\" sizes=\"(max-width: 1000px) 100vw, 1000px\" \/>Un proyecto de intervenci\u00f3n en un jard\u00edn singular<\/span><\/strong><\/span><\/p>\n<figure id=\"attachment_1379\" aria-describedby=\"caption-attachment-1379\" style=\"width: 600px\" class=\"wp-caption alignright\"><img decoding=\"async\" loading=\"lazy\" class=\" wp-image-1379  \" style=\"border: 0px;\" alt=\"El actual estado hace complicado apreciar que en esos lugares hubo en alg\u00fan momento unas composiciones vegetales fundamentales para que la organizaci\u00f3n del jard\u00edn ornamental estuviese equilibrada y ofreciese toda su riqueza art\u00edstica. Foto: L.I Turc\" src=\"http:\/\/www2.montes.upm.es\/ArboretoMontes\/wp-content\/uploads\/2014\/11\/jardines1.png\" width=\"600\" height=\"198\" srcset=\"https:\/\/www2.montes.upm.es\/ArboretoMontes\/wp-content\/uploads\/2014\/11\/jardines1.png 600w, https:\/\/www2.montes.upm.es\/ArboretoMontes\/wp-content\/uploads\/2014\/11\/jardines1-300x99.png 300w\" sizes=\"(max-width: 600px) 100vw, 600px\" \/><figcaption id=\"caption-attachment-1379\" class=\"wp-caption-text\"><span style=\"color: #888888; font-size: x-small; font-family: verdana, geneva;\"><em>El actual estado hace complicado apreciar que en esos lugares hubo en alg\u00fan momento unas composiciones vegetales fundamentales para que la organizaci\u00f3n del jard\u00edn ornamental estuviese equilibrada y ofreciese toda su riqueza art\u00edstica. Foto: L.I Turc<\/em><\/span><\/figcaption><\/figure>\n<p style=\"text-align: justify;\"><span style=\"font-family: verdana, geneva; font-size: small;\">Las intervenciones en jardines hist\u00f3ricos resultan complejas\u00a0 pues es dif\u00edcil decidir hasta donde intervenir y de qu\u00e9 manera en un espacio emblem\u00e1tico. Algunos de los principales aspectos a tener en cuenta a la hora de abordar la tarea es conocer el trazado y el prop\u00f3sito con el que el jard\u00edn fue creado y contextualizarlo en su momento hist\u00f3rico, conocer la evoluci\u00f3n del jard\u00edn y contribuciones de las diferentes \u00e9pocas. <\/span><\/p>\n<p style=\"text-align: justify;\"><span style=\"font-family: verdana, geneva; font-size: small;\">Adem\u00e1s, hay que valorar la posible repercusi\u00f3n de las actuaciones sobre los visitantes, sin olvidar los aspectos t\u00e9cnicos de la realizaci\u00f3n de obras en un espacio de alto valor y fragilidad.<\/span><\/p>\n<figure id=\"attachment_1382\" aria-describedby=\"caption-attachment-1382\" style=\"width: 418px\" class=\"wp-caption alignleft\"><img decoding=\"async\" loading=\"lazy\" class=\" wp-image-1382   \" alt=\" A partir del plano hist\u00f3rico de M\u00e9ndez de Rao (1734-36) y el tratado de J.A. D\u00e9zallier D\u00b4Argenville, \u201cLa th\u00e9orie et la pratique du jardinage\u201d, entre otros, fue posible aproximarse el aspecto original de estos espacios.\" src=\"http:\/\/www2.montes.upm.es\/ArboretoMontes\/wp-content\/uploads\/2014\/11\/jardines2.png\" width=\"418\" height=\"449\" \/><figcaption id=\"caption-attachment-1382\" class=\"wp-caption-text\"><em><span style=\"font-family: verdana, geneva; font-size: x-small; color: #888888;\">A partir del plano hist\u00f3rico de M\u00e9ndez de Rao (1734-36) y el tratado de J.A. D\u00e9zallier D\u00b4Argenville, \u201cLa th\u00e9orie et la pratique du jardinage\u201d, entre otros, fue posible aproximarse el aspecto original de estos espacios.<\/span><\/em><\/figcaption><\/figure>\n<p style=\"text-align: justify;\"><span style=\"font-family: verdana, geneva; font-size: small;\">Con estos criterios en mente, un proyecto elaborado en la ETSI Montes, en colaboraci\u00f3n con Patrimonio Nacional, propuso la restauraci\u00f3n de una zona de los Jardines de La Granja de San Ildefonso: El Bosquete de los Bolandrines y La Escalera de Gaz\u00f3n. Ambas zonas fueron en el siglo XVIII espacios ajardinados emblem\u00e1ticos. Sin embargo, hoy en d\u00eda aparecen desdibujados y s\u00f3lo se conserva el espacio y la insinuaci\u00f3n de las formas que tuvieron.<\/span><\/p>\n<p style=\"text-align: justify;\"><span style=\"font-family: verdana, geneva; font-size: small;\">La documentaci\u00f3n hist\u00f3rica y el conocimiento de la evoluci\u00f3n de los espacios a lo largo del tiempo son escasos. No se conoce pr\u00e1cticamente nada de la posible ornamentaci\u00f3n que pudiera tener, ni ning\u00fan otro detalle relevante sobre la composici\u00f3n vegetal..<\/span><\/p>\n<p style=\"text-align: justify;\"><span style=\"font-family: verdana, geneva; font-size: small;\">Para la reconstrucci\u00f3n con el mayor detalle posible del aspecto y la funci\u00f3n de ambos lugares, fue necesario recurrir a planos hist\u00f3ricos, tratados inspiradores, directrices de intervenci\u00f3n recogidas en la normativa, y\u00a0 la consulta a historiadores y diversos expertos.<\/span><\/p>\n<p style=\"text-align: justify;\"><span style=\"font-family: verdana, geneva; font-size: small;\">Finalmente, el proyecto de actuaci\u00f3n plante\u00f3, describi\u00f3 y presupuest\u00f3 con detalle las actuaciones necesarias para recuperar parte del dise\u00f1o original. <\/span><\/p>\n<p style=\"text-align: justify;\"><span style=\"font-family: verdana, geneva; font-size: small;\">Los aspectos t\u00e9cnicos relativos a la retirada de la vegetaci\u00f3n existente, recuperaci\u00f3n de nivel del terreno y forma original, instalaci\u00f3n del sistema de riego, construcci\u00f3n de caminos, preparaci\u00f3n del sustrato e implantaci\u00f3n de la vegetaci\u00f3n fueron proyectados teniendo en cuenta la fragilidad del entorno. El profesional que plantea la restauraci\u00f3n ha de contar con las mejores tecnolog\u00edas a su alcance y ha de planificar los trabajos con gran nivel de detalle a fin de conseguir una ejecuci\u00f3n del proyecto adecuada y respetuosa.<\/span><\/p>\n<p style=\"text-align: justify;\">[ezcol_2third]<\/p>\n<figure id=\"attachment_1390\" aria-describedby=\"caption-attachment-1390\" style=\"width: 700px\" class=\"wp-caption aligncenter\"><img decoding=\"async\" loading=\"lazy\" class=\"size-full wp-image-1390\" alt=\"A partir del plano hist\u00f3rico de M\u00e9ndez de Rao (1734-36) y el tratado de J.A. D\u00e9zallier D\u00b4Argenville, \u201cLa th\u00e9orie et la pratique du jardinage\u201d, entre otros, fue posible aproximarse el aspecto original de estos espacios.\" src=\"http:\/\/www2.montes.upm.es\/ArboretoMontes\/wp-content\/uploads\/2014\/11\/jardines41.png\" width=\"700\" height=\"356\" srcset=\"https:\/\/www2.montes.upm.es\/ArboretoMontes\/wp-content\/uploads\/2014\/11\/jardines41.png 700w, https:\/\/www2.montes.upm.es\/ArboretoMontes\/wp-content\/uploads\/2014\/11\/jardines41-300x152.png 300w\" sizes=\"(max-width: 700px) 100vw, 700px\" \/><figcaption id=\"caption-attachment-1390\" class=\"wp-caption-text\"><em><span style=\"font-family: verdana, geneva; color: #888888; font-size: x-small;\">A partir del plano hist\u00f3rico de M\u00e9ndez de Rao (1734-36) y el tratado de J.A. D\u00e9zallier D\u00b4Argenville, \u201cLa th\u00e9orie et la pratique du jardinage\u201d, entre otros, fue posible aproximarse el aspecto original de estos espacios.<\/span><\/em><\/figcaption><\/figure>\n<p style=\"text-align: justify;\">[\/ezcol_2third] [ezcol_1third_end]<\/p>\n<figure id=\"attachment_1386\" aria-describedby=\"caption-attachment-1386\" style=\"width: 300px\" class=\"wp-caption aligncenter\"><img decoding=\"async\" loading=\"lazy\" class=\"size-full wp-image-1386\" alt=\" A partir del plano hist\u00f3rico de M\u00e9ndez de Rao (1734-36) y el tratado de J.A. D\u00e9zallier D\u00b4Argenville, \u201cLa th\u00e9orie et la pratique du jardinage\u201d, entre otros, fue posible aproximarse el aspecto original de estos espacios.\" src=\"http:\/\/www2.montes.upm.es\/ArboretoMontes\/wp-content\/uploads\/2014\/11\/jardines3.png\" width=\"300\" height=\"287\" \/><figcaption id=\"caption-attachment-1386\" class=\"wp-caption-text\"><em><span style=\"font-size: x-small; font-family: verdana, geneva; color: #888888;\">A partir del plano hist\u00f3rico de M\u00e9ndez de Rao (1734-36) y el tratado de J.A. D\u00e9zallier D\u00b4Argenville, \u201cLa th\u00e9orie et la pratique du jardinage\u201d, entre otros, fue posible aproximarse el aspecto original de estos espacios.<\/span><\/em><\/figcaption><\/figure>\n<p style=\"text-align: justify;\">[\/ezcol_1third_end]<em><span style=\"font-family: verdana, geneva; font-size: small; color: #888888;\">\u201cM\u00e1s bien que jard\u00edn le corresponde llamarse parque al conjunto de terreno cercado que ordinariamente se designa con el nombre de Los Jardines, pues casi toda la mitad superior est\u00e1 sin cultivo alguno y de monte, y a mayor abundamiento, destinada al presente a la cr\u00eda de corzos y faisanes para la caza\u201d. Bre\u00f1osa y Castellarnau, 1884. p.160<\/span><\/em><\/p>\n<p style=\"text-align: justify;\"><span style=\"font-family: verdana, geneva; font-size: small;\">En 1884, los ingenieros de montes de la Casa Real Rafael Bre\u00f1osa y Joaqu\u00edn M\u00ba de Castellarnau escribieron lo que podr\u00eda entenderse hoy como una gu\u00eda\u00a0 tur\u00edstica, en la que describ\u00edan el palacio, jardines y montes de La Granja de San Ildefonso.<\/span><\/p>\n<p style=\"text-align: justify;\"><img decoding=\"async\" loading=\"lazy\" class=\"alignright  wp-image-1319\" style=\"border: 0px;\" alt=\"INFO-jard1\" src=\"http:\/\/www2.montes.upm.es\/ArboretoMontes\/wp-content\/uploads\/2014\/11\/INFO-jard1.jpg\" width=\"600\" height=\"80\" srcset=\"https:\/\/www2.montes.upm.es\/ArboretoMontes\/wp-content\/uploads\/2014\/11\/INFO-jard1.jpg 750w, https:\/\/www2.montes.upm.es\/ArboretoMontes\/wp-content\/uploads\/2014\/11\/INFO-jard1-300x40.jpg 300w\" sizes=\"(max-width: 600px) 100vw, 600px\" \/><\/p>\n<p style=\"text-align: justify;\"><a href=\"http:\/\/bibliotecadigital.jcyl.es\/i18n\/consulta\/registro.cmd?id=144\" target=\"_blank\"><img decoding=\"async\" loading=\"lazy\" class=\"alignright  wp-image-1317\" style=\"border: 0px;\" alt=\"INFO-jard2\" src=\"http:\/\/www2.montes.upm.es\/ArboretoMontes\/wp-content\/uploads\/2014\/11\/INFO-jard2.jpg\" width=\"600\" height=\"80\" srcset=\"https:\/\/www2.montes.upm.es\/ArboretoMontes\/wp-content\/uploads\/2014\/11\/INFO-jard2.jpg 750w, https:\/\/www2.montes.upm.es\/ArboretoMontes\/wp-content\/uploads\/2014\/11\/INFO-jard2-300x40.jpg 300w\" sizes=\"(max-width: 600px) 100vw, 600px\" \/><\/a><\/p>\n<p style=\"text-align: justify;\"><a href=\"http:\/\/www.montes.upm.es\/sfs\/E.T.S.I.%20Montes\/Sub.%20Investigacion%20y%20Postgrado\/Grupos%20Investigacion\/Ecologia%20y%20paisaje\/Archivos\/COMUNICACI%C3%93N_PARJAP_2009_Turc[1].pdf\" target=\"_blank\"><img decoding=\"async\" loading=\"lazy\" class=\"alignright  wp-image-1315\" style=\"border: 0px;\" alt=\"INFO-jard4\" src=\"http:\/\/www2.montes.upm.es\/ArboretoMontes\/wp-content\/uploads\/2014\/11\/INFO-jard4.jpg\" width=\"600\" height=\"80\" srcset=\"https:\/\/www2.montes.upm.es\/ArboretoMontes\/wp-content\/uploads\/2014\/11\/INFO-jard4.jpg 750w, https:\/\/www2.montes.upm.es\/ArboretoMontes\/wp-content\/uploads\/2014\/11\/INFO-jard4-300x40.jpg 300w\" sizes=\"(max-width: 600px) 100vw, 600px\" \/><\/a><\/p>\n<p style=\"text-align: justify;\"><span style=\"font-family: verdana, geneva; font-size: small; background-color: #ffffff;\">\u00a0<\/span><\/p>\n<p style=\"text-align: justify;\"><span style=\"font-family: 'book antiqua', palatino; font-size: medium;\"><br \/>\n<\/span><\/p>\n","protected":false},"excerpt":{"rendered":"<p>Un proyecto de intervenci\u00f3n en un jard\u00edn singular Las intervenciones en jardines hist\u00f3ricos resultan complejas\u00a0 pues es dif\u00edcil decidir hasta donde intervenir y de qu\u00e9 manera [&#8230;]<\/p>\n","protected":false},"author":1,"featured_media":0,"parent":0,"menu_order":0,"comment_status":"closed","ping_status":"closed","template":"nosidebar-page.php","meta":[],"_links":{"self":[{"href":"https:\/\/www2.montes.upm.es\/ArboretoMontes\/index.php\/wp-json\/wp\/v2\/pages\/1310"}],"collection":[{"href":"https:\/\/www2.montes.upm.es\/ArboretoMontes\/index.php\/wp-json\/wp\/v2\/pages"}],"about":[{"href":"https:\/\/www2.montes.upm.es\/ArboretoMontes\/index.php\/wp-json\/wp\/v2\/types\/page"}],"author":[{"embeddable":true,"href":"https:\/\/www2.montes.upm.es\/ArboretoMontes\/index.php\/wp-json\/wp\/v2\/users\/1"}],"replies":[{"embeddable":true,"href":"https:\/\/www2.montes.upm.es\/ArboretoMontes\/index.php\/wp-json\/wp\/v2\/comments?post=1310"}],"version-history":[{"count":23,"href":"https:\/\/www2.montes.upm.es\/ArboretoMontes\/index.php\/wp-json\/wp\/v2\/pages\/1310\/revisions"}],"predecessor-version":[{"id":1653,"href":"https:\/\/www2.montes.upm.es\/ArboretoMontes\/index.php\/wp-json\/wp\/v2\/pages\/1310\/revisions\/1653"}],"wp:attachment":[{"href":"https:\/\/www2.montes.upm.es\/ArboretoMontes\/index.php\/wp-json\/wp\/v2\/media?parent=1310"}],"curies":[{"name":"wp","href":"https:\/\/api.w.org\/{rel}","templated":true}]}}