{"id":1329,"date":"2014-11-25T18:36:32","date_gmt":"2014-11-25T17:36:32","guid":{"rendered":"http:\/\/www2.montes.upm.es\/ArboretoMontes\/?page_id=1329"},"modified":"2015-01-12T19:52:52","modified_gmt":"2015-01-12T18:52:52","slug":"cultivos-energeticos-y-biomasa","status":"publish","type":"page","link":"https:\/\/www2.montes.upm.es\/ArboretoMontes\/index.php\/cultivos-energeticos-y-biomasa\/","title":{"rendered":"Cultivos energ\u00e9ticos y biomasa"},"content":{"rendered":"<p style=\"text-align: justify;\"><img decoding=\"async\" loading=\"lazy\" class=\"aligncenter size-full wp-image-1330\" alt=\"Cabez-BIOMASA\" src=\"http:\/\/www2.montes.upm.es\/ArboretoMontes\/wp-content\/uploads\/2014\/11\/Cabez-BIOMASA.jpg\" width=\"1000\" height=\"204\" srcset=\"https:\/\/www2.montes.upm.es\/ArboretoMontes\/wp-content\/uploads\/2014\/11\/Cabez-BIOMASA.jpg 1000w, https:\/\/www2.montes.upm.es\/ArboretoMontes\/wp-content\/uploads\/2014\/11\/Cabez-BIOMASA-300x61.jpg 300w\" sizes=\"(max-width: 1000px) 100vw, 1000px\" \/><\/p>\n<p style=\"text-align: justify;\"><span style=\"font-size: large; color: #7b9353;\"><strong><span style=\"font-family: verdana, geneva;\">Biomasa y cultivos energ\u00e9ticos, parcelas experimentales en el Arboreto<\/span><\/strong><\/span><\/p>\n<figure id=\"attachment_1338\" aria-describedby=\"caption-attachment-1338\" style=\"width: 356px\" class=\"wp-caption alignright\"><img decoding=\"async\" loading=\"lazy\" class=\" wp-image-1338   \" style=\"border: 0px;\" alt=\"Bomba calorim\u00e9trica (IKA C400) usada para el ensayo de poderes calor\u00edficos en el Laboratorio. Foto: Francisco Marcos\" src=\"http:\/\/www2.montes.upm.es\/ArboretoMontes\/wp-content\/uploads\/2014\/11\/biomas1.jpg\" width=\"356\" height=\"290\" srcset=\"https:\/\/www2.montes.upm.es\/ArboretoMontes\/wp-content\/uploads\/2014\/11\/biomas1.jpg 600w, https:\/\/www2.montes.upm.es\/ArboretoMontes\/wp-content\/uploads\/2014\/11\/biomas1-300x244.jpg 300w\" sizes=\"(max-width: 356px) 100vw, 356px\" \/><figcaption id=\"caption-attachment-1338\" class=\"wp-caption-text\"><em><span style=\"font-family: verdana, geneva; font-size: x-small; color: #888888;\">Bomba calorim\u00e9trica (IKA C400) usada para el ensayo de poderes calor\u00edficos en el Laboratorio. Foto: Francisco Marcos<\/span><\/em><\/figcaption><\/figure>\n<p style=\"text-align: justify;\"><span style=\"font-family: verdana, geneva; font-size: small;\">Las nuevas pol\u00edticas energ\u00e9ticas plantean el fomento del ahorro y uso eficiente de la energ\u00eda junto al desarrollo de fuentes de energ\u00eda limpia y aut\u00f3ctona. En este sentido, la biomasa presenta un gran potencial por su car\u00e1cter renovable, porque proporciona independencia energ\u00e9tica del exterior y adem\u00e1s contribuye al desarrollo de las \u00e1reas rurales. Por todo ello, desde hace a\u00f1os en el Laboratorio de la U.D. Termodin\u00e1mica y Motores de la E.T.S de Ingenieros de Montes, Forestal y del Medio Natural (UPM) se han venido desarrollando diferentes proyectos y tesis doctorales relacionados con la utilizaci\u00f3n de biomasa como fuente energ\u00e9tica.<\/span><\/p>\n<p style=\"text-align: justify;\"><span style=\"font-family: verdana, geneva; font-size: small;\">Una de las l\u00edneas de trabajo se ha centrado en la caracterizaci\u00f3n energ\u00e9tica de biomasa s\u00f3lida. As\u00ed se ha determinado el poder calor\u00edfico de las especies de Pinus y Quercus, y se ha caracterizado la combustibilidad e inflamabilidad de distintas especies arb\u00f3reas y arbustivas de la pen\u00ednsula.\u00a0<\/span><\/p>\n<figure id=\"attachment_1340\" aria-describedby=\"caption-attachment-1340\" style=\"width: 200px\" class=\"wp-caption alignleft\"><img decoding=\"async\" loading=\"lazy\" class=\" wp-image-1340      \" style=\"border: 0px;\" alt=\"Muestras procedentes de cultivos de chopo, de cuyo estudio se desarroll\u00f3 una tesis doctoral.\" src=\"http:\/\/www2.montes.upm.es\/ArboretoMontes\/wp-content\/uploads\/2014\/11\/biomas5.jpg\" width=\"200\" height=\"300\" \/><figcaption id=\"caption-attachment-1340\" class=\"wp-caption-text\"><span style=\"color: #888888; font-size: x-small; font-family: verdana, geneva;\"><em>Muestras procedentes de cultivos de chopo, de cuyo estudio se desarroll\u00f3 una tesis doctoral.<\/em><\/span><\/figcaption><\/figure>\n<p style=\"text-align: justify;\"><span style=\"font-family: verdana, geneva; font-size: small;\">\u00a0<\/span><\/p>\n<dl class=\"wp-caption alignright\" id=\"attachment_1342\" style=\"width: 625px;\">\n<dd class=\"wp-caption-dd\"><span style=\"color: #888888; font-size: small; font-family: verdana, geneva;\"><img decoding=\"async\" loading=\"lazy\" class=\"wp-image-1342   \" style=\"border: 0px;\" alt=\"En el Arboreto existe una parcela con cultivos de dos clones de chopo: Populus x euroamericana  I-214 y Viriato (procedentes del Vivero Forestal de la Consejer\u00eda de Medio Ambiente de la Junta de Castilla y Le\u00f3n en Cabrerizos, Salamanca \/ cultivos en la provincia de Valladolid). Adem\u00e1s, hay dos clones de paulownia: Paulownia tomentosa y Paulownia elongata x  fortunei (donaciones de la empresa Cotevisa). Foto: M. In\u00e9s Izquierdo\" src=\"http:\/\/www2.montes.upm.es\/ArboretoMontes\/wp-content\/uploads\/2014\/11\/biomas2-1024x489.jpg\" width=\"615\" height=\"293\" srcset=\"https:\/\/www2.montes.upm.es\/ArboretoMontes\/wp-content\/uploads\/2014\/11\/biomas2-1024x489.jpg 1024w, https:\/\/www2.montes.upm.es\/ArboretoMontes\/wp-content\/uploads\/2014\/11\/biomas2-300x143.jpg 300w, https:\/\/www2.montes.upm.es\/ArboretoMontes\/wp-content\/uploads\/2014\/11\/biomas2.jpg 1198w\" sizes=\"(max-width: 615px) 100vw, 615px\" \/><span style=\"font-size: x-small;\"><em>En el Arboreto existen cultivos de dos clones de chopo: Populus x euroamericana I-214 y Viriato (procedentes del Vivero Forestal de la Consejer\u00eda de Medio Ambiente de la Junta de Castilla y Le\u00f3n en Cabrerizos, Salamanca \/ cultivos en la provincia de Valladolid). Adem\u00e1s, hay dos clones de paulownia: Paulownia tomentosa y Paulownia elongata x fortunei (donaciones de la empresa Cotevisa). Foto: M. In\u00e9s Izquierdo<\/em><\/span><\/span><\/dd>\n<\/dl>\n<p>&nbsp;<\/p>\n<p>&nbsp;<\/p>\n<p>&nbsp;<\/p>\n<p>&nbsp;<\/p>\n<p>&nbsp;<\/p>\n<p>&nbsp;<\/p>\n<p>&nbsp;<\/p>\n<p>&nbsp;<\/p>\n<p><img decoding=\"async\" loading=\"lazy\" class=\"wp-image-1507 alignleft\" style=\"border: 1px solid black;\" alt=\"IMGP2029\" src=\"http:\/\/www2.montes.upm.es\/ArboretoMontes\/wp-content\/uploads\/2014\/11\/IMGP2029.jpg\" width=\"411\" height=\"312\" \/><\/p>\n<p style=\"text-align: justify;\"><span style=\"font-family: verdana, geneva; font-size: small;\">Otra l\u00ednea de investigaci\u00f3n trata los de cultivos energ\u00e9ticos le\u00f1osos como fuentes de biomasa. Los cultivos energ\u00e9ticos le\u00f1osos son plantaciones con diferentes especies forestales a muy alta densidad, con turnos muy cortos y alta productividad. En la U.D. Termodin\u00e1mica y Motores se ha trabajado fundamentalmente con diferentes clones de chopo y paulownia. Adem\u00e1s, se han desarrollado varios proyectos de ordenaci\u00f3n energ\u00e9tica en diferentes plantaciones de eucalipto de Badajoz.<\/span><\/p>\n<p style=\"text-align: justify;\"><span style=\"font-family: verdana, geneva; font-size: small;\">En el Arboreto de la Escuela T\u00e9cnica Superior de Ingenieros de Montes existe una parcela dedicada a cultivos energ\u00e9ticos le\u00f1osos.\u00a0<\/span><span style=\"font-family: verdana, geneva; font-size: small;\">Se plantaron chopos y paulownias fundamentalmente con fines docentes, lo que ha permitido a muchos alumnos y visitantes conocer in situ que es un cultivo energ\u00e9tico forestal, con un manejo de selvicultura intensiva y muy altas densidades de plantaci\u00f3n.<\/span><\/p>\n<p style=\"text-align: justify;\"><span style=\"font-family: verdana, geneva; font-size: small;\">Adem\u00e1s se est\u00e1 realizando un seguimiento de los crecimientos de la plantaci\u00f3n, peri\u00f3dicamente se mide el crecimiento en altura y en di\u00e1metro de los \u00e1rboles para diferentes densidades y se registra la forma que adoptan los pies con el paso de los a\u00f1os. <\/span><\/p>\n<p style=\"text-align: justify;\"><span style=\"font-family: verdana, geneva; font-size: small;\">El tiempo ha mostrado que los chopos cultivados a muy altas densidades, consiguen significativos crecimientos tanto en altura (algunos pies presentan m\u00e1s de 9 metros de altura en dos a\u00f1os), como en producci\u00f3n de biomasa. En cuanto a las paulownias, se confirma que no soportan bien los encharcamientos y las heladas. Si bien, \u00e9stos no llegan a matar a la planta, \u00e9sta rebrota tard\u00edamente y disminuye mucho su crecimiento.<\/span><\/p>\n<figure id=\"attachment_1346\" aria-describedby=\"caption-attachment-1346\" style=\"width: 1000px\" class=\"wp-caption aligncenter\"><img decoding=\"async\" loading=\"lazy\" class=\"size-full wp-image-1346 \" style=\"border: 0px;\" alt=\"El Laboratorio se dedica fundamentalmente a la caracterizaci\u00f3n de biocombustibles, sobre todo le\u00f1osos. Corte de madera de paulownia y distintos tipos de pelets. Fotos: Alicia L\u00f3pez\" src=\"http:\/\/www2.montes.upm.es\/ArboretoMontes\/wp-content\/uploads\/2014\/11\/biomas41.jpg\" width=\"1000\" height=\"220\" srcset=\"https:\/\/www2.montes.upm.es\/ArboretoMontes\/wp-content\/uploads\/2014\/11\/biomas41.jpg 1000w, https:\/\/www2.montes.upm.es\/ArboretoMontes\/wp-content\/uploads\/2014\/11\/biomas41-300x66.jpg 300w\" sizes=\"(max-width: 1000px) 100vw, 1000px\" \/><figcaption id=\"caption-attachment-1346\" class=\"wp-caption-text\"><span style=\"color: #888888; font-size: x-small; font-family: verdana, geneva;\"><em>El Laboratorio se dedica fundamentalmente a la caracterizaci\u00f3n de biocombustibles, sobre todo le\u00f1osos. Corte de madera de paulownia y \u00a0tipos de pelets. Fotos: Alicia L\u00f3pez<\/em><\/span><\/figcaption><\/figure>\n<p style=\"text-align: center;\"><a href=\"http:\/\/www2.montes.upm.es\/ArboretoMontes\/wp-content\/uploads\/2014\/11\/DSC_0362.jpg\"><img decoding=\"async\" loading=\"lazy\" class=\"aligncenter  wp-image-1543\" alt=\"DSC_0362\" src=\"http:\/\/www2.montes.upm.es\/ArboretoMontes\/wp-content\/uploads\/2014\/11\/DSC_0362.jpg\" width=\"2255\" height=\"529\" srcset=\"https:\/\/www2.montes.upm.es\/ArboretoMontes\/wp-content\/uploads\/2014\/11\/DSC_0362.jpg 3759w, https:\/\/www2.montes.upm.es\/ArboretoMontes\/wp-content\/uploads\/2014\/11\/DSC_0362-300x70.jpg 300w, https:\/\/www2.montes.upm.es\/ArboretoMontes\/wp-content\/uploads\/2014\/11\/DSC_0362-1024x240.jpg 1024w\" sizes=\"(max-width: 2255px) 100vw, 2255px\" \/><\/a><span style=\"font-family: verdana, geneva; font-size: x-small; color: #888888;\"><span style=\"line-height: 1.5em;\">Se cuenta con una extensa colecci\u00f3n de muestras de biocombustibles s\u00f3lidos, en torno a 200 muestras de biocombustibles de tipo herb\u00e1ceo y le\u00f1oso<\/span><em>. Fotos: Alicia L\u00f3pez<\/em><\/span><\/p>\n<p style=\"text-align: justify;\"><a href=\"http:\/\/www.energias-renovables.com\/videos-videos-12-V%C3%ADdeos?idVideo=36\" target=\"_blank\"><img decoding=\"async\" loading=\"lazy\" class=\"alignright  wp-image-1335\" style=\"border: 0px;\" alt=\"INFO-biom1\" src=\"http:\/\/www2.montes.upm.es\/ArboretoMontes\/wp-content\/uploads\/2014\/11\/INFO-biom1.jpg\" width=\"600\" height=\"80\" srcset=\"https:\/\/www2.montes.upm.es\/ArboretoMontes\/wp-content\/uploads\/2014\/11\/INFO-biom1.jpg 750w, https:\/\/www2.montes.upm.es\/ArboretoMontes\/wp-content\/uploads\/2014\/11\/INFO-biom1-300x40.jpg 300w\" sizes=\"(max-width: 600px) 100vw, 600px\" \/><\/a><\/p>\n<p style=\"text-align: justify;\"><a href=\"http:\/\/audiovisuales.upm.es\/flash\/?src=1314\/montes\/20140715montes2\" target=\"_blank\"><img decoding=\"async\" loading=\"lazy\" class=\"alignright  wp-image-1334\" style=\"border: 0px;\" alt=\"INFO-biom2\" src=\"http:\/\/www2.montes.upm.es\/ArboretoMontes\/wp-content\/uploads\/2014\/11\/INFO-biom2.jpg\" width=\"600\" height=\"80\" srcset=\"https:\/\/www2.montes.upm.es\/ArboretoMontes\/wp-content\/uploads\/2014\/11\/INFO-biom2.jpg 750w, https:\/\/www2.montes.upm.es\/ArboretoMontes\/wp-content\/uploads\/2014\/11\/INFO-biom2-300x40.jpg 300w\" sizes=\"(max-width: 600px) 100vw, 600px\" \/><\/a><\/p>\n<p style=\"text-align: justify;\"><a href=\"http:\/\/audiovisuales.upm.es\/flash\/?src=1314\/montes\/20140715montes\" target=\"_blank\"><img decoding=\"async\" loading=\"lazy\" class=\"alignright  wp-image-1332\" style=\"border: 0px;\" alt=\"INFO-biom3\" src=\"http:\/\/www2.montes.upm.es\/ArboretoMontes\/wp-content\/uploads\/2014\/11\/INFO-biom3.jpg\" width=\"600\" height=\"80\" srcset=\"https:\/\/www2.montes.upm.es\/ArboretoMontes\/wp-content\/uploads\/2014\/11\/INFO-biom3.jpg 750w, https:\/\/www2.montes.upm.es\/ArboretoMontes\/wp-content\/uploads\/2014\/11\/INFO-biom3-300x40.jpg 300w\" sizes=\"(max-width: 600px) 100vw, 600px\" \/><\/a><\/p>\n","protected":false},"excerpt":{"rendered":"<p>Biomasa y cultivos energ\u00e9ticos, parcelas experimentales en el Arboreto Las nuevas pol\u00edticas energ\u00e9ticas plantean el fomento del ahorro y uso eficiente de la energ\u00eda junto al [&#8230;]<\/p>\n","protected":false},"author":1,"featured_media":0,"parent":0,"menu_order":0,"comment_status":"closed","ping_status":"closed","template":"nosidebar-page.php","meta":[],"_links":{"self":[{"href":"https:\/\/www2.montes.upm.es\/ArboretoMontes\/index.php\/wp-json\/wp\/v2\/pages\/1329"}],"collection":[{"href":"https:\/\/www2.montes.upm.es\/ArboretoMontes\/index.php\/wp-json\/wp\/v2\/pages"}],"about":[{"href":"https:\/\/www2.montes.upm.es\/ArboretoMontes\/index.php\/wp-json\/wp\/v2\/types\/page"}],"author":[{"embeddable":true,"href":"https:\/\/www2.montes.upm.es\/ArboretoMontes\/index.php\/wp-json\/wp\/v2\/users\/1"}],"replies":[{"embeddable":true,"href":"https:\/\/www2.montes.upm.es\/ArboretoMontes\/index.php\/wp-json\/wp\/v2\/comments?post=1329"}],"version-history":[{"count":80,"href":"https:\/\/www2.montes.upm.es\/ArboretoMontes\/index.php\/wp-json\/wp\/v2\/pages\/1329\/revisions"}],"predecessor-version":[{"id":1642,"href":"https:\/\/www2.montes.upm.es\/ArboretoMontes\/index.php\/wp-json\/wp\/v2\/pages\/1329\/revisions\/1642"}],"wp:attachment":[{"href":"https:\/\/www2.montes.upm.es\/ArboretoMontes\/index.php\/wp-json\/wp\/v2\/media?parent=1329"}],"curies":[{"name":"wp","href":"https:\/\/api.w.org\/{rel}","templated":true}]}}