{"id":1711,"date":"2015-03-17T11:41:17","date_gmt":"2015-03-17T10:41:17","guid":{"rendered":"http:\/\/www2.montes.upm.es\/ArboretoMontes\/?page_id=1711"},"modified":"2015-03-17T12:12:35","modified_gmt":"2015-03-17T11:12:35","slug":"el-congreso-forestal-mundial-2","status":"publish","type":"page","link":"https:\/\/www2.montes.upm.es\/ArboretoMontes\/index.php\/el-congreso-forestal-mundial-2\/","title":{"rendered":"EL CONGRESO FORESTAL MUNDIAL"},"content":{"rendered":"<p><a style=\"text-align: justify;\" href=\"http:\/\/www2.montes.upm.es\/ArboretoMontes\/wp-content\/uploads\/2014\/10\/Cabez-HIST-CONGRESO.jpg\"><img decoding=\"async\" loading=\"lazy\" class=\"aligncenter size-full wp-image-856\" alt=\"Cabez-HIST-CONGRESO\" src=\"http:\/\/www2.montes.upm.es\/ArboretoMontes\/wp-content\/uploads\/2014\/10\/Cabez-HIST-CONGRESO.jpg\" width=\"1000\" height=\"204\" srcset=\"https:\/\/www2.montes.upm.es\/ArboretoMontes\/wp-content\/uploads\/2014\/10\/Cabez-HIST-CONGRESO.jpg 1000w, https:\/\/www2.montes.upm.es\/ArboretoMontes\/wp-content\/uploads\/2014\/10\/Cabez-HIST-CONGRESO-300x61.jpg 300w\" sizes=\"(max-width: 1000px) 100vw, 1000px\" \/><\/a><\/p>\n<p>&nbsp;<\/p>\n<p><a href=\"http:\/\/www2.montes.upm.es\/ArboretoMontes\/wp-content\/uploads\/2014\/10\/img2-CongresoHIST.png\"><img decoding=\"async\" loading=\"lazy\" class=\"wp-image-948 alignright\" alt=\"img2-CongresoHIST\" src=\"http:\/\/www2.montes.upm.es\/ArboretoMontes\/wp-content\/uploads\/2014\/10\/img2-CongresoHIST.png\" width=\"352\" height=\"1084\" \/><\/a><\/p>\n<p><span style=\"font-family: verdana, geneva; font-size: small;\">La peque\u00f1a masa de pinos pi\u00f1oneros (<em>Pinus pinea<\/em>) en la entrada del Arboreto fue plantada con motivo de la celebraci\u00f3n del VI Congreso Forestal Mundial, que tuvo lugar en la Escuela en junio de 1966. El Ministerio de Agricultura junto con la FAO desarrollaron esta reuni\u00f3n, a la que asistieron m\u00e1s de 2.800 forestales de 93 pa\u00edses diferentes.<\/span><\/p>\n<p><span style=\"line-height: 1.5em; font-family: verdana, geneva; font-size: small;\">Para conmemorar el evento, todos los pa\u00edses asistentes fueron invitados a plantar un ejemplar de pino para formar un peque\u00f1o bosquete. \u00a0Con el paso del tiempo, la masa\u00a0<\/span><\/p>\n<p><span style=\"line-height: 1.5em; font-family: verdana, geneva; font-size: small;\">fue cerrando el dosel de copas, lo que permiti\u00f3 a las encinas (Quercus ilex) regenerarse debajo. La evoluci\u00f3n tiende a una masa mixta de encinar-alcornocal con pinos pi\u00f1oneros.<\/span><\/p>\n<p><span style=\"line-height: 1.5em; font-family: verdana, geneva; font-size: small;\">Igualmente, en la Escuela se inaugur\u00f3 la escultura del eje card\u00e1nico, que por entonces se ubic\u00f3 en un lateral de la lonja. En esa zona,\u00a0 en la plataforma de la entrada principal ahora est\u00e1 ocupada por un peque\u00f1o jard\u00edn que muestra algunas especies vegetales utilizadas en jardiner\u00eda.<\/span><\/p>\n<p><span style=\"line-height: 1.5em; font-family: verdana, geneva; font-size: small;\">Actualmente la gran escultura de madera se ubica en el hall de entrada. Representa un eje card\u00e1nico, un componente mec\u00e1nico que permite transmitir el movimiento de rotaci\u00f3n entre dos ejes. El eje simboliza pues el enlace entre la investigaci\u00f3n biol\u00f3gica y la investigaci\u00f3n t\u00e9cnica en las actividades forestales.<\/span><\/p>\n<p><span style=\"line-height: 1.5em; font-family: verdana, geneva; font-size: small;\">Hoy d\u00eda se celebran numeroso congresos para tratar los \u00faltimos avances en materia forestal. En Espa\u00f1a, cada dos a\u00f1os se celebra el Congreso Forestal Espa\u00f1ol, organizado por la <a href=\"http:\/\/www.secforestales.org\/\">Sociedad Espa\u00f1ola de Ciencia Forestales<\/a><\/span><\/p>\n<figure id=\"attachment_605\" aria-describedby=\"caption-attachment-605\" style=\"width: 469px\" class=\"wp-caption alignleft\"><a href=\"http:\/\/www2.montes.upm.es\/ArboretoMontes\/wp-content\/uploads\/2014\/10\/escultura-congreso.jpg\"><img decoding=\"async\" loading=\"lazy\" class=\"wp-image-605    \" alt=\"Anterior y actual ubicaci\u00f3n de la Escultura Conmemorativa del Congreso. Fuente: Memorias del ICONA (Fototeca Forestal Espa\u00f1ola DGB-INIA) \" src=\"http:\/\/www2.montes.upm.es\/ArboretoMontes\/wp-content\/uploads\/2014\/10\/escultura-congreso.jpg\" width=\"469\" height=\"316\" srcset=\"https:\/\/www2.montes.upm.es\/ArboretoMontes\/wp-content\/uploads\/2014\/10\/escultura-congreso.jpg 1197w, https:\/\/www2.montes.upm.es\/ArboretoMontes\/wp-content\/uploads\/2014\/10\/escultura-congreso-300x202.jpg 300w, https:\/\/www2.montes.upm.es\/ArboretoMontes\/wp-content\/uploads\/2014\/10\/escultura-congreso-1024x689.jpg 1024w\" sizes=\"(max-width: 469px) 100vw, 469px\" \/><\/a><figcaption id=\"caption-attachment-605\" class=\"wp-caption-text\"><span style=\"font-size: x-small;\">Anterior y actual ubicaci\u00f3n de la Escultura Conmemorativa del Congreso. Fuente: Memorias del ICONA (Fototeca Forestal Espa\u00f1ola DGB-INIA)<\/span><\/figcaption><\/figure>\n<p style=\"text-align: justify;\"><span style=\"font-family: verdana, geneva; font-size: small;\">\u00a0<\/span><\/p>\n<p style=\"text-align: justify;\">\n","protected":false},"excerpt":{"rendered":"<p>&nbsp; La peque\u00f1a masa de pinos pi\u00f1oneros (Pinus pinea) en la entrada del Arboreto fue plantada con motivo de la celebraci\u00f3n del VI Congreso Forestal Mundial, [&#8230;]<\/p>\n","protected":false},"author":1,"featured_media":0,"parent":0,"menu_order":0,"comment_status":"closed","ping_status":"closed","template":"nosidebar-page.php","meta":[],"_links":{"self":[{"href":"https:\/\/www2.montes.upm.es\/ArboretoMontes\/index.php\/wp-json\/wp\/v2\/pages\/1711"}],"collection":[{"href":"https:\/\/www2.montes.upm.es\/ArboretoMontes\/index.php\/wp-json\/wp\/v2\/pages"}],"about":[{"href":"https:\/\/www2.montes.upm.es\/ArboretoMontes\/index.php\/wp-json\/wp\/v2\/types\/page"}],"author":[{"embeddable":true,"href":"https:\/\/www2.montes.upm.es\/ArboretoMontes\/index.php\/wp-json\/wp\/v2\/users\/1"}],"replies":[{"embeddable":true,"href":"https:\/\/www2.montes.upm.es\/ArboretoMontes\/index.php\/wp-json\/wp\/v2\/comments?post=1711"}],"version-history":[{"count":14,"href":"https:\/\/www2.montes.upm.es\/ArboretoMontes\/index.php\/wp-json\/wp\/v2\/pages\/1711\/revisions"}],"predecessor-version":[{"id":1727,"href":"https:\/\/www2.montes.upm.es\/ArboretoMontes\/index.php\/wp-json\/wp\/v2\/pages\/1711\/revisions\/1727"}],"wp:attachment":[{"href":"https:\/\/www2.montes.upm.es\/ArboretoMontes\/index.php\/wp-json\/wp\/v2\/media?parent=1711"}],"curies":[{"name":"wp","href":"https:\/\/api.w.org\/{rel}","templated":true}]}}