{"id":23,"date":"2014-02-20T12:40:31","date_gmt":"2014-02-20T12:40:31","guid":{"rendered":"http:\/\/www2.montes.upm.es\/ArboretoMontes\/?page_id=23"},"modified":"2023-09-10T13:09:00","modified_gmt":"2023-09-10T12:09:00","slug":"acerca-de","status":"publish","type":"page","link":"https:\/\/www2.montes.upm.es\/ArboretoMontes\/index.php\/acerca-de\/","title":{"rendered":"Origen e historia del arboreto"},"content":{"rendered":"\n<div class=\"wp-block-media-text alignwide has-media-on-the-right is-stacked-on-mobile\" style=\"grid-template-columns:auto 38%\"><div class=\"wp-block-media-text__content\">\n<p>Fue en el proyecto del arquitecto D. Luis de Villanueva y D. Pedro Bidagor, despu\u00e9s de haber terminado el edificio principal, donde se establece la necesidad de completar las instalaciones con una serie de servicios complementarios: &#8220;construir algunos pabellones nuevos y, sobre todo, rodearlo del ambiente apropiado mediante la creaci\u00f3n de un parque forestal que constituya el verdadero laboratorio de la Escuela&#8221;.<\/p>\n<\/div><figure class=\"wp-block-media-text__media\"><img decoding=\"async\" loading=\"lazy\" width=\"530\" height=\"366\" src=\"http:\/\/www2.montes.upm.es\/ArboretoMontes\/wp-content\/uploads\/2014\/02\/V-0877.jpg\" alt=\"\" class=\"wp-image-135 size-full\" srcset=\"https:\/\/www2.montes.upm.es\/ArboretoMontes\/wp-content\/uploads\/2014\/02\/V-0877.jpg 530w, https:\/\/www2.montes.upm.es\/ArboretoMontes\/wp-content\/uploads\/2014\/02\/V-0877-300x207.jpg 300w\" sizes=\"(max-width: 530px) 100vw, 530px\" \/><\/figure><\/div>\n\n\n\n<hr class=\"wp-block-separator has-alpha-channel-opacity\"\/>\n\n\n\n<div class=\"wp-block-media-text alignwide is-stacked-on-mobile\" style=\"grid-template-columns:42% auto\"><figure class=\"wp-block-media-text__media\"><img decoding=\"async\" loading=\"lazy\" width=\"1024\" height=\"680\" src=\"http:\/\/www2.montes.upm.es\/ArboretoMontes\/wp-content\/uploads\/2014\/02\/Escuela-de-Montes-UPM-1954-1024x680.jpg\" alt=\"\" class=\"wp-image-1440 size-full\" srcset=\"https:\/\/www2.montes.upm.es\/ArboretoMontes\/wp-content\/uploads\/2014\/02\/Escuela-de-Montes-UPM-1954-1024x680.jpg 1024w, https:\/\/www2.montes.upm.es\/ArboretoMontes\/wp-content\/uploads\/2014\/02\/Escuela-de-Montes-UPM-1954-300x199.jpg 300w, https:\/\/www2.montes.upm.es\/ArboretoMontes\/wp-content\/uploads\/2014\/02\/Escuela-de-Montes-UPM-1954.jpg 1058w\" sizes=\"(max-width: 1024px) 100vw, 1024px\" \/><\/figure><div class=\"wp-block-media-text__content\">\n<p>Sin embargo corri\u00f3 a cargo de D. Luis Ceballos y Fern\u00e1ndez de C\u00f3rdoba, profesor de Bot\u00e1nica y Geograf\u00eda Bot\u00e1nica de la escuela, dise\u00f1ar en 1941, no s\u00f3lo el arboreto sino tambi\u00e9n todos los jardines de la Ciudad Universitaria.<\/p>\n<\/div><\/div>\n\n\n\n<hr class=\"wp-block-separator has-alpha-channel-opacity\"\/>\n\n\n\n<div class=\"wp-block-media-text alignwide has-media-on-the-right is-stacked-on-mobile\" style=\"grid-template-columns:auto 41%\"><div class=\"wp-block-media-text__content\">\n<p>Este espacio ajardinado cumpl\u00eda una doble misi\u00f3n: por un lado contribuy\u00f3 a la regeneraci\u00f3n forestal de la Ciudad Universitaria, seriamente da\u00f1ada durante la Guerra Civil, y por otra permit\u00eda acercar, a los alumnos de la Escuela de Montes, las especies vegetales de inter\u00e9s forestal.<\/p>\n<\/div><figure class=\"wp-block-media-text__media\"><img decoding=\"async\" loading=\"lazy\" width=\"500\" height=\"327\" src=\"http:\/\/www2.montes.upm.es\/ArboretoMontes\/wp-content\/uploads\/2014\/02\/Axonometria_ORIGINAL_1935.jpg\" alt=\"\" class=\"wp-image-1443 size-full\" srcset=\"https:\/\/www2.montes.upm.es\/ArboretoMontes\/wp-content\/uploads\/2014\/02\/Axonometria_ORIGINAL_1935.jpg 500w, https:\/\/www2.montes.upm.es\/ArboretoMontes\/wp-content\/uploads\/2014\/02\/Axonometria_ORIGINAL_1935-300x196.jpg 300w\" sizes=\"(max-width: 500px) 100vw, 500px\" \/><\/figure><\/div>\n\n\n\n<hr class=\"wp-block-separator has-alpha-channel-opacity\"\/>\n\n\n\n<p class=\"has-text-align-center\">El Arboreto presenta tres espacios claramente diferenciados: una primera zona de car\u00e1cter boscoso transitable a trav\u00e9s de sendas, una segunda con un ajardinamiento cl\u00e1sico, en torno al edifico principal de la Escuela y una tercera, destinada a la aclimataci\u00f3n y cultivo.\u00a0Hoy en d\u00eda aloja unas 400 especies de plantas vasculares; n\u00famero que se va incrementando a\u00f1o tras a\u00f1o por las aportaciones de diferentes entidades, constituyendo uno de los arboretos m\u00e1s importantes de Madrid.<\/p>\n\n\n\n<figure class=\"is-layout-flex wp-block-gallery-1 wp-block-gallery has-nested-images columns-default is-cropped\">\n<figure class=\"wp-block-image size-large\"><a href=\"http:\/\/www2.montes.upm.es\/ArboretoMontes\/wp-content\/uploads\/2014\/02\/pergola_otogno.jpg\"><img decoding=\"async\" loading=\"lazy\" width=\"1024\" height=\"687\" data-id=\"1407\"  src=\"http:\/\/www2.montes.upm.es\/ArboretoMontes\/wp-content\/uploads\/2014\/02\/pergola_otogno-1024x687.jpg\" alt=\"\" class=\"wp-image-1407\" srcset=\"https:\/\/www2.montes.upm.es\/ArboretoMontes\/wp-content\/uploads\/2014\/02\/pergola_otogno-1024x687.jpg 1024w, https:\/\/www2.montes.upm.es\/ArboretoMontes\/wp-content\/uploads\/2014\/02\/pergola_otogno-300x201.jpg 300w\" sizes=\"(max-width: 1024px) 100vw, 1024px\" \/><\/a><\/figure>\n\n\n\n<figure class=\"wp-block-image size-large\"><a href=\"http:\/\/www2.montes.upm.es\/ArboretoMontes\/wp-content\/uploads\/2014\/02\/arboreto_upm-11.bmp\"><img decoding=\"async\" data-id=\"1442\"  src=\"http:\/\/www2.montes.upm.es\/ArboretoMontes\/wp-content\/uploads\/2014\/02\/arboreto_upm-11.bmp\" alt=\"\" class=\"wp-image-1442\"\/><\/a><\/figure>\n<\/figure>\n\n\n\n<figure class=\"wp-block-image alignwide\"><a href=\"http:\/\/www2.montes.upm.es\/ArboretoMontes\/wp-content\/uploads\/2014\/02\/hiedra_apaisada.jpg\"><img decoding=\"async\" loading=\"lazy\" width=\"1024\" height=\"311\" src=\"http:\/\/www2.montes.upm.es\/ArboretoMontes\/wp-content\/uploads\/2014\/02\/hiedra_apaisada.jpg\" alt=\"hiedra_apaisada\" class=\"wp-image-1479\" srcset=\"https:\/\/www2.montes.upm.es\/ArboretoMontes\/wp-content\/uploads\/2014\/02\/hiedra_apaisada.jpg 1024w, https:\/\/www2.montes.upm.es\/ArboretoMontes\/wp-content\/uploads\/2014\/02\/hiedra_apaisada-300x91.jpg 300w\" sizes=\"(max-width: 1024px) 100vw, 1024px\" \/><\/a><\/figure>\n\n\n\n<p><span style=\"color: #ffffff; font-family: verdana, geneva;\">montes &nbsp;&nbsp;<\/span><\/p>\n","protected":false},"excerpt":{"rendered":"<p>Fue en el proyecto del arquitecto D. Luis de Villanueva y D. Pedro Bidagor, despu\u00e9s de haber terminado el edificio principal, donde se establece la necesidad [&#8230;]<\/p>\n","protected":false},"author":1,"featured_media":0,"parent":0,"menu_order":0,"comment_status":"closed","ping_status":"closed","template":"","meta":[],"_links":{"self":[{"href":"https:\/\/www2.montes.upm.es\/ArboretoMontes\/index.php\/wp-json\/wp\/v2\/pages\/23"}],"collection":[{"href":"https:\/\/www2.montes.upm.es\/ArboretoMontes\/index.php\/wp-json\/wp\/v2\/pages"}],"about":[{"href":"https:\/\/www2.montes.upm.es\/ArboretoMontes\/index.php\/wp-json\/wp\/v2\/types\/page"}],"author":[{"embeddable":true,"href":"https:\/\/www2.montes.upm.es\/ArboretoMontes\/index.php\/wp-json\/wp\/v2\/users\/1"}],"replies":[{"embeddable":true,"href":"https:\/\/www2.montes.upm.es\/ArboretoMontes\/index.php\/wp-json\/wp\/v2\/comments?post=23"}],"version-history":[{"count":82,"href":"https:\/\/www2.montes.upm.es\/ArboretoMontes\/index.php\/wp-json\/wp\/v2\/pages\/23\/revisions"}],"predecessor-version":[{"id":1950,"href":"https:\/\/www2.montes.upm.es\/ArboretoMontes\/index.php\/wp-json\/wp\/v2\/pages\/23\/revisions\/1950"}],"wp:attachment":[{"href":"https:\/\/www2.montes.upm.es\/ArboretoMontes\/index.php\/wp-json\/wp\/v2\/media?parent=23"}],"curies":[{"name":"wp","href":"https:\/\/api.w.org\/{rel}","templated":true}]}}