{"id":44,"date":"2014-02-21T13:09:05","date_gmt":"2014-02-21T12:09:05","guid":{"rendered":"http:\/\/www2.montes.upm.es\/ArboretoMontes\/?page_id=44"},"modified":"2023-10-06T11:30:05","modified_gmt":"2023-10-06T10:30:05","slug":"visita-virtual","status":"publish","type":"page","link":"https:\/\/www2.montes.upm.es\/ArboretoMontes\/index.php\/visita-virtual\/","title":{"rendered":"Visita virtual"},"content":{"rendered":"\n<p class=\"has-text-align-left\"><strong><span style=\"font-family: verdana, geneva; color: #888888; font-size: medium;\">Explore el arboreto y descubra la ciencia forestal <\/span><\/strong><\/p>\n\n\n\n<p class=\"has-text-align-left\"><span style=\"color: #339966;\"><strong><span style=\"font-family: verdana, geneva; font-size: medium;\">(s\u00f3lo accesible desde PC &#8211; Versi\u00f3n para tablets y smartphone en desarrollo)<\/span><\/strong><\/span><\/p>\n\n\n\n<p><span style=\"font-size: small; font-family: verdana, geneva;\">Visita virtual del Arboreto y las instalaciones y colecciones de la Escuela de Montes. Por medio de un conjunto de panor\u00e1micas interactivas de distintos puntos del Arboreto y salas del edificio, el visitante podr\u00e1 explorar el entorno y acceder a informaci\u00f3n sobre la ciencia-t\u00e9cnica forestal.<\/span><\/p>\n\n\n\n<p class=\"has-text-align-center\">&nbsp;<\/p>\n\n\n<div id='ggpkg_container_0_44' style='width:640px; height:800px; position: relative;'>\n<div style='width:100%; height:100%; overflow: hidden; position:relative; display:flex; justify-content:center; align-items:center;'>\n<img src='https:\/\/www2.montes.upm.es\/ArboretoMontes\/wp-content\/uploads\/2023\/09\/ARB360_2023\/preview.jpg' alt='' onclick='startPlayer_0_44();' style='min-width:100%; max-width: 10000px; min-height: 100%; max-height: 10000px; position: absolute;'>\n<img src='\/ArboretoMontes\/wp-content\/plugins\/garden-gnome-package\/include\/play.png' alt='' onclick='startPlayer_0_44();' style='width: 180px; height: 180px; z-index:10; display: block;'>\n<\/div>\n<\/div>\n<script type='text\/javascript' src='https:\/\/www2.montes.upm.es\/ArboretoMontes\/wp-content\/uploads\/2023\/09\/ARB360_2023\/pano2vr_player.js'><\/script>\n<script type='text\/javascript' src='https:\/\/www2.montes.upm.es\/ArboretoMontes\/wp-content\/uploads\/2023\/09\/ARB360_2023\/skin.js'><\/script>\n<script type='text\/javascript'>\nfunction startPlayer_0_44() {\nif  (typeof ARB360_2023_pano2vrPlayer != 'undefined') {\n\tpano_0_44=new ARB360_2023_pano2vrPlayer('ggpkg_container_0_44');\n} else {\n\tpano_0_44=new pano2vrPlayer('ggpkg_container_0_44');\n}\nif  (typeof ARB360_2023_pano2vrSkin != 'undefined') {\n\tskin_0_44=new ARB360_2023_pano2vrSkin(pano_0_44, 'https:\/\/www2.montes.upm.es\/ArboretoMontes\/wp-content\/uploads\/2023\/09\/ARB360_2023\/');\n} else {\n\tskin_0_44=new pano2vrSkin(pano_0_44, 'https:\/\/www2.montes.upm.es\/ArboretoMontes\/wp-content\/uploads\/2023\/09\/ARB360_2023\/');\n}\npano_0_44.readConfigUrlAsync('https:\/\/www2.montes.upm.es\/ArboretoMontes\/wp-content\/uploads\/2023\/09\/ARB360_2023\/pano.xml');\nvar contentOverflow = document.getElementById('content') ? document.getElementById('content').style.overflow : '';\npano_0_44.addListener('fullscreenenter', function() {\n\tif (document.getElementById('content')) {\n\t\tdocument.getElementById('content').style.overflow = 'visible';\n\t}\n});\npano_0_44.addListener('fullscreenexit', function() {\n\tif (document.getElementById('content')) {\n\t\tdocument.getElementById('content').style.overflow = contentOverflow;\n\t}\n});\n}\n<\/script>\n","protected":false},"excerpt":{"rendered":"<p>Explore el arboreto y descubra la ciencia forestal (s\u00f3lo accesible desde PC &#8211; Versi\u00f3n para tablets y smartphone en desarrollo) Visita virtual del Arboreto y las [&#8230;]<\/p>\n","protected":false},"author":1,"featured_media":0,"parent":0,"menu_order":1,"comment_status":"closed","ping_status":"closed","template":"","meta":[],"_links":{"self":[{"href":"https:\/\/www2.montes.upm.es\/ArboretoMontes\/index.php\/wp-json\/wp\/v2\/pages\/44"}],"collection":[{"href":"https:\/\/www2.montes.upm.es\/ArboretoMontes\/index.php\/wp-json\/wp\/v2\/pages"}],"about":[{"href":"https:\/\/www2.montes.upm.es\/ArboretoMontes\/index.php\/wp-json\/wp\/v2\/types\/page"}],"author":[{"embeddable":true,"href":"https:\/\/www2.montes.upm.es\/ArboretoMontes\/index.php\/wp-json\/wp\/v2\/users\/1"}],"replies":[{"embeddable":true,"href":"https:\/\/www2.montes.upm.es\/ArboretoMontes\/index.php\/wp-json\/wp\/v2\/comments?post=44"}],"version-history":[{"count":84,"href":"https:\/\/www2.montes.upm.es\/ArboretoMontes\/index.php\/wp-json\/wp\/v2\/pages\/44\/revisions"}],"predecessor-version":[{"id":1988,"href":"https:\/\/www2.montes.upm.es\/ArboretoMontes\/index.php\/wp-json\/wp\/v2\/pages\/44\/revisions\/1988"}],"wp:attachment":[{"href":"https:\/\/www2.montes.upm.es\/ArboretoMontes\/index.php\/wp-json\/wp\/v2\/media?parent=44"}],"curies":[{"name":"wp","href":"https:\/\/api.w.org\/{rel}","templated":true}]}}