{"id":501,"date":"2014-10-26T18:51:03","date_gmt":"2014-10-26T17:51:03","guid":{"rendered":"http:\/\/www2.montes.upm.es\/ArboretoMontes\/?page_id=501"},"modified":"2023-09-10T17:03:06","modified_gmt":"2023-09-10T16:03:06","slug":"estrategia-de-responsabilidad-social","status":"publish","type":"page","link":"https:\/\/www2.montes.upm.es\/ArboretoMontes\/index.php\/estrategia-de-responsabilidad-social\/","title":{"rendered":"Estrategia de Responsabilidad Social"},"content":{"rendered":"<p style=\"text-align: left;\"><span style=\"color: #7b9353; font-size: large; font-family: verdana, geneva;\"><strong><img decoding=\"async\" loading=\"lazy\" class=\"aligncenter size-full wp-image-1696\" style=\"border: 0px;\" src=\"http:\/\/www2.montes.upm.es\/ArboretoMontes\/wp-content\/uploads\/2014\/10\/Cabez-RSC_2.jpg\" alt=\"Cabez-RSC_2\" width=\"1000\" height=\"204\" srcset=\"https:\/\/www2.montes.upm.es\/ArboretoMontes\/wp-content\/uploads\/2014\/10\/Cabez-RSC_2.jpg 1000w, https:\/\/www2.montes.upm.es\/ArboretoMontes\/wp-content\/uploads\/2014\/10\/Cabez-RSC_2-300x61.jpg 300w\" sizes=\"(max-width: 1000px) 100vw, 1000px\" \/>Estrategia de Responsabilidad Social ETSI Montes, Forestal y del Medio Natural<\/strong><\/span><span style=\"color: #808000;\"><strong><span style=\"font-family: 'book antiqua', palatino; font-size: x-large;\"><br \/>\n<\/span><\/strong><\/span><\/p>\n<figure id=\"attachment_507\" aria-describedby=\"caption-attachment-507\" style=\"width: 462px\" class=\"wp-caption alignright\"><img decoding=\"async\" loading=\"lazy\" class=\" wp-image-507  \" src=\"http:\/\/www2.montes.upm.es\/ArboretoMontes\/wp-content\/uploads\/2014\/10\/inters-rsc.png\" alt=\"La E.T.S.I. de Montes ha calculado su Huella de Carbono\" width=\"462\" height=\"488\" srcset=\"https:\/\/www2.montes.upm.es\/ArboretoMontes\/wp-content\/uploads\/2014\/10\/inters-rsc.png 682w, https:\/\/www2.montes.upm.es\/ArboretoMontes\/wp-content\/uploads\/2014\/10\/inters-rsc-284x300.png 284w\" sizes=\"(max-width: 462px) 100vw, 462px\" \/><figcaption id=\"caption-attachment-507\" class=\"wp-caption-text\"><span style=\"font-family: verdana, geneva; font-size: x-small;\"><em><span style=\"color: #888888;\">La E.T.S.I. de Montes ha calculado su Huella de Carbono<\/span><\/em><\/span><\/figcaption><\/figure>\n<p><span style=\"font-family: verdana, geneva; font-size: small;\">RESPONSABLE; SOSTENIBLES Y UNIVERSITARIOS es un proyecto de desarrollo de una estrategia ligada al buen gobierno en la Escuela de Ingenieros de Montes.<\/span><\/p>\n<p><span style=\"font-family: verdana, geneva; font-size: small; line-height: 1.5em;\">No cabe duda de que la Escuela de Ingenieros de Montes, por ser una organizaci\u00f3n que ofrece un servicio de formaci\u00f3n e investigaci\u00f3n orientada al MEDIO AMBIENTE, tiene una RESPONSABILIDAD\u00a0y una influencia con el\u00a0ENTORNO.<\/span><\/p>\n<p><span style=\"font-family: verdana, geneva; font-size: small;\">Por ello, la Escuela est\u00e1 llevando a cabo acciones innovadoras para la mejora continua de su actividad, a trav\u00e9s de la:<\/span><\/p>\n<ul>\n<li><span style=\"font-family: verdana, geneva; line-height: 1.5em; font-size: small;\">Mejora de la Responsabilidad Social Corporativa (RSC)<\/span><\/li>\n<li><span style=\"font-family: verdana, geneva; font-size: small;\">Mejora de la comunicaci\u00f3n interna y externa<\/span><\/li>\n<li><span style=\"font-family: verdana, geneva; font-size: small;\">Promoci\u00f3n del uso eficiente de recursos<\/span><\/li>\n<li><span style=\"font-family: verdana, geneva; font-size: small;\">Creaci\u00f3n de entornos acad\u00e9micos, cient\u00edficos, emprendedores e innovadores que propicien la calidad, la excelencia y la competitividad.<\/span><\/li>\n<\/ul>\n<p><span style=\"font-family: verdana, geneva; font-size: small; line-height: 1.5em;\">As\u00ed, se han llevado a cabo trabajos para la reducci\u00f3n de la Huella de Carbono, encuestas para la detecci\u00f3n de intereses de la comunidad, documentos de buenas pr\u00e1cticas, acciones de sensibilizaci\u00f3n y divulgaci\u00f3n, nuevos entornos para la formaci\u00f3n\u2026 y todo ello promoviendo la participaci\u00f3n activa de los grupos que forman la comunidad.<\/span><\/p>\n<p><strong style=\"color: #7b9353; font-family: verdana, geneva; font-size: small; text-align: justify; line-height: 1.5em;\"><span style=\"line-height: 1.5em;\"><span style=\"line-height: 1.5em;\">Por medio de una encuesta, se detectan los intereses de la comunidad y se abre la puerta a la participaci\u00f3n<\/span><\/span><\/strong><\/p>\n<p><span style=\"font-family: 'book antiqua', palatino; font-size: medium;\">[ezcol_1third]<\/span><\/p>\n<figure id=\"attachment_508\" aria-describedby=\"caption-attachment-508\" style=\"width: 300px\" class=\"wp-caption alignleft\"><a href=\"http:\/\/www.ecodes.org\/carbonpedia\/\" target=\"_blank\" rel=\"noopener\"><img decoding=\"async\" loading=\"lazy\" class=\"size-medium wp-image-508\" style=\"border: 0px;\" src=\"http:\/\/www2.montes.upm.es\/ArboretoMontes\/wp-content\/uploads\/2014\/10\/arbonpedia-rsc-300x91.png\" alt=\"arbonpedia-rsc\" width=\"300\" height=\"91\" srcset=\"https:\/\/www2.montes.upm.es\/ArboretoMontes\/wp-content\/uploads\/2014\/10\/arbonpedia-rsc-300x91.png 300w, https:\/\/www2.montes.upm.es\/ArboretoMontes\/wp-content\/uploads\/2014\/10\/arbonpedia-rsc.png 778w\" sizes=\"(max-width: 300px) 100vw, 300px\" \/><\/a><figcaption id=\"caption-attachment-508\" class=\"wp-caption-text\"><span style=\"color: #888888;\"><em><span style=\"font-family: verdana, geneva; font-size: x-small;\">Carbonpedia es una base de datos abierta sobre Huella de Carbono de entidades, productos y eventos.<\/span><\/em><\/span><\/figcaption><\/figure>\n<figure id=\"attachment_516\" aria-describedby=\"caption-attachment-516\" style=\"width: 454px\" class=\"wp-caption alignright\"><img decoding=\"async\" loading=\"lazy\" class=\"wp-image-516 \" style=\"border: 0px;\" src=\"http:\/\/www2.montes.upm.es\/ArboretoMontes\/wp-content\/uploads\/2014\/10\/RSC_41-1024x558.jpg\" alt=\"RSC_4\" width=\"454\" height=\"248\" srcset=\"https:\/\/www2.montes.upm.es\/ArboretoMontes\/wp-content\/uploads\/2014\/10\/RSC_41-1024x558.jpg 1024w, https:\/\/www2.montes.upm.es\/ArboretoMontes\/wp-content\/uploads\/2014\/10\/RSC_41-300x163.jpg 300w\" sizes=\"(max-width: 454px) 100vw, 454px\" \/><figcaption id=\"caption-attachment-516\" class=\"wp-caption-text\"><span style=\"font-size: x-small;\"><em><span style=\"font-family: verdana, geneva; color: #888888;\">Carteles para promover un mejor uso de los recursos<\/span><\/em><\/span><\/figcaption><\/figure>\n<p><span style=\"font-family: 'book antiqua', palatino; font-size: medium;\"><strong style=\"line-height: 1.5em;\">\u00a0<\/strong><\/span><\/p>\n<p><span style=\"color: #ffffff;\">.<\/span><\/p>\n<p style=\"text-align: justify;\"><span style=\"font-family: 'book antiqua', palatino; font-size: medium; line-height: 1.5em; color: #ffffff;\"><span style=\"line-height: 1.5em;\"><span style=\"color: #ffffff;\"><a href=\"https:\/\/sites.google.com\/site\/responsabilidadsocialmontes\/home\" target=\"_blank\" rel=\"noopener\"><img decoding=\"async\" loading=\"lazy\" class=\"alignright  wp-image-864\" style=\"border: 0px;\" title=\"M\u00e1s informaci\u00f3n\" src=\"http:\/\/www2.montes.upm.es\/ArboretoMontes\/wp-content\/uploads\/2014\/10\/INFO-rsc.jpg\" alt=\"\" width=\"600\" height=\"80\" srcset=\"https:\/\/www2.montes.upm.es\/ArboretoMontes\/wp-content\/uploads\/2014\/10\/INFO-rsc.jpg 750w, https:\/\/www2.montes.upm.es\/ArboretoMontes\/wp-content\/uploads\/2014\/10\/INFO-rsc-300x40.jpg 300w\" sizes=\"(max-width: 600px) 100vw, 600px\" \/><\/a>\u00a0 \u00a0<\/span><\/span><\/span><\/p>\n<p style=\"text-align: justify;\"><span style=\"font-family: 'book antiqua', palatino; font-size: medium; line-height: 1.5em; color: #ffffff;\"><span style=\"color: #333333; line-height: 1.5em;\">\u00a0<\/span><\/span><\/p>\n<p style=\"text-align: justify;\"><span style=\"font-family: 'book antiqua', palatino; font-size: medium; line-height: 1.5em;\">\u00a0<\/span><\/p>\n","protected":false},"excerpt":{"rendered":"<p>Estrategia de Responsabilidad Social ETSI Montes, Forestal y del Medio Natural RESPONSABLE; SOSTENIBLES Y UNIVERSITARIOS es un proyecto de desarrollo de una estrategia ligada al buen [&#8230;]<\/p>\n","protected":false},"author":1,"featured_media":0,"parent":0,"menu_order":0,"comment_status":"closed","ping_status":"closed","template":"","meta":[],"_links":{"self":[{"href":"https:\/\/www2.montes.upm.es\/ArboretoMontes\/index.php\/wp-json\/wp\/v2\/pages\/501"}],"collection":[{"href":"https:\/\/www2.montes.upm.es\/ArboretoMontes\/index.php\/wp-json\/wp\/v2\/pages"}],"about":[{"href":"https:\/\/www2.montes.upm.es\/ArboretoMontes\/index.php\/wp-json\/wp\/v2\/types\/page"}],"author":[{"embeddable":true,"href":"https:\/\/www2.montes.upm.es\/ArboretoMontes\/index.php\/wp-json\/wp\/v2\/users\/1"}],"replies":[{"embeddable":true,"href":"https:\/\/www2.montes.upm.es\/ArboretoMontes\/index.php\/wp-json\/wp\/v2\/comments?post=501"}],"version-history":[{"count":37,"href":"https:\/\/www2.montes.upm.es\/ArboretoMontes\/index.php\/wp-json\/wp\/v2\/pages\/501\/revisions"}],"predecessor-version":[{"id":1969,"href":"https:\/\/www2.montes.upm.es\/ArboretoMontes\/index.php\/wp-json\/wp\/v2\/pages\/501\/revisions\/1969"}],"wp:attachment":[{"href":"https:\/\/www2.montes.upm.es\/ArboretoMontes\/index.php\/wp-json\/wp\/v2\/media?parent=501"}],"curies":[{"name":"wp","href":"https:\/\/api.w.org\/{rel}","templated":true}]}}