{"id":535,"date":"2014-10-26T22:36:12","date_gmt":"2014-10-26T21:36:12","guid":{"rendered":"http:\/\/www2.montes.upm.es\/ArboretoMontes\/?page_id=535"},"modified":"2015-01-12T13:49:06","modified_gmt":"2015-01-12T12:49:06","slug":"el-alcornoque-y-el-corcho","status":"publish","type":"page","link":"https:\/\/www2.montes.upm.es\/ArboretoMontes\/index.php\/el-alcornoque-y-el-corcho\/","title":{"rendered":"El Alcornoque y el Corcho"},"content":{"rendered":"<p style=\"text-align: justify;\"><span style=\"background-color: #ffffff;\"><span style=\"color: #808000;\"><strong><span style=\"font-family: 'book antiqua', palatino; font-size: x-large;\"><img decoding=\"async\" loading=\"lazy\" class=\"aligncenter size-full wp-image-869\" alt=\"Cabez-CORCHO\" src=\"http:\/\/www2.montes.upm.es\/ArboretoMontes\/wp-content\/uploads\/2014\/10\/Cabez-CORCHO1.jpg\" width=\"1000\" height=\"204\" srcset=\"https:\/\/www2.montes.upm.es\/ArboretoMontes\/wp-content\/uploads\/2014\/10\/Cabez-CORCHO1.jpg 1000w, https:\/\/www2.montes.upm.es\/ArboretoMontes\/wp-content\/uploads\/2014\/10\/Cabez-CORCHO1-300x61.jpg 300w\" sizes=\"(max-width: 1000px) 100vw, 1000px\" \/><\/span><\/strong><\/span><\/span><\/p>\n<p style=\"text-align: justify;\"><span style=\"font-size: large; color: #7b9353;\"><strong><span style=\"font-family: verdana, geneva;\">El descorche y el procesado del corcho<\/span><\/strong><\/span><\/p>\n<figure id=\"attachment_1018\" aria-describedby=\"caption-attachment-1018\" style=\"width: 302px\" class=\"wp-caption alignright\"><img decoding=\"async\" loading=\"lazy\" class=\"size-full wp-image-1018\" alt=\"IMGcorcho-1-copiar\" src=\"http:\/\/www2.montes.upm.es\/ArboretoMontes\/wp-content\/uploads\/2014\/10\/IMGcorcho-1-copiar1.png\" width=\"302\" height=\"550\" srcset=\"https:\/\/www2.montes.upm.es\/ArboretoMontes\/wp-content\/uploads\/2014\/10\/IMGcorcho-1-copiar1.png 302w, https:\/\/www2.montes.upm.es\/ArboretoMontes\/wp-content\/uploads\/2014\/10\/IMGcorcho-1-copiar1-164x300.png 164w\" sizes=\"(max-width: 302px) 100vw, 302px\" \/><figcaption id=\"caption-attachment-1018\" class=\"wp-caption-text\"><span style=\"font-size: x-small; color: #888888;\"><em><span style=\"font-family: verdana, geneva;\">Primer descorche: &#8220;Bornizo&#8221; (izquierda). Segundo descorche: &#8220;Segundero&#8221; (derecha). Fotograf\u00edas: J.R. Gonz\u00e1lez Adrados<\/span><\/em><\/span><\/figcaption><\/figure>\n<p style=\"text-align: justify;\"><span style=\"font-family: verdana, geneva; font-size: small; background-color: #ffffff;\">El\u00a0<\/span><span style=\"font-family: verdana, geneva; font-size: small; background-color: #ffffff;\">alcornoque presenta una caracter\u00edstica \u00fanica, que le diferencia del resto de especies forestales: su aptitud para regenerar la corteza cuando \u00e9sta ha sido retirada parcialmente en determinadas condiciones. \u00a0Si se elige bien el momento de m\u00e1xima actividad vegetativa, y la operaci\u00f3n se realiza con cuidado, es posible separar el corcho del fel\u00f3geno. Al quedar a la intemperie, el fel\u00f3geno, el felodermo y la parte externa del floema mueren por desecaci\u00f3n, al tiempo que, m\u00e1s al interior, se forma un nuevo fel\u00f3geno que reinicia la generaci\u00f3n del tejido suberoso.<\/span><\/p>\n<p style=\"text-align: justify;\"><span style=\"font-family: verdana, geneva; font-size: small; line-height: 1.5em; background-color: #ffffff;\">La operaci\u00f3n de separar el corcho de la \u201ccasca\u201d o capa madre (resto del floema que queda adherido al tronco) se denomina descorche, y exige un alto nivel de cualificaci\u00f3n, por el riesgo que supone para la integridad del \u00e1rbol si no se realiza en la forma debida. \u00a0<\/span><\/p>\n<p style=\"text-align: justify;\"><span style=\"font-family: verdana, geneva; font-size: small; line-height: 1.5em; background-color: #ffffff;\">Cuando el \u00e1rbol alcanza los 65-70 cm de circunferencia (a la edad de unos 40 a\u00f1os) se descorcha por primera vez, obteni\u00e9ndose el denominado \u201cbornizo\u201d, profundamente agrietado y de baja calidad, por lo que se destina a la trituraci\u00f3n. Es el utilizado en los tradicionales belenes de Navidad en los hogares espa\u00f1oles.<\/span><\/p>\n<p style=\"text-align: justify;\"><span style=\"font-family: verdana, geneva; font-size: small; line-height: 1.5em; background-color: #ffffff;\">Entre nueve y doce a\u00f1os despu\u00e9s de este primer descorche se obtiene el corcho \u201csegundero\u201d de calidad algo mejor, pero a\u00fan deficiente.<\/span><\/p>\n<p><span style=\"font-family: verdana, geneva; font-size: small; background-color: #ffffff;\">Las planchas no alcanzan el \u00f3ptimo de calidad hasta que ha pasado otro turno de 9-12 a\u00f1os (3\u00ba descorche), cuando el \u00e1rbol tiene aproximadamente 60 a\u00f1os. Las mejores planchas se utilizan en su mayor\u00eda para la fabricaci\u00f3n de tapones.<\/span><\/p>\n<p style=\"text-align: justify;\"><span style=\"font-family: verdana, geneva; font-size: small; line-height: 1.5em; background-color: #ffffff;\">La organizaci\u00f3n del descorche en un monte se realiza por equipos de hasta treinta personas, que se organizan de forma muy tradicional, acumulando y transmitiendo unos conocimientos y una cultura dif\u00edcil de trasladar a un texto escrito.<\/span><\/p>\n<figure id=\"attachment_1013\" aria-describedby=\"caption-attachment-1013\" style=\"width: 1141px\" class=\"wp-caption aligncenter\"><img decoding=\"async\" loading=\"lazy\" class=\" wp-image-1013 \" style=\"border: 0px;\" alt=\"Los &quot;sacadores&quot; realizan una serie de cortes con hacha en el corcho, delimitando el contorno o &quot;panas&quot; a extraer. A continuaci\u00f3n se despegan estas planchas, ayud\u00e1ndose del mango del hacha o de una p\u00e9rtiga terminada en bisel denominada &quot;burja&quot;. Si el corcho &quot;no se da&quot;, y arrastra la capa madre, la operaci\u00f3n debe suspenderse.\" src=\"http:\/\/www2.montes.upm.es\/ArboretoMontes\/wp-content\/uploads\/2014\/10\/IMGcorcho-2.png\" width=\"1141\" height=\"322\" srcset=\"https:\/\/www2.montes.upm.es\/ArboretoMontes\/wp-content\/uploads\/2014\/10\/IMGcorcho-2.png 1426w, https:\/\/www2.montes.upm.es\/ArboretoMontes\/wp-content\/uploads\/2014\/10\/IMGcorcho-2-300x84.png 300w, https:\/\/www2.montes.upm.es\/ArboretoMontes\/wp-content\/uploads\/2014\/10\/IMGcorcho-2-1024x288.png 1024w\" sizes=\"(max-width: 1141px) 100vw, 1141px\" \/><figcaption id=\"caption-attachment-1013\" class=\"wp-caption-text\"><span style=\"font-size: x-small;\"><em><span style=\"font-family: verdana, geneva; color: #888888;\">Los &#8220;sacadores&#8221; realizan una serie de cortes con hacha en el corcho, delimitando el contorno o &#8220;panas&#8221; a extraer.<\/span><\/em><\/span><br \/><span style=\"font-size: x-small;\"><em><span style=\"font-family: verdana, geneva; color: #888888;\">A continuaci\u00f3n se despegan estas planchas, ayud\u00e1ndose del mango del hacha o de una p\u00e9rtiga terminada en bisel denominada &#8220;burja&#8221;. Si el corcho &#8220;no se da&#8221;, y arrastra la capa madre, la operaci\u00f3n debe suspenderse. Fotograf\u00edas: J.R. Gonz\u00e1lez Adrados<\/span><\/em><\/span><\/figcaption><\/figure>\n<p style=\"text-align: justify;\"><span style=\"font-family: verdana, geneva; font-size: small; line-height: 1.5em; background-color: #ffffff;\">Una vez extra\u00eddo, el corcho se mantiene apilado durante un m\u00ednimo de seis meses, siendo posteriormente sometido a un hervido que mejora notablemente sus caracter\u00edsticas f\u00edsico-mec\u00e1nicas. A continuaci\u00f3n las planchas son clasificadas atendiendo al destino final: tapones, arandelas o trituraci\u00f3n para la fabricaci\u00f3n de aglomerados.<\/span><\/p>\n<p><span style=\"font-family: verdana, geneva; font-size: medium; background-color: #ffffff;\">\u00a0<\/span><\/p>\n<figure id=\"attachment_547\" aria-describedby=\"caption-attachment-547\" style=\"width: 1022px\" class=\"wp-caption aligncenter\"><img decoding=\"async\" loading=\"lazy\" class=\" wp-image-547\" alt=\"pilas-corcho\" src=\"http:\/\/www2.montes.upm.es\/ArboretoMontes\/wp-content\/uploads\/2014\/10\/pilas-corcho.jpg\" width=\"1022\" height=\"395\" \/><figcaption id=\"caption-attachment-547\" class=\"wp-caption-text\"><span style=\"font-family: verdana, geneva; font-size: x-small; color: #888888;\"><em>Pilas de corcho en plancha crudo y fardos de corcho en plancha hervido y clasificado. Fotograf\u00eda: J.R. Gonz\u00e1lez Adrados<\/em><\/span><\/figcaption><\/figure>\n<p style=\"text-align: justify;\"><span style=\"font-family: 'book antiqua', palatino; font-size: medium;\"><span style=\"font-family: verdana, geneva; font-size: small; background-color: #ffffff;\">El hervido y clasificaci\u00f3n se realiza en instalaciones industriales sencillas, localizadas mayoritariamente en las zonas de producci\u00f3n: provincias de C\u00e1diz, Sevilla, Huelva, Badajoz y C\u00e1ceres.<\/span><br \/>\n<\/span><\/p>\n<p style=\"text-align: justify;\"><a href=\"http:\/\/wwwsp.inia.es\/investigacion\/centros\/cifor\/departamentos\/prodfor\/GruposInvestigacion\/corcho\/Paginas\/Corcho.aspx\" target=\"_blank\"><img decoding=\"async\" loading=\"lazy\" class=\"alignright  wp-image-875\" style=\"border: 0px;\" title=\"M\u00e1s informaci\u00f3n\" alt=\"INFO-corcho\" src=\"http:\/\/www2.montes.upm.es\/ArboretoMontes\/wp-content\/uploads\/2014\/10\/INFO-corcho.jpg\" width=\"600\" height=\"80\" srcset=\"https:\/\/www2.montes.upm.es\/ArboretoMontes\/wp-content\/uploads\/2014\/10\/INFO-corcho.jpg 750w, https:\/\/www2.montes.upm.es\/ArboretoMontes\/wp-content\/uploads\/2014\/10\/INFO-corcho-300x40.jpg 300w\" sizes=\"(max-width: 600px) 100vw, 600px\" \/><\/a><\/p>\n<p style=\"text-align: justify;\"><a href=\"https:\/\/www.youtube.com\/watch?v=Au3xQbBjRgE\" target=\"_blank\"><img decoding=\"async\" loading=\"lazy\" class=\"alignright  wp-image-877\" style=\"border: 0px;\" title=\"Ver el v\u00eddeo\" alt=\"\" src=\"http:\/\/www2.montes.upm.es\/ArboretoMontes\/wp-content\/uploads\/2014\/10\/video-corcho.jpg\" width=\"600\" height=\"80\" srcset=\"https:\/\/www2.montes.upm.es\/ArboretoMontes\/wp-content\/uploads\/2014\/10\/video-corcho.jpg 750w, https:\/\/www2.montes.upm.es\/ArboretoMontes\/wp-content\/uploads\/2014\/10\/video-corcho-300x40.jpg 300w\" sizes=\"(max-width: 600px) 100vw, 600px\" \/><\/a><\/p>\n","protected":false},"excerpt":{"rendered":"<p>El descorche y el procesado del corcho El\u00a0alcornoque presenta una caracter\u00edstica \u00fanica, que le diferencia del resto de especies forestales: su aptitud para regenerar la corteza [&#8230;]<\/p>\n","protected":false},"author":1,"featured_media":0,"parent":0,"menu_order":0,"comment_status":"closed","ping_status":"closed","template":"nosidebar-page.php","meta":[],"_links":{"self":[{"href":"https:\/\/www2.montes.upm.es\/ArboretoMontes\/index.php\/wp-json\/wp\/v2\/pages\/535"}],"collection":[{"href":"https:\/\/www2.montes.upm.es\/ArboretoMontes\/index.php\/wp-json\/wp\/v2\/pages"}],"about":[{"href":"https:\/\/www2.montes.upm.es\/ArboretoMontes\/index.php\/wp-json\/wp\/v2\/types\/page"}],"author":[{"embeddable":true,"href":"https:\/\/www2.montes.upm.es\/ArboretoMontes\/index.php\/wp-json\/wp\/v2\/users\/1"}],"replies":[{"embeddable":true,"href":"https:\/\/www2.montes.upm.es\/ArboretoMontes\/index.php\/wp-json\/wp\/v2\/comments?post=535"}],"version-history":[{"count":43,"href":"https:\/\/www2.montes.upm.es\/ArboretoMontes\/index.php\/wp-json\/wp\/v2\/pages\/535\/revisions"}],"predecessor-version":[{"id":1504,"href":"https:\/\/www2.montes.upm.es\/ArboretoMontes\/index.php\/wp-json\/wp\/v2\/pages\/535\/revisions\/1504"}],"wp:attachment":[{"href":"https:\/\/www2.montes.upm.es\/ArboretoMontes\/index.php\/wp-json\/wp\/v2\/media?parent=535"}],"curies":[{"name":"wp","href":"https:\/\/api.w.org\/{rel}","templated":true}]}}