{"id":587,"date":"2014-10-27T00:09:52","date_gmt":"2014-10-26T23:09:52","guid":{"rendered":"http:\/\/www2.montes.upm.es\/ArboretoMontes\/?page_id=587"},"modified":"2014-11-11T06:24:25","modified_gmt":"2014-11-11T05:24:25","slug":"piscifactoria","status":"publish","type":"page","link":"https:\/\/www2.montes.upm.es\/ArboretoMontes\/index.php\/piscifactoria\/","title":{"rendered":"Piscicultura"},"content":{"rendered":"<p style=\"text-align: center;\"><img decoding=\"async\" loading=\"lazy\" class=\"aligncenter size-full wp-image-925\" style=\"border: 0px;\" alt=\"Cabez-PISCI\" src=\"http:\/\/www2.montes.upm.es\/ArboretoMontes\/wp-content\/uploads\/2014\/10\/Cabez-PISCI.jpg\" width=\"1000\" height=\"204\" srcset=\"https:\/\/www2.montes.upm.es\/ArboretoMontes\/wp-content\/uploads\/2014\/10\/Cabez-PISCI.jpg 1000w, https:\/\/www2.montes.upm.es\/ArboretoMontes\/wp-content\/uploads\/2014\/10\/Cabez-PISCI-300x61.jpg 300w\" sizes=\"(max-width: 1000px) 100vw, 1000px\" \/><\/p>\n<p style=\"text-align: justify;\"><span style=\"font-family: verdana, geneva;\"><span style=\"color: #808000; font-size: large;\"><strong>Piscifactoria<\/strong><\/span><span style=\"color: #808000;\"><strong><span style=\"font-size: x-large;\"><br \/>\n<\/span><\/strong><\/span><\/span><\/p>\n<figure id=\"attachment_625\" aria-describedby=\"caption-attachment-625\" style=\"width: 413px\" class=\"wp-caption alignright\"><img decoding=\"async\" loading=\"lazy\" class=\" wp-image-625   \" style=\"border: 0px;\" alt=\"Las instalaciones de la piscifactor\u00eda de la Escuela de Montes cuentan con los medios necesarios para controlar las condiciones en las que viven los peces.\" src=\"http:\/\/www2.montes.upm.es\/ArboretoMontes\/wp-content\/uploads\/2014\/10\/pisci2.jpg\" width=\"413\" height=\"276\" srcset=\"https:\/\/www2.montes.upm.es\/ArboretoMontes\/wp-content\/uploads\/2014\/10\/pisci2.jpg 806w, https:\/\/www2.montes.upm.es\/ArboretoMontes\/wp-content\/uploads\/2014\/10\/pisci2-300x200.jpg 300w\" sizes=\"(max-width: 413px) 100vw, 413px\" \/><figcaption id=\"caption-attachment-625\" class=\"wp-caption-text\"><span style=\"color: #888888;\"><em><span style=\"font-size: x-small;\">Las instalaciones de la piscifactor\u00eda de la Escuela de Montes cuentan con los medios necesarios para controlar las condiciones en las que viven los peces.<\/span><\/em><\/span><\/figcaption><\/figure>\n<p class=\"mceTemp\" style=\"text-align: justify;\"><span style=\"color: #000000; font-family: verdana, geneva; font-size: small; text-align: justify; line-height: 1.5em;\">Utilizar piscifactor\u00edas en funcionamiento para detectar la calidad de las aguas de los r\u00edos, es la posibilidad que se ha estudiado en el marco de un proyecto de investigaci\u00f3n realizado por el\u00a0<\/span><span style=\"color: #000000; font-family: verdana, geneva; font-size: small; text-align: justify; line-height: 1.5em;\">Instituto Nacional de Investigaci\u00f3n y Tecnolog\u00eda Agraria y Alimentaria<\/span><span style=\"color: #000000; font-family: verdana, geneva; font-size: small; text-align: justify; line-height: 1.5em;\">\u00a0(INIA) y la\u00a0<\/span><span style=\"color: #000000; font-family: verdana, geneva; font-size: small; text-align: justify; line-height: 1.5em;\">Escuela T\u00e9cnica Superior de Ingenieros de Montes<\/span><span style=\"color: #000000; font-family: verdana, geneva; font-size: small; text-align: justify; line-height: 1.5em;\">\u00a0de la\u00a0<\/span><span style=\"color: #000000; font-family: verdana, geneva; font-size: small; text-align: justify; line-height: 1.5em;\">Universidad Polit\u00e9cnica de Madrid<\/span><span style=\"color: #000000; font-family: verdana, geneva; font-size: small; text-align: justify; line-height: 1.5em;\">\u00a0(UPM). Y es que hay peque\u00f1as contaminaciones que, sin afectar a la calidad del producto, pueden originar reacciones fisiol\u00f3gicas en los peces, de modo que el an\u00e1lisis de dichos cambios puede ser un buen indicador de la calidad del agua.<\/span><\/p>\n<p style=\"text-align: justify;\"><span style=\"color: #000000; font-family: verdana, geneva; font-size: small; line-height: 1.5em;\">La monitorizaci\u00f3n de la calidad del agua supone hoy un d\u00eda todo un reto, particularmente a la hora de cumplir con las exigencias correspondientes a la aplicaci\u00f3n de la Directiva Marco del Agua de la Uni\u00f3n Europea. Realizar an\u00e1lisis qu\u00edmicos de manera continuada es complejo y costoso. Adem\u00e1s, aporta informaci\u00f3n sobre la presencia de una serie limitada de compuestos qu\u00edmicos, obvi\u00e1ndose la posible influencia de aquellos que no se incluyen en los an\u00e1lisis, o el efecto de toda la multitud de compuestos que aparecen en concentraciones que no llegan a detectarse por los m\u00e9todos anal\u00edticos tradicionales. Para salvar estos problemas se recurre de manera general a la utilizaci\u00f3n de bioindicadores, que son testigos del estado de las aguas.<\/span><\/p>\n<p style=\"text-align: justify;\"><span style=\"color: #000000; font-family: verdana, geneva; font-size: small; line-height: 1.5em;\">Dos piscifactor\u00edas continentales fueron monitorizadas\u00a0durante tres a\u00f1os. Con el fin de evidenciar la exposici\u00f3n a cantidades traza de contaminantes se utilizaron tres aproximaciones diferentes.<\/span><\/p>\n<p style=\"text-align: justify;\"><span style=\"color: #000000; font-family: verdana, geneva; font-size: small; line-height: 1.5em;\">Por un lado, los investigadores muestrearon regularmente los peces de las piscifactor\u00edas y analizaban la inducci\u00f3n de procesos de detoxificaci\u00f3n, que se activan por la presencia de contaminantes. En estos muestreos tambi\u00e9n se tomaron sedimentos del canal de entrada de las piscifactor\u00edas en los que se evidenci\u00f3 la presencia de contaminantes retenidos.<\/span><\/p>\n<figure id=\"attachment_993\" aria-describedby=\"caption-attachment-993\" style=\"width: 1240px\" class=\"wp-caption alignright\"><img decoding=\"async\" loading=\"lazy\" class=\" wp-image-993 \" alt=\"La trucha arcoiris (Oncorhynchus mykiss), de gran inter\u00e9s comercial, fue la especie utilizada en la investigaci\u00f3n.\" src=\"http:\/\/www2.montes.upm.es\/ArboretoMontes\/wp-content\/uploads\/2014\/10\/img-pisci_trucha.jpg\" width=\"1240\" height=\"478\" srcset=\"https:\/\/www2.montes.upm.es\/ArboretoMontes\/wp-content\/uploads\/2014\/10\/img-pisci_trucha.jpg 2067w, https:\/\/www2.montes.upm.es\/ArboretoMontes\/wp-content\/uploads\/2014\/10\/img-pisci_trucha-300x115.jpg 300w, https:\/\/www2.montes.upm.es\/ArboretoMontes\/wp-content\/uploads\/2014\/10\/img-pisci_trucha-1024x394.jpg 1024w\" sizes=\"(max-width: 1240px) 100vw, 1240px\" \/><figcaption id=\"caption-attachment-993\" class=\"wp-caption-text\"><span style=\"font-family: verdana, geneva; font-size: x-small;\">La trucha arcoiris (Oncorhynchus mykiss), de gran inter\u00e9s comercial, fue la especie utilizada en la investigaci\u00f3n.<\/span><\/figcaption><\/figure>\n<p style=\"text-align: justify;\"><span style=\"font-family: verdana, geneva; font-size: small; color: #000000;\">En una segunda aproximaci\u00f3n, los peces se trasladaron a la piscifactor\u00eda de la ETSI de Montes, con una calidad del agua muy buena. Se observ\u00f3 que al cabo de una semana estos procesos de detoxificaci\u00f3n desaparec\u00edan en los peces, lo que indic\u00f3 que en las piscifactor\u00edas estaban expuestos a sustancias qu\u00edmicas.<\/span><\/p>\n<p style=\"text-align: justify;\"><span style=\"font-family: verdana, geneva; font-size: small; color: #000000;\">Finalmente, se realizaron an\u00e1lisis qu\u00edmicos en los sedimentos de entrada a la piscifactor\u00eda. S\u00f3lo se encontraron niveles anormalmente altos de algunos compuestos qu\u00edmicos en algunos muestreos. Estos resultados no explican los procesos que se hab\u00edan visto inducidos en los peces y evidencian, por tanto, que debe de haber sustancias en concentraciones indetectables que pueden causar los efectos observados.<\/span><\/p>\n<p style=\"text-align: justify;\"><span style=\"font-family: verdana, geneva; font-size: small; color: #000000;\">Todo ello, evidencia que las piscifactor\u00edas en funcionamiento \u00a0pueden ser herramientas muy \u00fatiles para la detecci\u00f3n de contaminaciones difusas, con niveles subletales, tan comunes en Espa\u00f1a en los r\u00edos y masas de agua.<\/span><\/p>\n<p style=\"text-align: justify;\"><a href=\"http:\/\/www.sciencedirect.com\/science\/article\/pii\/S0166445X13001823\" target=\"_blank\"><img decoding=\"async\" loading=\"lazy\" class=\"alignright  wp-image-933\" style=\"border: 0px;\" title=\"M\u00e1s informaci\u00f3n\" alt=\"INFO-PIsci1\" src=\"http:\/\/www2.montes.upm.es\/ArboretoMontes\/wp-content\/uploads\/2014\/10\/INFO-PIsci1.jpg\" width=\"600\" height=\"80\" srcset=\"https:\/\/www2.montes.upm.es\/ArboretoMontes\/wp-content\/uploads\/2014\/10\/INFO-PIsci1.jpg 750w, https:\/\/www2.montes.upm.es\/ArboretoMontes\/wp-content\/uploads\/2014\/10\/INFO-PIsci1-300x40.jpg 300w\" sizes=\"(max-width: 600px) 100vw, 600px\" \/><\/a><\/p>\n<p style=\"text-align: justify;\"><a href=\"http:\/\/www.upm.es\/ETSIMontes\/LaEscuela\/Servicios\/Piscifactoria\" target=\"_blank\"><img decoding=\"async\" loading=\"lazy\" class=\"alignright  wp-image-931\" style=\"border: 0px;\" title=\"M\u00e1s informaci\u00f3n\" alt=\"INFO-PIsci2\" src=\"http:\/\/www2.montes.upm.es\/ArboretoMontes\/wp-content\/uploads\/2014\/10\/INFO-PIsci2.jpg\" width=\"600\" height=\"80\" srcset=\"https:\/\/www2.montes.upm.es\/ArboretoMontes\/wp-content\/uploads\/2014\/10\/INFO-PIsci2.jpg 750w, https:\/\/www2.montes.upm.es\/ArboretoMontes\/wp-content\/uploads\/2014\/10\/INFO-PIsci2-300x40.jpg 300w\" sizes=\"(max-width: 600px) 100vw, 600px\" \/><\/a><\/p>\n<p><a href=\"http:\/\/www.upm.es\/ETSIMontes\/LaEscuela\/Ubicacion\/Laboratorio\/Acuicultura\" target=\"_blank\"><span style=\"font-family: verdana, geneva; font-size: medium;\"><img decoding=\"async\" loading=\"lazy\" class=\"alignright  wp-image-930\" style=\"border: 0px;\" title=\"M\u00e1s informaci\u00f3n\" alt=\"INFO-PIsci3\" src=\"http:\/\/www2.montes.upm.es\/ArboretoMontes\/wp-content\/uploads\/2014\/10\/INFO-PIsci3.jpg\" width=\"600\" height=\"80\" srcset=\"https:\/\/www2.montes.upm.es\/ArboretoMontes\/wp-content\/uploads\/2014\/10\/INFO-PIsci3.jpg 750w, https:\/\/www2.montes.upm.es\/ArboretoMontes\/wp-content\/uploads\/2014\/10\/INFO-PIsci3-300x40.jpg 300w\" sizes=\"(max-width: 600px) 100vw, 600px\" \/><\/span><\/a><\/p>\n","protected":false},"excerpt":{"rendered":"<p>Piscifactoria Utilizar piscifactor\u00edas en funcionamiento para detectar la calidad de las aguas de los r\u00edos, es la posibilidad que se ha estudiado en el marco de [&#8230;]<\/p>\n","protected":false},"author":1,"featured_media":0,"parent":0,"menu_order":0,"comment_status":"closed","ping_status":"closed","template":"nosidebar-page.php","meta":[],"_links":{"self":[{"href":"https:\/\/www2.montes.upm.es\/ArboretoMontes\/index.php\/wp-json\/wp\/v2\/pages\/587"}],"collection":[{"href":"https:\/\/www2.montes.upm.es\/ArboretoMontes\/index.php\/wp-json\/wp\/v2\/pages"}],"about":[{"href":"https:\/\/www2.montes.upm.es\/ArboretoMontes\/index.php\/wp-json\/wp\/v2\/types\/page"}],"author":[{"embeddable":true,"href":"https:\/\/www2.montes.upm.es\/ArboretoMontes\/index.php\/wp-json\/wp\/v2\/users\/1"}],"replies":[{"embeddable":true,"href":"https:\/\/www2.montes.upm.es\/ArboretoMontes\/index.php\/wp-json\/wp\/v2\/comments?post=587"}],"version-history":[{"count":23,"href":"https:\/\/www2.montes.upm.es\/ArboretoMontes\/index.php\/wp-json\/wp\/v2\/pages\/587\/revisions"}],"predecessor-version":[{"id":1053,"href":"https:\/\/www2.montes.upm.es\/ArboretoMontes\/index.php\/wp-json\/wp\/v2\/pages\/587\/revisions\/1053"}],"wp:attachment":[{"href":"https:\/\/www2.montes.upm.es\/ArboretoMontes\/index.php\/wp-json\/wp\/v2\/media?parent=587"}],"curies":[{"name":"wp","href":"https:\/\/api.w.org\/{rel}","templated":true}]}}