{"id":63,"date":"2014-02-21T14:45:49","date_gmt":"2014-02-21T13:45:49","guid":{"rendered":"http:\/\/www2.montes.upm.es\/ArboretoMontes\/?page_id=63"},"modified":"2023-08-25T17:34:53","modified_gmt":"2023-08-25T16:34:53","slug":"inicio","status":"publish","type":"page","link":"https:\/\/www2.montes.upm.es\/ArboretoMontes\/","title":{"rendered":"\u00bfQu\u00e9 es el Arboreto de Montes?"},"content":{"rendered":"\n<figure class=\"wp-block-video alignwide\" style=\"padding-top:0px;padding-right:0px;padding-bottom:0px;padding-left:0px\"><video autoplay loop muted src=\"http:\/\/www2.montes.upm.es\/ArboretoMontes\/wp-content\/uploads\/2023\/07\/Video-sin-titulo-Made-with-Clipchamp.mp4\"><\/video><\/figure>\n\n\n\n<hr class=\"wp-block-separator has-alpha-channel-opacity is-style-default\"\/>\n\n\n\n<ul><\/ul>\n\n\n\n<div class=\"wp-block-media-text alignwide is-stacked-on-mobile is-vertically-aligned-center\" style=\"grid-template-columns:29% auto\"><figure class=\"wp-block-media-text__media\"><a href=\"http:\/\/www2.montes.upm.es\/ArboretoMontes\/wp-content\/uploads\/2023\/08\/DSC_0144-scaled.jpg\"><img decoding=\"async\" loading=\"lazy\" width=\"1024\" height=\"685\" src=\"http:\/\/www2.montes.upm.es\/ArboretoMontes\/wp-content\/uploads\/2023\/08\/DSC_0144-1024x685.jpg\" alt=\"\" class=\"wp-image-1934 size-full\" srcset=\"https:\/\/www2.montes.upm.es\/ArboretoMontes\/wp-content\/uploads\/2023\/08\/DSC_0144-1024x685.jpg 1024w, https:\/\/www2.montes.upm.es\/ArboretoMontes\/wp-content\/uploads\/2023\/08\/DSC_0144-300x201.jpg 300w, https:\/\/www2.montes.upm.es\/ArboretoMontes\/wp-content\/uploads\/2023\/08\/DSC_0144-768x514.jpg 768w, https:\/\/www2.montes.upm.es\/ArboretoMontes\/wp-content\/uploads\/2023\/08\/DSC_0144-1536x1028.jpg 1536w, https:\/\/www2.montes.upm.es\/ArboretoMontes\/wp-content\/uploads\/2023\/08\/DSC_0144-2048x1371.jpg 2048w\" sizes=\"(max-width: 1024px) 100vw, 1024px\" \/><\/a><\/figure><div class=\"wp-block-media-text__content\">\n<p>El Arboreto de Montes constituye un &#8220;agujero verde&#8221; dentro de la ciudad de Madrid, formando parte del paisaje diario de muchos madrile\u00f1os, estudiantes o no, que desconocen y no se imaginan que este espacio arbolado es un &#8220;arboreto&#8221;, por la colecci\u00f3n de especies que alberga tanto de Espa\u00f1a como de otras partes del mundo.<\/p>\n<\/div><\/div>\n\n\n\n<hr class=\"wp-block-separator has-alpha-channel-opacity\"\/>\n\n\n\n<div class=\"wp-block-media-text alignwide has-media-on-the-right is-stacked-on-mobile\" style=\"grid-template-columns:auto 19%\"><div class=\"wp-block-media-text__content\">\n<p>Este enclave es de gran importancia para muchas especies de animales que tienen cortada la retirada hacia espacios m\u00e1s abiertos, y es el refugio de cientos de aves que se &#8220;abrigan&#8221; y se alimentan en invierno y se refrescan en verano.<\/p>\n\n\n\n<p>Para nosotros es un privilegio en una ciudad como Madrid contar con un espacio como este, siendo necesario el nacimiento de este proyecto, el cual pretende en un acto de divulgaci\u00f3n rendir homenaje por su historia y vinculaci\u00f3n con el resto de Arboretos y Jardines Bot\u00e1nicos de la Comunidad de Madrid.<\/p>\n<\/div><figure class=\"wp-block-media-text__media\"><img decoding=\"async\" loading=\"lazy\" width=\"683\" height=\"1024\" src=\"http:\/\/www2.montes.upm.es\/ArboretoMontes\/wp-content\/uploads\/2023\/08\/IMG_1921-683x1024.jpg\" alt=\"\" class=\"wp-image-1935 size-full\" srcset=\"https:\/\/www2.montes.upm.es\/ArboretoMontes\/wp-content\/uploads\/2023\/08\/IMG_1921-683x1024.jpg 683w, https:\/\/www2.montes.upm.es\/ArboretoMontes\/wp-content\/uploads\/2023\/08\/IMG_1921-200x300.jpg 200w, https:\/\/www2.montes.upm.es\/ArboretoMontes\/wp-content\/uploads\/2023\/08\/IMG_1921-768x1152.jpg 768w, https:\/\/www2.montes.upm.es\/ArboretoMontes\/wp-content\/uploads\/2023\/08\/IMG_1921-1024x1536.jpg 1024w, https:\/\/www2.montes.upm.es\/ArboretoMontes\/wp-content\/uploads\/2023\/08\/IMG_1921-1365x2048.jpg 1365w, https:\/\/www2.montes.upm.es\/ArboretoMontes\/wp-content\/uploads\/2023\/08\/IMG_1921-scaled.jpg 1707w\" sizes=\"(max-width: 683px) 100vw, 683px\" \/><\/figure><\/div>\n\n\n\n<p class=\"has-text-align-right\">Rafael Escribano Bomb\u00edn<\/p>\n","protected":false},"excerpt":{"rendered":"<p>El Arboreto de Montes constituye un &#8220;agujero verde&#8221; dentro de la ciudad de Madrid, formando parte del paisaje diario de muchos madrile\u00f1os, estudiantes o no, que [&#8230;]<\/p>\n","protected":false},"author":1,"featured_media":0,"parent":0,"menu_order":0,"comment_status":"closed","ping_status":"closed","template":"","meta":[],"_links":{"self":[{"href":"https:\/\/www2.montes.upm.es\/ArboretoMontes\/index.php\/wp-json\/wp\/v2\/pages\/63"}],"collection":[{"href":"https:\/\/www2.montes.upm.es\/ArboretoMontes\/index.php\/wp-json\/wp\/v2\/pages"}],"about":[{"href":"https:\/\/www2.montes.upm.es\/ArboretoMontes\/index.php\/wp-json\/wp\/v2\/types\/page"}],"author":[{"embeddable":true,"href":"https:\/\/www2.montes.upm.es\/ArboretoMontes\/index.php\/wp-json\/wp\/v2\/users\/1"}],"replies":[{"embeddable":true,"href":"https:\/\/www2.montes.upm.es\/ArboretoMontes\/index.php\/wp-json\/wp\/v2\/comments?post=63"}],"version-history":[{"count":17,"href":"https:\/\/www2.montes.upm.es\/ArboretoMontes\/index.php\/wp-json\/wp\/v2\/pages\/63\/revisions"}],"predecessor-version":[{"id":1937,"href":"https:\/\/www2.montes.upm.es\/ArboretoMontes\/index.php\/wp-json\/wp\/v2\/pages\/63\/revisions\/1937"}],"wp:attachment":[{"href":"https:\/\/www2.montes.upm.es\/ArboretoMontes\/index.php\/wp-json\/wp\/v2\/media?parent=63"}],"curies":[{"name":"wp","href":"https:\/\/api.w.org\/{rel}","templated":true}]}}