{"id":677,"date":"2014-10-27T14:13:14","date_gmt":"2014-10-27T13:13:14","guid":{"rendered":"http:\/\/www2.montes.upm.es\/ArboretoMontes\/?page_id=677"},"modified":"2023-09-10T17:33:09","modified_gmt":"2023-09-10T16:33:09","slug":"simbologia-forestal","status":"publish","type":"page","link":"https:\/\/www2.montes.upm.es\/ArboretoMontes\/index.php\/simbologia-forestal\/","title":{"rendered":"Simbolog\u00eda Forestal"},"content":{"rendered":"<p><strong><span style=\"font-family: 'book antiqua', palatino; font-size: x-large; color: #3366ff;\"><img decoding=\"async\" loading=\"lazy\" class=\"aligncenter size-full wp-image-1128\" src=\"http:\/\/www2.montes.upm.es\/ArboretoMontes\/wp-content\/uploads\/2014\/10\/Cabez-HIST-SIMBOL.jpg\" alt=\"Cabez-HIST-SIMBOL\" width=\"1000\" height=\"204\" srcset=\"https:\/\/www2.montes.upm.es\/ArboretoMontes\/wp-content\/uploads\/2014\/10\/Cabez-HIST-SIMBOL.jpg 1000w, https:\/\/www2.montes.upm.es\/ArboretoMontes\/wp-content\/uploads\/2014\/10\/Cabez-HIST-SIMBOL-300x61.jpg 300w\" sizes=\"(max-width: 1000px) 100vw, 1000px\" \/><\/span><\/strong><\/p>\n<p><span style=\"font-family: verdana, geneva; font-size: small;\"><br \/>\n<a href=\"http:\/\/www2.montes.upm.es\/ArboretoMontes\/wp-content\/uploads\/2014\/10\/escudos.png\"><img decoding=\"async\" loading=\"lazy\" class=\"size-full wp-image-1132 alignright\" style=\"border: 0px;\" src=\"http:\/\/www2.montes.upm.es\/ArboretoMontes\/wp-content\/uploads\/2014\/10\/escudos.png\" alt=\"escudos\" width=\"333\" height=\"199\" srcset=\"https:\/\/www2.montes.upm.es\/ArboretoMontes\/wp-content\/uploads\/2014\/10\/escudos.png 333w, https:\/\/www2.montes.upm.es\/ArboretoMontes\/wp-content\/uploads\/2014\/10\/escudos-300x179.png 300w\" sizes=\"(max-width: 333px) 100vw, 333px\" \/><\/a>El escudo de la profesi\u00f3n forestal se compone por un marco real y un zapapico cruzados, entrelazados, con orla vegetal y coronados.<\/span><\/p>\n<p style=\"text-align: justify;\"><span style=\"font-family: verdana, geneva; font-size: small;\">Ambas herramientas, bifuncionales son muy utilizadas por los Servicios Forestales espa\u00f1oles. El marco real est\u00e1 compuesto una cabeza de martillo para el se\u00f1alamiento de \u00e1rboles a apear, y por un hacha que permite podar y talar. El zapapico est\u00e1 compuesto por un pico y un azad\u00f3n estrecho para escarbar la tierra.<\/span><\/p>\n<p style=\"text-align: justify;\"><span style=\"font-family: verdana, geneva; font-size: small;\"><a href=\"http:\/\/www2.montes.upm.es\/ArboretoMontes\/wp-content\/uploads\/2014\/10\/hombres-escud.jpg\"><img decoding=\"async\" loading=\"lazy\" class=\"alignleft  wp-image-1133\" style=\"border: 0px;\" src=\"http:\/\/www2.montes.upm.es\/ArboretoMontes\/wp-content\/uploads\/2014\/10\/hombres-escud-300x247.jpg\" alt=\"hombres-escud\" width=\"300\" height=\"247\" srcset=\"https:\/\/www2.montes.upm.es\/ArboretoMontes\/wp-content\/uploads\/2014\/10\/hombres-escud-300x247.jpg 300w, https:\/\/www2.montes.upm.es\/ArboretoMontes\/wp-content\/uploads\/2014\/10\/hombres-escud.jpg 695w\" sizes=\"(max-width: 300px) 100vw, 300px\" \/><\/a><\/span><\/p>\n<p style=\"text-align: justify;\"><span style=\"font-family: verdana, geneva; font-size: small;\"> Mientras que las herramientas han permanecido siempre en las versiones del escudo, la orla vegetal, ha sido m\u00e1s variable. <\/span><\/p>\n<p style=\"text-align: justify;\"><span style=\"font-family: verdana, geneva; font-size: small;\">La palma-laurel y la palma-roble son las especies utilizadas actualmente en los escudos de las Escuelas de Montes y Forestales. La palma simboliza flexibilidad, constancia, \u00e9xito acad\u00e9mico\u2026 mientras que el laurel inspira la buena fama, la inspiraci\u00f3n, la moderaci\u00f3n y el intelecto. El roble, por su parte, representa la solidez y el valor de la conservaci\u00f3n.<\/span><\/p>\n<p><span style=\"font-family: verdana, geneva; font-size: small; line-height: 1.5em;\">En el hall de la Escuela se puede apreciar\u00a0 una serie de frisos superpuestos en los que se representan una variada gama de especies de la flora y fauna ib\u00e9rica.\u00a0Se trata de un relieve policromado de \u00c1ngel Ferrant (1890-1961), uno de los exponentes de la escultura de vanguardia espa\u00f1ola.\u00a0<\/span><\/p>\n<p style=\"text-align: center;\"><img decoding=\"async\" loading=\"lazy\" class=\"aligncenter size-full wp-image-1690\" style=\"border: 0px;\" src=\"http:\/\/www2.montes.upm.es\/ArboretoMontes\/wp-content\/uploads\/2014\/10\/friso_escuela_montes1.jpg\" alt=\"friso_escuela_montes\" width=\"2438\" height=\"334\" srcset=\"https:\/\/www2.montes.upm.es\/ArboretoMontes\/wp-content\/uploads\/2014\/10\/friso_escuela_montes1.jpg 2438w, https:\/\/www2.montes.upm.es\/ArboretoMontes\/wp-content\/uploads\/2014\/10\/friso_escuela_montes1-300x41.jpg 300w, https:\/\/www2.montes.upm.es\/ArboretoMontes\/wp-content\/uploads\/2014\/10\/friso_escuela_montes1-1024x140.jpg 1024w\" sizes=\"(max-width: 2438px) 100vw, 2438px\" \/><\/p>\n<p style=\"text-align: justify;\"><a href=\"http:\/\/es.scribd.com\/doc\/233756538\/Historia-Escudo-Ingenieros-de-Montes\" target=\"_blank\" rel=\"noopener\"><img decoding=\"async\" loading=\"lazy\" class=\"alignright  wp-image-1134\" style=\"border: 0px;\" src=\"http:\/\/www2.montes.upm.es\/ArboretoMontes\/wp-content\/uploads\/2014\/10\/INFO-simbol1.jpg\" alt=\"INFO-simbol1\" width=\"547\" height=\"73\" srcset=\"https:\/\/www2.montes.upm.es\/ArboretoMontes\/wp-content\/uploads\/2014\/10\/INFO-simbol1.jpg 750w, https:\/\/www2.montes.upm.es\/ArboretoMontes\/wp-content\/uploads\/2014\/10\/INFO-simbol1-300x40.jpg 300w\" sizes=\"(max-width: 547px) 100vw, 547px\" \/><\/a><\/p>\n<p><img decoding=\"async\" loading=\"lazy\" class=\"alignright  wp-image-1138\" style=\"border: 0px;\" src=\"http:\/\/www2.montes.upm.es\/ArboretoMontes\/wp-content\/uploads\/2014\/10\/INFO-simbol2.jpg\" alt=\"INFO-simbol2\" width=\"547\" height=\"73\" srcset=\"https:\/\/www2.montes.upm.es\/ArboretoMontes\/wp-content\/uploads\/2014\/10\/INFO-simbol2.jpg 750w, https:\/\/www2.montes.upm.es\/ArboretoMontes\/wp-content\/uploads\/2014\/10\/INFO-simbol2-300x40.jpg 300w\" sizes=\"(max-width: 547px) 100vw, 547px\" \/><\/p>\n","protected":false},"excerpt":{"rendered":"<p>El escudo de la profesi\u00f3n forestal se compone por un marco real y un zapapico cruzados, entrelazados, con orla vegetal y coronados. Ambas herramientas, bifuncionales son [&#8230;]<\/p>\n","protected":false},"author":1,"featured_media":0,"parent":0,"menu_order":0,"comment_status":"closed","ping_status":"closed","template":"","meta":[],"_links":{"self":[{"href":"https:\/\/www2.montes.upm.es\/ArboretoMontes\/index.php\/wp-json\/wp\/v2\/pages\/677"}],"collection":[{"href":"https:\/\/www2.montes.upm.es\/ArboretoMontes\/index.php\/wp-json\/wp\/v2\/pages"}],"about":[{"href":"https:\/\/www2.montes.upm.es\/ArboretoMontes\/index.php\/wp-json\/wp\/v2\/types\/page"}],"author":[{"embeddable":true,"href":"https:\/\/www2.montes.upm.es\/ArboretoMontes\/index.php\/wp-json\/wp\/v2\/users\/1"}],"replies":[{"embeddable":true,"href":"https:\/\/www2.montes.upm.es\/ArboretoMontes\/index.php\/wp-json\/wp\/v2\/comments?post=677"}],"version-history":[{"count":24,"href":"https:\/\/www2.montes.upm.es\/ArboretoMontes\/index.php\/wp-json\/wp\/v2\/pages\/677\/revisions"}],"predecessor-version":[{"id":1982,"href":"https:\/\/www2.montes.upm.es\/ArboretoMontes\/index.php\/wp-json\/wp\/v2\/pages\/677\/revisions\/1982"}],"wp:attachment":[{"href":"https:\/\/www2.montes.upm.es\/ArboretoMontes\/index.php\/wp-json\/wp\/v2\/media?parent=677"}],"curies":[{"name":"wp","href":"https:\/\/api.w.org\/{rel}","templated":true}]}}