{"id":685,"date":"2014-10-27T14:20:16","date_gmt":"2014-10-27T13:20:16","guid":{"rendered":"http:\/\/www2.montes.upm.es\/ArboretoMontes\/?page_id=685"},"modified":"2023-09-10T17:51:30","modified_gmt":"2023-09-10T16:51:30","slug":"ciencia-forestal-para-ninos","status":"publish","type":"page","link":"https:\/\/www2.montes.upm.es\/ArboretoMontes\/index.php\/ciencia-forestal-para-ninos\/","title":{"rendered":"CIENCIA FORESTAL PARA NI\u00d1OS"},"content":{"rendered":"<p style=\"text-align: left;\"><span style=\"font-family: verdana, geneva; font-size: large; color: #c0d695;\"><b><img decoding=\"async\" loading=\"lazy\" class=\"aligncenter size-full wp-image-1110\" src=\"http:\/\/www2.montes.upm.es\/ArboretoMontes\/wp-content\/uploads\/2014\/10\/Cabez-NINOS.jpg\" alt=\"Cabez-NINOS\" width=\"1000\" height=\"113\" srcset=\"https:\/\/www2.montes.upm.es\/ArboretoMontes\/wp-content\/uploads\/2014\/10\/Cabez-NINOS.jpg 1000w, https:\/\/www2.montes.upm.es\/ArboretoMontes\/wp-content\/uploads\/2014\/10\/Cabez-NINOS-300x33.jpg 300w\" sizes=\"(max-width: 1000px) 100vw, 1000px\" \/><\/b><\/span><\/p>\n<p style=\"text-align: justify;\"><span style=\"font-family: verdana, geneva; font-size: small;\">Al Ingeniero de Montes Ricardo Codorn\u00edu se le llama tambi\u00e9n el \u201cAp\u00f3stol del \u00c1rbol\u201d,\u00a0 porque durante toda su vida defendi\u00f3 los beneficios de los \u00e1rboles y la necesidad de cuidarlos.<\/span><\/p>\n<p style=\"text-align: justify;\"><span style=\"font-family: verdana, geneva; font-size: small; line-height: 1.5em;\">Don Ricardo vivi\u00f3 hace unos 100 a\u00f1os. Cuando se hizo mayor, decidi\u00f3 escribir unos cuentos dedicados a sus 12 nietos y lo titul\u00f3 \u201cLos Doce \u00c1rboles\u201d, uno para cada uno.<\/span><\/p>\n<p style=\"text-align: justify;\"><span style=\"font-family: verdana, geneva; font-size: small; line-height: 1.5em;\">En ellos cuenta la historia de \u00e1rboles que se desarrollan\u00a0 en distintas condiciones: en maceta, aislado, en espesura, en el huerto, en la ribera de los r\u00edos, en la playa y en la cumbre<\/span><\/p>\n<p style=\"text-align: justify;\"><span style=\"font-family: verdana, geneva; font-size: small; line-height: 1.5em;\">Al final dedica unas l\u00edneas a responder una pregunta:<\/span><\/p>\n<p style=\"text-align: justify;\"><img decoding=\"async\" loading=\"lazy\" class=\"aligncenter size-full wp-image-1123\" src=\"http:\/\/www2.montes.upm.es\/ArboretoMontes\/wp-content\/uploads\/2014\/10\/quien-hizo-mont2.jpg\" alt=\"quien-hizo-mont2\" width=\"1000\" height=\"60\" srcset=\"https:\/\/www2.montes.upm.es\/ArboretoMontes\/wp-content\/uploads\/2014\/10\/quien-hizo-mont2.jpg 1000w, https:\/\/www2.montes.upm.es\/ArboretoMontes\/wp-content\/uploads\/2014\/10\/quien-hizo-mont2-300x18.jpg 300w\" sizes=\"(max-width: 1000px) 100vw, 1000px\" \/><\/p>\n<p style=\"text-align: center;\"><span style=\"font-size: large; font-family: verdana, geneva; background-color: #ff9900;\"><strong><span style=\"color: #c0d695;\"><a href=\"https:\/\/alejandria.um.es\/fondoantiguo\/textocompleto\/Codorniu(I).pdf\" target=\"_blank\" rel=\"noopener\"><img decoding=\"async\" loading=\"lazy\" class=\"aligncenter  wp-image-1113\" style=\"border: 0px;\" src=\"http:\/\/www2.montes.upm.es\/ArboretoMontes\/wp-content\/uploads\/2014\/10\/epilogo.png\" alt=\"epilogo\" width=\"781\" height=\"566\" srcset=\"https:\/\/www2.montes.upm.es\/ArboretoMontes\/wp-content\/uploads\/2014\/10\/epilogo.png 976w, https:\/\/www2.montes.upm.es\/ArboretoMontes\/wp-content\/uploads\/2014\/10\/epilogo-300x217.png 300w\" sizes=\"(max-width: 781px) 100vw, 781px\" \/><\/a><\/span><\/strong><\/span><\/p>\n<p style=\"text-align: justify;\">\n<p style=\"text-align: center;\"><img decoding=\"async\" loading=\"lazy\" class=\"aligncenter size-full wp-image-1125\" src=\"http:\/\/www2.montes.upm.es\/ArboretoMontes\/wp-content\/uploads\/2014\/10\/coleccion-cuentos2.jpg\" alt=\"coleccion-cuentos2\" width=\"1000\" height=\"60\" srcset=\"https:\/\/www2.montes.upm.es\/ArboretoMontes\/wp-content\/uploads\/2014\/10\/coleccion-cuentos2.jpg 1000w, https:\/\/www2.montes.upm.es\/ArboretoMontes\/wp-content\/uploads\/2014\/10\/coleccion-cuentos2-300x18.jpg 300w\" sizes=\"(max-width: 1000px) 100vw, 1000px\" \/><\/p>\n<p style=\"text-align: center;\"><span style=\"font-family: verdana, geneva; font-size: small;\"><br \/>\n<a href=\"http:\/\/www.magrama.gob.es\/es\/desarrollo-rural\/publicaciones\/publicaciones-de-desarrollo-rural\/ARBOLDEMIGUEL_tcm7-200531.pdf\" target=\"_blank\" rel=\"noopener\"><img decoding=\"async\" loading=\"lazy\" class=\"aligncenter size-full wp-image-1116\" style=\"border: 0px;\" src=\"http:\/\/www2.montes.upm.es\/ArboretoMontes\/wp-content\/uploads\/2014\/10\/cuento3.png\" alt=\"cuento3\" width=\"283\" height=\"306\" srcset=\"https:\/\/www2.montes.upm.es\/ArboretoMontes\/wp-content\/uploads\/2014\/10\/cuento3.png 283w, https:\/\/www2.montes.upm.es\/ArboretoMontes\/wp-content\/uploads\/2014\/10\/cuento3-277x300.png 277w\" sizes=\"(max-width: 283px) 100vw, 283px\" \/><\/a><br \/>\n<a href=\"http:\/\/www.magrama.gob.es\/es\/desarrollo-rural\/publicaciones\/publicaciones-de-desarrollo-rural\/AVENTURASLLUVIA_tcm7-200530.pdf\" target=\"_blank\" rel=\"noopener\"><img decoding=\"async\" loading=\"lazy\" class=\"aligncenter size-full wp-image-1117\" style=\"border: 0px;\" src=\"http:\/\/www2.montes.upm.es\/ArboretoMontes\/wp-content\/uploads\/2014\/10\/cuento2.png\" alt=\"cuento2\" width=\"283\" height=\"306\" srcset=\"https:\/\/www2.montes.upm.es\/ArboretoMontes\/wp-content\/uploads\/2014\/10\/cuento2.png 283w, https:\/\/www2.montes.upm.es\/ArboretoMontes\/wp-content\/uploads\/2014\/10\/cuento2-277x300.png 277w\" sizes=\"(max-width: 283px) 100vw, 283px\" \/><\/a><br \/>\n<a href=\"http:\/\/www.magrama.gob.es\/es\/desarrollo-rural\/publicaciones\/publicaciones-de-desarrollo-rural\/cuentosarbolesgigantes_tcm7-200528.pdf\" target=\"_blank\" rel=\"noopener\"><img decoding=\"async\" loading=\"lazy\" class=\"aligncenter size-full wp-image-1118\" style=\"border: 0px;\" src=\"http:\/\/www2.montes.upm.es\/ArboretoMontes\/wp-content\/uploads\/2014\/10\/cuento1.png\" alt=\"cuento1\" width=\"283\" height=\"306\" srcset=\"https:\/\/www2.montes.upm.es\/ArboretoMontes\/wp-content\/uploads\/2014\/10\/cuento1.png 283w, https:\/\/www2.montes.upm.es\/ArboretoMontes\/wp-content\/uploads\/2014\/10\/cuento1-277x300.png 277w\" sizes=\"(max-width: 283px) 100vw, 283px\" \/><\/a><br \/>\n<\/span><\/p>\n<p style=\"text-align: justify;\"><span style=\"font-family: verdana, geneva; font-size: small;\">La ONG Bosques Sin Fronteras, con el apoyo del Ministerio de Agricultura, Alimentaci\u00f3n y Medio Ambiente, presentan una serie de cuentos con actividades did\u00e1cticas para fomentar en los ni\u00f1os el respeto por los \u00e1rboles y los bosques.<\/span><\/p>\n<p style=\"text-align: justify;\"><a href=\"http:\/\/www2.montes.upm.es\/ArboretoMontes\/wp-content\/uploads\/vv_inf\/vv_inf.html\"><img decoding=\"async\" loading=\"lazy\" class=\"aligncenter size-full wp-image-983\" src=\"http:\/\/www2.montes.upm.es\/ArboretoMontes\/wp-content\/uploads\/2014\/02\/ninos-visita.jpg\" alt=\"ninos-visita\" width=\"1000\" height=\"150\" srcset=\"https:\/\/www2.montes.upm.es\/ArboretoMontes\/wp-content\/uploads\/2014\/02\/ninos-visita.jpg 1000w, https:\/\/www2.montes.upm.es\/ArboretoMontes\/wp-content\/uploads\/2014\/02\/ninos-visita-300x45.jpg 300w\" sizes=\"(max-width: 1000px) 100vw, 1000px\" \/><\/a><\/p>\n","protected":false},"excerpt":{"rendered":"<p>Al Ingeniero de Montes Ricardo Codorn\u00edu se le llama tambi\u00e9n el \u201cAp\u00f3stol del \u00c1rbol\u201d,\u00a0 porque durante toda su vida defendi\u00f3 los beneficios de los \u00e1rboles y [&#8230;]<\/p>\n","protected":false},"author":1,"featured_media":0,"parent":0,"menu_order":0,"comment_status":"closed","ping_status":"closed","template":"","meta":[],"_links":{"self":[{"href":"https:\/\/www2.montes.upm.es\/ArboretoMontes\/index.php\/wp-json\/wp\/v2\/pages\/685"}],"collection":[{"href":"https:\/\/www2.montes.upm.es\/ArboretoMontes\/index.php\/wp-json\/wp\/v2\/pages"}],"about":[{"href":"https:\/\/www2.montes.upm.es\/ArboretoMontes\/index.php\/wp-json\/wp\/v2\/types\/page"}],"author":[{"embeddable":true,"href":"https:\/\/www2.montes.upm.es\/ArboretoMontes\/index.php\/wp-json\/wp\/v2\/users\/1"}],"replies":[{"embeddable":true,"href":"https:\/\/www2.montes.upm.es\/ArboretoMontes\/index.php\/wp-json\/wp\/v2\/comments?post=685"}],"version-history":[{"count":16,"href":"https:\/\/www2.montes.upm.es\/ArboretoMontes\/index.php\/wp-json\/wp\/v2\/pages\/685\/revisions"}],"predecessor-version":[{"id":1984,"href":"https:\/\/www2.montes.upm.es\/ArboretoMontes\/index.php\/wp-json\/wp\/v2\/pages\/685\/revisions\/1984"}],"wp:attachment":[{"href":"https:\/\/www2.montes.upm.es\/ArboretoMontes\/index.php\/wp-json\/wp\/v2\/media?parent=685"}],"curies":[{"name":"wp","href":"https:\/\/api.w.org\/{rel}","templated":true}]}}