{"id":704,"date":"2014-10-27T16:55:56","date_gmt":"2014-10-27T15:55:56","guid":{"rendered":"http:\/\/www2.montes.upm.es\/ArboretoMontes\/?page_id=704"},"modified":"2023-09-10T16:56:14","modified_gmt":"2023-09-10T15:56:14","slug":"investigacion-y-tecnica-forestal","status":"publish","type":"page","link":"https:\/\/www2.montes.upm.es\/ArboretoMontes\/index.php\/investigacion-y-tecnica-forestal\/","title":{"rendered":"INVESTIGACI\u00d3N Y T\u00c9CNICA FORESTAL"},"content":{"rendered":"\n<p>En esta p\u00e1gina podr\u00e1s encontrar distintos apartados en relaci\u00f3n a la investigaci\u00f3n y t\u00e9cnica forestal. Sigue los enlaces haciendo click en cada figura<\/p>\n\n\n\n<div class=\"wp-block-media-text alignwide has-media-on-the-right is-stacked-on-mobile\" style=\"grid-template-columns:auto 26%\"><div class=\"wp-block-media-text__content\">\n<p class=\"has-text-align-center\">ESTRATEGIA DE RESPONSABILIDAD CORPORATIVA<\/p>\n<\/div><figure class=\"wp-block-media-text__media\"><a href=\"http:\/\/www2.montes.upm.es\/ArboretoMontes\/index.php\/estrategia-de-responsabilidad-social\/\"><img decoding=\"async\" loading=\"lazy\" width=\"286\" height=\"315\" src=\"http:\/\/www2.montes.upm.es\/ArboretoMontes\/wp-content\/uploads\/2014\/10\/boton-RSC.jpg\" alt=\"\" class=\"wp-image-817 size-full\" srcset=\"https:\/\/www2.montes.upm.es\/ArboretoMontes\/wp-content\/uploads\/2014\/10\/boton-RSC.jpg 286w, https:\/\/www2.montes.upm.es\/ArboretoMontes\/wp-content\/uploads\/2014\/10\/boton-RSC-272x300.jpg 272w\" sizes=\"(max-width: 286px) 100vw, 286px\" \/><\/a><\/figure><\/div>\n\n\n\n<hr class=\"wp-block-separator has-alpha-channel-opacity\"\/>\n\n\n\n<div class=\"wp-block-media-text alignwide has-media-on-the-right is-stacked-on-mobile\" style=\"grid-template-columns:auto 26%\"><div class=\"wp-block-media-text__content\">\n<p class=\"has-text-align-center\">EL ALCORNOQUE Y EL CORCHO<\/p>\n<\/div><figure class=\"wp-block-media-text__media\"><a href=\"http:\/\/www2.montes.upm.es\/ArboretoMontes\/index.php\/el-alcornoque-y-el-corcho\/\"><img decoding=\"async\" loading=\"lazy\" width=\"286\" height=\"315\" src=\"http:\/\/www2.montes.upm.es\/ArboretoMontes\/wp-content\/uploads\/2014\/10\/boton-corcho.jpg\" alt=\"\" class=\"wp-image-819 size-full\" srcset=\"https:\/\/www2.montes.upm.es\/ArboretoMontes\/wp-content\/uploads\/2014\/10\/boton-corcho.jpg 286w, https:\/\/www2.montes.upm.es\/ArboretoMontes\/wp-content\/uploads\/2014\/10\/boton-corcho-272x300.jpg 272w\" sizes=\"(max-width: 286px) 100vw, 286px\" \/><\/a><\/figure><\/div>\n\n\n\n<hr class=\"wp-block-separator has-alpha-channel-opacity\"\/>\n\n\n\n<div class=\"wp-block-media-text alignwide has-media-on-the-right is-stacked-on-mobile\" style=\"grid-template-columns:auto 26%\"><div class=\"wp-block-media-text__content\">\n<p class=\"has-text-align-center\">LA BELLOTA, MEJOR CON LARVA<\/p>\n<\/div><figure class=\"wp-block-media-text__media\"><a href=\"http:\/\/www2.montes.upm.es\/ArboretoMontes\/index.php\/la-bellota-mejor-con-larva\/\"><img decoding=\"async\" loading=\"lazy\" width=\"286\" height=\"315\" src=\"http:\/\/www2.montes.upm.es\/ArboretoMontes\/wp-content\/uploads\/2014\/10\/boton-BELLOTA.jpg\" alt=\"\" class=\"wp-image-821 size-full\" srcset=\"https:\/\/www2.montes.upm.es\/ArboretoMontes\/wp-content\/uploads\/2014\/10\/boton-BELLOTA.jpg 286w, https:\/\/www2.montes.upm.es\/ArboretoMontes\/wp-content\/uploads\/2014\/10\/boton-BELLOTA-272x300.jpg 272w\" sizes=\"(max-width: 286px) 100vw, 286px\" \/><\/a><\/figure><\/div>\n\n\n\n<hr class=\"wp-block-separator has-alpha-channel-opacity\"\/>\n\n\n\n<div class=\"wp-block-media-text alignwide has-media-on-the-right is-stacked-on-mobile\" style=\"grid-template-columns:auto 26%\"><div class=\"wp-block-media-text__content\">\n<p class=\"has-text-align-center\">RESTAURACI\u00d3N AMBIENTAL<\/p>\n<\/div><figure class=\"wp-block-media-text__media\"><a href=\"http:\/\/www2.montes.upm.es\/ArboretoMontes\/index.php\/restauracion-ambiental\/\"><img decoding=\"async\" loading=\"lazy\" width=\"286\" height=\"315\" src=\"http:\/\/www2.montes.upm.es\/ArboretoMontes\/wp-content\/uploads\/2014\/10\/boton-RESTAUR.jpg\" alt=\"\" class=\"wp-image-822 size-full\" srcset=\"https:\/\/www2.montes.upm.es\/ArboretoMontes\/wp-content\/uploads\/2014\/10\/boton-RESTAUR.jpg 286w, https:\/\/www2.montes.upm.es\/ArboretoMontes\/wp-content\/uploads\/2014\/10\/boton-RESTAUR-272x300.jpg 272w\" sizes=\"(max-width: 286px) 100vw, 286px\" \/><\/a><\/figure><\/div>\n\n\n\n<hr class=\"wp-block-separator has-alpha-channel-opacity\"\/>\n\n\n\n<div class=\"wp-block-media-text alignwide has-media-on-the-right is-stacked-on-mobile\" style=\"grid-template-columns:auto 26%\"><div class=\"wp-block-media-text__content\">\n<p class=\"has-text-align-center\">HUELLA DE CARBONO <\/p>\n<\/div><figure class=\"wp-block-media-text__media\"><a href=\"http:\/\/www2.montes.upm.es\/ArboretoMontes\/index.php\/la-huella-de-carbono\/\"><img decoding=\"async\" loading=\"lazy\" width=\"286\" height=\"315\" src=\"http:\/\/www2.montes.upm.es\/ArboretoMontes\/wp-content\/uploads\/2014\/10\/boton-HUELLA.jpg\" alt=\"\" class=\"wp-image-824 size-full\" srcset=\"https:\/\/www2.montes.upm.es\/ArboretoMontes\/wp-content\/uploads\/2014\/10\/boton-HUELLA.jpg 286w, https:\/\/www2.montes.upm.es\/ArboretoMontes\/wp-content\/uploads\/2014\/10\/boton-HUELLA-272x300.jpg 272w\" sizes=\"(max-width: 286px) 100vw, 286px\" \/><\/a><\/figure><\/div>\n\n\n\n<hr class=\"wp-block-separator has-alpha-channel-opacity\"\/>\n\n\n\n<div class=\"wp-block-media-text alignwide has-media-on-the-right is-stacked-on-mobile\" style=\"grid-template-columns:auto 26%\"><div class=\"wp-block-media-text__content\">\n<p class=\"has-text-align-center\">CONSTRUCCI\u00d3N DE MADERA<\/p>\n<\/div><figure class=\"wp-block-media-text__media\"><a href=\"http:\/\/www2.montes.upm.es\/ArboretoMontes\/index.php\/construccion-con-madera\/\"><img decoding=\"async\" loading=\"lazy\" width=\"286\" height=\"315\" src=\"http:\/\/www2.montes.upm.es\/ArboretoMontes\/wp-content\/uploads\/2014\/10\/boton-construc-madera.jpg\" alt=\"\" class=\"wp-image-825 size-full\" srcset=\"https:\/\/www2.montes.upm.es\/ArboretoMontes\/wp-content\/uploads\/2014\/10\/boton-construc-madera.jpg 286w, https:\/\/www2.montes.upm.es\/ArboretoMontes\/wp-content\/uploads\/2014\/10\/boton-construc-madera-272x300.jpg 272w\" sizes=\"(max-width: 286px) 100vw, 286px\" \/><\/a><\/figure><\/div>\n\n\n\n<hr class=\"wp-block-separator has-alpha-channel-opacity\"\/>\n\n\n\n<div class=\"wp-block-media-text alignwide has-media-on-the-right is-stacked-on-mobile\" style=\"grid-template-columns:auto 26%\"><div class=\"wp-block-media-text__content\">\n<p class=\"has-text-align-center\">GESTI\u00d3N DE FAUNA SALVAJE<\/p>\n<\/div><figure class=\"wp-block-media-text__media\"><a href=\"http:\/\/www2.montes.upm.es\/ArboretoMontes\/index.php\/gestion-de-fauna-salvaje\/\"><img decoding=\"async\" loading=\"lazy\" width=\"286\" height=\"315\" src=\"http:\/\/www2.montes.upm.es\/ArboretoMontes\/wp-content\/uploads\/2014\/10\/boton-fauna.jpg\" alt=\"\" class=\"wp-image-827 size-full\" srcset=\"https:\/\/www2.montes.upm.es\/ArboretoMontes\/wp-content\/uploads\/2014\/10\/boton-fauna.jpg 286w, https:\/\/www2.montes.upm.es\/ArboretoMontes\/wp-content\/uploads\/2014\/10\/boton-fauna-272x300.jpg 272w\" sizes=\"(max-width: 286px) 100vw, 286px\" \/><\/a><\/figure><\/div>\n\n\n\n<hr class=\"wp-block-separator has-alpha-channel-opacity\"\/>\n\n\n\n<div class=\"wp-block-media-text alignwide has-media-on-the-right is-stacked-on-mobile\" style=\"grid-template-columns:auto 26%\"><div class=\"wp-block-media-text__content\">\n<p class=\"has-text-align-center\">ORDENACI\u00d3N Y PAISAJE<\/p>\n<\/div><figure class=\"wp-block-media-text__media\"><a href=\"http:\/\/www2.montes.upm.es\/ArboretoMontes\/index.php\/ordenacion-y-paisaje\/\"><img decoding=\"async\" loading=\"lazy\" width=\"286\" height=\"315\" src=\"http:\/\/www2.montes.upm.es\/ArboretoMontes\/wp-content\/uploads\/2014\/10\/boton-ORD-PSJ.jpg\" alt=\"\" class=\"wp-image-829 size-full\" srcset=\"https:\/\/www2.montes.upm.es\/ArboretoMontes\/wp-content\/uploads\/2014\/10\/boton-ORD-PSJ.jpg 286w, https:\/\/www2.montes.upm.es\/ArboretoMontes\/wp-content\/uploads\/2014\/10\/boton-ORD-PSJ-272x300.jpg 272w\" sizes=\"(max-width: 286px) 100vw, 286px\" \/><\/a><\/figure><\/div>\n\n\n\n<hr class=\"wp-block-separator has-alpha-channel-opacity\"\/>\n\n\n\n<div class=\"wp-block-media-text alignwide has-media-on-the-right is-stacked-on-mobile\" style=\"grid-template-columns:auto 26%\"><div class=\"wp-block-media-text__content\">\n<p class=\"has-text-align-center\">CAMBIO CLIM\u00c1TICO Y TECNOLOG\u00cdA FORESTAL<\/p>\n<\/div><figure class=\"wp-block-media-text__media\"><a href=\"http:\/\/www2.montes.upm.es\/ArboretoMontes\/index.php\/cambio-climatico-y-biotecnologia-forestal\/\"><img decoding=\"async\" loading=\"lazy\" width=\"286\" height=\"315\" src=\"http:\/\/www2.montes.upm.es\/ArboretoMontes\/wp-content\/uploads\/2014\/10\/boton-tecno-forest.jpg\" alt=\"\" class=\"wp-image-831 size-full\" srcset=\"https:\/\/www2.montes.upm.es\/ArboretoMontes\/wp-content\/uploads\/2014\/10\/boton-tecno-forest.jpg 286w, https:\/\/www2.montes.upm.es\/ArboretoMontes\/wp-content\/uploads\/2014\/10\/boton-tecno-forest-272x300.jpg 272w\" sizes=\"(max-width: 286px) 100vw, 286px\" \/><\/a><\/figure><\/div>\n\n\n\n<hr class=\"wp-block-separator has-alpha-channel-opacity\"\/>\n\n\n\n<div class=\"wp-block-media-text alignwide has-media-on-the-right is-stacked-on-mobile\" style=\"grid-template-columns:auto 26%\"><div class=\"wp-block-media-text__content\">\n<p class=\"has-text-align-center\">LA RESINA<\/p>\n<\/div><figure class=\"wp-block-media-text__media\"><a href=\"http:\/\/www2.montes.upm.es\/ArboretoMontes\/index.php\/la-resina\/\"><img decoding=\"async\" loading=\"lazy\" width=\"286\" height=\"315\" src=\"http:\/\/www2.montes.upm.es\/ArboretoMontes\/wp-content\/uploads\/2014\/10\/boton-RESINA.jpg\" alt=\"\" class=\"wp-image-832 size-full\" srcset=\"https:\/\/www2.montes.upm.es\/ArboretoMontes\/wp-content\/uploads\/2014\/10\/boton-RESINA.jpg 286w, https:\/\/www2.montes.upm.es\/ArboretoMontes\/wp-content\/uploads\/2014\/10\/boton-RESINA-272x300.jpg 272w\" sizes=\"(max-width: 286px) 100vw, 286px\" \/><\/a><\/figure><\/div>\n\n\n\n<hr class=\"wp-block-separator has-alpha-channel-opacity\"\/>\n\n\n\n<div class=\"wp-block-media-text alignwide has-media-on-the-right is-stacked-on-mobile\" style=\"grid-template-columns:auto 26%\"><div class=\"wp-block-media-text__content\">\n<p class=\"has-text-align-center\">INCENDIOS FORESTALES<\/p>\n<\/div><figure class=\"wp-block-media-text__media\"><a href=\"http:\/\/www2.montes.upm.es\/ArboretoMontes\/index.php\/incendios-forestales\/\"><img decoding=\"async\" loading=\"lazy\" width=\"286\" height=\"315\" src=\"http:\/\/www2.montes.upm.es\/ArboretoMontes\/wp-content\/uploads\/2014\/10\/boton-INCENDIOS.jpg\" alt=\"\" class=\"wp-image-834 size-full\" srcset=\"https:\/\/www2.montes.upm.es\/ArboretoMontes\/wp-content\/uploads\/2014\/10\/boton-INCENDIOS.jpg 286w, https:\/\/www2.montes.upm.es\/ArboretoMontes\/wp-content\/uploads\/2014\/10\/boton-INCENDIOS-272x300.jpg 272w\" sizes=\"(max-width: 286px) 100vw, 286px\" \/><\/a><\/figure><\/div>\n\n\n\n<hr class=\"wp-block-separator has-alpha-channel-opacity\"\/>\n\n\n\n<div class=\"wp-block-media-text alignwide has-media-on-the-right is-stacked-on-mobile\" style=\"grid-template-columns:auto 26%\"><div class=\"wp-block-media-text__content\">\n<p class=\"has-text-align-center\">VALORACI\u00d3N DEL ARBOLADO<\/p>\n<\/div><figure class=\"wp-block-media-text__media\"><a href=\"http:\/\/www2.montes.upm.es\/ArboretoMontes\/index.php\/valoracion-del-arbolado\/\"><img decoding=\"async\" loading=\"lazy\" width=\"286\" height=\"315\" src=\"http:\/\/www2.montes.upm.es\/ArboretoMontes\/wp-content\/uploads\/2014\/10\/boton-VALORACION.jpg\" alt=\"\" class=\"wp-image-836 size-full\" srcset=\"https:\/\/www2.montes.upm.es\/ArboretoMontes\/wp-content\/uploads\/2014\/10\/boton-VALORACION.jpg 286w, https:\/\/www2.montes.upm.es\/ArboretoMontes\/wp-content\/uploads\/2014\/10\/boton-VALORACION-272x300.jpg 272w\" sizes=\"(max-width: 286px) 100vw, 286px\" \/><\/a><\/figure><\/div>\n\n\n\n<hr class=\"wp-block-separator has-alpha-channel-opacity\"\/>\n\n\n\n<div class=\"wp-block-media-text alignwide has-media-on-the-right is-stacked-on-mobile\" style=\"grid-template-columns:auto 26%\"><div class=\"wp-block-media-text__content\">\n<p class=\"has-text-align-center\">CULTIVO ENERG\u00c9TICO Y BIOMASA<\/p>\n<\/div><figure class=\"wp-block-media-text__media\"><a href=\"http:\/\/www2.montes.upm.es\/ArboretoMontes\/index.php\/cultivos-energeticos-y-biomasa\/\"><img decoding=\"async\" loading=\"lazy\" width=\"286\" height=\"315\" src=\"http:\/\/www2.montes.upm.es\/ArboretoMontes\/wp-content\/uploads\/2014\/10\/boton-BIOMAS.jpg\" alt=\"\" class=\"wp-image-837 size-full\" srcset=\"https:\/\/www2.montes.upm.es\/ArboretoMontes\/wp-content\/uploads\/2014\/10\/boton-BIOMAS.jpg 286w, https:\/\/www2.montes.upm.es\/ArboretoMontes\/wp-content\/uploads\/2014\/10\/boton-BIOMAS-272x300.jpg 272w\" sizes=\"(max-width: 286px) 100vw, 286px\" \/><\/a><\/figure><\/div>\n\n\n\n<hr class=\"wp-block-separator has-alpha-channel-opacity\"\/>\n\n\n\n<div class=\"wp-block-media-text alignwide has-media-on-the-right is-stacked-on-mobile\" style=\"grid-template-columns:auto 26%\"><div class=\"wp-block-media-text__content\">\n<p class=\"has-text-align-center\">PISCICULTURA<\/p>\n<\/div><figure class=\"wp-block-media-text__media\"><a href=\"http:\/\/www2.montes.upm.es\/ArboretoMontes\/index.php\/piscifactoria\/\"><img decoding=\"async\" loading=\"lazy\" width=\"286\" height=\"315\" src=\"http:\/\/www2.montes.upm.es\/ArboretoMontes\/wp-content\/uploads\/2014\/10\/boton-PISCI.jpg\" alt=\"\" class=\"wp-image-839 size-full\" srcset=\"https:\/\/www2.montes.upm.es\/ArboretoMontes\/wp-content\/uploads\/2014\/10\/boton-PISCI.jpg 286w, https:\/\/www2.montes.upm.es\/ArboretoMontes\/wp-content\/uploads\/2014\/10\/boton-PISCI-272x300.jpg 272w\" sizes=\"(max-width: 286px) 100vw, 286px\" \/><\/a><\/figure><\/div>\n\n\n\n<hr class=\"wp-block-separator has-alpha-channel-opacity\"\/>\n\n\n\n<div class=\"wp-block-media-text alignwide has-media-on-the-right is-stacked-on-mobile\" style=\"grid-template-columns:auto 26%\"><div class=\"wp-block-media-text__content\">\n<p class=\"has-text-align-center\">SISTEMAS SILVOPASTORALES<\/p>\n<\/div><figure class=\"wp-block-media-text__media\"><a href=\"http:\/\/www2.montes.upm.es\/ArboretoMontes\/index.php\/pagina-maestra\/\"><img decoding=\"async\" loading=\"lazy\" width=\"286\" height=\"315\" src=\"http:\/\/www2.montes.upm.es\/ArboretoMontes\/wp-content\/uploads\/2014\/10\/boton-SILVO.jpg\" alt=\"\" class=\"wp-image-840 size-full\" srcset=\"https:\/\/www2.montes.upm.es\/ArboretoMontes\/wp-content\/uploads\/2014\/10\/boton-SILVO.jpg 286w, https:\/\/www2.montes.upm.es\/ArboretoMontes\/wp-content\/uploads\/2014\/10\/boton-SILVO-272x300.jpg 272w\" sizes=\"(max-width: 286px) 100vw, 286px\" \/><\/a><\/figure><\/div>\n\n\n\n<hr class=\"wp-block-separator has-alpha-channel-opacity\"\/>\n\n\n\n<div class=\"wp-block-media-text alignwide has-media-on-the-right is-stacked-on-mobile\" style=\"grid-template-columns:auto 26%\"><div class=\"wp-block-media-text__content\">\n<p class=\"has-text-align-center\">INTERVENCIONES EN JARDINES<\/p>\n<\/div><figure class=\"wp-block-media-text__media\"><a href=\"http:\/\/www2.montes.upm.es\/ArboretoMontes\/index.php\/intervenciones-en-jardines\/\"><img decoding=\"async\" loading=\"lazy\" width=\"286\" height=\"315\" src=\"http:\/\/www2.montes.upm.es\/ArboretoMontes\/wp-content\/uploads\/2014\/10\/boton-JARDIN.jpg\" alt=\"\" class=\"wp-image-841 size-full\" srcset=\"https:\/\/www2.montes.upm.es\/ArboretoMontes\/wp-content\/uploads\/2014\/10\/boton-JARDIN.jpg 286w, https:\/\/www2.montes.upm.es\/ArboretoMontes\/wp-content\/uploads\/2014\/10\/boton-JARDIN-272x300.jpg 272w\" sizes=\"(max-width: 286px) 100vw, 286px\" \/><\/a><\/figure><\/div>\n","protected":false},"excerpt":{"rendered":"<p>En esta p\u00e1gina podr\u00e1s encontrar distintos apartados en relaci\u00f3n a la investigaci\u00f3n y t\u00e9cnica forestal. Sigue los enlaces haciendo click en cada figura ESTRATEGIA DE RESPONSABILIDAD [&#8230;]<\/p>\n","protected":false},"author":1,"featured_media":0,"parent":0,"menu_order":0,"comment_status":"closed","ping_status":"closed","template":"","meta":[],"_links":{"self":[{"href":"https:\/\/www2.montes.upm.es\/ArboretoMontes\/index.php\/wp-json\/wp\/v2\/pages\/704"}],"collection":[{"href":"https:\/\/www2.montes.upm.es\/ArboretoMontes\/index.php\/wp-json\/wp\/v2\/pages"}],"about":[{"href":"https:\/\/www2.montes.upm.es\/ArboretoMontes\/index.php\/wp-json\/wp\/v2\/types\/page"}],"author":[{"embeddable":true,"href":"https:\/\/www2.montes.upm.es\/ArboretoMontes\/index.php\/wp-json\/wp\/v2\/users\/1"}],"replies":[{"embeddable":true,"href":"https:\/\/www2.montes.upm.es\/ArboretoMontes\/index.php\/wp-json\/wp\/v2\/comments?post=704"}],"version-history":[{"count":29,"href":"https:\/\/www2.montes.upm.es\/ArboretoMontes\/index.php\/wp-json\/wp\/v2\/pages\/704\/revisions"}],"predecessor-version":[{"id":1967,"href":"https:\/\/www2.montes.upm.es\/ArboretoMontes\/index.php\/wp-json\/wp\/v2\/pages\/704\/revisions\/1967"}],"wp:attachment":[{"href":"https:\/\/www2.montes.upm.es\/ArboretoMontes\/index.php\/wp-json\/wp\/v2\/media?parent=704"}],"curies":[{"name":"wp","href":"https:\/\/api.w.org\/{rel}","templated":true}]}}