{"id":77,"date":"2014-02-24T10:29:40","date_gmt":"2014-02-24T09:29:40","guid":{"rendered":"http:\/\/www2.montes.upm.es\/ArboretoMontes\/?page_id=77"},"modified":"2014-12-04T18:02:37","modified_gmt":"2014-12-04T17:02:37","slug":"informacion-general","status":"publish","type":"page","link":"https:\/\/www2.montes.upm.es\/ArboretoMontes\/index.php\/informacion-general\/","title":{"rendered":"El Arboreto"},"content":{"rendered":"<figure id=\"attachment_322\" aria-describedby=\"caption-attachment-322\" style=\"width: 1605px\" class=\"wp-caption alignnone\"><a href=\"http:\/\/www2.montes.upm.es\/ArboretoMontes\/wp-content\/uploads\/2014\/03\/la-foto-1.jpg\"><img decoding=\"async\" loading=\"lazy\" class=\"size-full wp-image-322\" title=\"P\u00c9RGOLA DEL ARBORETO DE MONTES CON LAS GLICINIAS EN FLOR\" alt=\"P\u00c9RGOLA DEL ARBORETO DE MONTES CON LAS GLICINIAS EN FLOR\" src=\"http:\/\/www2.montes.upm.es\/ArboretoMontes\/wp-content\/uploads\/2014\/03\/la-foto-1.jpg\" width=\"1605\" height=\"1077\" srcset=\"https:\/\/www2.montes.upm.es\/ArboretoMontes\/wp-content\/uploads\/2014\/03\/la-foto-1.jpg 1605w, https:\/\/www2.montes.upm.es\/ArboretoMontes\/wp-content\/uploads\/2014\/03\/la-foto-1-300x201.jpg 300w, https:\/\/www2.montes.upm.es\/ArboretoMontes\/wp-content\/uploads\/2014\/03\/la-foto-1-1024x687.jpg 1024w\" sizes=\"(max-width: 1605px) 100vw, 1605px\" \/><\/a><figcaption id=\"caption-attachment-322\" class=\"wp-caption-text\">P\u00c9RGOLA DEL ARBORETO DE MONTES CON LAS GLICINIAS EN FLOR<\/figcaption><\/figure>\n<p><span style=\"font-family: verdana, geneva;\">El Arboreto de la Escuela T\u00e9cnica Superior de Ingenieros de Montes no es s\u00f3lo una colecci\u00f3n de \u00e1rboles, es un laboratorio al aire libre y un espacio formativo en el que los alumnos realizan pr\u00e1cticas.<\/span><\/p>\n<figure id=\"attachment_1407\" aria-describedby=\"caption-attachment-1407\" style=\"width: 1698px\" class=\"wp-caption alignnone\"><a href=\"http:\/\/www2.montes.upm.es\/ArboretoMontes\/wp-content\/uploads\/2014\/02\/pergola_otogno.jpg\"><img decoding=\"async\" loading=\"lazy\" class=\" wp-image-1407 \" title=\"P\u00c9RGOLA DE LAS GLICINIAS DEL ARBORETO DE MONTES EN OTO\u00d1O\" alt=\"pergola_otogno\" src=\"http:\/\/www2.montes.upm.es\/ArboretoMontes\/wp-content\/uploads\/2014\/02\/pergola_otogno.jpg\" width=\"1698\" height=\"1141\" srcset=\"https:\/\/www2.montes.upm.es\/ArboretoMontes\/wp-content\/uploads\/2014\/02\/pergola_otogno.jpg 2229w, https:\/\/www2.montes.upm.es\/ArboretoMontes\/wp-content\/uploads\/2014\/02\/pergola_otogno-300x201.jpg 300w, https:\/\/www2.montes.upm.es\/ArboretoMontes\/wp-content\/uploads\/2014\/02\/pergola_otogno-1024x687.jpg 1024w\" sizes=\"(max-width: 1698px) 100vw, 1698px\" \/><\/a><figcaption id=\"caption-attachment-1407\" class=\"wp-caption-text\">P\u00c9RGOLA DE LAS GLICINIAS DEL ARBORETO DE MONTES EN OTO\u00d1O<\/figcaption><\/figure>\n<p>El Arboreto de Montes es un \u201cagujero verde\u201d para muchas especies de animales que cada vez m\u00e1s tienen cortada la retirada hacia espacios m\u00e1s abiertos. Es el refugio de cientos de aves que se abrigan y se alimentan en invierno, y se refrescan en verano. Es tambi\u00e9n parte de la expresi\u00f3n de las estaciones del a\u00f1o.\u00a0Es parte del paisaje diario de muchos madrile\u00f1os, estudiantes o no.<\/p>\n<p>Es un privilegio, en una ciudad como Madrid, contar con un espacio como este.<\/p>\n<p><a href=\"http:\/\/www2.montes.upm.es\/ArboretoMontes\/wp-content\/uploads\/2014\/02\/la-foto_red.jpg\"><img decoding=\"async\" loading=\"lazy\" class=\"aligncenter size-full wp-image-1420\" alt=\"la foto_red\" src=\"http:\/\/www2.montes.upm.es\/ArboretoMontes\/wp-content\/uploads\/2014\/02\/la-foto_red.jpg\" width=\"1024\" height=\"617\" srcset=\"https:\/\/www2.montes.upm.es\/ArboretoMontes\/wp-content\/uploads\/2014\/02\/la-foto_red.jpg 1024w, https:\/\/www2.montes.upm.es\/ArboretoMontes\/wp-content\/uploads\/2014\/02\/la-foto_red-300x180.jpg 300w\" sizes=\"(max-width: 1024px) 100vw, 1024px\" \/><\/a><\/p>\n<p><a href=\"http:\/\/www2.montes.upm.es\/ArboretoMontes\/wp-content\/uploads\/2014\/03\/googlea6a4837c69f6b4d3.html\">googlea6a4837c69f6b4d3<\/a><\/p>\n","protected":false},"excerpt":{"rendered":"<p>El Arboreto de la Escuela T\u00e9cnica Superior de Ingenieros de Montes no es s\u00f3lo una colecci\u00f3n de \u00e1rboles, es un laboratorio al aire libre y un [&#8230;]<\/p>\n","protected":false},"author":1,"featured_media":0,"parent":0,"menu_order":0,"comment_status":"closed","ping_status":"closed","template":"nosidebar-page.php","meta":[],"_links":{"self":[{"href":"https:\/\/www2.montes.upm.es\/ArboretoMontes\/index.php\/wp-json\/wp\/v2\/pages\/77"}],"collection":[{"href":"https:\/\/www2.montes.upm.es\/ArboretoMontes\/index.php\/wp-json\/wp\/v2\/pages"}],"about":[{"href":"https:\/\/www2.montes.upm.es\/ArboretoMontes\/index.php\/wp-json\/wp\/v2\/types\/page"}],"author":[{"embeddable":true,"href":"https:\/\/www2.montes.upm.es\/ArboretoMontes\/index.php\/wp-json\/wp\/v2\/users\/1"}],"replies":[{"embeddable":true,"href":"https:\/\/www2.montes.upm.es\/ArboretoMontes\/index.php\/wp-json\/wp\/v2\/comments?post=77"}],"version-history":[{"count":19,"href":"https:\/\/www2.montes.upm.es\/ArboretoMontes\/index.php\/wp-json\/wp\/v2\/pages\/77\/revisions"}],"predecessor-version":[{"id":1421,"href":"https:\/\/www2.montes.upm.es\/ArboretoMontes\/index.php\/wp-json\/wp\/v2\/pages\/77\/revisions\/1421"}],"wp:attachment":[{"href":"https:\/\/www2.montes.upm.es\/ArboretoMontes\/index.php\/wp-json\/wp\/v2\/media?parent=77"}],"curies":[{"name":"wp","href":"https:\/\/api.w.org\/{rel}","templated":true}]}}