{"id":103,"date":"2022-06-07T05:57:47","date_gmt":"2022-06-07T05:57:47","guid":{"rendered":"https:\/\/www2.montes.upm.es\/Blogs\/futuros\/?page_id=103"},"modified":"2022-06-20T11:01:41","modified_gmt":"2022-06-20T11:01:41","slug":"vida-universitaria","status":"publish","type":"page","link":"https:\/\/www2.montes.upm.es\/Blogs\/futuros\/vida-universitaria\/","title":{"rendered":"Vida Universitaria"},"content":{"rendered":"\n<p><strong>Asociaciones de estudiantes:<\/strong><\/p>\n\n\n\n<p>Las asociaciones estudiantiles son una parte esencial de la vida universitaria, d\u00f3nde a trav\u00e9s de la cultura, el ocio o el deporte los alumnos conocen a sus compa\u00f1eros y comparten todo tipo de experiencias.<\/p>\n\n\n\n<p>Las asociaciones de la ETS de Ingenier\u00eda de Montes, Forestal y del Medio Natural de la Universidad Polit\u00e9cnica de Madrid se detallan en la siguiente relaci\u00f3n:<\/p>\n\n\n\n<pre class=\"wp-block-code\"><code>  <a href=\"https:\/\/www.montes.upm.es\/sfs\/montesymedionatural\/Alumnos-RRII\/Asociaciones_ETSIMFMN\/ASOCIACION-Caza_y_pesca_montes.pdf\">  Caza y pesca Montes<\/a>\n    Club bons\u00e1i Montes\n   <a href=\"https:\/\/www.montes.upm.es\/sfs\/montesymedionatural\/Alumnos-RRII\/Asociaciones_ETSIMFMN\/ASOCIACION-Club_Imagen_Sonido-corregido.pdf\"> Club de Imagen y Sonido (CIS)<\/a>\n   <a href=\"http:\/\/www.montes.upm.es\/Estudiantes\/Asociaciones?fmt=detail&amp;prefmt=articulo&amp;id=8ed8025bb7db8610VgnVCM10000009c7648a____\"> Club Deportivo Montes, Forestal y del Medio Natural<\/a>\n    <a href=\"http:\/\/www.montes.upm.es\/Estudiantes\/Asociaciones?fmt=detail&amp;prefmt=articulo&amp;id=999b35cb1e7b8610VgnVCM10000009c7648a____\">Crinos<\/a>\n    <a href=\"http:\/\/www.montesymedionatural.upm.es\/Futuros_Alumnos\/Delegacion?fmt=detail&amp;prefmt=articulo&amp;id=a80b03818ec8f410VgnVCM10000009c7648a____\">Delegaci\u00f3n de Alumnos<\/a>\n    <a href=\"http:\/\/www.montes.upm.es\/Estudiantes\/Asociaciones?fmt=detail&amp;prefmt=articulo&amp;id=50a735cb1e7b8610VgnVCM10000009c7648a____\">Grupo de Monta\u00f1a de Montes<\/a>\n    Grupo Ecologistas de Montes y Forestales\n   <a href=\"http:\/\/www.montes.upm.es\/Estudiantes\/Asociaciones?fmt=detail&amp;prefmt=articulo&amp;id=2f4d025bb7db8610VgnVCM10000009c7648a____\"> Populus teatrensis<\/a>\n    <a href=\"http:\/\/www.montes.upm.es\/Estudiantes\/Asociaciones?fmt=detail&amp;prefmt=articulo&amp;id=53e6bd59a3db8610VgnVCM10000009c7648a____\">Teatro Buhardilla<\/a>\n    <a href=\"http:\/\/www.montes.upm.es\/Estudiantes\/Asociaciones?fmt=detail&amp;prefmt=articulo&amp;id=24f1025bb7db8610VgnVCM10000009c7648a____\">Tuna de Montes<\/a>\n    <a href=\"https:\/\/www.montes.upm.es\/sfs\/montesymedionatural\/Alumnos-RRII\/Asociaciones_ETSIMFMN\/ASOCIACION-Catolica_Antorcha.pdf\">Asociaci\u00f3n Cat\u00f3lica \"Antorcha\"<\/a><\/code><\/pre>\n\n\n\n<p>Adem\u00e1s de estas asociaciones, algunos profesores y alumnos de la ETSIMFMN colaboramos tambi\u00e9n con ONGAWA \u2013 Ingenier\u00eda para el Desarrollo Humano. ONGAWA \u2013 Ingenier\u00eda para el Desarrollo Humano<\/p>\n\n\n\n<p><\/p>\n\n\n\n<p><strong>Viajes de pr\u00e1cticas:<\/strong><\/p>\n","protected":false},"excerpt":{"rendered":"<p>Asociaciones de estudiantes: Las asociaciones estudiantiles son una parte esencial de la vida universitaria, d\u00f3nde a trav\u00e9s de la cultura,<\/p>\n","protected":false},"author":6,"featured_media":0,"parent":0,"menu_order":0,"comment_status":"closed","ping_status":"closed","template":"","meta":[],"_links":{"self":[{"href":"https:\/\/www2.montes.upm.es\/Blogs\/futuros\/wp-json\/wp\/v2\/pages\/103"}],"collection":[{"href":"https:\/\/www2.montes.upm.es\/Blogs\/futuros\/wp-json\/wp\/v2\/pages"}],"about":[{"href":"https:\/\/www2.montes.upm.es\/Blogs\/futuros\/wp-json\/wp\/v2\/types\/page"}],"author":[{"embeddable":true,"href":"https:\/\/www2.montes.upm.es\/Blogs\/futuros\/wp-json\/wp\/v2\/users\/6"}],"replies":[{"embeddable":true,"href":"https:\/\/www2.montes.upm.es\/Blogs\/futuros\/wp-json\/wp\/v2\/comments?post=103"}],"version-history":[{"count":5,"href":"https:\/\/www2.montes.upm.es\/Blogs\/futuros\/wp-json\/wp\/v2\/pages\/103\/revisions"}],"predecessor-version":[{"id":218,"href":"https:\/\/www2.montes.upm.es\/Blogs\/futuros\/wp-json\/wp\/v2\/pages\/103\/revisions\/218"}],"wp:attachment":[{"href":"https:\/\/www2.montes.upm.es\/Blogs\/futuros\/wp-json\/wp\/v2\/media?parent=103"}],"curies":[{"name":"wp","href":"https:\/\/api.w.org\/{rel}","templated":true}]}}