{"id":107,"date":"2022-06-07T06:03:11","date_gmt":"2022-06-07T06:03:11","guid":{"rendered":"https:\/\/www2.montes.upm.es\/Blogs\/futuros\/?page_id=107"},"modified":"2022-06-17T10:35:11","modified_gmt":"2022-06-17T10:35:11","slug":"master-universitario-el-agua-en-el-medio-natural-usos-y-gestion","status":"publish","type":"page","link":"https:\/\/www2.montes.upm.es\/Blogs\/futuros\/nuestros-master\/master-universitario-el-agua-en-el-medio-natural-usos-y-gestion\/","title":{"rendered":"M\u00e1ster Universitario \u00abEl Agua en el Medio Natural. Usos y Gesti\u00f3n\u00bb"},"content":{"rendered":"\n<div class=\"wp-block-media-text alignfull is-stacked-on-mobile is-vertically-aligned-center\"><figure class=\"wp-block-media-text__media\"><img loading=\"lazy\" width=\"600\" height=\"338\" src=\"http:\/\/www2.montes.upm.es\/Blogs\/futuros\/wp-content\/uploads\/sites\/2\/2022\/06\/agua.jpg\" alt=\"\" class=\"wp-image-182 size-full\" srcset=\"https:\/\/www2.montes.upm.es\/Blogs\/futuros\/wp-content\/uploads\/sites\/2\/2022\/06\/agua.jpg 600w, https:\/\/www2.montes.upm.es\/Blogs\/futuros\/wp-content\/uploads\/sites\/2\/2022\/06\/agua-300x169.jpg 300w\" sizes=\"(max-width: 600px) 100vw, 600px\" \/><\/figure><div class=\"wp-block-media-text__content\">\n<h3 class=\"has-text-align-center has-text-color\" style=\"color:#000000\"><\/h3>\n\n\n\n<p class=\"has-text-align-center has-extra-small-font-size\"><a href=\"https:\/\/www.montes.upm.es\/Estudiantes\/EstudiosTitulaciones\/Master_Oficiales\/MasterAguas\">M\u00e1s informaci\u00f3n \u2197<\/a><\/p>\n<\/div><\/div>\n\n\n\n<p>Este M\u00e1ster pretende cubrir la demanda creciente de profesionales especializados en la gesti\u00f3n de los recursos h\u00eddricos en el medio natural.<br><br>En las \u00faltimas d\u00e9cadas, junto a los crecientes consumos h\u00eddricos urbanos, industriales y agr\u00edcolas, ha surgido con fuerza la exigencia de una mayor calidad ecol\u00f3gica de los ecosistemas en los que el agua es componente esencial.<br><br>Estas nuevas demandas sociales se han tenido en cuenta por la Directiva Marco del Agua y la Ley de Aguas, en donde prevalece el principio de que el uso de los recursos h\u00eddricos debe quedar supeditado a que se garantice la calidad ecol\u00f3gica de los sistemas acu\u00e1ticos del medio natural.<br><br>Como instrumento t\u00e9cnico que permita una gesti\u00f3n sostenible del agua y de los ecosistemas a ella vinculados, se ha reglamentado la obligaci\u00f3n de realizar Planes Hidrol\u00f3gicos de cuenca. Para su dise\u00f1o, ejecuci\u00f3n y seguimiento es preciso contar con profesionales capacitados para:<\/p>\n\n\n\n<ul><li>Desarrollar estrategias de gesti\u00f3n de ecosistemas fluviales compatibles con su calidad ecol\u00f3gica<\/li><li>Desarrollar y aplicar m\u00e9todos de optimizaci\u00f3n cuantitativa y cualitativa de los recursos h\u00eddricos<\/li><li>Restaurar los ecosistemas acu\u00e1ticos degradados.<\/li><li>Ordenar los usos culturales y recreativos de los ecosistemas fluviales y palustres.<\/li><li>Desarrollar sistemas de producci\u00f3n acu\u00edcola sostenibles y ambientalmente aceptables.<\/li><\/ul>\n\n\n\n<h5>El M\u00e1ster est\u00e1 dirigido a:<\/h5>\n\n\n\n<p>Graduados vinculados tanto a la ingenier\u00eda ambiental y del agua como al medio ambiente y la biolog\u00eda, que quieran completar su formaci\u00f3n con contenidos t\u00e9cnicos y cient\u00edficos, con el objetivo de disponer de conocimientos, t\u00e9cnicas y capacidades que les permitan abordar y resolver los retos profesionales m\u00e1s habituales vinculados con la gesti\u00f3n real de los ecosistemas fluviales, en un contexto multidisciplinar, aportando soluciones que, siendo ambientalmente compatibles con el buen estado ecol\u00f3gico de los ecosistemas acu\u00e1ticos, permitan tambi\u00e9n tener en cuenta los usos y demandas asociados a los recursos h\u00eddricos.<\/p>\n","protected":false},"excerpt":{"rendered":"<p>M\u00e1s informaci\u00f3n \u2197 Este M\u00e1ster pretende cubrir la demanda creciente de profesionales especializados en la gesti\u00f3n de los recursos h\u00eddricos<\/p>\n","protected":false},"author":6,"featured_media":0,"parent":60,"menu_order":2,"comment_status":"closed","ping_status":"closed","template":"","meta":[],"_links":{"self":[{"href":"https:\/\/www2.montes.upm.es\/Blogs\/futuros\/wp-json\/wp\/v2\/pages\/107"}],"collection":[{"href":"https:\/\/www2.montes.upm.es\/Blogs\/futuros\/wp-json\/wp\/v2\/pages"}],"about":[{"href":"https:\/\/www2.montes.upm.es\/Blogs\/futuros\/wp-json\/wp\/v2\/types\/page"}],"author":[{"embeddable":true,"href":"https:\/\/www2.montes.upm.es\/Blogs\/futuros\/wp-json\/wp\/v2\/users\/6"}],"replies":[{"embeddable":true,"href":"https:\/\/www2.montes.upm.es\/Blogs\/futuros\/wp-json\/wp\/v2\/comments?post=107"}],"version-history":[{"count":3,"href":"https:\/\/www2.montes.upm.es\/Blogs\/futuros\/wp-json\/wp\/v2\/pages\/107\/revisions"}],"predecessor-version":[{"id":201,"href":"https:\/\/www2.montes.upm.es\/Blogs\/futuros\/wp-json\/wp\/v2\/pages\/107\/revisions\/201"}],"up":[{"embeddable":true,"href":"https:\/\/www2.montes.upm.es\/Blogs\/futuros\/wp-json\/wp\/v2\/pages\/60"}],"wp:attachment":[{"href":"https:\/\/www2.montes.upm.es\/Blogs\/futuros\/wp-json\/wp\/v2\/media?parent=107"}],"curies":[{"name":"wp","href":"https:\/\/api.w.org\/{rel}","templated":true}]}}