{"id":112,"date":"2022-06-07T06:06:37","date_gmt":"2022-06-07T06:06:37","guid":{"rendered":"https:\/\/www2.montes.upm.es\/Blogs\/futuros\/?page_id=112"},"modified":"2022-06-17T10:40:34","modified_gmt":"2022-06-17T10:40:34","slug":"master-universitario-en-tecnicas-de-lucha-contra-incendios-forestales","status":"publish","type":"page","link":"https:\/\/www2.montes.upm.es\/Blogs\/futuros\/nuestros-master\/master-universitario-en-tecnicas-de-lucha-contra-incendios-forestales\/","title":{"rendered":"M\u00e1ster Universitario en T\u00e9cnicas de Lucha contra Incendios Forestales"},"content":{"rendered":"\n<div class=\"wp-block-media-text alignfull is-stacked-on-mobile is-vertically-aligned-center\"><figure class=\"wp-block-media-text__media\"><img loading=\"lazy\" width=\"819\" height=\"1024\" src=\"https:\/\/www2.montes.upm.es\/Blogs\/futuros\/wp-content\/uploads\/sites\/2\/2022\/06\/incendios-819x1024.jpeg\" alt=\"\" class=\"wp-image-179 size-full\" srcset=\"https:\/\/www2.montes.upm.es\/Blogs\/futuros\/wp-content\/uploads\/sites\/2\/2022\/06\/incendios-819x1024.jpeg 819w, https:\/\/www2.montes.upm.es\/Blogs\/futuros\/wp-content\/uploads\/sites\/2\/2022\/06\/incendios-240x300.jpeg 240w, https:\/\/www2.montes.upm.es\/Blogs\/futuros\/wp-content\/uploads\/sites\/2\/2022\/06\/incendios-768x960.jpeg 768w, https:\/\/www2.montes.upm.es\/Blogs\/futuros\/wp-content\/uploads\/sites\/2\/2022\/06\/incendios-1229x1536.jpeg 1229w, https:\/\/www2.montes.upm.es\/Blogs\/futuros\/wp-content\/uploads\/sites\/2\/2022\/06\/incendios.jpeg 1638w\" sizes=\"(max-width: 819px) 100vw, 819px\" \/><\/figure><div class=\"wp-block-media-text__content\">\n<h3 class=\"has-text-align-center has-text-color\" style=\"color:#000000\"><\/h3>\n\n\n\n<p><\/p>\n\n\n\n<p>El t\u00edtulo de M\u00e1ster Universitario en T\u00e9cnicas de Lucha contra Incendios Forestales pretende cubrir la demanda creciente de profesionales especializados en la gesti\u00f3n de incendios forestales. Se trata de una M\u00e1ster oficial de la Universidad Polit\u00e9cnica de Madrid reconocido por la ANECA de 60 ECTS &nbsp;en&nbsp;<strong>modalidad online.<\/strong><\/p>\n\n\n\n<p>Este m\u00e1ster capacita para desempe\u00f1ar m\u00faltiples actividades relacionadas con el manejo y gesti\u00f3n de incendios forestales:<\/p>\n\n\n\n<ul><li>Evaluaci\u00f3n de riesgo de incendio.<\/li><li>Analista de incendios<\/li><li>Planificaci\u00f3n de la prevenci\u00f3n de incendios forestales<\/li><li>Especialista en log\u00edstica de incendios forestales<\/li><li>Direcci\u00f3n de operaciones de extinci\u00f3n<\/li><li>Oficial de seguridad de los trabajos de extinci\u00f3n<\/li><li>Investigaci\u00f3n de causas de incendios forestales<\/li><li>Valoraci\u00f3n de los da\u00f1os y efectos de los incendios<\/li><li>Restauraci\u00f3n post-incendio<\/li><li>Coordinaci\u00f3n de medios a\u00e9reos<\/li><\/ul>\n\n\n\n<p>El alumnado se organiza para leer la documentaci\u00f3n, ver las clases grabadas, asistir a las tutor\u00edas grupales, pactadas previamente, consultar tutor\u00edas por correo electr\u00f3nico o por tel\u00e9fono a los profesores implicados en la docencia de cada asignatura.<\/p>\n\n\n\n<p>El alumnado durante el m\u00e1ster manejar\u00e1 herramientas basadas en la teledetecci\u00f3n y an\u00e1lisis de im\u00e1genes, sistemas de informaci\u00f3n geogr\u00e1fica, diferentes simuladores, bases de datos, etc&#8230;<br>Se realizar\u00e1n pr\u00e1cticas y trabajos bajo la supervisi\u00f3n de los profesores. La evaluaci\u00f3n de las asignaturas se realizar\u00e1 con pruebas objetivos, casos o trabajos pr\u00e1cticos propuestos por los tutores de las materias.<\/p>\n\n\n\n<p class=\"has-text-align-center has-extra-small-font-size\"><a href=\"https:\/\/www.montes.upm.es\/Estudiantes\/EstudiosTitulaciones\/Master_Oficiales\/Master_en_Tecnicas_de_Lucha_contra_Incendios_Forestales\" target=\"_blank\" rel=\"noreferrer noopener\">M\u00e1s informaci\u00f3n \u2197<\/a><\/p>\n<\/div><\/div>\n","protected":false},"excerpt":{"rendered":"<p>El t\u00edtulo de M\u00e1ster Universitario en T\u00e9cnicas de Lucha contra Incendios Forestales pretende cubrir la demanda creciente de profesionales especializados<\/p>\n","protected":false},"author":6,"featured_media":0,"parent":60,"menu_order":4,"comment_status":"closed","ping_status":"closed","template":"","meta":[],"_links":{"self":[{"href":"https:\/\/www2.montes.upm.es\/Blogs\/futuros\/wp-json\/wp\/v2\/pages\/112"}],"collection":[{"href":"https:\/\/www2.montes.upm.es\/Blogs\/futuros\/wp-json\/wp\/v2\/pages"}],"about":[{"href":"https:\/\/www2.montes.upm.es\/Blogs\/futuros\/wp-json\/wp\/v2\/types\/page"}],"author":[{"embeddable":true,"href":"https:\/\/www2.montes.upm.es\/Blogs\/futuros\/wp-json\/wp\/v2\/users\/6"}],"replies":[{"embeddable":true,"href":"https:\/\/www2.montes.upm.es\/Blogs\/futuros\/wp-json\/wp\/v2\/comments?post=112"}],"version-history":[{"count":3,"href":"https:\/\/www2.montes.upm.es\/Blogs\/futuros\/wp-json\/wp\/v2\/pages\/112\/revisions"}],"predecessor-version":[{"id":206,"href":"https:\/\/www2.montes.upm.es\/Blogs\/futuros\/wp-json\/wp\/v2\/pages\/112\/revisions\/206"}],"up":[{"embeddable":true,"href":"https:\/\/www2.montes.upm.es\/Blogs\/futuros\/wp-json\/wp\/v2\/pages\/60"}],"wp:attachment":[{"href":"https:\/\/www2.montes.upm.es\/Blogs\/futuros\/wp-json\/wp\/v2\/media?parent=112"}],"curies":[{"name":"wp","href":"https:\/\/api.w.org\/{rel}","templated":true}]}}