{"id":114,"date":"2022-06-07T06:07:46","date_gmt":"2022-06-07T06:07:46","guid":{"rendered":"https:\/\/www2.montes.upm.es\/Blogs\/futuros\/?page_id=114"},"modified":"2022-06-17T10:47:33","modified_gmt":"2022-06-17T10:47:33","slug":"master-universitario-en-gestion-del-turismo-ecologico-y-sostenible","status":"publish","type":"page","link":"https:\/\/www2.montes.upm.es\/Blogs\/futuros\/nuestros-master\/master-universitario-en-gestion-del-turismo-ecologico-y-sostenible\/","title":{"rendered":"M\u00e1ster Universitario en Gesti\u00f3n del Turismo Ecol\u00f3gico y Sostenible"},"content":{"rendered":"\n<div class=\"wp-block-media-text alignfull is-stacked-on-mobile is-vertically-aligned-center\"><figure class=\"wp-block-media-text__media\"><img loading=\"lazy\" width=\"920\" height=\"1024\" src=\"https:\/\/www2.montes.upm.es\/Blogs\/futuros\/wp-content\/uploads\/sites\/2\/2022\/06\/masterturismo-920x1024.png\" alt=\"\" class=\"wp-image-208 size-full\" srcset=\"https:\/\/www2.montes.upm.es\/Blogs\/futuros\/wp-content\/uploads\/sites\/2\/2022\/06\/masterturismo-920x1024.png 920w, https:\/\/www2.montes.upm.es\/Blogs\/futuros\/wp-content\/uploads\/sites\/2\/2022\/06\/masterturismo-270x300.png 270w, https:\/\/www2.montes.upm.es\/Blogs\/futuros\/wp-content\/uploads\/sites\/2\/2022\/06\/masterturismo-768x855.png 768w, https:\/\/www2.montes.upm.es\/Blogs\/futuros\/wp-content\/uploads\/sites\/2\/2022\/06\/masterturismo.png 1132w\" sizes=\"(max-width: 920px) 100vw, 920px\" \/><\/figure><div class=\"wp-block-media-text__content\">\n<h3 class=\"has-text-align-center has-text-color\" style=\"color:#000000\"><\/h3>\n\n\n\n<p>El t\u00edtulo de&nbsp;<strong>M\u00e1ster Universitario en Gesti\u00f3n del Turismo Ecol\u00f3gico y Sostenible<\/strong>&nbsp;(Master of Science in Management of Sustainable and Ecological Tourism) &nbsp;pretende cubrir la demanda creciente de profesionales especializados en la gesti\u00f3n del &nbsp;turismo ecol\u00f3gico.<\/p>\n\n\n\n<p><br>La titulaci\u00f3n &nbsp;capacita para desempe\u00f1ar m\u00faltiples actividades relacionadas con en el \u00e1rea del ecoturismo, por medio de la adopci\u00f3n de pr\u00e1cticas tur\u00edsticas teniendo como base el desarrollo sostenible y la conservaci\u00f3n del medio natural.<\/p>\n\n\n\n<p><br>El alumno obtendr\u00e1 la capacidad de toma de decisiones en la gesti\u00f3n de nuevas pr\u00e1cticas ecotur\u00edsticas en auge, ya que suponen un impulso para la econom\u00eda, sobre todo en pa\u00edses en v\u00edas de desarrollo.<\/p>\n\n\n\n<p><br>Este M\u00e1ster pretende cubrir la demanda creciente de profesionales especializados en el turismo ecol\u00f3gico. En las \u00faltimas d\u00e9cadas, junto al creciente n\u00famero de turistas, ha surgido con fuerza la exigencia de una mayor calidad del producto final y la necesidad de que est\u00e9 cada vez m\u00e1s relacionado con la conservaci\u00f3n del medio ambiente de una forma respetuosa y sostenible.<\/p>\n\n\n\n<p class=\"has-text-align-center has-extra-small-font-size\"><a href=\"https:\/\/www.montes.upm.es\/Estudiantes\/EstudiosTitulaciones\/Master_Oficiales\/MasterGestionTurismoEcologicoySostenible\">M\u00e1s informaci\u00f3n\u2197<\/a><\/p>\n<\/div><\/div>\n","protected":false},"excerpt":{"rendered":"<p>El t\u00edtulo de&nbsp;M\u00e1ster Universitario en Gesti\u00f3n del Turismo Ecol\u00f3gico y Sostenible&nbsp;(Master of Science in Management of Sustainable and Ecological Tourism)<\/p>\n","protected":false},"author":6,"featured_media":0,"parent":60,"menu_order":5,"comment_status":"closed","ping_status":"closed","template":"","meta":[],"_links":{"self":[{"href":"https:\/\/www2.montes.upm.es\/Blogs\/futuros\/wp-json\/wp\/v2\/pages\/114"}],"collection":[{"href":"https:\/\/www2.montes.upm.es\/Blogs\/futuros\/wp-json\/wp\/v2\/pages"}],"about":[{"href":"https:\/\/www2.montes.upm.es\/Blogs\/futuros\/wp-json\/wp\/v2\/types\/page"}],"author":[{"embeddable":true,"href":"https:\/\/www2.montes.upm.es\/Blogs\/futuros\/wp-json\/wp\/v2\/users\/6"}],"replies":[{"embeddable":true,"href":"https:\/\/www2.montes.upm.es\/Blogs\/futuros\/wp-json\/wp\/v2\/comments?post=114"}],"version-history":[{"count":2,"href":"https:\/\/www2.montes.upm.es\/Blogs\/futuros\/wp-json\/wp\/v2\/pages\/114\/revisions"}],"predecessor-version":[{"id":209,"href":"https:\/\/www2.montes.upm.es\/Blogs\/futuros\/wp-json\/wp\/v2\/pages\/114\/revisions\/209"}],"up":[{"embeddable":true,"href":"https:\/\/www2.montes.upm.es\/Blogs\/futuros\/wp-json\/wp\/v2\/pages\/60"}],"wp:attachment":[{"href":"https:\/\/www2.montes.upm.es\/Blogs\/futuros\/wp-json\/wp\/v2\/media?parent=114"}],"curies":[{"name":"wp","href":"https:\/\/api.w.org\/{rel}","templated":true}]}}