{"id":227,"date":"2023-03-01T17:44:47","date_gmt":"2023-03-01T17:44:47","guid":{"rendered":"https:\/\/www2.montes.upm.es\/Blogs\/futuros\/?page_id=227"},"modified":"2023-03-02T10:46:26","modified_gmt":"2023-03-02T10:46:26","slug":"227-2","status":"publish","type":"page","link":"https:\/\/www2.montes.upm.es\/Blogs\/futuros\/nuestros-grados\/ingenieria-del-medio-natural\/227-2\/","title":{"rendered":"Gu\u00edas de Aprendizaje. GIMN"},"content":{"rendered":"\n<strong>PRIMER CURSO<\/strong> <br> 1er semestre <br><a href=\"\/\/www.upm.es\/comun_gauss\/publico\/guias\/2022-23\/1S\/GA_13MP_135005104_1S_2022-23.pdf\"> EXPRESI\u00d3N GR\u00c1FICA EN LA INGENIER\u00cdA <\/a><br>\n<a href=\"\/\/www.upm.es\/comun_gauss\/publico\/guias\/2022-23\/1S\/GA_13MP_135005102_1S_2022-23.pdf\"> F\u00cdSICA I <\/a><br>\n<a href=\"\/\/www.upm.es\/comun_gauss\/publico\/guias\/2022-23\/1S\/GA_13MP_135005103_1S_2022-23.pdf\"> MATEM\u00c1TICAS I <\/a><br>\n<a href=\"\/\/www.upm.es\/comun_gauss\/publico\/guias\/2022-23\/1S\/GA_13MP_135005101_1S_2022-23.pdf\"> QU\u00cdMICA <\/a><br>\n<a href=\"\/\/www.upm.es\/comun_gauss\/publico\/guias\/2022-23\/1S\/GA_13MP_135005105_1S_2022-23.pdf\"> ZOOLOG\u00cdA <\/a><br>\n2\u00ba semestre <br><a href=\"\/\/www.upm.es\/comun_gauss\/publico\/guias\/2022-23\/2S\/GA_13MP_135005204_2S_2022-23.pdf\"> BOT\u00c1NICA <\/a><br>\n<a href=\"\/\/www.upm.es\/comun_gauss\/publico\/guias\/2022-23\/2S\/GA_13MP_135005203_2S_2022-23.pdf\"> ESTAD\u00cdSTICA <\/a><br>\n<a href=\"\/\/www.upm.es\/comun_gauss\/publico\/guias\/2022-23\/2S\/GA_13MP_135005202_2S_2022-23.pdf\"> MATEM\u00c1TICAS II <\/a><br>\n<a href=\"\/\/www.upm.es\/comun_gauss\/publico\/guias\/2022-23\/2S\/GA_13MP_135005206_2S_2022-23.pdf\"> CLIMATOLOG\u00cdA <\/a><br>\n<a href=\"\/\/www.upm.es\/comun_gauss\/publico\/guias\/2022-23\/2S\/GA_13MP_135005305_2S_2022-23.pdf\"> ECOFISIOLOG\u00cdA VEGETAL <\/a><br>\n<a href=\"\/\/www.upm.es\/comun_gauss\/publico\/guias\/2022-23\/2S\/GA_13MP_135005201_2S_2022-23.pdf\"> F\u00cdSICA II <\/a><br>\n<br><strong>SEGUNDO CURSO<\/strong>  <br> 3er semestre <br><a href=\"\/\/www.upm.es\/comun_gauss\/publico\/guias\/2022-23\/1S\/GA_13MP_135005303_1S_2022-23.pdf\"> ECONOM\u00cdA GENERAL Y AMBIENTAL <\/a><br>\n<a href=\"\/\/www.upm.es\/comun_gauss\/publico\/guias\/2022-23\/1S\/GA_13MP_135005302_1S_2022-23.pdf\"> GEOLOG\u00cdA Y EDAFOLOG\u00cdA <\/a><br>\n<a href=\"\/\/www.upm.es\/comun_gauss\/publico\/guias\/2022-23\/1S\/GA_13MP_135005301_1S_2022-23.pdf\"> INFORM\u00c1TICA Y MODELIZACI\u00d3N <\/a><br>\n<a href=\"\/\/www.upm.es\/comun_gauss\/publico\/guias\/2022-23\/1S\/GA_13MP_135005307_1S_2022-23.pdf\"> HIDR\u00c1ULICA FLUVIAL <\/a><br>\n<a href=\"\/\/www.upm.es\/comun_gauss\/publico\/guias\/2022-23\/1S\/GA_13MP_135005504_1S_2022-23.pdf\"> INDICADORES DE CALIDAD AMBIENTAL <\/a><br>\n<a href=\"\/\/www.upm.es\/comun_gauss\/publico\/guias\/2022-23\/1S\/GA_13MP_135005404_1S_2022-23.pdf\"> TOPOGRAF\u00cdA Y SISTEMAS DE INFORMACI\u00d3N GEOGR\u00c1FICA <\/a><br>\n4\u00ba semestre <br><a href=\"\/\/www.upm.es\/comun_gauss\/publico\/guias\/2022-23\/2S\/GA_13MP_135005205_2S_2022-23.pdf\"> ECONOM\u00cdA DE LA EMPRESA <\/a><br>\n<a href=\"\/\/www.upm.es\/comun_gauss\/publico\/guias\/2022-23\/2S\/GA_13MP_135005405_2S_2022-23.pdf\"> BIOMETR\u00cdA <\/a><br>\n<a href=\"\/\/www.upm.es\/comun_gauss\/publico\/guias\/2022-23\/2S\/GA_13MP_135005403_2S_2022-23.pdf\"> ECOLOG\u00cdA GENERAL Y ECOSIST\u00c9MICA <\/a><br>\n<a href=\"\/\/www.upm.es\/comun_gauss\/publico\/guias\/2022-23\/2S\/GA_13MP_135005402_2S_2022-23.pdf\"> FLORA Y VEGETACI\u00d3N EN LOS SISTEMAS NATURALES <\/a><br>\n<a href=\"\/\/www.upm.es\/comun_gauss\/publico\/guias\/2022-23\/2S\/GA_13MP_135005834_2S_2022-23.pdf\"> GEOM\u00c1TICA APLICADA <\/a><br>\n<a href=\"\/\/www.upm.es\/comun_gauss\/publico\/guias\/2022-23\/2S\/GA_13MP_135005306_2S_2022-23.pdf\"> MICROBIOLOG\u00cdA APLICADA <\/a><br>\n<a href=\"\/\/www.upm.es\/comun_gauss\/publico\/guias\/2022-23\/2S\/GA_13MP_135005401_2S_2022-23.pdf\"> RECURSOS H\u00cdDRICOS Y GESTI\u00d3N DE CUENCAS <\/a><br>\n<br><strong>TERCER CURSO<\/strong>  <br> 5\u00ba semestre <br><a href=\"\/\/www.upm.es\/comun_gauss\/publico\/guias\/2022-23\/1S\/GA_13MP_135005501_1S_2022-23.pdf\"> BIOLOG\u00cdA DE LA CONSERVACI\u00d3N <\/a><br>\n<a href=\"\/\/www.upm.es\/comun_gauss\/publico\/guias\/2022-23\/1S\/GA_13MP_135005803_1S_2022-23.pdf\"> DERECHO AMBIENTAL <\/a><br>\n<a href=\"\/\/www.upm.es\/comun_gauss\/publico\/guias\/2022-23\/1S\/GA_13MP_135005503_1S_2022-23.pdf\"> DISE\u00d1O Y CONSTRUCCI\u00d3N DE INFRAESTRUCTURAS <\/a><br>\n<a href=\"\/\/www.upm.es\/comun_gauss\/publico\/guias\/2022-23\/1S\/GA_13MP_135005502_1S_2022-23.pdf\"> ECOLOG\u00cdA APLICADA <\/a><br>\n<a href=\"\/\/www.upm.es\/comun_gauss\/publico\/guias\/2022-23\/1S\/GA_13MP_135005506_1S_2022-23.pdf\"> GESTI\u00d3N AGRARIA <\/a><br>\n<a href=\"\/\/www.upm.es\/comun_gauss\/publico\/guias\/2022-23\/1S\/GA_13MP_135005604_1S_2022-23.pdf\"> INTRODUCCI\u00d3N A LAS ENERG\u00cdAS RENOVABLES EN EL MEDIO NATURAL <\/a><br>\n<a href=\"\/\/www.upm.es\/comun_gauss\/publico\/guias\/2022-23\/1S\/GA_13MP_135005308_1S_2022-23.pdf\"> LIMNOLOG\u00cdA <\/a><br>\n6\u00ba semestre <br><a href=\"\/\/www.upm.es\/comun_gauss\/publico\/guias\/2022-23\/2S\/GA_13MP_135005601_2S_2022-23.pdf\"> GESTI\u00d3N DE ESPACIOS PROTEGIDOS <\/a><br>\n<a href=\"\/\/www.upm.es\/comun_gauss\/publico\/guias\/2022-23\/2S\/GA_13MP_135005602_2S_2022-23.pdf\"> GESTI\u00d3N DE ESPECIES PROTEGIDAS <\/a><br>\n<a href=\"\/\/www.upm.es\/comun_gauss\/publico\/guias\/2022-23\/2S\/GA_13MP_135005836_2S_2022-23.pdf\"> GESTI\u00d3N DE LA FAUNA<\/a><br>\n<a href=\"\/\/www.upm.es\/comun_gauss\/publico\/guias\/2022-23\/2S\/GA_13MP_135005605_2S_2022-23.pdf\"> GESTI\u00d3N DE RIESGOS Y CAT\u00c1STROFES NATURALES<\/a><br>\n<a href=\"\/\/www.upm.es\/comun_gauss\/publico\/guias\/2022-23\/2S\/GA_13MP_135005505_2S_2022-23.pdf\"> PLANIFICACI\u00d3N F\u00cdSICA Y PAISAJE <\/a><br>\n<a href=\"\/\/www.upm.es\/comun_gauss\/publico\/guias\/2022-23\/2S\/GA_13MP_135005603_2S_2022-23.pdf\"> PROTECCI\u00d3N DE SISTEMAS NATURALES <\/a><br>\n<a href=\"\/\/www.upm.es\/comun_gauss\/publico\/guias\/2022-23\/2S\/GA_13MP_135005611_2S_2022-23.pdf\"> TECNOLOG\u00cdA PARA LA GESTI\u00d3N DE RESIDUOS <\/a><br>\n<a href=\"\/\/www.upm.es\/comun_gauss\/publico\/guias\/2022-23\/2S\/GA_13MP_135005609_2S_2022-23.pdf\"> PREVENCI\u00d3N Y CORRECCI\u00d3N DE IMPACTOS EN SISTEMAS ACU\u00c1TICOS <\/a><br>\n<a href=\"\/\/www.upm.es\/comun_gauss\/publico\/guias\/2022-23\/2S\/GA_13MP_135005608_2S_2022-23.pdf\"> PREVENCI\u00d3N Y CORRECCI\u00d3N DE IMPACTOS <\/a><br>\n<a href=\"\/\/www.upm.es\/comun_gauss\/publico\/guias\/2022-23\/2S\/GA_13MP_135005607_2S_2022-23.pdf\"> T\u00c9CNICAS DE RESTAURACI\u00d3N VEGETAL<\/a><br>\n<a href=\"\/\/www.upm.es\/comun_gauss\/publico\/guias\/2022-23\/2S\/GA_13MP_135005610_2S_2022-23.pdf\"> T\u00c9CNICAS DE RESTAURACI\u00d3N Y CONSERV<\/a><br>\n <br><strong>CUARTO  CURSO<\/strong>  <br> 7\u00ba semestre <br><a href=\"\/\/www.upm.es\/comun_gauss\/publico\/guias\/2022-23\/1S\/GA_13MP_135005833_1S_2022-23.pdf\"> APROVECHAMIENTO DE BIOMASA FORESTAL <\/a><br>\n<a href=\"\/\/www.upm.es\/comun_gauss\/publico\/guias\/2022-23\/1S\/GA_13MP_135005701_1S_2022-23.pdf\"> ENGLISH FOR PROFESSIONAL AND ACADEMIC COMMUNICATION <\/a><br>\n<a href=\"\/\/www.upm.es\/comun_gauss\/publico\/guias\/2022-23\/1S\/GA_13MP_135005835_1S_2022-23.pdf\"> MITIGACI\u00d3N Y ADAPTACI\u00d3N AL CAMBIO CLIM\u00c1TICO <\/a><br>\n<a href=\"\/\/www.upm.es\/comun_gauss\/publico\/guias\/2022-23\/1S\/GA_13MP_135005801_1S_2022-23.pdf\"> POL\u00cdTICA, SOCIOLOG\u00cdA Y EDUCACI\u00d3N AMBIENTAL <\/a><br>\n<a href=\"\/\/www.upm.es\/comun_gauss\/publico\/guias\/2022-23\/1S\/GA_13MP_135005802_1S_2022-23.pdf\"> PROYECTOS Y CONSULTOR\u00cdA <\/a><br>\n<a href=\"\/\/www.upm.es\/comun_gauss\/publico\/guias\/2022-23\/1S\/GA_13MP_135005612_1S_2022-23.pdf\"> SEGUIMIENTO Y CONTROL AMBIENTAL DE OBRAS <\/a><br>\n<a href=\"\/\/www.upm.es\/comun_gauss\/publico\/guias\/2022-23\/1S\/GA_13MP_135005606_1S_2022-23.pdf\"> TURISMO Y OCIO EN EL MEDIO NATURAL <\/a><br>\n8\u00ba semestre (OPTATIVIDAD) <br><a href=\"\/\/www.upm.es\/comun_gauss\/publico\/guias\/2022-23\/2S\/GA_13MP_135004529_2S_2022-23.pdf\"> AMPLIACI\u00d3N DE SISTEMAS DE INFORMACI\u00d3N GEOGR\u00c1FICA <\/a><br>\n<a href=\"\/\/www.upm.es\/comun_gauss\/publico\/guias\/2022-23\/2S\/GA_13MP_135004530_2S_2022-23.pdf\"> AN\u00c1LISIS DE IMAGEN. APLICACIONES EN BIOMETR\u00cdA Y CARACTERIZACI\u00d3N DE MATERIALES <\/a><br>\n<a href=\"\/\/www.upm.es\/comun_gauss\/publico\/guias\/2022-23\/2S\/GA_13MP_135004531_2S_2022-23.pdf\"> \u00c9TICA AMBIENTAL <\/a><br>\n<a href=\"\/\/www.upm.es\/comun_gauss\/publico\/guias\/2022-23\/2S\/GA_13MP_135004532_2S_2022-23.pdf\"> GEN\u00c9TICA FORESTAL <\/a><br>\n<a href=\"\/\/www.upm.es\/comun_gauss\/publico\/guias\/2022-23\/2S\/GA_13MP_135004533_2S_2022-23.pdf\"> GESTI\u00d3N FITOSANITARIA DEL ARBOLADO URBANO <\/a><br>\n<a href=\"\/\/www.upm.es\/comun_gauss\/publico\/guias\/2022-23\/2S\/GA_13MP_135004534_2S_2022-23.pdf\"> INSTRUMENTACI\u00d3N TOPOGR\u00c1FICA AVANZADA <\/a><br>\n<a href=\"\/\/www.upm.es\/comun_gauss\/publico\/guias\/2022-23\/2S\/GA_13MP_135004535_2S_2022-23.pdf\"> MAQUINARIA DE INFRAESTRUCTURAS VERDES <\/a><br>\n<a href=\"\/\/www.upm.es\/comun_gauss\/publico\/guias\/2022-23\/2S\/GA_13MP_135004536_2S_2022-23.pdf\"> M\u00c9TODOS COMPUTACIONALES PARA LA INGENIER\u00cdA FORESTAL <\/a><br>\n<a href=\"\/\/www.upm.es\/comun_gauss\/publico\/guias\/2022-23\/2S\/GA_13MP_135004537_2S_2022-23.pdf\"> MICOLOG\u00cdA FORESTAL <\/a><br>\n<a href=\"\/\/www.upm.es\/comun_gauss\/publico\/guias\/2022-23\/2S\/GA_13MP_135004538_2S_2022-23.pdf\"> NUEVAS TECNOLOG\u00cdAS DE AN\u00c1LISIS ESPACIAL Y APLICACIONES TERRITORIALES <\/a><br>\n<a href=\"\/\/www.upm.es\/comun_gauss\/publico\/guias\/2022-23\/2S\/GA_13MP_135004539_2S_2022-23.pdf\"> OPORTUNIDADES EN BIOECONOM\u00cdA FORESTAL Y AMBIENTAL <\/a><br>\n<a href=\"\/\/www.upm.es\/comun_gauss\/publico\/guias\/2022-23\/2S\/GA_13MP_135004540_2S_2022-23.pdf\"> RESPONSABILIDAD SOCIAL Y CERTIFICACI\u00d3N SOSTENIBLE <\/a><br>\n<a href=\"\/\/www.upm.es\/comun_gauss\/publico\/guias\/2022-23\/2S\/GA_13MP_135004541_2S_2022-23.pdf\"> SELVICULTURA TROPICAL <\/a><br>\n<a href=\"\/\/www.upm.es\/comun_gauss\/publico\/guias\/2022-23\/2S\/GA_13MP_135004542_2S_2022-23.pdf\"> TALLER DE MODELOS ESTRUCTURALES <\/a><br>\n<a href=\"\/\/www.upm.es\/comun_gauss\/publico\/guias\/2022-23\/2S\/GA_13MP_135004527_2S_2022-23.pdf\"> USO INDUSTRIAL DE PLANTAS AROM\u00c1TICAS Y MED<\/a><br>\n<a href=\"\/\/www.upm.es\/comun_gauss\/publico\/guias\/2022-23\/2S\/GA_13MP_135004528_2S_2022-23.pdf\"> USO M\u00daLTIPLE DE PRODUCTOS N<\/a><br>\n<a href=\"\/\/www.upm.es\/comun_gauss\/publico\/guias\/2022-23\/2S\/GA_13MP_135004543_2S_2022-23.pdf\"> APROVECHAMIENTOS Y CERTIFICACI\u00d3N FORESTALES <\/a><br>\n<a href=\"\/\/www.upm.es\/comun_gauss\/publico\/guias\/2022-23\/2S\/GA_13MP_135004544_2S_2022-23.pdf\"> CONSTRUCCI\u00d3N <\/a><br>\n<a href=\"\/\/www.upm.es\/comun_gauss\/publico\/guias\/2022-23\/2S\/GA_13MP_135004545_2S_2022-23.pdf\"> ELECTROTECNIA Y ELECTRIFICACI\u00d3N <\/a><br>\n<a href=\"\/\/www.upm.es\/comun_gauss\/publico\/guias\/2022-23\/2S\/GA_13MP_135004546_2S_2022-23.pdf\"> INCENDIOS FORESTALES <\/a><br>\n<a href=\"\/\/www.upm.es\/comun_gauss\/publico\/guias\/2022-23\/2S\/GA_13MP_135004547_2S_2022-23.pdf\"> ORDENACI\u00d3N Y VALORACI\u00d3N DE MONTES <\/a><br>\n<a href=\"\/\/www.upm.es\/comun_gauss\/publico\/guias\/2022-23\/2S\/GA_13MP_135004548_2S_2022-23.pdf\"> PESCA Y ACUICULTURA <\/a><br>\n<a href=\"\/\/www.upm.es\/comun_gauss\/publico\/guias\/2022-23\/2S\/GA_13MP_135004549_2S_2022-23.pdf\"> SELVICULTURA Y REPOBLACIONES FORESTALES <\/a><br>\n","protected":false},"excerpt":{"rendered":"<p>PRIMER CURSO 1er semestre EXPRESI\u00d3N GR\u00c1FICA EN LA INGENIER\u00cdA F\u00cdSICA I MATEM\u00c1TICAS I QU\u00cdMICA ZOOLOG\u00cdA 2\u00ba semestre BOT\u00c1NICA ESTAD\u00cdSTICA MATEM\u00c1TICAS<\/p>\n","protected":false},"author":6,"featured_media":0,"parent":51,"menu_order":0,"comment_status":"closed","ping_status":"closed","template":"","meta":[],"_links":{"self":[{"href":"https:\/\/www2.montes.upm.es\/Blogs\/futuros\/wp-json\/wp\/v2\/pages\/227"}],"collection":[{"href":"https:\/\/www2.montes.upm.es\/Blogs\/futuros\/wp-json\/wp\/v2\/pages"}],"about":[{"href":"https:\/\/www2.montes.upm.es\/Blogs\/futuros\/wp-json\/wp\/v2\/types\/page"}],"author":[{"embeddable":true,"href":"https:\/\/www2.montes.upm.es\/Blogs\/futuros\/wp-json\/wp\/v2\/users\/6"}],"replies":[{"embeddable":true,"href":"https:\/\/www2.montes.upm.es\/Blogs\/futuros\/wp-json\/wp\/v2\/comments?post=227"}],"version-history":[{"count":19,"href":"https:\/\/www2.montes.upm.es\/Blogs\/futuros\/wp-json\/wp\/v2\/pages\/227\/revisions"}],"predecessor-version":[{"id":253,"href":"https:\/\/www2.montes.upm.es\/Blogs\/futuros\/wp-json\/wp\/v2\/pages\/227\/revisions\/253"}],"up":[{"embeddable":true,"href":"https:\/\/www2.montes.upm.es\/Blogs\/futuros\/wp-json\/wp\/v2\/pages\/51"}],"wp:attachment":[{"href":"https:\/\/www2.montes.upm.es\/Blogs\/futuros\/wp-json\/wp\/v2\/media?parent=227"}],"curies":[{"name":"wp","href":"https:\/\/api.w.org\/{rel}","templated":true}]}}