{"id":39,"date":"2022-06-06T11:01:45","date_gmt":"2022-06-06T11:01:45","guid":{"rendered":"https:\/\/www2.montes.upm.es\/Blogs\/futuros\/?page_id=39"},"modified":"2022-06-17T10:49:32","modified_gmt":"2022-06-17T10:49:32","slug":"salidas-profesionales","status":"publish","type":"page","link":"https:\/\/www2.montes.upm.es\/Blogs\/futuros\/salidas-profesionales\/","title":{"rendered":"Salidas profesionales"},"content":{"rendered":"\n<p>Los ingenieros de las titulaciones que se imparten en la escuela pueden trabajar en temas directamente relacionados con el <strong>Cambio clim\u00e1tico al utilizar y gestionar un recurso renovable, con productos reutilizables y reciclables.<\/strong><\/p>\n\n\n\n<p>Se puede trabajar en la <strong>administraci\u00f3n p\u00fablica<\/strong> en puestos donde se gestionan de forma sostenible y con un enfoque ambiental, social y econ\u00f3mico tanto los espacios naturales protegidos y como todo tipo de terreno forestal (v\u00edas pecuarias, espacios cineg\u00e9ticos, zonas de acuicultura, zonas de monta\u00f1a, r\u00edos y riberas). Se encargan de dise\u00f1ar y supervisar planes de gesti\u00f3n, planes de ordenaci\u00f3n, planes de prevenci\u00f3n y emergencia de incendios, inundaciones, etc.<\/p>\n\n\n\n<p>Se trabaja a <strong>nivel empresarial<\/strong> en numerosas consultoras para todo tipo de temas ambientales, desde inventarios forestales, evaluaciones de impacto, correcci\u00f3n de da\u00f1os, evaluaci\u00f3n y estudios sobre temas de energ\u00edas renovables, efectos sobre fauna de diversas actuaciones e intervenciones, restauraci\u00f3n de zonas degradadas, an\u00e1lisis de mercado de CO2, nuevos nichos de mercado de CO2, reducci\u00f3n de huella de carbono de numerosas empresas o industrias, etc.<\/p>\n\n\n\n<p>Se trabaja tambi\u00e9n a <strong>nivel industrial<\/strong> en industrias de transformaci\u00f3n y puesta en mercado de todo tipo de productos de madera (tableros, pasta, madera sierra, chapa, etc.) y productos no madereros (corcho, resina, micolog\u00eda, pi\u00f1\u00f3n, casta\u00f1a, etc.), as\u00ed como industrias de elaboraci\u00f3n y puesta en mercado de puertas, ventanas, muebles o construcci\u00f3n en madera.<\/p>\n\n\n\n<p>Se trabaja tambi\u00e9n con asociaciones de propietarios y a nivel municipal elaborando planes de gesti\u00f3n, planes de emergencia o autoprotecci\u00f3n tanto en incendios forestales como en inundaciones, aludes, etc.<\/p>\n\n\n\n<p>Se trabaja a nivel investigaci\u00f3n y desarrollo para la mejora en las especies frente a plagas o enfermedades (grafiosis del olmo, chiche del pi\u00f1\u00f3n, banda roja, etc.), para la introducci\u00f3n o reintroducci\u00f3n de especies amenazadas (lince, oso, quebrantahuesos\u2026..), los nuevos biomateriales, la industria qu\u00edmica, etc.<\/p>\n\n\n\n<p><a><\/a> <strong>El uso de nuevas tecnolog\u00edas ha sido una constante en estas titulaciones siendo los Ingenieros de Montes y forestales de los primeros en utilizar los sistemas de informaci\u00f3n geogr\u00e1fica en Espa\u00f1a.<\/strong><\/p>\n\n\n\n<p><strong>El uso de teledetecci\u00f3n, SIG, drones, LIDAR, simuladores de incendios, modelizadores hidra\u00falicos, simuladores de inundaciones, etc.<\/strong><\/p>\n","protected":false},"excerpt":{"rendered":"<p>Los ingenieros de las titulaciones que se imparten en la escuela pueden trabajar en temas directamente relacionados con el Cambio<\/p>\n","protected":false},"author":6,"featured_media":0,"parent":0,"menu_order":0,"comment_status":"closed","ping_status":"closed","template":"","meta":[],"_links":{"self":[{"href":"https:\/\/www2.montes.upm.es\/Blogs\/futuros\/wp-json\/wp\/v2\/pages\/39"}],"collection":[{"href":"https:\/\/www2.montes.upm.es\/Blogs\/futuros\/wp-json\/wp\/v2\/pages"}],"about":[{"href":"https:\/\/www2.montes.upm.es\/Blogs\/futuros\/wp-json\/wp\/v2\/types\/page"}],"author":[{"embeddable":true,"href":"https:\/\/www2.montes.upm.es\/Blogs\/futuros\/wp-json\/wp\/v2\/users\/6"}],"replies":[{"embeddable":true,"href":"https:\/\/www2.montes.upm.es\/Blogs\/futuros\/wp-json\/wp\/v2\/comments?post=39"}],"version-history":[{"count":2,"href":"https:\/\/www2.montes.upm.es\/Blogs\/futuros\/wp-json\/wp\/v2\/pages\/39\/revisions"}],"predecessor-version":[{"id":210,"href":"https:\/\/www2.montes.upm.es\/Blogs\/futuros\/wp-json\/wp\/v2\/pages\/39\/revisions\/210"}],"wp:attachment":[{"href":"https:\/\/www2.montes.upm.es\/Blogs\/futuros\/wp-json\/wp\/v2\/media?parent=39"}],"curies":[{"name":"wp","href":"https:\/\/api.w.org\/{rel}","templated":true}]}}