{"id":49,"date":"2022-06-06T21:02:42","date_gmt":"2022-06-06T21:02:42","guid":{"rendered":"https:\/\/www2.montes.upm.es\/Blogs\/futuros\/?page_id=49"},"modified":"2022-06-20T10:57:06","modified_gmt":"2022-06-20T10:57:06","slug":"grado-en-ingenieria-forestal","status":"publish","type":"page","link":"https:\/\/www2.montes.upm.es\/Blogs\/futuros\/nuestros-grados\/grado-en-ingenieria-forestal\/","title":{"rendered":"Ingenier\u00eda Forestal"},"content":{"rendered":"\n<div class=\"wp-block-columns\">\n<div class=\"wp-block-column\" style=\"flex-basis:100%\">\n<div class=\"wp-block-cover alignfull is-light\"><span aria-hidden=\"true\" class=\"has-background-dim-100 wp-block-cover__gradient-background has-background-dim\" style=\"background-color:#c1f098\"><\/span><div class=\"wp-block-cover__inner-container\">\n<blockquote class=\"wp-block-quote has-medium-font-size\" style=\"font-style:normal;font-weight:600\"><p>El t\u00edtulo de Grado en Ingenier\u00eda Forestal tiene como objetivo formar profesionales capaces de GESTIONAR DE FORMA SOSTENIBLE LOS ESPACIOS NATURALES Y SUS RECURSOS de acuerdo a lo que la sociedad del siglo XXI demanda (fijaci\u00f3n de CO2, conservaci\u00f3n de la biodiversidad, agua de calidad, energ\u00edas renovables, etc.), y aplicar las tecnolog\u00edas m\u00e1s adecuadas para su consecuci\u00f3n.<\/p><\/blockquote>\n\n\n\n<div class=\"wp-block-columns alignwide\">\n<div class=\"wp-block-column\" style=\"flex-basis:66.66%\">\n<p>Entre otras actividades, destacan:<\/p>\n\n\n\n<ul><li>Gesti\u00f3n de recursos forestales: madera, dehesas,<\/li><li>Planificaci\u00f3n, ordenaci\u00f3n y aprovechamiento del monte<\/li><li>Restauraci\u00f3n hidrol\u00f3gico-forestal<\/li><li>Gesti\u00f3n de parques y jardines<\/li><li>Prevenci\u00f3n y correcci\u00f3n de procesos de degradaci\u00f3n del medio natural<\/li><li>Prevenci\u00f3n y extinci\u00f3n de Incendios forestales.<\/li><li>Planificaci\u00f3n del territorio<\/li><li>Evaluaci\u00f3n de impacto ambiental<\/li><li>Gesti\u00f3n de caza y pesca<\/li><li>Tratamiento de plagas.<\/li><li>Construcci\u00f3n de obras en el \u00e1mbito forestal. Construcci\u00f3n con Madera<\/li><li>Gesti\u00f3n de procesos de la fabricaci\u00f3n de la celulosa y el papel<\/li><li>Gesti\u00f3n de procesos de transformaci\u00f3n de la madera y de los productos no madereros<\/li><li>Gesti\u00f3n de industrias de productos del medio ambiente<\/li><li>Gesti\u00f3n y control de calidad de los productos forestales<\/li><li>Nuevas tecnolog\u00edas: Sistemas de Informaci\u00f3n Geogr\u00e1fica, Teledetecci\u00f3n, LiDAR<\/li><\/ul>\n<\/div>\n\n\n\n<div class=\"wp-block-column\" style=\"flex-basis:33.33%\">\n<figure class=\"wp-block-image size-full is-resized\"><img loading=\"lazy\" src=\"http:\/\/www2.montes.upm.es\/Blogs\/futuros\/wp-content\/uploads\/sites\/2\/2022\/06\/IngForestal3p.jpg\" alt=\"\" class=\"wp-image-120\" width=\"355\" height=\"415\" srcset=\"https:\/\/www2.montes.upm.es\/Blogs\/futuros\/wp-content\/uploads\/sites\/2\/2022\/06\/IngForestal3p.jpg 599w, https:\/\/www2.montes.upm.es\/Blogs\/futuros\/wp-content\/uploads\/sites\/2\/2022\/06\/IngForestal3p-257x300.jpg 257w\" sizes=\"(max-width: 355px) 100vw, 355px\" \/><\/figure>\n\n\n\n<figure class=\"wp-block-image size-large\"><img loading=\"lazy\" width=\"864\" height=\"1024\" src=\"http:\/\/www2.montes.upm.es\/Blogs\/futuros\/wp-content\/uploads\/sites\/2\/2022\/06\/IngForestal2p-864x1024.jpg\" alt=\"\" class=\"wp-image-121\" srcset=\"https:\/\/www2.montes.upm.es\/Blogs\/futuros\/wp-content\/uploads\/sites\/2\/2022\/06\/IngForestal2p-864x1024.jpg 864w, https:\/\/www2.montes.upm.es\/Blogs\/futuros\/wp-content\/uploads\/sites\/2\/2022\/06\/IngForestal2p-253x300.jpg 253w, https:\/\/www2.montes.upm.es\/Blogs\/futuros\/wp-content\/uploads\/sites\/2\/2022\/06\/IngForestal2p-768x910.jpg 768w, https:\/\/www2.montes.upm.es\/Blogs\/futuros\/wp-content\/uploads\/sites\/2\/2022\/06\/IngForestal2p.jpg 906w\" sizes=\"(max-width: 864px) 100vw, 864px\" \/><\/figure>\n<\/div>\n<\/div>\n\n\n\n<figure class=\"wp-block-image size-large\"><img loading=\"lazy\" width=\"1024\" height=\"576\" src=\"http:\/\/www2.montes.upm.es\/Blogs\/futuros\/wp-content\/uploads\/sites\/2\/2022\/06\/ingforestal1p-1024x576.jpg\" alt=\"\" class=\"wp-image-119\" srcset=\"https:\/\/www2.montes.upm.es\/Blogs\/futuros\/wp-content\/uploads\/sites\/2\/2022\/06\/ingforestal1p-1024x576.jpg 1024w, https:\/\/www2.montes.upm.es\/Blogs\/futuros\/wp-content\/uploads\/sites\/2\/2022\/06\/ingforestal1p-300x169.jpg 300w, https:\/\/www2.montes.upm.es\/Blogs\/futuros\/wp-content\/uploads\/sites\/2\/2022\/06\/ingforestal1p-768x432.jpg 768w, https:\/\/www2.montes.upm.es\/Blogs\/futuros\/wp-content\/uploads\/sites\/2\/2022\/06\/ingforestal1p.jpg 1200w\" sizes=\"(max-width: 1024px) 100vw, 1024px\" \/><\/figure>\n\n\n\n<ul id=\"block-3a2f3f8e-19a9-4cd2-89f2-26bec5aa48c3\"><li>Se trabaja con administraciones p\u00fablicas, asociaciones de propietarios, empresas, industrias u organismos nacionales e internacionales. Para desarrollar estos trabajos se estudia y se ejerce cuantificando los recursos naturales (geom\u00e1tica, LIDAR, dasometr\u00eda, inventario), evaluando el estado de los espacios naturales, evaluando sus riesgos (incendios, plagas, inundaciones) determinando la necesidad de proteger unas zonas, evaluando la degradaci\u00f3n de los mismos y si se necesita restauraci\u00f3n (muy importante es la Restauraci\u00f3n hidrol\u00f3gica forestal). Gestionando a nivel territorial (zonas de uso recreativo, protectoras o donde se pueden obtener productos renovables de forma sostenible).<br>La formaci\u00f3n acad\u00e9mica se completa con una amplia oferta de pr\u00e1cticas en empresa y estancias en centros internacionales.<\/li><\/ul>\n\n\n\n<div class=\"wp-block-columns alignwide\">\n<div class=\"wp-block-column\" style=\"flex-basis:67%\">\n<div class=\"wp-container-1 wp-block-buttons\">\n<div class=\"wp-block-button\"><a class=\"wp-block-button__link has-background\" href=\"https:\/\/www.montes.upm.es\/sfs\/montesymedionatural\/OrdenacionAcademica\/TitulosGrado\/Grado_Ingenieria_Forestal_2010\/Nuevo_Plan-2019\/13IG_GIF_Plan-2019-V5-con%20docencia_tercero.pdf\" style=\"background-color:#00d10a\" target=\"_blank\" rel=\"noreferrer noopener\">Plan de Estudios<\/a><\/div>\n\n\n\n<div class=\"wp-block-button\"><a class=\"wp-block-button__link has-background\" href=\"mailto:\/\/comunicacion.montes@upm.es\" style=\"background-color:#00d10a\" target=\"_blank\" rel=\"noreferrer noopener\">Contacto<\/a><\/div>\n<\/div>\n<\/div>\n\n\n\n<div class=\"wp-block-column is-vertically-aligned-center\" style=\"flex-basis:33%\">\n<div class=\"wp-container-2 wp-block-buttons\">\n<div class=\"wp-block-button\"><a class=\"wp-block-button__link has-background\" href=\"https:\/\/www.montes.upm.es\/Estudiantes\/EstudiosTitulaciones\/Grado\/GIF?fmt=detail&amp;prefmt=articulo&amp;id=0a5996cd05b9e410VgnVCM10000009c7648a____\" style=\"background-color:#00d10a\" target=\"_blank\" rel=\"noreferrer noopener\">M\u00e1s informaci\u00f3n<\/a><\/div>\n<\/div>\n<\/div>\n<\/div>\n<\/div><\/div>\n<\/div>\n<\/div>\n\n\n\n<p><\/p>\n","protected":false},"excerpt":{"rendered":"","protected":false},"author":6,"featured_media":0,"parent":9,"menu_order":1,"comment_status":"closed","ping_status":"closed","template":"","meta":[],"_links":{"self":[{"href":"https:\/\/www2.montes.upm.es\/Blogs\/futuros\/wp-json\/wp\/v2\/pages\/49"}],"collection":[{"href":"https:\/\/www2.montes.upm.es\/Blogs\/futuros\/wp-json\/wp\/v2\/pages"}],"about":[{"href":"https:\/\/www2.montes.upm.es\/Blogs\/futuros\/wp-json\/wp\/v2\/types\/page"}],"author":[{"embeddable":true,"href":"https:\/\/www2.montes.upm.es\/Blogs\/futuros\/wp-json\/wp\/v2\/users\/6"}],"replies":[{"embeddable":true,"href":"https:\/\/www2.montes.upm.es\/Blogs\/futuros\/wp-json\/wp\/v2\/comments?post=49"}],"version-history":[{"count":13,"href":"https:\/\/www2.montes.upm.es\/Blogs\/futuros\/wp-json\/wp\/v2\/pages\/49\/revisions"}],"predecessor-version":[{"id":212,"href":"https:\/\/www2.montes.upm.es\/Blogs\/futuros\/wp-json\/wp\/v2\/pages\/49\/revisions\/212"}],"up":[{"embeddable":true,"href":"https:\/\/www2.montes.upm.es\/Blogs\/futuros\/wp-json\/wp\/v2\/pages\/9"}],"wp:attachment":[{"href":"https:\/\/www2.montes.upm.es\/Blogs\/futuros\/wp-json\/wp\/v2\/media?parent=49"}],"curies":[{"name":"wp","href":"https:\/\/api.w.org\/{rel}","templated":true}]}}