{"id":51,"date":"2022-06-06T21:04:07","date_gmt":"2022-06-06T21:04:07","guid":{"rendered":"https:\/\/www2.montes.upm.es\/Blogs\/futuros\/?page_id=51"},"modified":"2022-06-20T10:58:10","modified_gmt":"2022-06-20T10:58:10","slug":"ingenieria-del-medio-natural","status":"publish","type":"page","link":"https:\/\/www2.montes.upm.es\/Blogs\/futuros\/nuestros-grados\/ingenieria-del-medio-natural\/","title":{"rendered":"Ingenier\u00eda del Medio Natural"},"content":{"rendered":"\n<div class=\"wp-block-cover alignfull is-light\"><span aria-hidden=\"true\" class=\"has-background-dim-100 wp-block-cover__gradient-background has-background-dim\" style=\"background-color:#c0987b\"><\/span><div class=\"wp-block-cover__inner-container\">\n<blockquote class=\"wp-block-quote\"><p>La necesidad de que las Universidades Espa\u00f1olas formen profesionales en Ingenier\u00eda del Medio Natural titulados a nivel de Grado. Esta realidad espa\u00f1ola refleja la situaci\u00f3n de todos los pa\u00edses del mundo, y aparece recogida y plenamente justificada en el Libro Blanco de las titulaciones Agrarias y Forestales.  Los principales campos de actuaci\u00f3n donde se sit\u00faa la Ingenier\u00eda del Medio Natural pueden concentrarse en dos grandes bloques:  Protecci\u00f3n y conservaci\u00f3n de espacios y de especies y evaluaci\u00f3n, correcci\u00f3n y compensaci\u00f3n de impactos producidos por las actividades humanas en elementos del Medio Natural.<\/p><\/blockquote>\n\n\n\n<div class=\"wp-block-columns alignwide\">\n<div class=\"wp-block-column\" style=\"flex-basis:66.66%\">\n<p><strong>PERFIL PROFESIONAL:<\/strong><\/p>\n\n\n\n<p>\u2022 Protecci\u00f3n de ecosistemas en riesgo de degradaci\u00f3n y de especies amenazadas de extinci\u00f3n.<br>\u2022 Gesti\u00f3n y conservaci\u00f3n de espacios naturales protegidos: Parques Nacionales, Reservas de la Biosfera y Red Natura 2000,  entre otros.<br>\u2022 Tecnolog\u00eda para la gesti\u00f3n de residuos.<br>\u2022 Gesti\u00f3n de r\u00edos y cuencas.<br>\u2022 Construcci\u00f3n de obras en medio ambiente.<br>\u2022 Construcci\u00f3n con Madera.<br>\u2022 Detecci\u00f3n, evaluaci\u00f3n y correcci\u00f3n de las degradaciones sufridas por los ecosistemas.<br>\u2022 Gesti\u00f3n de r\u00edos y cuencas.<br>\u2022 T\u00e9cnicas de restauraci\u00f3n y conservaci\u00f3n de suelos.<br>\u2022 Desarrollo rural, incluyendo actividades como: protecci\u00f3n del medio ambiente, gesti\u00f3n de recursos h\u00eddricos, naturales, mediciones y topograf\u00eda, consultor\u00eda. etc.<br>\u2022 Nuevas tecnolog\u00edas: Sistemas de Informaci\u00f3n Geogr\u00e1fica, Teledetecci\u00f3n, LiDAR<\/p>\n\n\n\n<figure class=\"wp-block-image size-full\"><img loading=\"lazy\" width=\"600\" height=\"338\" src=\"http:\/\/www2.montes.upm.es\/Blogs\/futuros\/wp-content\/uploads\/sites\/2\/2022\/06\/gimnabajo1.png\" alt=\"\" class=\"wp-image-148\" srcset=\"https:\/\/www2.montes.upm.es\/Blogs\/futuros\/wp-content\/uploads\/sites\/2\/2022\/06\/gimnabajo1.png 600w, https:\/\/www2.montes.upm.es\/Blogs\/futuros\/wp-content\/uploads\/sites\/2\/2022\/06\/gimnabajo1-300x169.png 300w\" sizes=\"(max-width: 600px) 100vw, 600px\" \/><\/figure>\n<\/div>\n\n\n\n<div class=\"wp-block-column\" style=\"flex-basis:33.33%\">\n<figure class=\"wp-block-image size-full is-resized\"><img loading=\"lazy\" src=\"https:\/\/www2.montes.upm.es\/Blogs\/futuros\/wp-content\/uploads\/sites\/2\/2022\/06\/MedioNatural2.png\" alt=\"\" class=\"wp-image-151\" width=\"337\" height=\"475\" srcset=\"https:\/\/www2.montes.upm.es\/Blogs\/futuros\/wp-content\/uploads\/sites\/2\/2022\/06\/MedioNatural2.png 284w, https:\/\/www2.montes.upm.es\/Blogs\/futuros\/wp-content\/uploads\/sites\/2\/2022\/06\/MedioNatural2-213x300.png 213w\" sizes=\"(max-width: 337px) 100vw, 337px\" \/><\/figure>\n\n\n\n<figure class=\"wp-block-image size-full is-resized\"><img loading=\"lazy\" src=\"https:\/\/www2.montes.upm.es\/Blogs\/futuros\/wp-content\/uploads\/sites\/2\/2022\/06\/MedioNatural3.png\" alt=\"\" class=\"wp-image-149\" width=\"338\" height=\"428\" srcset=\"https:\/\/www2.montes.upm.es\/Blogs\/futuros\/wp-content\/uploads\/sites\/2\/2022\/06\/MedioNatural3.png 400w, https:\/\/www2.montes.upm.es\/Blogs\/futuros\/wp-content\/uploads\/sites\/2\/2022\/06\/MedioNatural3-237x300.png 237w\" sizes=\"(max-width: 338px) 100vw, 338px\" \/><\/figure>\n<\/div>\n<\/div>\n\n\n\n<p>La formaci\u00f3n acad\u00e9mica se completa con una amplia oferta de pr\u00e1cticas en empresa y estancias en centros internacionales.<\/p>\n\n\n\n<div class=\"wp-block-columns alignwide\">\n<div class=\"wp-block-column\" style=\"flex-basis:67%\">\n<div class=\"wp-container-1 wp-block-buttons\">\n<div class=\"wp-block-button\"><a class=\"wp-block-button__link has-background\" href=\"https:\/\/www.montes.upm.es\/sfs\/montesymedionatural\/OrdenacionAcademica\/TitulosGrado\/Grado%20en%20Ingenieria%20del%20Medio%20Natural_2010\/GIMN\/Plan_2019-GIMN\/13MP_GIMN_Nuevo_Plan-V0-con_docencia_tercero.pdf\" style=\"background-color:#5a2f00\" target=\"_blank\" rel=\"noreferrer noopener\">Plan de Estudios<\/a><\/div>\n\n\n\n<div class=\"wp-block-button\"><a class=\"wp-block-button__link has-background\" href=\"mailto:\/\/comunicacion.montes@upm.es\" style=\"background-color:#5a2f00\" target=\"_blank\" rel=\"noreferrer noopener\">Contacto<\/a><\/div>\n<\/div>\n<\/div>\n\n\n\n<div class=\"wp-block-column is-vertically-aligned-center\" style=\"flex-basis:33%\">\n<div class=\"wp-container-2 wp-block-buttons\">\n<div class=\"wp-block-button\"><a class=\"wp-block-button__link has-background\" href=\"https:\/\/www.montes.upm.es\/Estudiantes\/EstudiosTitulaciones\/Grado\/GIMN?fmt=detail&amp;prefmt=articulo&amp;id=94425a9086daf410VgnVCM10000009c7648a____\" style=\"background-color:#5a2f00\" target=\"_blank\" rel=\"noreferrer noopener\">M\u00e1s informaci\u00f3n<\/a><\/div>\n<\/div>\n<\/div>\n<\/div>\n<\/div><\/div>\n","protected":false},"excerpt":{"rendered":"","protected":false},"author":6,"featured_media":0,"parent":9,"menu_order":2,"comment_status":"closed","ping_status":"closed","template":"","meta":[],"_links":{"self":[{"href":"https:\/\/www2.montes.upm.es\/Blogs\/futuros\/wp-json\/wp\/v2\/pages\/51"}],"collection":[{"href":"https:\/\/www2.montes.upm.es\/Blogs\/futuros\/wp-json\/wp\/v2\/pages"}],"about":[{"href":"https:\/\/www2.montes.upm.es\/Blogs\/futuros\/wp-json\/wp\/v2\/types\/page"}],"author":[{"embeddable":true,"href":"https:\/\/www2.montes.upm.es\/Blogs\/futuros\/wp-json\/wp\/v2\/users\/6"}],"replies":[{"embeddable":true,"href":"https:\/\/www2.montes.upm.es\/Blogs\/futuros\/wp-json\/wp\/v2\/comments?post=51"}],"version-history":[{"count":7,"href":"https:\/\/www2.montes.upm.es\/Blogs\/futuros\/wp-json\/wp\/v2\/pages\/51\/revisions"}],"predecessor-version":[{"id":213,"href":"https:\/\/www2.montes.upm.es\/Blogs\/futuros\/wp-json\/wp\/v2\/pages\/51\/revisions\/213"}],"up":[{"embeddable":true,"href":"https:\/\/www2.montes.upm.es\/Blogs\/futuros\/wp-json\/wp\/v2\/pages\/9"}],"wp:attachment":[{"href":"https:\/\/www2.montes.upm.es\/Blogs\/futuros\/wp-json\/wp\/v2\/media?parent=51"}],"curies":[{"name":"wp","href":"https:\/\/api.w.org\/{rel}","templated":true}]}}