{"id":54,"date":"2022-06-06T21:05:56","date_gmt":"2022-06-06T21:05:56","guid":{"rendered":"https:\/\/www2.montes.upm.es\/Blogs\/futuros\/?page_id=54"},"modified":"2022-06-20T10:58:46","modified_gmt":"2022-06-20T10:58:46","slug":"ingenieria-de-las-tecnologias-ambientales","status":"publish","type":"page","link":"https:\/\/www2.montes.upm.es\/Blogs\/futuros\/nuestros-grados\/ingenieria-de-las-tecnologias-ambientales\/","title":{"rendered":"Ingenier\u00eda de las Tecnolog\u00edas Ambientales"},"content":{"rendered":"\n<div class=\"wp-block-cover alignfull is-light\"><span aria-hidden=\"true\" class=\"has-background-dim-100 wp-block-cover__gradient-background has-background-dim\" style=\"background-color:#ccb8de\"><\/span><div class=\"wp-block-cover__inner-container\">\n<blockquote class=\"wp-block-quote has-medium-font-size\" style=\"font-style:normal;font-weight:600\"><p>El t\u00edtulo de Grado en Ingenier\u00eda en Tecnolog\u00edas Ambientales tiene como objetivo formar profesionales capaces de identificar problemas medioambientales actuales (escasez de recursos energ\u00e9ticos, contaminaci\u00f3n, residuos, entre otros), y aplicar las tecnolog\u00edas m\u00e1s adecuadas para su resoluci\u00f3n.<\/p><\/blockquote>\n\n\n\n<div class=\"wp-block-columns alignwide\">\n<div class=\"wp-block-column\" style=\"flex-basis:66.66%\">\n<p>Entre otras actividades, destacan:<\/p>\n\n\n\n<p><\/p>\n\n\n\n<ul><li>Aplicaci\u00f3n de tecnolog\u00edas y m\u00e9todos para la gesti\u00f3n de residuos industriales<\/li><li>Aplicaci\u00f3n de tecnolog\u00edas y m\u00e9todos para la gesti\u00f3n de residuos urbanos<\/li><li>Aplicaci\u00f3n de tecnolog\u00edas y m\u00e9todos para la gesti\u00f3n de aguas residuales<\/li><li>Aprovechamiento, transformaci\u00f3n, control y certificaci\u00f3n de recursos energ\u00e9ticos renovables.<\/li><li>Aplicaci\u00f3n de tecnolog\u00edas limpias que modifiquen procesos de contaminaci\u00f3n ambiental.<\/li><li>Reciclado y reutilizaci\u00f3n de recursos.<\/li><li>Evaluaci\u00f3n de impacto ambiental<br><\/li><\/ul>\n\n\n\n<p>La formaci\u00f3n acad\u00e9mica se completa con una amplia oferta de pr\u00e1cticas en empresa y estancias en centros internacionales.<\/p>\n\n\n\n<p>CARACTER\u00cdSTICAS<\/p>\n\n\n\n<ul><li>Permite elegir entre 3 menciones: Obra civil y transporte y urbanismo, Recuperaci\u00f3n de recursos renovables, Generaci\u00f3n de energ\u00eda y actividad industrial<\/li><li>Quienes finalicen este Grado podr\u00e1n dedicarse a la resoluci\u00f3n de los principales problemas medioambientales actuales (escasez de recursos energ\u00e9ticos, contaminaci\u00f3n, residuos).<\/li><li>El Grado es interdisciplinar e incluye conceptos de ecolog\u00eda industrial y econom\u00eda ambiental<\/li><li>Se aplican nuevas tecnolog\u00edas, como Sistemas de Informaci\u00f3n Geogr\u00e1fica.<\/li><\/ul>\n<\/div>\n\n\n\n<div class=\"wp-block-column\" style=\"flex-basis:33.33%\">\n<figure class=\"wp-block-image size-full\"><img loading=\"lazy\" width=\"302\" height=\"417\" src=\"https:\/\/www2.montes.upm.es\/Blogs\/futuros\/wp-content\/uploads\/sites\/2\/2022\/06\/TecAmbientales3.jpg\" alt=\"\" class=\"wp-image-163\" srcset=\"https:\/\/www2.montes.upm.es\/Blogs\/futuros\/wp-content\/uploads\/sites\/2\/2022\/06\/TecAmbientales3.jpg 302w, https:\/\/www2.montes.upm.es\/Blogs\/futuros\/wp-content\/uploads\/sites\/2\/2022\/06\/TecAmbientales3-217x300.jpg 217w\" sizes=\"(max-width: 302px) 100vw, 302px\" \/><\/figure>\n\n\n\n<figure class=\"wp-block-image size-full\"><img loading=\"lazy\" width=\"362\" height=\"500\" src=\"https:\/\/www2.montes.upm.es\/Blogs\/futuros\/wp-content\/uploads\/sites\/2\/2022\/06\/TecAmbientales2.png\" alt=\"\" class=\"wp-image-161\" srcset=\"https:\/\/www2.montes.upm.es\/Blogs\/futuros\/wp-content\/uploads\/sites\/2\/2022\/06\/TecAmbientales2.png 362w, https:\/\/www2.montes.upm.es\/Blogs\/futuros\/wp-content\/uploads\/sites\/2\/2022\/06\/TecAmbientales2-217x300.png 217w\" sizes=\"(max-width: 362px) 100vw, 362px\" \/><\/figure>\n<\/div>\n<\/div>\n\n\n\n<figure class=\"wp-block-image size-full\"><img loading=\"lazy\" width=\"600\" height=\"338\" src=\"https:\/\/www2.montes.upm.es\/Blogs\/futuros\/wp-content\/uploads\/sites\/2\/2022\/06\/TecAmbientales1.png\" alt=\"\" class=\"wp-image-159\" srcset=\"https:\/\/www2.montes.upm.es\/Blogs\/futuros\/wp-content\/uploads\/sites\/2\/2022\/06\/TecAmbientales1.png 600w, https:\/\/www2.montes.upm.es\/Blogs\/futuros\/wp-content\/uploads\/sites\/2\/2022\/06\/TecAmbientales1-300x169.png 300w\" sizes=\"(max-width: 600px) 100vw, 600px\" \/><\/figure>\n\n\n\n<p><strong>CENTROS PARTICIPANTES<\/strong><br>La formaci\u00f3n exige una multidisciplinariedad que queda reflejada en el n\u00famero de centros que participan: ETSI de Montes, Forestal y del Medio Natural (Centro responsable de las ense\u00f1anzas); ETSI Industriales; ETSI Caminos, Canales y Puertos; ETSI Minas y Energ\u00eda y ETSI Agron\u00f3mica, Alimentaria y de Biosistemas.<\/p>\n\n\n\n<div class=\"wp-block-columns alignwide\">\n<div class=\"wp-block-column\" style=\"flex-basis:67%\">\n<div class=\"wp-container-1 wp-block-buttons\">\n<div class=\"wp-block-button\"><a class=\"wp-block-button__link has-vivid-purple-background-color has-background\" href=\"https:\/\/www.montes.upm.es\/Estudiantes\/EstudiosTitulaciones\/Grado\/GradoTecnologias\/Asignaturas_y_Guias_de_Aprendizaje\" target=\"_blank\" rel=\"noreferrer noopener\">Plan de Estudios<\/a><\/div>\n\n\n\n<div class=\"wp-block-button\"><a class=\"wp-block-button__link has-vivid-purple-background-color has-background\" href=\"mailto:\/\/comunicacion.montes@upm.es\">Contacto<\/a><\/div>\n<\/div>\n<\/div>\n\n\n\n<div class=\"wp-block-column is-vertically-aligned-center\" style=\"flex-basis:33%\">\n<div class=\"wp-container-2 wp-block-buttons\">\n<div class=\"wp-block-button\"><a class=\"wp-block-button__link has-vivid-purple-background-color has-background\" href=\"https:\/\/www.montes.upm.es\/Estudiantes\/EstudiosTitulaciones\/Grado\/GradoTecnologias\" target=\"_blank\" rel=\"noreferrer noopener\">M\u00e1s informaci\u00f3n<\/a><\/div>\n<\/div>\n<\/div>\n<\/div>\n<\/div><\/div>\n","protected":false},"excerpt":{"rendered":"","protected":false},"author":6,"featured_media":0,"parent":9,"menu_order":3,"comment_status":"closed","ping_status":"closed","template":"","meta":[],"_links":{"self":[{"href":"https:\/\/www2.montes.upm.es\/Blogs\/futuros\/wp-json\/wp\/v2\/pages\/54"}],"collection":[{"href":"https:\/\/www2.montes.upm.es\/Blogs\/futuros\/wp-json\/wp\/v2\/pages"}],"about":[{"href":"https:\/\/www2.montes.upm.es\/Blogs\/futuros\/wp-json\/wp\/v2\/types\/page"}],"author":[{"embeddable":true,"href":"https:\/\/www2.montes.upm.es\/Blogs\/futuros\/wp-json\/wp\/v2\/users\/6"}],"replies":[{"embeddable":true,"href":"https:\/\/www2.montes.upm.es\/Blogs\/futuros\/wp-json\/wp\/v2\/comments?post=54"}],"version-history":[{"count":7,"href":"https:\/\/www2.montes.upm.es\/Blogs\/futuros\/wp-json\/wp\/v2\/pages\/54\/revisions"}],"predecessor-version":[{"id":214,"href":"https:\/\/www2.montes.upm.es\/Blogs\/futuros\/wp-json\/wp\/v2\/pages\/54\/revisions\/214"}],"up":[{"embeddable":true,"href":"https:\/\/www2.montes.upm.es\/Blogs\/futuros\/wp-json\/wp\/v2\/pages\/9"}],"wp:attachment":[{"href":"https:\/\/www2.montes.upm.es\/Blogs\/futuros\/wp-json\/wp\/v2\/media?parent=54"}],"curies":[{"name":"wp","href":"https:\/\/api.w.org\/{rel}","templated":true}]}}