{"id":57,"date":"2022-06-06T21:07:22","date_gmt":"2022-06-06T21:07:22","guid":{"rendered":"https:\/\/www2.montes.upm.es\/Blogs\/futuros\/?page_id=57"},"modified":"2022-06-20T11:01:02","modified_gmt":"2022-06-20T11:01:02","slug":"programa-academico-ingenieria-forestalmaster-ingenieria-de-montes","status":"publish","type":"page","link":"https:\/\/www2.montes.upm.es\/Blogs\/futuros\/nuestros-grados\/programa-academico-ingenieria-forestalmaster-ingenieria-de-montes\/","title":{"rendered":"PROGRAMA ACAD\u00c9MICO: Ingenier\u00eda Forestal+M\u00e1ster Ingenier\u00eda de Montes"},"content":{"rendered":"\n<div class=\"wp-block-columns\">\n<div class=\"wp-block-column\" style=\"flex-basis:100%\">\n<div class=\"wp-block-cover alignfull is-light\"><span aria-hidden=\"true\" class=\"has-background-dim-100 wp-block-cover__gradient-background has-background-dim\" style=\"background-color:#f59797\"><\/span><div class=\"wp-block-cover__inner-container\">\n<p><\/p>\n\n\n\n<blockquote class=\"wp-block-quote\"><p>El programa acad\u00e9mico constituye la v\u00eda \u00f3ptima de acceso a M\u00e1ster en Ingenier\u00eda de Montes por la UPM; titulaci\u00f3n que habilita para ejercer la profesi\u00f3n de Ingeniero de Montes. Con una oferta limitada de 30 plazas, quienes ingresan en el programa acad\u00e9mico tienen garantizada su admisi\u00f3n en el M\u00e1ster, que podr\u00e1 confirmar una vez obtenido el t\u00edtulo de Grado. No adquieren ninguna obligaci\u00f3n de realizar el M\u00e1ster, pudiendo decidir finalizar sus estudios con el Grado. Realizan viajes de pr\u00e1cticas, cursan parte de las asignaturas en ingl\u00e9s y tienen acceso a numerosos programas de pr\u00e1cticas en empresa y de intercambio en un contexto internacional, teniendo acuerdos  tanto con universidades europeas como con el US Forest Service para la realizaci\u00f3n de pr\u00e1cticas en National Forests estadounidenses.<\/p><\/blockquote>\n\n\n\n<div class=\"wp-block-columns alignwide\">\n<div class=\"wp-block-column\" style=\"flex-basis:66.66%\">\n<p>Entre otras actividades, destacan:<\/p>\n\n\n\n<ul><li>Gesti\u00f3n de recursos forestales: madera, dehesas,<\/li><li>Planificaci\u00f3n, ordenaci\u00f3n y aprovechamiento del monte<\/li><li>Restauraci\u00f3n hidrol\u00f3gico-forestal<\/li><li>Gesti\u00f3n de parques y jardines<\/li><li>Prevenci\u00f3n y correcci\u00f3n de procesos de degradaci\u00f3n del medio natural<\/li><li>Prevenci\u00f3n y extinci\u00f3n de Incendios forestales.<\/li><li>Planificaci\u00f3n del territorio<\/li><li>Evaluaci\u00f3n de impacto ambiental<\/li><li>Gesti\u00f3n de caza y pesca<\/li><li>Tratamiento de plagas.<\/li><li>Construcci\u00f3n de obras en el \u00e1mbito forestal. Construcci\u00f3n con Madera<\/li><li>Gesti\u00f3n de procesos de la fabricaci\u00f3n de la celulosa y el papel<\/li><li>Gesti\u00f3n de procesos de transformaci\u00f3n de la madera y de los productos no madereros<\/li><li>Gesti\u00f3n de industrias de productos del medio ambiente<\/li><li>Gesti\u00f3n y control de calidad de los productos forestales<\/li><li>Nuevas tecnolog\u00edas: Sistemas de Informaci\u00f3n Geogr\u00e1fica, Teledetecci\u00f3n, LiDAR<\/li><\/ul>\n<\/div>\n\n\n\n<div class=\"wp-block-column\" style=\"flex-basis:33.33%\">\n<figure class=\"wp-block-image size-full\"><img loading=\"lazy\" width=\"529\" height=\"600\" src=\"https:\/\/www2.montes.upm.es\/Blogs\/futuros\/wp-content\/uploads\/sites\/2\/2022\/06\/progracad3.png\" alt=\"\" class=\"wp-image-143\" srcset=\"https:\/\/www2.montes.upm.es\/Blogs\/futuros\/wp-content\/uploads\/sites\/2\/2022\/06\/progracad3.png 529w, https:\/\/www2.montes.upm.es\/Blogs\/futuros\/wp-content\/uploads\/sites\/2\/2022\/06\/progracad3-265x300.png 265w\" sizes=\"(max-width: 529px) 100vw, 529px\" \/><\/figure>\n\n\n\n<figure class=\"wp-block-image size-full\"><img loading=\"lazy\" width=\"453\" height=\"400\" src=\"https:\/\/www2.montes.upm.es\/Blogs\/futuros\/wp-content\/uploads\/sites\/2\/2022\/06\/prograca2.png\" alt=\"\" class=\"wp-image-142\" srcset=\"https:\/\/www2.montes.upm.es\/Blogs\/futuros\/wp-content\/uploads\/sites\/2\/2022\/06\/prograca2.png 453w, https:\/\/www2.montes.upm.es\/Blogs\/futuros\/wp-content\/uploads\/sites\/2\/2022\/06\/prograca2-300x265.png 300w\" sizes=\"(max-width: 453px) 100vw, 453px\" \/><\/figure>\n<\/div>\n<\/div>\n\n\n\n<figure class=\"wp-block-image size-large\"><img loading=\"lazy\" width=\"1024\" height=\"576\" src=\"https:\/\/www2.montes.upm.es\/Blogs\/futuros\/wp-content\/uploads\/sites\/2\/2022\/06\/WhatsApp-Image-2022-06-05-at-7.00.59-PM-1024x576.jpeg\" alt=\"\" class=\"wp-image-141\" srcset=\"https:\/\/www2.montes.upm.es\/Blogs\/futuros\/wp-content\/uploads\/sites\/2\/2022\/06\/WhatsApp-Image-2022-06-05-at-7.00.59-PM-1024x576.jpeg 1024w, https:\/\/www2.montes.upm.es\/Blogs\/futuros\/wp-content\/uploads\/sites\/2\/2022\/06\/WhatsApp-Image-2022-06-05-at-7.00.59-PM-300x169.jpeg 300w, https:\/\/www2.montes.upm.es\/Blogs\/futuros\/wp-content\/uploads\/sites\/2\/2022\/06\/WhatsApp-Image-2022-06-05-at-7.00.59-PM-768x432.jpeg 768w, https:\/\/www2.montes.upm.es\/Blogs\/futuros\/wp-content\/uploads\/sites\/2\/2022\/06\/WhatsApp-Image-2022-06-05-at-7.00.59-PM-1536x864.jpeg 1536w, https:\/\/www2.montes.upm.es\/Blogs\/futuros\/wp-content\/uploads\/sites\/2\/2022\/06\/WhatsApp-Image-2022-06-05-at-7.00.59-PM.jpeg 1600w\" sizes=\"(max-width: 1024px) 100vw, 1024px\" \/><\/figure>\n\n\n\n<ul id=\"block-3a2f3f8e-19a9-4cd2-89f2-26bec5aa48c3\"><li>Se trabaja con administraciones p\u00fablicas, asociaciones de propietarios, empresas, industrias u organismos nacionales e internacionales. Para desarrollar estos trabajos se estudia y se ejerce cuantificando los recursos naturales (geom\u00e1tica, LIDAR, dasometr\u00eda, inventario), evaluando el estado de los espacios naturales, evaluando sus riesgos (incendios, plagas, inundaciones) determinando la necesidad de proteger unas zonas, evaluando la degradaci\u00f3n de los mismos y si se necesita restauraci\u00f3n (muy importante es la Restauraci\u00f3n hidrol\u00f3gica forestal). Gestionando a nivel territorial (zonas de uso recreativo, protectoras o donde se pueden obtener productos renovables de forma sostenible).<br>La formaci\u00f3n acad\u00e9mica se completa con una amplia oferta de pr\u00e1cticas en empresa y estancias en centros internacionales.<\/li><\/ul>\n\n\n\n<div class=\"wp-block-columns alignwide\">\n<div class=\"wp-block-column\" style=\"flex-basis:67%\">\n<div class=\"wp-container-1 wp-block-buttons\">\n<div class=\"wp-block-button\"><a class=\"wp-block-button__link has-vivid-red-background-color has-background\" href=\"mailto:\/\/comunicacion.montes@upm.es\" target=\"_blank\" rel=\"noreferrer noopener\">Contacto<\/a><\/div>\n<\/div>\n<\/div>\n\n\n\n<div class=\"wp-block-column is-vertically-aligned-center\" style=\"flex-basis:33%\">\n<div class=\"wp-container-2 wp-block-buttons\">\n<div class=\"wp-block-button\"><a class=\"wp-block-button__link has-vivid-red-background-color has-background\" href=\"https:\/\/www.montes.upm.es\/Estudiantes\/EstudiosTitulaciones\/Programa%20Acad%C3%A9mico%20de%20Ingenierio(a)%20de%20Montes%20con%20GIF%202019\" target=\"_blank\" rel=\"noreferrer noopener\">M\u00e1s informaci\u00f3n<\/a><\/div>\n<\/div>\n<\/div>\n<\/div>\n<\/div><\/div>\n<\/div>\n<\/div>\n\n\n\n<p><\/p>\n","protected":false},"excerpt":{"rendered":"","protected":false},"author":6,"featured_media":0,"parent":9,"menu_order":4,"comment_status":"closed","ping_status":"closed","template":"","meta":[],"_links":{"self":[{"href":"https:\/\/www2.montes.upm.es\/Blogs\/futuros\/wp-json\/wp\/v2\/pages\/57"}],"collection":[{"href":"https:\/\/www2.montes.upm.es\/Blogs\/futuros\/wp-json\/wp\/v2\/pages"}],"about":[{"href":"https:\/\/www2.montes.upm.es\/Blogs\/futuros\/wp-json\/wp\/v2\/types\/page"}],"author":[{"embeddable":true,"href":"https:\/\/www2.montes.upm.es\/Blogs\/futuros\/wp-json\/wp\/v2\/users\/6"}],"replies":[{"embeddable":true,"href":"https:\/\/www2.montes.upm.es\/Blogs\/futuros\/wp-json\/wp\/v2\/comments?post=57"}],"version-history":[{"count":6,"href":"https:\/\/www2.montes.upm.es\/Blogs\/futuros\/wp-json\/wp\/v2\/pages\/57\/revisions"}],"predecessor-version":[{"id":217,"href":"https:\/\/www2.montes.upm.es\/Blogs\/futuros\/wp-json\/wp\/v2\/pages\/57\/revisions\/217"}],"up":[{"embeddable":true,"href":"https:\/\/www2.montes.upm.es\/Blogs\/futuros\/wp-json\/wp\/v2\/pages\/9"}],"wp:attachment":[{"href":"https:\/\/www2.montes.upm.es\/Blogs\/futuros\/wp-json\/wp\/v2\/media?parent=57"}],"curies":[{"name":"wp","href":"https:\/\/api.w.org\/{rel}","templated":true}]}}