{"id":60,"date":"2022-06-06T21:10:44","date_gmt":"2022-06-06T21:10:44","guid":{"rendered":"https:\/\/www2.montes.upm.es\/Blogs\/futuros\/?page_id=60"},"modified":"2022-06-20T11:04:07","modified_gmt":"2022-06-20T11:04:07","slug":"nuestros-master","status":"publish","type":"page","link":"https:\/\/www2.montes.upm.es\/Blogs\/futuros\/nuestros-master\/","title":{"rendered":"Nuestros M\u00e1ster"},"content":{"rendered":"\n<ul><li><a href=\"http:\/\/www.montesymedionatural.upm.es\/Estudiantes\/EstudiosTitulaciones\/Master_Oficiales\/MIM?fmt=detail&amp;prefmt=articulo&amp;id=effff957d1c8e410VgnVCM10000009c7648a____\">M\u00e1ster Universitario en Ingenieria de Montes &#8211; Acreditaci\u00f3n EUR-ACE<\/a><\/li><li><a href=\"https:\/\/www.montes.upm.es\/Estudiantes\/EstudiosTitulaciones\/Master_Oficiales\/MasterAguas\">M\u00e1ster Universitario \u00abEl Agua en el Medio Natural. Usos y gesti\u00f3n\u00bb<\/a><\/li><li><a href=\"https:\/\/www.montes.upm.es\/Estudiantes\/EstudiosTitulaciones\/Master_Oficiales\/Master_Restauracion_Ecosistemas\">M\u00e1ster Universitario en Restauraci\u00f3n de Ecosistemas<\/a><\/li><li><a href=\"http:\/\/www.montesymedionatural.upm.es\/Estudiantes\/EstudiosTitulaciones\/Master_Oficiales\/Master_en_Tecnicas_de_Lucha_contra_Incendios_Forestales?fmt=detail&amp;prefmt=articulo&amp;id=c380644abe560510VgnVCM10000009c7648a____\">M\u00e1ster Universitario en T\u00e9cnicas de Lucha contra Incendios Forestales<\/a><\/li><li><a href=\"https:\/\/www.montes.upm.es\/Estudiantes\/EstudiosTitulaciones\/Master_Oficiales\/MasterGestionTurismoEcologicoySostenible\">M\u00e1ster Universitario en Gesti\u00f3n del Turismo Ecol\u00f3gico y Sostenible<\/a><\/li><li><a href=\"https:\/\/www.montes.upm.es\/Estudiantes\/EstudiosTitulaciones\/Master_Oficiales\/M%C3%A1ster%20Universitario%20en%20Econom%C3%ADa%20Circular\">M\u00e1ster Universitario en Econom\u00eda Circular<\/a><\/li><\/ul>\n","protected":false},"excerpt":{"rendered":"<p>M\u00e1ster Universitario en Ingenieria de Montes &#8211; Acreditaci\u00f3n EUR-ACE M\u00e1ster Universitario \u00abEl Agua en el Medio Natural. Usos y gesti\u00f3n\u00bb<\/p>\n","protected":false},"author":6,"featured_media":0,"parent":0,"menu_order":0,"comment_status":"closed","ping_status":"closed","template":"","meta":[],"_links":{"self":[{"href":"https:\/\/www2.montes.upm.es\/Blogs\/futuros\/wp-json\/wp\/v2\/pages\/60"}],"collection":[{"href":"https:\/\/www2.montes.upm.es\/Blogs\/futuros\/wp-json\/wp\/v2\/pages"}],"about":[{"href":"https:\/\/www2.montes.upm.es\/Blogs\/futuros\/wp-json\/wp\/v2\/types\/page"}],"author":[{"embeddable":true,"href":"https:\/\/www2.montes.upm.es\/Blogs\/futuros\/wp-json\/wp\/v2\/users\/6"}],"replies":[{"embeddable":true,"href":"https:\/\/www2.montes.upm.es\/Blogs\/futuros\/wp-json\/wp\/v2\/comments?post=60"}],"version-history":[{"count":2,"href":"https:\/\/www2.montes.upm.es\/Blogs\/futuros\/wp-json\/wp\/v2\/pages\/60\/revisions"}],"predecessor-version":[{"id":219,"href":"https:\/\/www2.montes.upm.es\/Blogs\/futuros\/wp-json\/wp\/v2\/pages\/60\/revisions\/219"}],"wp:attachment":[{"href":"https:\/\/www2.montes.upm.es\/Blogs\/futuros\/wp-json\/wp\/v2\/media?parent=60"}],"curies":[{"name":"wp","href":"https:\/\/api.w.org\/{rel}","templated":true}]}}