{"id":86,"date":"2022-06-07T05:09:45","date_gmt":"2022-06-07T05:09:45","guid":{"rendered":"https:\/\/www2.montes.upm.es\/Blogs\/futuros\/?page_id=86"},"modified":"2022-06-17T10:31:56","modified_gmt":"2022-06-17T10:31:56","slug":"master-universitario-en-ingenieria-de-montes","status":"publish","type":"page","link":"https:\/\/www2.montes.upm.es\/Blogs\/futuros\/nuestros-master\/master-universitario-en-ingenieria-de-montes\/","title":{"rendered":"M\u00e1ster Universitario en Ingenier\u00eda de Montes"},"content":{"rendered":"\n<figure class=\"wp-block-image size-full\"><img loading=\"lazy\" width=\"200\" height=\"69\" src=\"https:\/\/www2.montes.upm.es\/Blogs\/futuros\/wp-content\/uploads\/sites\/2\/2022\/06\/sello_acreditacion-interior.jpg.png\" alt=\"\" class=\"wp-image-87\" \/><\/figure>\n\n\n\n<p><\/p>\n\n\n\n<div class=\"wp-block-media-text alignfull is-stacked-on-mobile is-vertically-aligned-center\"><figure class=\"wp-block-media-text__media\"><img loading=\"lazy\" width=\"660\" height=\"818\" src=\"https:\/\/www2.montes.upm.es\/Blogs\/futuros\/wp-content\/uploads\/sites\/2\/2022\/06\/mastermontes.png\" alt=\"\" class=\"wp-image-198 size-full\" srcset=\"https:\/\/www2.montes.upm.es\/Blogs\/futuros\/wp-content\/uploads\/sites\/2\/2022\/06\/mastermontes.png 660w, https:\/\/www2.montes.upm.es\/Blogs\/futuros\/wp-content\/uploads\/sites\/2\/2022\/06\/mastermontes-242x300.png 242w\" sizes=\"(max-width: 660px) 100vw, 660px\" \/><\/figure><div class=\"wp-block-media-text__content\">\n<h3 class=\"has-text-align-center has-text-color\" style=\"color:#000000\"><\/h3>\n\n\n\n<p>La titulaci\u00f3n del M\u00e1ster en Ingenier\u00eda de Montes tiene como objetivo la formaci\u00f3n avanzada para el desempe\u00f1o de m\u00faltiples actividades en el campo forestal y del medio natural como son la gesti\u00f3n de recursos naturales, de industrias forestales, la planificaci\u00f3n territorial y de espacios naturales, as\u00ed como la direcci\u00f3n y asesoramiento t\u00e9cnico en proyectos de ingenier\u00eda, obras o peritaciones.<br><br>Este objetivo principal se concreta en una serie de objetivos generales que deben alcanzar los alumnos del M\u00e1ster en Ingenier\u00eda de Montes y se pueden consultar en la&nbsp;<a href=\"https:\/\/www.montes.upm.es\/sfs\/montesymedionatural\/OrdenacionAcademica\/TitulosMaster\/Master_en_Ingenieria_Montes_2014\/estaticos_calidad-MIM\/Memoria_Verificacion-MIM_2019-arreglada.pdf\">Memoria de verificaci\u00f3n del t\u00edtulo<\/a>.<\/p>\n\n\n\n<p><strong>Atribuciones profesionales:<\/strong><\/p>\n\n\n\n<p>\u2022 Orientaci\u00f3n de la titulaci\u00f3n: Profesional.<br>\u2022 Profesiones para las que capacita una vez obtenido el t\u00edtulo: El alumno que realice este M\u00e1ster poseer\u00e1 las atribuciones profesionales del Ingeniero de &nbsp;Montes (Ley 2\/1964 de 29 de abril; Ley de Montes 43\/2003, de 21 de noviembre, modificada por la Ley 10\/2006, de 28 de abril; Reglamento de Montes (Decreto 485\/1962 de 22 de febrero)).<\/p>\n\n\n\n<p class=\"has-text-align-center has-extra-small-font-size\"><a href=\"https:\/\/www.montes.upm.es\/Estudiantes\/EstudiosTitulaciones\/Master_Oficiales\/MIM\">Ver informaci\u00f3n completa \u2197<\/a><\/p>\n<\/div><\/div>\n","protected":false},"excerpt":{"rendered":"<p>La titulaci\u00f3n del M\u00e1ster en Ingenier\u00eda de Montes tiene como objetivo la formaci\u00f3n avanzada para el desempe\u00f1o de m\u00faltiples actividades<\/p>\n","protected":false},"author":6,"featured_media":0,"parent":60,"menu_order":1,"comment_status":"closed","ping_status":"closed","template":"","meta":[],"_links":{"self":[{"href":"https:\/\/www2.montes.upm.es\/Blogs\/futuros\/wp-json\/wp\/v2\/pages\/86"}],"collection":[{"href":"https:\/\/www2.montes.upm.es\/Blogs\/futuros\/wp-json\/wp\/v2\/pages"}],"about":[{"href":"https:\/\/www2.montes.upm.es\/Blogs\/futuros\/wp-json\/wp\/v2\/types\/page"}],"author":[{"embeddable":true,"href":"https:\/\/www2.montes.upm.es\/Blogs\/futuros\/wp-json\/wp\/v2\/users\/6"}],"replies":[{"embeddable":true,"href":"https:\/\/www2.montes.upm.es\/Blogs\/futuros\/wp-json\/wp\/v2\/comments?post=86"}],"version-history":[{"count":9,"href":"https:\/\/www2.montes.upm.es\/Blogs\/futuros\/wp-json\/wp\/v2\/pages\/86\/revisions"}],"predecessor-version":[{"id":199,"href":"https:\/\/www2.montes.upm.es\/Blogs\/futuros\/wp-json\/wp\/v2\/pages\/86\/revisions\/199"}],"up":[{"embeddable":true,"href":"https:\/\/www2.montes.upm.es\/Blogs\/futuros\/wp-json\/wp\/v2\/pages\/60"}],"wp:attachment":[{"href":"https:\/\/www2.montes.upm.es\/Blogs\/futuros\/wp-json\/wp\/v2\/media?parent=86"}],"curies":[{"name":"wp","href":"https:\/\/api.w.org\/{rel}","templated":true}]}}