{"id":9,"date":"2022-06-06T09:22:55","date_gmt":"2022-06-06T09:22:55","guid":{"rendered":"https:\/\/www2.montes.upm.es\/Blogs\/futuros\/?page_id=9"},"modified":"2022-06-07T10:29:09","modified_gmt":"2022-06-07T10:29:09","slug":"nuestros-grados","status":"publish","type":"page","link":"https:\/\/www2.montes.upm.es\/Blogs\/futuros\/nuestros-grados\/","title":{"rendered":"Nuestros Grados"},"content":{"rendered":"\n<div class=\"wp-block-columns\">\n<div class=\"wp-block-column\">\n<div class=\"wp-block-columns\">\n<div class=\"wp-block-column\">\n<figure class=\"wp-block-image size-full\"><a href=\"https:\/\/www2.montes.upm.es\/Blogs\/futuros\/nuestros-grados\/grado-en-ingenieria-forestal\/\" target=\"_blank\" rel=\"noopener\"><img loading=\"lazy\" width=\"545\" height=\"544\" src=\"https:\/\/www2.montes.upm.es\/Blogs\/futuros\/wp-content\/uploads\/sites\/2\/2022\/06\/gif1.png\" alt=\"\" class=\"wp-image-76\" srcset=\"https:\/\/www2.montes.upm.es\/Blogs\/futuros\/wp-content\/uploads\/sites\/2\/2022\/06\/gif1.png 545w, https:\/\/www2.montes.upm.es\/Blogs\/futuros\/wp-content\/uploads\/sites\/2\/2022\/06\/gif1-300x300.png 300w, https:\/\/www2.montes.upm.es\/Blogs\/futuros\/wp-content\/uploads\/sites\/2\/2022\/06\/gif1-150x150.png 150w\" sizes=\"(max-width: 545px) 100vw, 545px\" \/><\/a><\/figure>\n\n\n\n<p class=\"has-text-align-center has-medium-font-size\"><strong><mark style=\"background-color:#0ba56d\" class=\"has-inline-color has-white-color\">GRADO EN INGENIER\u00cdA FORESTAL<\/mark><\/strong><\/p>\n\n\n\n<p><\/p>\n<\/div>\n\n\n\n<div class=\"wp-block-column\">\n<figure class=\"wp-block-image size-full\"><a href=\"https:\/\/www2.montes.upm.es\/Blogs\/futuros\/nuestros-grados\/ingenieria-del-medio-natural\/\" target=\"_blank\" rel=\"noopener\"><img loading=\"lazy\" width=\"545\" height=\"544\" src=\"https:\/\/www2.montes.upm.es\/Blogs\/futuros\/wp-content\/uploads\/sites\/2\/2022\/06\/gimn1.png\" alt=\"\" class=\"wp-image-77\" srcset=\"https:\/\/www2.montes.upm.es\/Blogs\/futuros\/wp-content\/uploads\/sites\/2\/2022\/06\/gimn1.png 545w, https:\/\/www2.montes.upm.es\/Blogs\/futuros\/wp-content\/uploads\/sites\/2\/2022\/06\/gimn1-300x300.png 300w, https:\/\/www2.montes.upm.es\/Blogs\/futuros\/wp-content\/uploads\/sites\/2\/2022\/06\/gimn1-150x150.png 150w\" sizes=\"(max-width: 545px) 100vw, 545px\" \/><\/a><\/figure>\n\n\n\n<div class=\"wp-container-1 wp-block-group\">\n<p class=\"has-text-align-center has-medium-font-size\"><strong><mark style=\"background-color:#785b0c\" class=\"has-inline-color has-white-color\">GRADO EN INGENIER\u00cdA DEL MEDIO NATURAL<\/mark><\/strong><\/p>\n<\/div>\n<\/div>\n<\/div>\n<\/div>\n\n\n\n<div class=\"wp-block-column\">\n<div class=\"wp-block-columns\">\n<div class=\"wp-block-column\">\n<figure class=\"wp-block-image size-full is-resized\"><a href=\"https:\/\/www2.montes.upm.es\/Blogs\/futuros\/nuestros-grados\/ingenieria-de-las-tecnologias-ambientales\/\"><img loading=\"lazy\" src=\"https:\/\/www2.montes.upm.es\/Blogs\/futuros\/wp-content\/uploads\/sites\/2\/2022\/06\/gita1.png\" alt=\"\" class=\"wp-image-78\" width=\"246\" height=\"245\" srcset=\"https:\/\/www2.montes.upm.es\/Blogs\/futuros\/wp-content\/uploads\/sites\/2\/2022\/06\/gita1.png 544w, https:\/\/www2.montes.upm.es\/Blogs\/futuros\/wp-content\/uploads\/sites\/2\/2022\/06\/gita1-300x300.png 300w, https:\/\/www2.montes.upm.es\/Blogs\/futuros\/wp-content\/uploads\/sites\/2\/2022\/06\/gita1-150x150.png 150w\" sizes=\"(max-width: 246px) 100vw, 246px\" \/><\/a><\/figure>\n\n\n\n<p class=\"has-text-align-center has-medium-font-size\"><strong><mark style=\"background-color:#80077a\" class=\"has-inline-color has-white-color\">GRADO EN INGENIER\u00cdA DE LAS TECNOLOG\u00cdAS AMBIENTALES<\/mark><\/strong><\/p>\n<\/div>\n\n\n\n<div class=\"wp-block-column\">\n<figure class=\"wp-block-image size-full is-resized\"><a href=\"https:\/\/www2.montes.upm.es\/Blogs\/futuros\/nuestros-grados\/programa-academico-ingenieria-forestalmaster-ingenieria-de-montes\/\"><img loading=\"lazy\" src=\"https:\/\/www2.montes.upm.es\/Blogs\/futuros\/wp-content\/uploads\/sites\/2\/2022\/06\/progacad.png\" alt=\"\" class=\"wp-image-135\" width=\"255\" height=\"255\" srcset=\"https:\/\/www2.montes.upm.es\/Blogs\/futuros\/wp-content\/uploads\/sites\/2\/2022\/06\/progacad.png 182w, https:\/\/www2.montes.upm.es\/Blogs\/futuros\/wp-content\/uploads\/sites\/2\/2022\/06\/progacad-150x150.png 150w\" sizes=\"(max-width: 255px) 100vw, 255px\" \/><\/a><\/figure>\n\n\n\n<p><strong><mark style=\"background-color:#cf2e2e\" class=\"has-inline-color has-white-color\">PROGRAMA ACAD\u00c9MICO GRADO ING. FORESTAL + M\u00c1STER ING. DE MONTES<\/mark><\/strong><\/p>\n<\/div>\n<\/div>\n\n\n\n<div class=\"wp-container-2 wp-block-group\"><\/div>\n<\/div>\n<\/div>\n\n\n\n<div class=\"wp-container-3 wp-block-group\"><\/div>\n\n\n\n<p><\/p>\n\n\n\n<pre class=\"wp-block-code\"><code><\/code><\/pre>\n\n\n\n<p><\/p>\n","protected":false},"excerpt":{"rendered":"<p>GRADO EN INGENIER\u00cdA FORESTAL GRADO EN INGENIER\u00cdA DEL MEDIO NATURAL GRADO EN INGENIER\u00cdA DE LAS TECNOLOG\u00cdAS AMBIENTALES PROGRAMA ACAD\u00c9MICO GRADO<\/p>\n","protected":false},"author":6,"featured_media":0,"parent":0,"menu_order":0,"comment_status":"closed","ping_status":"closed","template":"page-templates\/page-builder.php","meta":[],"_links":{"self":[{"href":"https:\/\/www2.montes.upm.es\/Blogs\/futuros\/wp-json\/wp\/v2\/pages\/9"}],"collection":[{"href":"https:\/\/www2.montes.upm.es\/Blogs\/futuros\/wp-json\/wp\/v2\/pages"}],"about":[{"href":"https:\/\/www2.montes.upm.es\/Blogs\/futuros\/wp-json\/wp\/v2\/types\/page"}],"author":[{"embeddable":true,"href":"https:\/\/www2.montes.upm.es\/Blogs\/futuros\/wp-json\/wp\/v2\/users\/6"}],"replies":[{"embeddable":true,"href":"https:\/\/www2.montes.upm.es\/Blogs\/futuros\/wp-json\/wp\/v2\/comments?post=9"}],"version-history":[{"count":24,"href":"https:\/\/www2.montes.upm.es\/Blogs\/futuros\/wp-json\/wp\/v2\/pages\/9\/revisions"}],"predecessor-version":[{"id":138,"href":"https:\/\/www2.montes.upm.es\/Blogs\/futuros\/wp-json\/wp\/v2\/pages\/9\/revisions\/138"}],"wp:attachment":[{"href":"https:\/\/www2.montes.upm.es\/Blogs\/futuros\/wp-json\/wp\/v2\/media?parent=9"}],"curies":[{"name":"wp","href":"https:\/\/api.w.org\/{rel}","templated":true}]}}