{"id":10,"date":"2022-07-20T08:43:01","date_gmt":"2022-07-20T08:43:01","guid":{"rendered":"https:\/\/www2.montes.upm.es\/Blogs\/mecir\/?page_id=10"},"modified":"2023-09-03T10:15:21","modified_gmt":"2023-09-03T10:15:21","slug":"informacion","status":"publish","type":"page","link":"https:\/\/www2.montes.upm.es\/Blogs\/muec\/informacion\/","title":{"rendered":"Informaci\u00f3n administrativa"},"content":{"rendered":"\n<p>Informaci\u00f3n relativa a los procedimientos necesarios para realizar<\/p>\n\n\n\n<ul><li>la preinscripci\u00f3n en el m\u00e1ster<\/li><li>la solicitud de la admisi\u00f3n<\/li><li>la matriculaci\u00f3n de las diferentes asignaturas<\/li><li>las pr\u00e1cticas curriculares<\/li><li>el Trabajo Fin de M\u00e1ster<\/li><\/ul>\n\n\n\n<p>Informaci\u00f3n sobre <\/p>\n\n\n\n<ul><li>el Sistema de Calidad de la Titulaci\u00f3n y del Sistema Interno de Garant\u00eda Interno de Calidad de la ETSIMFMN<\/li><li>el Sistema de Quejas, Sugerencias y Felicitaciones<\/li><\/ul>\n\n\n\n<p><a href=\"https:\/\/www.upm.es\/Estudiantes\/Estudios_Titulaciones\/Estudios_Master\" target=\"_blank\" rel=\"noreferrer noopener\">ESTUDIOS OFICIALES DE M\u00c1STER (informaci\u00f3n general de la UPM)<\/a><\/p>\n\n\n\n<div class=\"wp-block-columns\">\n<div class=\"wp-block-column\" style=\"flex-basis:100%\"><\/div>\n<\/div>\n\n\n\n<figure class=\"wp-block-image size-full\"><img loading=\"lazy\" width=\"1018\" height=\"279\" src=\"https:\/\/www2.montes.upm.es\/Blogs\/mecir\/wp-content\/uploads\/sites\/4\/2022\/12\/Imagen7.jpg\" alt=\"\" class=\"wp-image-303\" srcset=\"https:\/\/www2.montes.upm.es\/Blogs\/muec\/wp-content\/uploads\/sites\/4\/2022\/12\/Imagen7.jpg 1018w, https:\/\/www2.montes.upm.es\/Blogs\/muec\/wp-content\/uploads\/sites\/4\/2022\/12\/Imagen7-300x82.jpg 300w, https:\/\/www2.montes.upm.es\/Blogs\/muec\/wp-content\/uploads\/sites\/4\/2022\/12\/Imagen7-768x210.jpg 768w\" sizes=\"(max-width: 1018px) 100vw, 1018px\" \/><\/figure>\n","protected":false},"excerpt":{"rendered":"<p>Informaci\u00f3n relativa a los procedimientos necesarios para realizar la preinscripci\u00f3n en el m\u00e1ster la solicitud de la admisi\u00f3n la matriculaci\u00f3n<\/p>\n","protected":false},"author":6,"featured_media":0,"parent":0,"menu_order":0,"comment_status":"closed","ping_status":"closed","template":"","meta":[],"_links":{"self":[{"href":"https:\/\/www2.montes.upm.es\/Blogs\/muec\/wp-json\/wp\/v2\/pages\/10"}],"collection":[{"href":"https:\/\/www2.montes.upm.es\/Blogs\/muec\/wp-json\/wp\/v2\/pages"}],"about":[{"href":"https:\/\/www2.montes.upm.es\/Blogs\/muec\/wp-json\/wp\/v2\/types\/page"}],"author":[{"embeddable":true,"href":"https:\/\/www2.montes.upm.es\/Blogs\/muec\/wp-json\/wp\/v2\/users\/6"}],"replies":[{"embeddable":true,"href":"https:\/\/www2.montes.upm.es\/Blogs\/muec\/wp-json\/wp\/v2\/comments?post=10"}],"version-history":[{"count":12,"href":"https:\/\/www2.montes.upm.es\/Blogs\/muec\/wp-json\/wp\/v2\/pages\/10\/revisions"}],"predecessor-version":[{"id":308,"href":"https:\/\/www2.montes.upm.es\/Blogs\/muec\/wp-json\/wp\/v2\/pages\/10\/revisions\/308"}],"wp:attachment":[{"href":"https:\/\/www2.montes.upm.es\/Blogs\/muec\/wp-json\/wp\/v2\/media?parent=10"}],"curies":[{"name":"wp","href":"https:\/\/api.w.org\/{rel}","templated":true}]}}