{"id":102,"date":"2022-10-15T19:13:25","date_gmt":"2022-10-15T19:13:25","guid":{"rendered":"https:\/\/www2.montes.upm.es\/Blogs\/mecir\/?page_id=102"},"modified":"2025-01-30T08:56:48","modified_gmt":"2025-01-30T08:56:48","slug":"informacion-sobre-practicas-curriculares","status":"publish","type":"page","link":"https:\/\/www2.montes.upm.es\/Blogs\/muec\/informacion\/informacion-sobre-practicas-curriculares\/","title":{"rendered":"Informaci\u00f3n sobre Pr\u00e1cticas curriculares"},"content":{"rendered":"\n<p>Materia obligatoria del tercer y \u00faltimo semestre del M\u00e1ster en Econom\u00eda Circular, de 12 ECTS. <\/p>\n\n\n\n<p>Las Pr\u00e1cticas Externas (PE) son una estancia formativa tutelada. Se trata de una primera experiencia profesional fuera de la universidad en el campo de actividad de la titulaci\u00f3n, normalmente realizada en empresas, en organizaciones de la administraci\u00f3n o en centros p\u00fablicos de investigaci\u00f3n. <\/p>\n\n\n\n<p>Las pr\u00e1cticas tienen cuatro finalidades principales: <\/p>\n\n\n\n<ul><li>completar la formaci\u00f3n recibida en la Universidad<\/li><li>iniciarse en el \u00e1mbito profesional<\/li><li>adquirir una experiencia laboral real <\/li><li>encontrar orientaci\u00f3n laboral<\/li><\/ul>\n\n\n\n<p>M\u00e1s informaci\u00f3n en la <a rel=\"noreferrer noopener\" href=\"https:\/\/www.montes.upm.es\/Estudiantes\/Empleo_y_Practicas\" target=\"_blank\">OFICINA DE PR\u00c1CTICAS EN EMPRESA (OPE)<\/a> del Centro, o a trav\u00e9s de los Coordinadores del programa.<\/p>\n\n\n\n<p>La experiencia profesional o laboral puede reconocerse como Pr\u00e1cticas Externas (PE) siempre y cuando se pueda acreditar una experiencia m\u00ednima de 2 a\u00f1os desempe\u00f1ando actividades vinculadas a aspectos de econom\u00eda circular, entre las competencias del Master.<\/p>\n\n\n\n<p><\/p>\n\n\n\n<ul><li><a rel=\"noreferrer noopener\" href=\"https:\/\/drive.upm.es\/s\/OQJD3Il6r1eTslI\" target=\"_blank\">Gu\u00eda Acad\u00e9mic<\/a><a href=\"https:\/\/upm365-my.sharepoint.com\/:b:\/g\/personal\/carmen_aviles_upm_es\/ESr25wYrFf5Ptfh2dLib2DQBMu9jp64KuLZFtOlhVw0AnA?e=D1lKMz\" target=\"_blank\" rel=\"noreferrer noopener\">a de las Pr\u00e1cticas curriculares<\/a><\/li><\/ul>\n","protected":false},"excerpt":{"rendered":"<p>Materia obligatoria del tercer y \u00faltimo semestre del M\u00e1ster en Econom\u00eda Circular, de 12 ECTS. Las Pr\u00e1cticas Externas (PE) son<\/p>\n","protected":false},"author":6,"featured_media":0,"parent":10,"menu_order":2,"comment_status":"closed","ping_status":"closed","template":"","meta":[],"_links":{"self":[{"href":"https:\/\/www2.montes.upm.es\/Blogs\/muec\/wp-json\/wp\/v2\/pages\/102"}],"collection":[{"href":"https:\/\/www2.montes.upm.es\/Blogs\/muec\/wp-json\/wp\/v2\/pages"}],"about":[{"href":"https:\/\/www2.montes.upm.es\/Blogs\/muec\/wp-json\/wp\/v2\/types\/page"}],"author":[{"embeddable":true,"href":"https:\/\/www2.montes.upm.es\/Blogs\/muec\/wp-json\/wp\/v2\/users\/6"}],"replies":[{"embeddable":true,"href":"https:\/\/www2.montes.upm.es\/Blogs\/muec\/wp-json\/wp\/v2\/comments?post=102"}],"version-history":[{"count":9,"href":"https:\/\/www2.montes.upm.es\/Blogs\/muec\/wp-json\/wp\/v2\/pages\/102\/revisions"}],"predecessor-version":[{"id":644,"href":"https:\/\/www2.montes.upm.es\/Blogs\/muec\/wp-json\/wp\/v2\/pages\/102\/revisions\/644"}],"up":[{"embeddable":true,"href":"https:\/\/www2.montes.upm.es\/Blogs\/muec\/wp-json\/wp\/v2\/pages\/10"}],"wp:attachment":[{"href":"https:\/\/www2.montes.upm.es\/Blogs\/muec\/wp-json\/wp\/v2\/media?parent=102"}],"curies":[{"name":"wp","href":"https:\/\/api.w.org\/{rel}","templated":true}]}}