{"id":135,"date":"2022-11-20T13:09:57","date_gmt":"2022-11-20T13:09:57","guid":{"rendered":"https:\/\/www2.montes.upm.es\/Blogs\/mecir\/?page_id=135"},"modified":"2026-02-24T11:48:49","modified_gmt":"2026-02-24T11:48:49","slug":"calidad","status":"publish","type":"page","link":"https:\/\/www2.montes.upm.es\/Blogs\/muec\/informacion\/calidad\/","title":{"rendered":"Calidad"},"content":{"rendered":"\n<p>La titulaci\u00f3n est\u00e1 adscrita a la E.T.S.I. Montes, Forestal y del Medio Natural de la UPM, por lo que los criterios de calidad se ajustan a los de dicho centro. Los grandes objetivos que definen la pol\u00edtica interna del centro se pueden clasificar en tres grandes grupos:<\/p>\n\n\n\n<ul><li>Conseguir una formaci\u00f3n de calidad, cuyo fin sea la preparaci\u00f3n de nuestros alumnos para que lleguen a ser los mejores profesionales de todas las titulaciones impartidas, capaces de adaptarse a los cambios tecnol\u00f3gicos y de satisfacer las crecientes demandas sociales.<\/li><li>Promocionar el desarrollo cient\u00edfico-t\u00e9cnico en el \u00e1mbito de las titulaciones impartidas con proyectos de investigaci\u00f3n aplicados y en consonancia con las demandas de cada sector, definidas a trav\u00e9s de una estrecha relaci\u00f3n con las empresas y dem\u00e1s agentes activos.<\/li><li>Propiciar la mejora continua del Centro:<ul><li>Estableciendo un Sistema de Calidad.<\/li><li>Promocionando el ahorro y uso eficiente de los recursos del centro y el respeto al medioambiente.<\/li><li>Promoviendo el reconocimiento al trabajo eficaz y profesional.<\/li><li>Comunicando a la sociedad la excelencia de la formaci\u00f3n e investigaci\u00f3n en el sector forestal, del medio natural y medioambiental que se desarrolla en el centro.<\/li><\/ul><\/li><\/ul>\n\n\n\n<p>El Sistema de Garant\u00eda Interna de Calidad del centro se puede consultar en el siguiente enlace: <a rel=\"noreferrer noopener\" href=\"https:\/\/www.montes.upm.es\/Escuela\/Calidad-BQSF\/Calidad_Institucional\/Calidad%20Centro\" target=\"_blank\">Sistema de Garant\u00eda Interna de Calidad (SGIC).<\/a><\/p>\n\n\n\n<h5 class=\"has-medium-font-size\"><strong>Proceso de renovaci\u00f3n de acreditaci\u00f3n 2024.<\/strong><\/h5>\n\n\n\n<ul><li><a href=\"https:\/\/upm365-my.sharepoint.com\/:b:\/g\/personal\/carmen_aviles_upm_es\/EfHWP13RtSxOir7cjxynBhMBHMIrGNIlxi41AGfT5aq6Nw?e=Vqq0ZM\" target=\"_blank\" rel=\"noreferrer noopener\">Informe final de renovaci\u00f3n de la acreditaci\u00f3n 2024<\/a><\/li><\/ul>\n\n\n\n<h5 class=\"has-medium-font-size\"><strong>Otra informaci\u00f3n de inter\u00e9s<\/strong><\/h5>\n\n\n\n<ul><li><a rel=\"noreferrer noopener\" href=\"https:\/\/www.montes.upm.es\/sfs\/montesymedionatural\/OrdenacionAcademica\/TitulosMaster\/Master_Economia_Circular\/Calidad_MUEC\/2019-11-Memoria_verificacion-MUEC.pdf\" target=\"_blank\">Memoria de verificaci\u00f3n<\/a> <\/li><li><a href=\"https:\/\/upm365-my.sharepoint.com\/:b:\/g\/personal\/carmen_aviles_upm_es\/EfTwx4cNlvZFmcDjtJKzPfABA-q8MGzzxj3g0SHAqyc7rA?e=EtnruT\" data-type=\"URL\" data-id=\"https:\/\/upm365-my.sharepoint.com\/:b:\/g\/personal\/carmen_aviles_upm_es\/EfTwx4cNlvZFmcDjtJKzPfABA-q8MGzzxj3g0SHAqyc7rA?e=EtnruT\" target=\"_blank\" rel=\"noreferrer noopener\">Resumen anual de resultados de la titulaci\u00f3n (2019-2023)<\/a><\/li><li><a href=\"https:\/\/drive.upm.es\/s\/mgtVXBrwmjrRxfr\">Resumen anual de resultados de la titulaci\u00f3n (2019-2022)<\/a><\/li><li><a href=\"https:\/\/drive.upm.es\/s\/mgtVXBrwmjrRxfr\">Resumen de las encuestas de satisfacci\u00f3n (2019-22)<\/a><\/li><li><a href=\"https:\/\/www.montes.upm.es\/sfs\/montesymedionatural\/OrdenacionAcademica\/TitulosMaster\/Master_Economia_Circular\/Calidad_MUEC\/estaticos_calidad-MUEC\/Resumen_resultados-MUEC-13AC-2019_a_2021.pdf\">Resumen anual de resultados de la titulaci\u00f3n (2019-21)<\/a><\/li><li><a href=\"https:\/\/www.montes.upm.es\/sfs\/montesymedionatural\/OrdenacionAcademica\/TitulosMaster\/Master_Economia_Circular\/Calidad_MUEC\/estaticos_calidad-MUEC\/Resumen_anual-SatisfaccionMUEC_2019-2021.pdf\">Resumen de las encuestas de satisfacci\u00f3n (2019-21)<\/a><\/li><\/ul>\n\n\n\n<p><\/p>\n\n\n\n<h5 class=\"has-medium-font-size\"><strong>Informes de Titulaci\u00f3n<\/strong><\/h5>\n\n\n\n<ul><li><a href=\"https:\/\/www.montes.upm.es\/sfs\/montesymedionatural\/OrdenacionAcademica\/TitulosMaster\/Master_Economia_Circular\/Calidad_MUEC\/estaticos_calidad-MUEC\/IT_13AC_2019-20.pdf\">Curso 2019-2020<\/a><a href=\"https:\/\/www.montes.upm.es\/sfs\/montesymedionatural\/OrdenacionAcademica\/TitulosMaster\/Master_Economia_Circular\/Calidad_MUEC\/estaticos_calidad-MUEC\/IT_13AC_2019-20-borrador.pdf\"><\/a><\/li><li><a href=\"https:\/\/www.montes.upm.es\/sfs\/montesymedionatural\/OrdenacionAcademica\/TitulosMaster\/Master_Economia_Circular\/Calidad_MUEC\/estaticos_calidad-MUEC\/IT_13AC_2020-21.pdf\">Curso 2020-2021 &nbsp;<\/a><img src=\"https:\/\/www.montes.upm.es\/estaticos\/imagenes\/comunes\/pdf.gif\" alt=\"Icono PDF\"><\/li><li><a rel=\"noreferrer noopener\" href=\"https:\/\/drive.upm.es\/s\/XlP0GB6e1u2SoD0\" data-type=\"URL\" data-id=\"https:\/\/drive.upm.es\/s\/XlP0GB6e1u2SoD0\" target=\"_blank\">Curso 2021-2022<\/a><\/li><li><a rel=\"noreferrer noopener\" href=\"https:\/\/upm365-my.sharepoint.com\/:b:\/g\/personal\/carmen_aviles_upm_es\/EQhXDf60kZhEqBSUq7q3GD8BszW6daRt7xnKeEvEnFP25Q?e=NRIjT8\" data-type=\"URL\" data-id=\"https:\/\/upm365-my.sharepoint.com\/:b:\/g\/personal\/carmen_aviles_upm_es\/EQhXDf60kZhEqBSUq7q3GD8BszW6daRt7xnKeEvEnFP25Q?e=NRIjT8\" target=\"_blank\">Curso 2022-2023<\/a><\/li><li><a rel=\"noreferrer noopener\" href=\"https:\/\/upm365-my.sharepoint.com\/:f:\/g\/personal\/carmen_aviles_upm_es\/Esm87nBi845KnRxPqffAe5gBUe-Ks2GCJFJodebIPXrTxQ?e=nF1qIg\" target=\"_blank\">Curso 2023-2024<\/a><\/li><\/ul>\n\n\n\n<p><\/p>\n","protected":false},"excerpt":{"rendered":"<p>La titulaci\u00f3n est\u00e1 adscrita a la E.T.S.I. Montes, Forestal y del Medio Natural de la UPM, por lo que los<\/p>\n","protected":false},"author":6,"featured_media":0,"parent":10,"menu_order":4,"comment_status":"closed","ping_status":"closed","template":"","meta":[],"_links":{"self":[{"href":"https:\/\/www2.montes.upm.es\/Blogs\/muec\/wp-json\/wp\/v2\/pages\/135"}],"collection":[{"href":"https:\/\/www2.montes.upm.es\/Blogs\/muec\/wp-json\/wp\/v2\/pages"}],"about":[{"href":"https:\/\/www2.montes.upm.es\/Blogs\/muec\/wp-json\/wp\/v2\/types\/page"}],"author":[{"embeddable":true,"href":"https:\/\/www2.montes.upm.es\/Blogs\/muec\/wp-json\/wp\/v2\/users\/6"}],"replies":[{"embeddable":true,"href":"https:\/\/www2.montes.upm.es\/Blogs\/muec\/wp-json\/wp\/v2\/comments?post=135"}],"version-history":[{"count":17,"href":"https:\/\/www2.montes.upm.es\/Blogs\/muec\/wp-json\/wp\/v2\/pages\/135\/revisions"}],"predecessor-version":[{"id":713,"href":"https:\/\/www2.montes.upm.es\/Blogs\/muec\/wp-json\/wp\/v2\/pages\/135\/revisions\/713"}],"up":[{"embeddable":true,"href":"https:\/\/www2.montes.upm.es\/Blogs\/muec\/wp-json\/wp\/v2\/pages\/10"}],"wp:attachment":[{"href":"https:\/\/www2.montes.upm.es\/Blogs\/muec\/wp-json\/wp\/v2\/media?parent=135"}],"curies":[{"name":"wp","href":"https:\/\/api.w.org\/{rel}","templated":true}]}}