{"id":15,"date":"2022-07-20T08:43:31","date_gmt":"2022-07-20T08:43:31","guid":{"rendered":"https:\/\/www2.montes.upm.es\/Blogs\/mecir\/?page_id=15"},"modified":"2025-07-14T08:36:31","modified_gmt":"2025-07-14T08:36:31","slug":"planificacion-docente","status":"publish","type":"page","link":"https:\/\/www2.montes.upm.es\/Blogs\/muec\/planificacion-docente\/","title":{"rendered":"Programa Acad\u00e9mico"},"content":{"rendered":"\n<div class=\"wp-block-columns\">\n<div class=\"wp-block-column\" style=\"flex-basis:66.66%\">\n<p>El M\u00e1ster Universitario en Econom\u00eda Circular de la Universidad Polit\u00e9cnica de Madrid es un postgrado intercentros de 90 ECTS (de a\u00f1o y medio de duraci\u00f3n)<\/p>\n\n\n\n<p>Est\u00e1 estructurado en tres semestres:<\/p>\n\n\n\n<ul><li>Semestre de primavera, en el primer curso: bloque formativo com\u00fan, de 30 ECTS<\/li><li>Semestre de oto\u00f1o, en el segundo curso: para la realizaci\u00f3n de dos especialidades a trav\u00e9s de dos itinerarios diferenciados:<ul><li><strong>Consumo y Gesti\u00f3n Sostenible del Capital Natural<\/strong>, de 30 ECTS<\/li><li><strong>Minerales y Productos de Construcci\u00f3n<\/strong>, de 30 ECTS.<\/li><\/ul><\/li><\/ul>\n\n\n\n<ul><li>Semestre de primavera, en el segundo curso: para la realizaci\u00f3n de las Pr\u00e1cticas en Empresa y del Trabajo fin de m\u00e1ster<\/li><\/ul>\n\n\n\n<figure class=\"wp-block-image size-large\"><img loading=\"lazy\" width=\"1024\" height=\"414\" src=\"https:\/\/www2.montes.upm.es\/Blogs\/mecir\/wp-content\/uploads\/sites\/4\/2023\/06\/Estructura-MUEC-1024x414.png\" alt=\"\" class=\"wp-image-410\" srcset=\"https:\/\/www2.montes.upm.es\/Blogs\/muec\/wp-content\/uploads\/sites\/4\/2023\/06\/Estructura-MUEC-1024x414.png 1024w, https:\/\/www2.montes.upm.es\/Blogs\/muec\/wp-content\/uploads\/sites\/4\/2023\/06\/Estructura-MUEC-300x121.png 300w, https:\/\/www2.montes.upm.es\/Blogs\/muec\/wp-content\/uploads\/sites\/4\/2023\/06\/Estructura-MUEC-768x310.png 768w, https:\/\/www2.montes.upm.es\/Blogs\/muec\/wp-content\/uploads\/sites\/4\/2023\/06\/Estructura-MUEC.png 1143w\" sizes=\"(max-width: 1024px) 100vw, 1024px\" \/><\/figure>\n\n\n\n<p class=\"has-medium-font-size\"><strong><a rel=\"noreferrer noopener\" href=\"https:\/\/www.montes.upm.es\/sfs\/montesymedionatural\/OrdenacionAcademica\/TitulosMaster\/Master_Economia_Circular\/estaticos_MUEC\/Plan_estudios-MUEC-dic19.pdf\" target=\"_blank\">Plan de Estudios<\/a><\/strong><\/p>\n<\/div>\n\n\n\n<div class=\"wp-block-column\" style=\"flex-basis:33.33%\">\n<figure class=\"wp-block-image size-full is-resized\"><img loading=\"lazy\" src=\"https:\/\/www2.montes.upm.es\/Blogs\/mecir\/wp-content\/uploads\/sites\/4\/2022\/12\/Imagen6.jpg\" alt=\"\" class=\"wp-image-298\" width=\"280\" height=\"420\" srcset=\"https:\/\/www2.montes.upm.es\/Blogs\/muec\/wp-content\/uploads\/sites\/4\/2022\/12\/Imagen6.jpg 502w, https:\/\/www2.montes.upm.es\/Blogs\/muec\/wp-content\/uploads\/sites\/4\/2022\/12\/Imagen6-200x300.jpg 200w\" sizes=\"(max-width: 280px) 100vw, 280px\" \/><\/figure>\n<\/div>\n<\/div>\n\n\n\n<figure class=\"wp-block-image size-large\"><img loading=\"lazy\" width=\"1024\" height=\"438\" src=\"https:\/\/www2.montes.upm.es\/Blogs\/mecir\/wp-content\/uploads\/sites\/4\/2023\/11\/MUEC-S1-1-1024x438.jpg\" alt=\"\" class=\"wp-image-569\" srcset=\"https:\/\/www2.montes.upm.es\/Blogs\/muec\/wp-content\/uploads\/sites\/4\/2023\/11\/MUEC-S1-1-1024x438.jpg 1024w, https:\/\/www2.montes.upm.es\/Blogs\/muec\/wp-content\/uploads\/sites\/4\/2023\/11\/MUEC-S1-1-300x128.jpg 300w, https:\/\/www2.montes.upm.es\/Blogs\/muec\/wp-content\/uploads\/sites\/4\/2023\/11\/MUEC-S1-1-768x329.jpg 768w, https:\/\/www2.montes.upm.es\/Blogs\/muec\/wp-content\/uploads\/sites\/4\/2023\/11\/MUEC-S1-1-1536x658.jpg 1536w, https:\/\/www2.montes.upm.es\/Blogs\/muec\/wp-content\/uploads\/sites\/4\/2023\/11\/MUEC-S1-1.jpg 1920w\" sizes=\"(max-width: 1024px) 100vw, 1024px\" \/><\/figure>\n\n\n\n<figure class=\"wp-block-image size-large\"><img loading=\"lazy\" width=\"1024\" height=\"575\" src=\"https:\/\/www2.montes.upm.es\/Blogs\/mecir\/wp-content\/uploads\/sites\/4\/2023\/11\/MUEC-CGSCN-S2-S3-2-1024x575.jpg\" alt=\"\" class=\"wp-image-570\" srcset=\"https:\/\/www2.montes.upm.es\/Blogs\/muec\/wp-content\/uploads\/sites\/4\/2023\/11\/MUEC-CGSCN-S2-S3-2-1024x575.jpg 1024w, https:\/\/www2.montes.upm.es\/Blogs\/muec\/wp-content\/uploads\/sites\/4\/2023\/11\/MUEC-CGSCN-S2-S3-2-300x168.jpg 300w, https:\/\/www2.montes.upm.es\/Blogs\/muec\/wp-content\/uploads\/sites\/4\/2023\/11\/MUEC-CGSCN-S2-S3-2-768x431.jpg 768w, https:\/\/www2.montes.upm.es\/Blogs\/muec\/wp-content\/uploads\/sites\/4\/2023\/11\/MUEC-CGSCN-S2-S3-2-1536x862.jpg 1536w, https:\/\/www2.montes.upm.es\/Blogs\/muec\/wp-content\/uploads\/sites\/4\/2023\/11\/MUEC-CGSCN-S2-S3-2.jpg 1920w\" sizes=\"(max-width: 1024px) 100vw, 1024px\" \/><\/figure>\n\n\n\n<figure class=\"wp-block-image size-large\"><img loading=\"lazy\" width=\"1024\" height=\"575\" src=\"https:\/\/www2.montes.upm.es\/Blogs\/mecir\/wp-content\/uploads\/sites\/4\/2023\/11\/MUEC-MCP-S2-S3-1-1024x575.jpg\" alt=\"\" class=\"wp-image-571\" srcset=\"https:\/\/www2.montes.upm.es\/Blogs\/muec\/wp-content\/uploads\/sites\/4\/2023\/11\/MUEC-MCP-S2-S3-1-1024x575.jpg 1024w, https:\/\/www2.montes.upm.es\/Blogs\/muec\/wp-content\/uploads\/sites\/4\/2023\/11\/MUEC-MCP-S2-S3-1-300x168.jpg 300w, https:\/\/www2.montes.upm.es\/Blogs\/muec\/wp-content\/uploads\/sites\/4\/2023\/11\/MUEC-MCP-S2-S3-1-768x431.jpg 768w, https:\/\/www2.montes.upm.es\/Blogs\/muec\/wp-content\/uploads\/sites\/4\/2023\/11\/MUEC-MCP-S2-S3-1-1536x862.jpg 1536w, https:\/\/www2.montes.upm.es\/Blogs\/muec\/wp-content\/uploads\/sites\/4\/2023\/11\/MUEC-MCP-S2-S3-1.jpg 1920w\" sizes=\"(max-width: 1024px) 100vw, 1024px\" \/><\/figure>\n","protected":false},"excerpt":{"rendered":"<p>El M\u00e1ster Universitario en Econom\u00eda Circular de la Universidad Polit\u00e9cnica de Madrid es un postgrado intercentros de 90 ECTS (de<\/p>\n","protected":false},"author":6,"featured_media":0,"parent":0,"menu_order":0,"comment_status":"closed","ping_status":"closed","template":"","meta":[],"_links":{"self":[{"href":"https:\/\/www2.montes.upm.es\/Blogs\/muec\/wp-json\/wp\/v2\/pages\/15"}],"collection":[{"href":"https:\/\/www2.montes.upm.es\/Blogs\/muec\/wp-json\/wp\/v2\/pages"}],"about":[{"href":"https:\/\/www2.montes.upm.es\/Blogs\/muec\/wp-json\/wp\/v2\/types\/page"}],"author":[{"embeddable":true,"href":"https:\/\/www2.montes.upm.es\/Blogs\/muec\/wp-json\/wp\/v2\/users\/6"}],"replies":[{"embeddable":true,"href":"https:\/\/www2.montes.upm.es\/Blogs\/muec\/wp-json\/wp\/v2\/comments?post=15"}],"version-history":[{"count":20,"href":"https:\/\/www2.montes.upm.es\/Blogs\/muec\/wp-json\/wp\/v2\/pages\/15\/revisions"}],"predecessor-version":[{"id":572,"href":"https:\/\/www2.montes.upm.es\/Blogs\/muec\/wp-json\/wp\/v2\/pages\/15\/revisions\/572"}],"wp:attachment":[{"href":"https:\/\/www2.montes.upm.es\/Blogs\/muec\/wp-json\/wp\/v2\/media?parent=15"}],"curies":[{"name":"wp","href":"https:\/\/api.w.org\/{rel}","templated":true}]}}