{"id":19,"date":"2022-07-20T08:56:20","date_gmt":"2022-07-20T08:56:20","guid":{"rendered":"https:\/\/www2.montes.upm.es\/Blogs\/mecir\/?page_id=19"},"modified":"2025-07-14T08:27:42","modified_gmt":"2025-07-14T08:27:42","slug":"profesorado","status":"publish","type":"page","link":"https:\/\/www2.montes.upm.es\/Blogs\/muec\/profesorado\/","title":{"rendered":"Profesorado"},"content":{"rendered":"\n<p>El profesorado que imparte la docencia de esta titulaci\u00f3n pertenece a los siguientes centros y departamentos de la UPM:<\/p>\n\n\n\n<ul><li><a rel=\"noreferrer noopener\" href=\"https:\/\/www.montes.upm.es\/\" data-type=\"URL\" data-id=\"https:\/\/www.montes.upm.es\/\" target=\"_blank\">E.T.S.I. de Montes, Forestal y del Medio Natural<\/a><ul><li>Sistemas y Recursos Naturales<\/li><li>Ingenier\u00eda y  Gesti\u00f3n Forestal y Ambiental<\/li><li>Ingenier\u00eda de Organizaci\u00f3n, Administraci\u00f3n de empresas y Estad\u00edstica<\/li><\/ul><\/li><li><a rel=\"noreferrer noopener\" href=\"https:\/\/www.etsiaab.upm.es\/\" data-type=\"URL\" data-id=\"https:\/\/www.etsiaab.upm.es\/\" target=\"_blank\">E.T.S.I. Agron\u00f3mica, Alimentaria y de Biosistemas<\/a><ul><li>Ingenier\u00eda Agroforestal<\/li><\/ul><\/li><li><a rel=\"noreferrer noopener\" href=\"https:\/\/www.industriales.upm.es\/\" data-type=\"URL\" data-id=\"https:\/\/www.industriales.upm.es\/\" target=\"_blank\">E.T.S.I. Industriales<\/a><ul><li> Ingenier\u00eda de Organizaci\u00f3n, Administraci\u00f3n de empresas y  Estad\u00edstica<\/li><li>Ingenier\u00eda Mec\u00e1nica<\/li><\/ul><\/li><li><a rel=\"noreferrer noopener\" href=\"https:\/\/minasyenergia.upm.es\/\" data-type=\"URL\" data-id=\"https:\/\/minasyenergia.upm.es\/\" target=\"_blank\">E.T.S.I. de Minas y  Energ\u00eda<\/a><ul><li>Energ\u00eda y Combustibles<\/li><li>Ingenier\u00eda geol\u00f3gica y  Minera<\/li><\/ul><\/li><li><a rel=\"noreferrer noopener\" href=\"https:\/\/www.etsin.upm.es\/\" data-type=\"URL\" data-id=\"https:\/\/www.etsin.upm.es\/\" target=\"_blank\">E.T.S.I. Navales<\/a><ul><li>Arquitectura, Construcci\u00f3n y  Sistemas oce\u00e1nicos y navales<\/li><\/ul><\/li><li><a rel=\"noreferrer noopener\" href=\"https:\/\/www.edificacion.upm.es\/\" data-type=\"URL\" data-id=\"https:\/\/www.edificacion.upm.es\/\" target=\"_blank\">E.T.S. de Edificaci\u00f3n<\/a><ul><li>Construcciones arquitect\u00f3nicas y su control<\/li><\/ul><\/li><\/ul>\n\n\n\n<p>Los coordinadores responsables de las diferentes asignaturas son los siguientes profesores:<\/p>\n\n\n\n<p><strong>M\u00d3DULO COM\u00daN<\/strong><\/p>\n\n\n\n<ul><li>An\u00e1lisis de de proyectos e inversiones ambientales&nbsp; &#8211; Juli\u00e1n Alonso Mart\u00ednez <\/li><li>Big data y tratamiento de datos &#8211; Eugenio Mart\u00ednez-Falero <\/li><li>Ciclo de vida de productos y servicios&nbsp; &#8211; Maria Jesus Garcia Martinez <\/li><li>Dise\u00f1o de productos y servicios circulares: Ecodise\u00f1o &#8211; Jos\u00e9 Vicente L\u00f3pez Alvarez <\/li><li>Indicadores y m\u00e9trica de la econom\u00eda circular&nbsp; &#8211; Luis D\u00edaz Balteiro <\/li><li>Industria 4.0 &#8211; Juan de Juanes Marquez Sevillano <\/li><li>Marco pol\u00edtico y normativo. Derecho econ\u00f3mico e industrial&nbsp;&#8211; Luis Carlos Fern\u00e1ndez Espinar <\/li><li>Marketing y comunicaci\u00f3n &#8211; Carmen Avil\u00e9s Palacios <\/li><li>Modelos de Econom\u00eda Circular &#8211; Sigfredo Ortu\u00f1o P\u00e9rez <\/li><li>Redes de suministros circulares &#8211; Ruth Carrasco Gallego<\/li><\/ul>\n\n\n\n<p><strong>M\u00d3DULO DE ESPECIALIZACI\u00d3N EN CONSUMO Y GESTI\u00d3N SOSTENIBLE DEL CAPITAL NATURAL <\/strong><\/p>\n\n\n\n<ul><li>Conservaci\u00f3n de la biodiversidad- Felipe Mart\u00ednez Garc\u00eda <\/li><li>Contaminaci\u00f3n y biorremediaci\u00f3n &#8211; Antonio Gasc\u00f3 Guerrero <\/li><li>Energ\u00eda, recursos naturales y cambio clim\u00e1tico &#8211; Isabel Dorado <\/li><li>Gesti\u00f3n de residuos y materias primas secundarias &#8211; Jos\u00e9 Vicente L\u00f3pez Alvarez <\/li><li>Gesti\u00f3n sostenible del capital natural &#8211; Jes\u00fas D\u00edez<\/li><li>Instrumentos y herramientas para el control del cambio clim\u00e1tico &#8211; Agust\u00edn Rubio S\u00e1nchez <\/li><li>Mecanismos financieros de adaptaci\u00f3n al cambio clim\u00e1tico &#8211; Juli\u00e1n Alonso Mart\u00ednez <\/li><li>Restauraci\u00f3n ambiental &#8211; Juan Ignacio Garc\u00eda Vi\u00f1as <\/li><li>Reutilizaci\u00f3n de aguas Mar\u00eda &#8211; Daphne Hermosilla Redondo<\/li><\/ul>\n\n\n\n<p><strong>M\u00d3DULO DE ESPECIALIZACI\u00d3N EN MINERALES Y PRODUCTOS DE CONSTRUCCI\u00d3N<\/strong><\/p>\n\n\n\n<ul><li>Caracterizaci\u00f3n y gesti\u00f3n de productos procedentes de la construcci\u00f3n &#8211; Justo Garc\u00eda Navarro <\/li><li>Cuantificaci\u00f3n de los RCD, minimizaci\u00f3n y reciclaje. Construcci\u00f3n con materiales reciclados &#8211; Paola Villoria S\u00e1ez <\/li><li>Eficiencia energ\u00e9tica en procesos industriales &#8211; Jos\u00e9 Luis Garc\u00eda Fern\u00e1ndez <\/li><li>Energ\u00edas alternativas en procesos industriales &#8211; Pedro Mora Peris <\/li><li>Formaci\u00f3n en competencia digital profesional &#8211; Justo Garc\u00eda Navarro <\/li><li>Fundamentos de miner\u00eda urbana &#8211; Ljiljana Medic Pejic <\/li><li>Innovaci\u00f3n tecnol\u00f3gica y emprendimiento sostenible &#8211; Francisco Ayuga T\u00e9llez <\/li><li>Recuperaci\u00f3n de recursos h\u00eddricos en miner\u00eda y productos de construcci\u00f3n &#8211; Blanca Parga Landa <\/li><li>Vigilancia tecnol\u00f3gica &#8211; Francisco Ayuga T\u00e9llez<\/li><\/ul>\n\n\n\n<p><strong>M\u00d3DULO PR\u00c1CTICUM (AMBAS ESPECIALIDADES)<\/strong><\/p>\n\n\n\n<ul><li>Pr\u00e1cticas Externas &#8211; Carmen Avil\u00e9s Palacios \/ Justo Garcia Navarro<\/li><li>Experiencias Circulares &#8211; Justo Garc\u00eda Navarro <\/li><li>Trabajo Fin de M\u00e1ster &#8211; Justo Garc\u00eda Navarro <\/li><\/ul>\n","protected":false},"excerpt":{"rendered":"<p>El profesorado que imparte la docencia de esta titulaci\u00f3n pertenece a los siguientes centros y departamentos de la UPM: E.T.S.I.<\/p>\n","protected":false},"author":6,"featured_media":0,"parent":0,"menu_order":0,"comment_status":"closed","ping_status":"closed","template":"","meta":[],"_links":{"self":[{"href":"https:\/\/www2.montes.upm.es\/Blogs\/muec\/wp-json\/wp\/v2\/pages\/19"}],"collection":[{"href":"https:\/\/www2.montes.upm.es\/Blogs\/muec\/wp-json\/wp\/v2\/pages"}],"about":[{"href":"https:\/\/www2.montes.upm.es\/Blogs\/muec\/wp-json\/wp\/v2\/types\/page"}],"author":[{"embeddable":true,"href":"https:\/\/www2.montes.upm.es\/Blogs\/muec\/wp-json\/wp\/v2\/users\/6"}],"replies":[{"embeddable":true,"href":"https:\/\/www2.montes.upm.es\/Blogs\/muec\/wp-json\/wp\/v2\/comments?post=19"}],"version-history":[{"count":16,"href":"https:\/\/www2.montes.upm.es\/Blogs\/muec\/wp-json\/wp\/v2\/pages\/19\/revisions"}],"predecessor-version":[{"id":667,"href":"https:\/\/www2.montes.upm.es\/Blogs\/muec\/wp-json\/wp\/v2\/pages\/19\/revisions\/667"}],"wp:attachment":[{"href":"https:\/\/www2.montes.upm.es\/Blogs\/muec\/wp-json\/wp\/v2\/media?parent=19"}],"curies":[{"name":"wp","href":"https:\/\/api.w.org\/{rel}","templated":true}]}}