{"id":207,"date":"2022-12-19T18:14:21","date_gmt":"2022-12-19T18:14:21","guid":{"rendered":"https:\/\/www2.montes.upm.es\/Blogs\/mecir\/?page_id=207"},"modified":"2025-07-14T08:20:02","modified_gmt":"2025-07-14T08:20:02","slug":"sistema-de-quejas-sugerencias-y-felicitaciones","status":"publish","type":"page","link":"https:\/\/www2.montes.upm.es\/Blogs\/muec\/sistema-de-quejas-sugerencias-y-felicitaciones\/","title":{"rendered":"Buz\u00f3n de quejas, sugerencias y felicitaciones de la ETSIMFMN"},"content":{"rendered":"\n<h3><\/h3>\n\n\n\n<p>A trav\u00e9s de este buz\u00f3n, incluido en el Sistema de Garant\u00eda Interna de Calidad de la Escuela, y de acuerdo con lo establecido en el PR\/SO\/006: \u201dGesti\u00f3n de quejas, sugerencias y felicitaciones\u201d, &nbsp;tanto alumnos, profesores (PDI) y personal de administraci\u00f3n y servicios (PAS) del Centro, como el p\u00fablico en general, pueden exponer cualquier queja, sugerencia o felicitaci\u00f3n relacionada con la actividad acad\u00e9mica del centro o el funcionamiento de sus servicios.<\/p>\n\n\n\n<p>Este sistema es independiente de las actuaciones del Defensor Universitario y su objetivo es canalizar aquellas cuestiones relacionadas con la gesti\u00f3n de la calidad y la mejora del servicio p\u00fablico que presta el Centro.<\/p>\n\n\n\n<p>Por otro lado, las quejas, sugerencias o incidencias interpuestas a trav\u00e9s de este sistema en ning\u00fan caso podr\u00e1n tener la consideraci\u00f3n de reclamaci\u00f3n previa a la v\u00eda judicial contra la Universidad Polit\u00e9cnica de Madrid, en los t\u00e9rminos contenidos en la Ley 30\/1992, de 26 de Noviembre, de R\u00e9gimen Jur\u00eddico de las Administraciones P\u00fablicas y del Procedimiento Administrativo Com\u00fan, ni supondr\u00e1n en modo alguno el inicio de un procedimiento administrativo.<\/p>\n\n\n\n<p><strong>Procedimiento:<br><br><\/strong>Elija entre los enlaces que aparecen a continuaci\u00f3n para formular su queja, sugerencia o felicitaci\u00f3n:&nbsp;<\/p>\n\n\n\n<p>&#8211; <a href=\"https:\/\/www.upm.es\/atencion_usuario\/solicitud.upm?centro=101&amp;peticion=2432\">Queja<br><\/a>&#8211; <a href=\"https:\/\/www.upm.es\/atencion_usuario\/solicitud.upm?centro=101&amp;peticion=2445\">Sugerencia<br><\/a>&#8211; <a href=\"https:\/\/www.upm.es\/atencion_usuario\/solicitud.upm?centro=101&amp;peticion=2431\">Felicitaci\u00f3n<\/a><\/p>\n\n\n\n<p>Su formulario&nbsp;ser\u00e1 recibido por la Unidad de Calidad de la Escuela, &nbsp;y la remitir\u00e1 al servicio afectado. Para obtener respuesta debe hacer constar sus datos &nbsp;personales y de contacto. En un plazo de 30 d\u00edas ser\u00e1 informado de las medidas adoptadas, y se le solicitar\u00e1 que responda a una breve encuesta de satisfacci\u00f3n con el servicio.<\/p>\n\n\n\n<p><br>Los datos recogidos ser\u00e1n incorporados y tratados en el fichero \u201cQuejas, Sugerencias y Felicitaciones\u201d propiedad de la Universidad Polit\u00e9cnica de Madrid y cuya finalidad es tramitar las sugerencias, quejas y felicitaciones de la informaci\u00f3n presentada por los ciudadanos as\u00ed como realizar estad\u00edsticas. Estos datos ser\u00e1n tratados de acuerdo a la LO 15\/1999, de 13 de diciembre de Protecci\u00f3n de Datos de Car\u00e1cter Personal.<\/p>\n\n\n\n<p>Para consultar el<strong> Resumen Anual del Buz\u00f3n de Quejas, Sugerencias y Felicitaciones<\/strong> pincha <a href=\"http:\/\/www.montesymedionatural.upm.es\/Escuela\/Calidad-BQSF\/Calidad_Institucional\/Calidad Centro?fmt=detail&amp;prefmt=articulo&amp;id=8a1e97d9e77dd410VgnVCM10000009c7648a____\"><strong>aqu\u00ed<\/strong><\/a><\/p>\n","protected":false},"excerpt":{"rendered":"<p>A trav\u00e9s de este buz\u00f3n, incluido en el Sistema de Garant\u00eda Interna de Calidad de la Escuela, y de acuerdo<\/p>\n","protected":false},"author":6,"featured_media":0,"parent":0,"menu_order":0,"comment_status":"closed","ping_status":"closed","template":"","meta":[],"_links":{"self":[{"href":"https:\/\/www2.montes.upm.es\/Blogs\/muec\/wp-json\/wp\/v2\/pages\/207"}],"collection":[{"href":"https:\/\/www2.montes.upm.es\/Blogs\/muec\/wp-json\/wp\/v2\/pages"}],"about":[{"href":"https:\/\/www2.montes.upm.es\/Blogs\/muec\/wp-json\/wp\/v2\/types\/page"}],"author":[{"embeddable":true,"href":"https:\/\/www2.montes.upm.es\/Blogs\/muec\/wp-json\/wp\/v2\/users\/6"}],"replies":[{"embeddable":true,"href":"https:\/\/www2.montes.upm.es\/Blogs\/muec\/wp-json\/wp\/v2\/comments?post=207"}],"version-history":[{"count":7,"href":"https:\/\/www2.montes.upm.es\/Blogs\/muec\/wp-json\/wp\/v2\/pages\/207\/revisions"}],"predecessor-version":[{"id":659,"href":"https:\/\/www2.montes.upm.es\/Blogs\/muec\/wp-json\/wp\/v2\/pages\/207\/revisions\/659"}],"wp:attachment":[{"href":"https:\/\/www2.montes.upm.es\/Blogs\/muec\/wp-json\/wp\/v2\/media?parent=207"}],"curies":[{"name":"wp","href":"https:\/\/api.w.org\/{rel}","templated":true}]}}