{"id":217,"date":"2022-12-19T18:59:01","date_gmt":"2022-12-19T18:59:01","guid":{"rendered":"https:\/\/www2.montes.upm.es\/Blogs\/mecir\/?page_id=217"},"modified":"2025-07-14T08:28:54","modified_gmt":"2025-07-14T08:28:54","slug":"contacto","status":"publish","type":"page","link":"https:\/\/www2.montes.upm.es\/Blogs\/muec\/contacto\/","title":{"rendered":"Contacto"},"content":{"rendered":"\n<p>Para m\u00e1s informaci\u00f3n sobre el <strong>M\u00e1ster Universitario en Econom\u00eda Circular:<\/strong><\/p>\n\n\n\n<p><strong><span style=\"text-decoration: underline\">Informaci\u00f3n general <\/span><br>Email:<\/strong> <a href=\"mailto:master.ec@upm.es\">master.ec@upm.es<br><\/a><strong>Tlf:<\/strong> 9106 71801<br><strong>Horario:<\/strong> de 09:00 a 14:00h.<\/p>\n\n\n\n<p><strong><strong><span style=\"text-decoration: underline\">Especialidad Consumo y Gesti\u00f3n Sostenible del Capital Natural:<\/span><\/strong><br>E-mail:<\/strong> <a href=\"mailto:master.ec@upm.es\">master.ec.gestionsostenible@upm.es<\/a>  <\/p>\n\n\n\n<p><strong>Tlf:<\/strong> 9106 71801<\/p>\n\n\n\n<p><strong><span style=\"text-decoration: underline\">Especialidad Minerales y Productos de Construcci\u00f3n:<\/span><br>E-mail: <\/strong><a href=\"mailto:master.ec.constructionproducts@upm.es\">master.ec.constructionproducts@upm.es<br><\/a><strong>Tlf:<\/strong> 9106 70941<br><strong>Horario:<\/strong> de 09:00 a 14:00h<\/p>\n\n\n\n<p><\/p>\n\n\n\n<hr class=\"wp-block-separator\" \/>\n\n\n\n<p><strong>ETSI Montes, Forestal y del Medio Natural<\/strong><\/p>\n\n\n\n<p>C\/ Jos\u00e9 Antonio Novais, 10. 28040 Madrid<\/p>\n\n\n\n<p><\/p>\n\n\n\n<p><a href=\"https:\/\/t.me\/MUEC_UPM\">Canal de Telegram<\/a>: Si quieres saber m\u00e1s sobre actividades relacionadas con la Econom\u00eda Circular, suscr\u00edbete a nuestro canal de Telegram<\/p>\n","protected":false},"excerpt":{"rendered":"<p>Para m\u00e1s informaci\u00f3n sobre el M\u00e1ster Universitario en Econom\u00eda Circular: Informaci\u00f3n general Email: master.ec@upm.esTlf: 9106 71801Horario: de 09:00 a 14:00h.<\/p>\n","protected":false},"author":6,"featured_media":0,"parent":0,"menu_order":0,"comment_status":"closed","ping_status":"closed","template":"","meta":[],"_links":{"self":[{"href":"https:\/\/www2.montes.upm.es\/Blogs\/muec\/wp-json\/wp\/v2\/pages\/217"}],"collection":[{"href":"https:\/\/www2.montes.upm.es\/Blogs\/muec\/wp-json\/wp\/v2\/pages"}],"about":[{"href":"https:\/\/www2.montes.upm.es\/Blogs\/muec\/wp-json\/wp\/v2\/types\/page"}],"author":[{"embeddable":true,"href":"https:\/\/www2.montes.upm.es\/Blogs\/muec\/wp-json\/wp\/v2\/users\/6"}],"replies":[{"embeddable":true,"href":"https:\/\/www2.montes.upm.es\/Blogs\/muec\/wp-json\/wp\/v2\/comments?post=217"}],"version-history":[{"count":20,"href":"https:\/\/www2.montes.upm.es\/Blogs\/muec\/wp-json\/wp\/v2\/pages\/217\/revisions"}],"predecessor-version":[{"id":669,"href":"https:\/\/www2.montes.upm.es\/Blogs\/muec\/wp-json\/wp\/v2\/pages\/217\/revisions\/669"}],"wp:attachment":[{"href":"https:\/\/www2.montes.upm.es\/Blogs\/muec\/wp-json\/wp\/v2\/media?parent=217"}],"curies":[{"name":"wp","href":"https:\/\/api.w.org\/{rel}","templated":true}]}}