{"id":23,"date":"2022-07-20T08:59:22","date_gmt":"2022-07-20T08:59:22","guid":{"rendered":"https:\/\/www2.montes.upm.es\/Blogs\/mecir\/?page_id=23"},"modified":"2025-07-14T09:12:43","modified_gmt":"2025-07-14T09:12:43","slug":"movilidad","status":"publish","type":"page","link":"https:\/\/www2.montes.upm.es\/Blogs\/muec\/movilidad\/","title":{"rendered":"Internacionalizaci\u00f3n"},"content":{"rendered":"\n<p>La especialidad de Minerales y Productos de Construcci\u00f3n ofrece asimismo la posibilidad de obtener una doble titulaci\u00f3n con las Universidades de Burdeos (Francia), Nova Lisboa (Portugal) o Miskolc (Hungr\u00eda) a trav\u00e9s del <a href=\"https:\/\/www.amir-master.com\/\">M\u00e1ster Internacional AMIR<\/a>, que ha sido recientemente reconocido como ERASMUS MUNDUS JOINT MASTER DEGREE, y que tambi\u00e9n cuenta con la financiaci\u00f3n y el sello de calidad de la <a href=\"https:\/\/eitrawmaterials.eu\/amir-master-awarded-eit-label\/\">EIT Raw Materials<\/a>.<\/p>\n\n\n\n<p>El desarrollo de este m\u00e1ster, de dos a\u00f1os de duraci\u00f3n (120 ECTS), permite al alumno cursar el primer a\u00f1o del M\u00e1ster en una de las tres universidades europeas antes referidas, y un segundo a\u00f1o en la UPM que coincide con los semestres de la especialidad de Minerales y Productos de Construcci\u00f3n. En el M\u00e1ster AMIR todo el programa se imparte en ingl\u00e9s.<\/p>\n\n\n\n<figure class=\"wp-block-image size-full\"><img loading=\"lazy\" width=\"618\" height=\"456\" src=\"https:\/\/www2.montes.upm.es\/Blogs\/mecir\/wp-content\/uploads\/sites\/4\/2023\/06\/imagen.png\" alt=\"\" class=\"wp-image-394\" srcset=\"https:\/\/www2.montes.upm.es\/Blogs\/muec\/wp-content\/uploads\/sites\/4\/2023\/06\/imagen.png 618w, https:\/\/www2.montes.upm.es\/Blogs\/muec\/wp-content\/uploads\/sites\/4\/2023\/06\/imagen-300x221.png 300w\" sizes=\"(max-width: 618px) 100vw, 618px\" \/><figcaption>Estructura del AMIR ERASMUS MUNDUS Joint Master Degree<\/figcaption><\/figure>\n\n\n\n<figure class=\"wp-block-image size-full\"><img loading=\"lazy\" width=\"567\" height=\"309\" src=\"https:\/\/www2.montes.upm.es\/Blogs\/mecir\/wp-content\/uploads\/sites\/4\/2023\/06\/imagen-1.png\" alt=\"\" class=\"wp-image-395\" srcset=\"https:\/\/www2.montes.upm.es\/Blogs\/muec\/wp-content\/uploads\/sites\/4\/2023\/06\/imagen-1.png 567w, https:\/\/www2.montes.upm.es\/Blogs\/muec\/wp-content\/uploads\/sites\/4\/2023\/06\/imagen-1-300x163.png 300w\" sizes=\"(max-width: 567px) 100vw, 567px\" \/><figcaption>Itinerarios del AMIR ERASMUS MUNDUS Joint Master Degree<\/figcaption><\/figure>\n\n\n\n<figure class=\"wp-block-image size-full\"><img loading=\"lazy\" width=\"196\" height=\"129\" src=\"https:\/\/www2.montes.upm.es\/Blogs\/mecir\/wp-content\/uploads\/sites\/4\/2023\/06\/imagen-2.png\" alt=\"\" class=\"wp-image-396\" \/><\/figure>\n\n\n\n<figure class=\"wp-block-image size-full\"><img loading=\"lazy\" width=\"632\" height=\"50\" src=\"https:\/\/www2.montes.upm.es\/Blogs\/mecir\/wp-content\/uploads\/sites\/4\/2023\/06\/imagen-3.png\" alt=\"\" class=\"wp-image-397\" srcset=\"https:\/\/www2.montes.upm.es\/Blogs\/muec\/wp-content\/uploads\/sites\/4\/2023\/06\/imagen-3.png 632w, https:\/\/www2.montes.upm.es\/Blogs\/muec\/wp-content\/uploads\/sites\/4\/2023\/06\/imagen-3-300x24.png 300w\" sizes=\"(max-width: 632px) 100vw, 632px\" \/><\/figure>\n\n\n\n<p><strong>\u00bfNo sabes qu\u00e9 estudiar en Europa?<\/strong><br>La Comisi\u00f3n Europea, a trav\u00e9s del Espacio Europeo de Educaci\u00f3n y de su secci\u00f3n \u201cEducaci\u00f3n y formaci\u00f3n de calidad para todos\u201d, ha seleccionado diez programas de estudio \u00fanicos en Europa para la consideraci\u00f3n de los interesados. Y uno de estos diez programas es el m\u00e1ster AMIR:<br><a rel=\"noreferrer noopener\" href=\"https:\/\/education.ec.europa.eu\/news\/10\u2010unique\u2010study\u2010programmes\u2010in\u2010europe\" target=\"_blank\">https:\/\/education.ec.europa.eu\/news\/10\u2010unique\u2010study\u2010programmes\u2010in\u2010europe <\/a><\/p>\n\n\n\n<p><strong>UNA GRAN OPORTUNIDAD<\/strong><\/p>\n\n\n\n<p class=\"has-text-align-left\">Abierto el plazo de solicitud para <strong> AMIR EIT <\/strong>hasta el 31\/1\/2026<br>&#8211; AMIR EIT Website:\u00a0<a rel=\"noreferrer noopener\" href=\"https:\/\/urldefense.com\/v3\/__https:\/www.amir-master.com\/apply\/__;!!D9dNQwwGXtA!Vp-uSzV8vXWN8aMjwju5Z-ZNhOJiWO9n6E7WBYLX_rqx6U5StqxwhY-NDIPUepqCsIOn1ITN9yr4Ev-PsfoyBEGZJmBntobTezY$\" target=\"_blank\">https:\/\/www.amir-master.com\/apply\/<\/a><br>&#8211; M\u00e1s informaci\u00f3n: <br>AMIR EM webiste :\u00a0<a rel=\"noreferrer noopener\" href=\"https:\/\/urldefense.com\/v3\/__https:\/www.amir-em-master.com\/__;!!D9dNQwwGXtA!Vp-uSzV8vXWN8aMjwju5Z-ZNhOJiWO9n6E7WBYLX_rqx6U5StqxwhY-NDIPUepqCsIOn1ITN9yr4Ev-PsfoyBEGZJmBnJMguiZE$\" target=\"_blank\">https:\/\/www.amir-em-master.com\/<\/a><br>Plataforma:\u00a0<a rel=\"noreferrer noopener\" href=\"https:\/\/urldefense.com\/v3\/__https:\/emundus-amir.u-bordeaux.fr\/index.php?lang=en__;!!D9dNQwwGXtA!Vp-uSzV8vXWN8aMjwju5Z-ZNhOJiWO9n6E7WBYLX_rqx6U5StqxwhY-NDIPUepqCsIOn1ITN9yr4Ev-PsfoyBEGZJmBn8_wFOGE$\" target=\"_blank\">https:\/\/emundus-amir.u-bordeaux.fr\/index.php?lang=en<\/a><\/p>\n\n\n\n<p><\/p>\n","protected":false},"excerpt":{"rendered":"<p>La especialidad de Minerales y Productos de Construcci\u00f3n ofrece asimismo la posibilidad de obtener una doble titulaci\u00f3n con las Universidades<\/p>\n","protected":false},"author":6,"featured_media":0,"parent":0,"menu_order":0,"comment_status":"closed","ping_status":"closed","template":"","meta":[],"_links":{"self":[{"href":"https:\/\/www2.montes.upm.es\/Blogs\/muec\/wp-json\/wp\/v2\/pages\/23"}],"collection":[{"href":"https:\/\/www2.montes.upm.es\/Blogs\/muec\/wp-json\/wp\/v2\/pages"}],"about":[{"href":"https:\/\/www2.montes.upm.es\/Blogs\/muec\/wp-json\/wp\/v2\/types\/page"}],"author":[{"embeddable":true,"href":"https:\/\/www2.montes.upm.es\/Blogs\/muec\/wp-json\/wp\/v2\/users\/6"}],"replies":[{"embeddable":true,"href":"https:\/\/www2.montes.upm.es\/Blogs\/muec\/wp-json\/wp\/v2\/comments?post=23"}],"version-history":[{"count":18,"href":"https:\/\/www2.montes.upm.es\/Blogs\/muec\/wp-json\/wp\/v2\/pages\/23\/revisions"}],"predecessor-version":[{"id":691,"href":"https:\/\/www2.montes.upm.es\/Blogs\/muec\/wp-json\/wp\/v2\/pages\/23\/revisions\/691"}],"wp:attachment":[{"href":"https:\/\/www2.montes.upm.es\/Blogs\/muec\/wp-json\/wp\/v2\/media?parent=23"}],"curies":[{"name":"wp","href":"https:\/\/api.w.org\/{rel}","templated":true}]}}