{"id":30,"date":"2022-07-20T09:02:06","date_gmt":"2022-07-20T09:02:06","guid":{"rendered":"https:\/\/www2.montes.upm.es\/Blogs\/mecir\/?page_id=30"},"modified":"2026-02-05T10:44:06","modified_gmt":"2026-02-05T10:44:06","slug":"inicio","status":"publish","type":"page","link":"https:\/\/www2.montes.upm.es\/Blogs\/muec\/","title":{"rendered":"M\u00c1STER UNIVERSITARIO EN ECONOM\u00cdA CIRCULAR"},"content":{"rendered":"\n<p class=\"has-text-align-center\"><\/p>\n\n\n\n<p class=\"has-text-align-center\"><strong><strong><span style=\"text-decoration: underline\"><a href=\"https:\/\/www2.montes.upm.es\/Blogs\/muec\/wp-admin\/post.php?post=594&amp;action=edit\" target=\"_blank\" rel=\"noreferrer noopener\">NUEVOS ALUMNOS<\/a><\/span><\/strong><\/strong><\/p>\n\n\n\n<p class=\"has-text-align-center\"><strong>JORNADA DE ACOGIDA MASTER UNIVERSITARIO EN ECONOM\u00cdA CIRCULAR 25\/26: 29 de enero de 2026 16:00 Aula 7 Ed.C-. Forestales<\/strong> <\/p>\n\n\n\n<p class=\"has-text-align-center\"><strong>INICIO DE SEMESTRE DE PRIMAVERA &#8211; NUEVOS ALUMNOS 25\/26: 2 de febrerode 2026 15:00 Aula 7 Ed.C-. Forestales<\/strong><\/p>\n\n\n\n<p><\/p>\n\n\n\n<p class=\"has-text-align-center\"><strong><span style=\"text-decoration: underline\"><a href=\"https:\/\/www2.montes.upm.es\/Blogs\/muec\/wp-admin\/post.php?post=594&amp;action=edit\" target=\"_blank\" rel=\"noreferrer noopener\"><strong>ALUMNOS<\/strong> DE SEGUNDO SEMESTRE<\/a><\/span><\/strong><\/p>\n\n\n\n<p class=\"has-text-align-center\"><strong>JORNADA DE ACOGIDA SEGUNDO SEMESTRE 25\/26: 4 de septiembre de 2025 16:00 Aula 7 Ed.C-. Forestales <\/strong><\/p>\n\n\n\n<p class=\"has-text-align-center\"><strong>INICIO DE SEMESTRE DE OTO\u00d1O 25\/26: 8 de septiembre de 2025 15:00 Aula 7 Ed.C-. Forestales &#8211; Presentaci\u00f3n de semestre<\/strong><\/p>\n\n\n\n<p><\/p>\n\n\n\n<p><\/p>\n\n\n\n<p class=\"has-drop-cap\"><mark class=\"has-inline-color has-vivid-cyan-blue-color\">E<\/mark>l sistema econ\u00f3mico actual est\u00e1 configurado con un enfoque lineal de explotaci\u00f3n y transformaci\u00f3n basado, principalmente, en el uso intensivo de combustibles f\u00f3siles. Sin embargo, el sistema seguir\u00e1 creciendo solo si hay suficientes recursos para su transformaci\u00f3n, adecuados sumideros para los residuos, cr\u00e9dito para inversiones y crecimiento econ\u00f3mico con equidad social. La econom\u00eda circular ofrece una alternativa para que ello sea posible: su objetivo es mantener los productos, componentes y materiales con su m\u00e1xima utilidad y valor. Para ello hay que disociar el crecimiento econ\u00f3mico del consumo de <strong>recursos finitos<\/strong> de que dispone el planeta, cerrando el <strong>ciclo de vida<\/strong> de los productos, en un sistema en el que los materiales se transforman en bienes y servicios \u00fatiles, y que es alimentado por sistemas de <strong>energ\u00edas renovables<\/strong>. <\/p>\n\n\n\n<p class=\"has-drop-cap\"><mark class=\"has-inline-color has-vivid-cyan-blue-color\">E<\/mark>l <strong>M\u00e1ster Universitario en Econom\u00eda Circular (MUEC)<\/strong> de la Universidad Polit\u00e9cnica de Madrid (UPM) proporciona el conocimiento y facilita la adquisici\u00f3n de habilidades con los que gestionar la <strong>transici\u00f3n de las organizaciones hacia una econom\u00eda circular<\/strong>. Este programa tiene como objetivo proporcionar a los profesionales del ma\u00f1ana capacidades tecnol\u00f3gicas, comprensi\u00f3n a nivel de sistema y competencias personales para dise\u00f1ar, evaluar e implementar soluciones transformadoras para un futuro en el que los retos emergentes no cesan de sucederse. <\/p>\n\n\n\n<div class=\"wp-block-columns\">\n<div class=\"wp-block-column\">\n<figure class=\"wp-block-image size-full is-resized\"><img loading=\"lazy\" src=\"https:\/\/www2.montes.upm.es\/Blogs\/mecir\/wp-content\/uploads\/sites\/4\/2022\/12\/Imagen2.png\" alt=\"\" class=\"wp-image-287\" width=\"360\" height=\"241\" srcset=\"https:\/\/www2.montes.upm.es\/Blogs\/muec\/wp-content\/uploads\/sites\/4\/2022\/12\/Imagen2.png 336w, https:\/\/www2.montes.upm.es\/Blogs\/muec\/wp-content\/uploads\/sites\/4\/2022\/12\/Imagen2-300x201.png 300w\" sizes=\"(max-width: 360px) 100vw, 360px\" \/><\/figure>\n<\/div>\n\n\n\n<div class=\"wp-block-column\">\n<figure class=\"wp-block-gallery has-nested-images columns-default is-cropped\">\n<figure class=\"wp-block-image size-full\"><img loading=\"lazy\" width=\"336\" height=\"225\" src=\"https:\/\/www2.montes.upm.es\/Blogs\/mecir\/wp-content\/uploads\/sites\/4\/2022\/12\/Imagen5-1.jpg\" alt=\"\" class=\"wp-image-285\" srcset=\"https:\/\/www2.montes.upm.es\/Blogs\/muec\/wp-content\/uploads\/sites\/4\/2022\/12\/Imagen5-1.jpg 336w, https:\/\/www2.montes.upm.es\/Blogs\/muec\/wp-content\/uploads\/sites\/4\/2022\/12\/Imagen5-1-300x201.jpg 300w\" sizes=\"(max-width: 336px) 100vw, 336px\" \/><\/figure>\n<\/figure>\n<\/div>\n\n\n\n<div class=\"wp-block-column\">\n<figure class=\"wp-block-image size-full is-resized\"><img loading=\"lazy\" src=\"https:\/\/www2.montes.upm.es\/Blogs\/mecir\/wp-content\/uploads\/sites\/4\/2022\/12\/Imagen3-1.jpg\" alt=\"\" class=\"wp-image-286\" width=\"359\" height=\"241\" srcset=\"https:\/\/www2.montes.upm.es\/Blogs\/muec\/wp-content\/uploads\/sites\/4\/2022\/12\/Imagen3-1.jpg 337w, https:\/\/www2.montes.upm.es\/Blogs\/muec\/wp-content\/uploads\/sites\/4\/2022\/12\/Imagen3-1-300x201.jpg 300w\" sizes=\"(max-width: 359px) 100vw, 359px\" \/><\/figure>\n<\/div>\n<\/div>\n\n\n\n<p class=\"has-drop-cap\"><mark class=\"has-inline-color has-vivid-cyan-blue-color\">E<\/mark>l programa fomenta el desarrollo de habilidades para <strong>adaptarse<\/strong>, para <strong>innovar <\/strong>y para <strong>emprender <\/strong>en un marco de aprendizaje multidisciplinar en el que se pondr\u00e1n en contacto ingenieros, arquitectos, cient\u00edficos de materiales, del medio ambiente y del medio natural, antrop\u00f3logos, soci\u00f3logos y empresarios, en un intento de potenciar la sostenibilidad como una fuerza transformadora de primer orden.<\/p>\n\n\n\n<p><\/p>\n\n\n\n<p class=\"has-drop-cap\"><mark class=\"has-inline-color has-vivid-cyan-blue-color\">E<\/mark>ste M\u00e1ster es un <strong>posgrado intercentros<\/strong>, con <strong>procesos formativos compartidos<\/strong>, en el que participan la Escuela T\u00e9cnica Superior de Ingenier\u00eda de Montes, Forestal y Medio Natural (centro administrador del programa), la Escuela T\u00e9cnica Superior de Ingenier\u00eda Agron\u00f3mica, Alimentaria y de Biosistemas, la Escuela T\u00e9cnica Superior de Ingenieros Industriales y la Escuela T\u00e9cnica Superior de Ingenieros de Minas y Energ\u00eda. <\/p>\n\n\n\n<p><\/p>\n\n\n\n<p><strong><mark style=\"background-color:#ffffff\" class=\"has-inline-color has-vivid-cyan-blue-color\">\u00bfTE UNES A MUEC? <a href=\"https:\/\/www.upm.es\/Estudiantes\/Estudios_Titulaciones\/Estudios_Master\/Programas?id=13.6&amp;fmt=detail\">Inscr\u00edbete aqu\u00ed<\/a><\/mark><\/strong><\/p>\n\n\n\n<p>\u00bf<a href=\"https:\/\/www2.montes.upm.es\/Blogs\/mecir\/movilidad\/\">Quieres unirte al Master AMIR<\/a>?<\/p>\n\n\n\n<figure class=\"wp-block-image size-full\"><img loading=\"lazy\" width=\"701\" height=\"95\" src=\"https:\/\/www2.montes.upm.es\/Blogs\/mecir\/wp-content\/uploads\/sites\/4\/2023\/06\/imagen-4.png\" alt=\"\" class=\"wp-image-427\" srcset=\"https:\/\/www2.montes.upm.es\/Blogs\/muec\/wp-content\/uploads\/sites\/4\/2023\/06\/imagen-4.png 701w, https:\/\/www2.montes.upm.es\/Blogs\/muec\/wp-content\/uploads\/sites\/4\/2023\/06\/imagen-4-300x41.png 300w\" sizes=\"(max-width: 701px) 100vw, 701px\" \/><\/figure>\n\n\n\n<p><\/p>\n","protected":false},"excerpt":{"rendered":"<p>NUEVOS ALUMNOS JORNADA DE ACOGIDA MASTER UNIVERSITARIO EN ECONOM\u00cdA CIRCULAR 25\/26: 29 de enero de 2026 16:00 Aula 7 Ed.C-.<\/p>\n","protected":false},"author":6,"featured_media":0,"parent":0,"menu_order":0,"comment_status":"closed","ping_status":"closed","template":"","meta":[],"_links":{"self":[{"href":"https:\/\/www2.montes.upm.es\/Blogs\/muec\/wp-json\/wp\/v2\/pages\/30"}],"collection":[{"href":"https:\/\/www2.montes.upm.es\/Blogs\/muec\/wp-json\/wp\/v2\/pages"}],"about":[{"href":"https:\/\/www2.montes.upm.es\/Blogs\/muec\/wp-json\/wp\/v2\/types\/page"}],"author":[{"embeddable":true,"href":"https:\/\/www2.montes.upm.es\/Blogs\/muec\/wp-json\/wp\/v2\/users\/6"}],"replies":[{"embeddable":true,"href":"https:\/\/www2.montes.upm.es\/Blogs\/muec\/wp-json\/wp\/v2\/comments?post=30"}],"version-history":[{"count":48,"href":"https:\/\/www2.montes.upm.es\/Blogs\/muec\/wp-json\/wp\/v2\/pages\/30\/revisions"}],"predecessor-version":[{"id":688,"href":"https:\/\/www2.montes.upm.es\/Blogs\/muec\/wp-json\/wp\/v2\/pages\/30\/revisions\/688"}],"wp:attachment":[{"href":"https:\/\/www2.montes.upm.es\/Blogs\/muec\/wp-json\/wp\/v2\/media?parent=30"}],"curies":[{"name":"wp","href":"https:\/\/api.w.org\/{rel}","templated":true}]}}