{"id":375,"date":"2023-04-05T08:34:15","date_gmt":"2023-04-05T08:34:15","guid":{"rendered":"https:\/\/www2.montes.upm.es\/Blogs\/mecir\/?page_id=375"},"modified":"2023-06-29T11:52:05","modified_gmt":"2023-06-29T11:52:05","slug":"prensa-radio-tv-rrss","status":"publish","type":"page","link":"https:\/\/www2.montes.upm.es\/Blogs\/muec\/prensa-radio-tv-rrss\/","title":{"rendered":"Prensa, radio, tv, rrss"},"content":{"rendered":"\n<p><a href=\"https:\/\/www.capitalradio.es\/programas\/movilidad-sobre-ruedas\/valorizacion-energetica-responde-aeversu_110917024.html\" target=\"_blank\" rel=\"noreferrer noopener\"><strong>\u00bfQu\u00e9 es la valorizaci\u00f3n energ\u00e9tica? Responde AEVERSU<\/strong>. Bel\u00e9n V\u00e1zquez-Quevedo, profesora del m\u00e1ster y secretaria general de AEVERSU, expone de la mano de Signus c\u00f3mo rentabilizar la materia y energ\u00eda de los residuos no reciclables.<\/a><\/p>\n\n\n\n<p><strong><a rel=\"noreferrer noopener\" href=\"https:\/\/youtu.be\/TZysctNVyq8\" data-type=\"URL\" data-id=\"https:\/\/youtu.be\/TZysctNVyq8\" target=\"_blank\">AMIR Master in Advanced Materials: Innovative Recycling<\/a> <\/strong>(video presentation)<\/p>\n\n\n\n<p>Part of EIT the RawMaterials Academy, the AMIR Master is an EIT-Labelled Master programme created to fulfil the need for skilled professionals with advanced technical knowledge of recycling in Europe. EIT-Labelled master programmes equip students with a deep technical knowledge of advanced materials and recycling, alongside entrepreneurship and innovation skills, allowing them to become the game changers of the future. AMIR students have the opportunity to study in two of the following universities during the two-year Master programme: University of Bordeaux, France NOVA University Lisbon, Portugal TU Darmstadt, Germany University of Li\u00e8ge, Belgium Polytechnic University of Madrid, Spain University of Miskolc, Hungary. See here how it works.<\/p>\n\n\n\n<p>Do you still have questions about the AMIR Master? Check out this other <a href=\"https:\/\/youtu.be\/P5iCmIGF180\" target=\"_blank\" rel=\"noreferrer noopener\">video<\/a>.<\/p>\n","protected":false},"excerpt":{"rendered":"<p>\u00bfQu\u00e9 es la valorizaci\u00f3n energ\u00e9tica? Responde AEVERSU. Bel\u00e9n V\u00e1zquez-Quevedo, profesora del m\u00e1ster y secretaria general de AEVERSU, expone de la<\/p>\n","protected":false},"author":6,"featured_media":0,"parent":0,"menu_order":0,"comment_status":"closed","ping_status":"closed","template":"","meta":[],"_links":{"self":[{"href":"https:\/\/www2.montes.upm.es\/Blogs\/muec\/wp-json\/wp\/v2\/pages\/375"}],"collection":[{"href":"https:\/\/www2.montes.upm.es\/Blogs\/muec\/wp-json\/wp\/v2\/pages"}],"about":[{"href":"https:\/\/www2.montes.upm.es\/Blogs\/muec\/wp-json\/wp\/v2\/types\/page"}],"author":[{"embeddable":true,"href":"https:\/\/www2.montes.upm.es\/Blogs\/muec\/wp-json\/wp\/v2\/users\/6"}],"replies":[{"embeddable":true,"href":"https:\/\/www2.montes.upm.es\/Blogs\/muec\/wp-json\/wp\/v2\/comments?post=375"}],"version-history":[{"count":4,"href":"https:\/\/www2.montes.upm.es\/Blogs\/muec\/wp-json\/wp\/v2\/pages\/375\/revisions"}],"predecessor-version":[{"id":408,"href":"https:\/\/www2.montes.upm.es\/Blogs\/muec\/wp-json\/wp\/v2\/pages\/375\/revisions\/408"}],"wp:attachment":[{"href":"https:\/\/www2.montes.upm.es\/Blogs\/muec\/wp-json\/wp\/v2\/media?parent=375"}],"curies":[{"name":"wp","href":"https:\/\/api.w.org\/{rel}","templated":true}]}}