{"id":49,"date":"2022-07-20T09:46:03","date_gmt":"2022-07-20T09:46:03","guid":{"rendered":"https:\/\/www2.montes.upm.es\/Blogs\/mecir\/?page_id=49"},"modified":"2025-07-14T08:29:44","modified_gmt":"2025-07-14T08:29:44","slug":"acceso-preinscripcion-matriculacion-y-precios","status":"publish","type":"page","link":"https:\/\/www2.montes.upm.es\/Blogs\/muec\/informacion\/acceso-preinscripcion-matriculacion-y-precios\/","title":{"rendered":"Acceso, preinscripci\u00f3n y matriculaci\u00f3n"},"content":{"rendered":"\n<p class=\"has-medium-font-size\"><strong>CALENDARIO DE LA TITULACI\u00d3N<\/strong><\/p>\n\n\n\n<p>Los 90 ECTS del M\u00e1ster se estructuran en tres semestres, con la siguiente programaci\u00f3n general:<\/p>\n\n\n\n<ul><li><strong>PRIMER SEMESTRE<\/strong> (30 ECTS) &#8211; El primer semestre es com\u00fan, se imparte en espa\u00f1ol y da comienzo en febrero.<\/li><li><strong>SEGUNDO SEMESTRE<\/strong> (30 ECTS) &#8211; El segundo semestre, que da comienzo en septiembre, se puede realizar en una de las dos especialidades:<ul><li>\u201cEspecialidad en consumo y gesti\u00f3n sostenible del capital natural\u201d, impartida en espa\u00f1ol en la ETSIMFMN y en la ETSII.<\/li><li>\u201cEspecialidad en minerales y productos de construcci\u00f3n\u201d, impartida en ingl\u00e9s en la ETSIAAB y en la ETSIME.<\/li><\/ul><\/li><li><strong>TERCER SEMESTRE<\/strong> (30 ECTS) &#8211; El tercer y \u00faltimo semestre se dedica a las asignaturas de Pr\u00e1cticas en Empresas, Experiencias Circulares y Trabajo Fin de M\u00e1ster, y se desarrolla a partir de febrero del \u00faltimo curso.<\/li><\/ul>\n\n\n\n<p>Para m\u00e1s detalles sobre asignaturas y organizaci\u00f3n de cada semestre consultar las Gu\u00edas Acad\u00e9micas y de Semestre en el Bloque PROGRAMA ACAD\u00c9MICO<\/p>\n\n\n\n<p class=\"has-medium-font-size\"><strong>ACCESO<\/strong><\/p>\n\n\n\n<p>Conforme al Reglamento de Postgrado Oficial de la UPM, para el acceso a los estudios oficiales de postgrado:<\/p>\n\n\n\n<ul><li>Ser\u00e1 necesario estar en posesi\u00f3n del T\u00edtulo de Grado u otro expresamente declarado equivalente.<\/li><li>Podr\u00e1n ser admitidos en los Programas Oficiales de Postgrado los poseedores de t\u00edtulos universitarios oficiales obtenidos conforme a sistemas de educaci\u00f3n universitaria anteriores a los contemplados en los Reales Decretos 55\/2005 y 56\/2005.<\/li><li>El alumnado que est\u00e9 en posesi\u00f3n de un T\u00edtulo de educaci\u00f3n superior extranjero y pretendan cursar en la UPM estudios de postgrado, podr\u00e1n acceder a \u00e9stos previa homologaci\u00f3n de aqu\u00e9l al T\u00edtulo espa\u00f1ol que habilite para dicho acceso, de conformidad con el procedimiento previsto en la normativa vigente al respecto.<\/li><\/ul>\n\n\n\n<p class=\"has-medium-font-size\"><strong>ADMISI\u00d3N<\/strong><\/p>\n\n\n\n<p>El alumnado tendr\u00e1 que <strong>solicitar su admisi\u00f3n <\/strong>al Programa Oficial del M\u00e1ster.<\/p>\n\n\n\n<p>La admisi\u00f3n la conceder\u00e1 el \u00f3rgano responsable del T\u00edtulo de M\u00e1ster, de acuerdo con los requisitos de titulaci\u00f3n y formaci\u00f3n espec\u00edfica y con los criterios de selecci\u00f3n fijados para el acceso.<\/p>\n\n\n\n<p>El \u00f3rgano responsable de la admisi\u00f3n de estudiantes en el M\u00e1ster en \u201cEconom\u00eda Circular\u201d ser\u00e1 la Comisi\u00f3n Mixta de Ordenaci\u00f3n Acad\u00e9mica del M\u00e1ster. El cupo de plazas ofertadas es de 40 por curso acad\u00e9mico (20 por cada especialidad). Los criterios de selecci\u00f3n aplicables ser\u00e1n los siguientes:<\/p>\n\n\n\n<ul><li>Adecuaci\u00f3n de la titulaci\u00f3n del alumnado al m\u00e1ster (40%)<\/li><li>Expediente acad\u00e9mico (50%)<\/li><li>Carta de motivaci\u00f3n (5%)<\/li><li>Otros (5%)<\/li><\/ul>\n\n\n\n<p>No obstante, es competencia del Vicerrectorado de la UPM el desarrollo y modificaci\u00f3n de la normativa de admisi\u00f3n y matriculaci\u00f3n general de la Universidad.<\/p>\n\n\n\n<p><\/p>\n\n\n\n<p class=\"has-medium-font-size\"><strong>MATR\u00cdCULA<\/strong><\/p>\n\n\n\n<p><a href=\"https:\/\/www.upm.es\/Estudiantes\/Estudios_Titulaciones\/Estudios_Master\">Normativa de matriculaci\u00f3n <\/a><\/p>\n\n\n\n<p><\/p>\n\n\n\n<p class=\"has-medium-font-size\"><strong>PRECIOS P\u00daBLICOS<\/strong><\/p>\n\n\n\n<p><a href=\"https:\/\/www.upm.es\/Estudiantes\/Estudios_Titulaciones\/Estudios_Master\/?fmt=detail&amp;id=CON07704\">Precios p\u00fablicos<\/a><\/p>\n\n\n\n<p class=\"has-medium-font-size\"><strong>M\u00c1S INFORMACI\u00d3N<\/strong><\/p>\n\n\n\n<ul><li><a href=\"https:\/\/www.upm.es\/sfs\/Rectorado\/Vicerrectorado%20de%20Alumnos\/Informacion\/Normativa\/Permanencia_2011_2012_Planes_posteriores_RD1393_2007_Grado.pdf\" target=\"_blank\" rel=\"noreferrer noopener\">Normativa de permanencia<\/a><\/li><\/ul>\n\n\n\n<p><\/p>\n\n\n\n<p><\/p>\n","protected":false},"excerpt":{"rendered":"<p>CALENDARIO DE LA TITULACI\u00d3N Los 90 ECTS del M\u00e1ster se estructuran en tres semestres, con la siguiente programaci\u00f3n general: PRIMER<\/p>\n","protected":false},"author":6,"featured_media":0,"parent":10,"menu_order":0,"comment_status":"closed","ping_status":"closed","template":"","meta":[],"_links":{"self":[{"href":"https:\/\/www2.montes.upm.es\/Blogs\/muec\/wp-json\/wp\/v2\/pages\/49"}],"collection":[{"href":"https:\/\/www2.montes.upm.es\/Blogs\/muec\/wp-json\/wp\/v2\/pages"}],"about":[{"href":"https:\/\/www2.montes.upm.es\/Blogs\/muec\/wp-json\/wp\/v2\/types\/page"}],"author":[{"embeddable":true,"href":"https:\/\/www2.montes.upm.es\/Blogs\/muec\/wp-json\/wp\/v2\/users\/6"}],"replies":[{"embeddable":true,"href":"https:\/\/www2.montes.upm.es\/Blogs\/muec\/wp-json\/wp\/v2\/comments?post=49"}],"version-history":[{"count":18,"href":"https:\/\/www2.montes.upm.es\/Blogs\/muec\/wp-json\/wp\/v2\/pages\/49\/revisions"}],"predecessor-version":[{"id":670,"href":"https:\/\/www2.montes.upm.es\/Blogs\/muec\/wp-json\/wp\/v2\/pages\/49\/revisions\/670"}],"up":[{"embeddable":true,"href":"https:\/\/www2.montes.upm.es\/Blogs\/muec\/wp-json\/wp\/v2\/pages\/10"}],"wp:attachment":[{"href":"https:\/\/www2.montes.upm.es\/Blogs\/muec\/wp-json\/wp\/v2\/media?parent=49"}],"curies":[{"name":"wp","href":"https:\/\/api.w.org\/{rel}","templated":true}]}}