{"id":57,"date":"2022-07-20T09:51:48","date_gmt":"2022-07-20T09:51:48","guid":{"rendered":"https:\/\/www2.montes.upm.es\/Blogs\/mecir\/?page_id=57"},"modified":"2025-09-15T13:16:10","modified_gmt":"2025-09-15T13:16:10","slug":"guia-academica","status":"publish","type":"page","link":"https:\/\/www2.montes.upm.es\/Blogs\/muec\/planificacion-docente\/guia-academica\/","title":{"rendered":"Organizaci\u00f3n acad\u00e9mica de semestre"},"content":{"rendered":"\n<h5><strong>Curso 2025-2026<\/strong><\/h5>\n\n\n\n<ul><li><a rel=\"noreferrer noopener\" href=\"https:\/\/drive.upm.es\/s\/6TwPPqMa8RQJY37\" target=\"_blank\"> Gu\u00eda Acad\u00e9mica del Semestre de primavera (S-1).  Com\u00fan\u00a0<\/a><\/li><li><a rel=\"noreferrer noopener\" href=\"https:\/\/drive.upm.es\/s\/2q5jY9CesRkQRww\" target=\"_blank\"> Gu\u00eda Acad\u00e9mica del Semestre de oto\u00f1o (S-2). Especialidad Consumo y Gesti\u00f3n Sostenible del Capital Natural\u00a0<\/a><\/li><li> <a href=\"https:\/\/upm365-my.sharepoint.com\/:b:\/g\/personal\/justo_gnavarro_upm_es\/EcTl_GKNXipBnEEJFdV356kBi31-XFX4Sm_OhjYDVV7p7w?e=e95nn3\">Gu\u00eda Acad\u00e9mica del Semestre de oto\u00f1o  (S-2) Especialidad Minerales y Productos de Construcci\u00f3n\u00a0<\/a><\/li><\/ul>\n\n\n\n<p><\/p>\n","protected":false},"excerpt":{"rendered":"<p>Curso 2025-2026 Gu\u00eda Acad\u00e9mica del Semestre de primavera (S-1). Com\u00fan\u00a0 Gu\u00eda Acad\u00e9mica del Semestre de oto\u00f1o (S-2). Especialidad Consumo y<\/p>\n","protected":false},"author":6,"featured_media":0,"parent":15,"menu_order":0,"comment_status":"closed","ping_status":"closed","template":"","meta":[],"_links":{"self":[{"href":"https:\/\/www2.montes.upm.es\/Blogs\/muec\/wp-json\/wp\/v2\/pages\/57"}],"collection":[{"href":"https:\/\/www2.montes.upm.es\/Blogs\/muec\/wp-json\/wp\/v2\/pages"}],"about":[{"href":"https:\/\/www2.montes.upm.es\/Blogs\/muec\/wp-json\/wp\/v2\/types\/page"}],"author":[{"embeddable":true,"href":"https:\/\/www2.montes.upm.es\/Blogs\/muec\/wp-json\/wp\/v2\/users\/6"}],"replies":[{"embeddable":true,"href":"https:\/\/www2.montes.upm.es\/Blogs\/muec\/wp-json\/wp\/v2\/comments?post=57"}],"version-history":[{"count":26,"href":"https:\/\/www2.montes.upm.es\/Blogs\/muec\/wp-json\/wp\/v2\/pages\/57\/revisions"}],"predecessor-version":[{"id":694,"href":"https:\/\/www2.montes.upm.es\/Blogs\/muec\/wp-json\/wp\/v2\/pages\/57\/revisions\/694"}],"up":[{"embeddable":true,"href":"https:\/\/www2.montes.upm.es\/Blogs\/muec\/wp-json\/wp\/v2\/pages\/15"}],"wp:attachment":[{"href":"https:\/\/www2.montes.upm.es\/Blogs\/muec\/wp-json\/wp\/v2\/media?parent=57"}],"curies":[{"name":"wp","href":"https:\/\/api.w.org\/{rel}","templated":true}]}}